{"id":68302458,"date":"2024-06-26T13:23:32","date_gmt":"2024-06-26T11:23:32","guid":{"rendered":"https:\/\/kraftwerk-shop.cc\/?post_type=product&#038;p=68302458"},"modified":"2026-04-07T11:44:29","modified_gmt":"2026-04-07T09:44:29","slug":"pennzoil-platinum-olio-motore-5w-30","status":"publish","type":"product","link":"https:\/\/kraftwerk-shop.cc\/it\/produkt\/pennzoil-platinum-5w-30-motoroel\/","title":{"rendered":"Olio motore Pennzoil Platinum 5W-30"},"content":{"rendered":"<h1>Olio motore Pennzoil Platinum 5W-30<\/h1>\n<p>&nbsp;<\/p>\n<p>Pennzoil\u00ae \u00e8 il primo olio motore ricavato dal gas naturale anzich\u00e9 dal petrolio grezzo. La tecnologia PurePlus\u00ae \u00e8 un processo rivoluzionario che converte il gas naturale puro in un olio di base di alta qualit\u00e0, completamente sintetico e con meno impurit\u00e0 rispetto agli oli di base convenzionali ottenuti dal petrolio greggio.<br \/>\nL'olio motore Pennzoil Platinum\u00ae 5W-30 completamente sintetico \u00e8 stato sviluppato per garantire una protezione completa del motore per ottenere le massime prestazioni.<\/p>\n<p>&nbsp;<\/p>\n<p><strong>Approvazioni:<\/strong><\/p>\n<ul>\n<li>Chrysler \/ FCA MS-6395<\/li>\n<li>Ford WSS-M2C945-B1<\/li>\n<li>Ford WSS-M2C945-A<\/li>\n<li>GM DEXOS 1 GEN2<\/li>\n<\/ul>\n<p>&nbsp;<\/p>\n<p>&nbsp;<\/p>\n<p><strong>Quantit\u00e0 di riempimento dell'olio:<\/strong><\/p>\n<table width=\"539\">\n<tbody>\n<tr>\n<td width=\"123\"><strong>Marchio<\/strong><\/td>\n<td width=\"173\"><strong>Modello<\/strong><\/td>\n<td width=\"78\"><strong>Motore<\/strong><\/td>\n<td width=\"82\"><strong>Quantit\u00e0 di riempimento<\/strong><\/td>\n<td width=\"83\"><strong>corrisponde a<\/strong><\/td>\n<\/tr>\n<tr>\n<td width=\"123\">Chrysler<\/td>\n<td width=\"173\">300C<\/td>\n<td width=\"78\">3.6<\/td>\n<td width=\"82\">6 litri<\/td>\n<td width=\"83\">5,6 l<\/td>\n<\/tr>\n<tr>\n<td width=\"123\">Chrysler<\/td>\n<td width=\"173\">300C<\/td>\n<td width=\"78\">5.7<\/td>\n<td width=\"82\">7 litri<\/td>\n<td width=\"83\">6,6 l<\/td>\n<\/tr>\n<tr>\n<td width=\"123\">Dodge<\/td>\n<td width=\"173\">Challenger<\/td>\n<td width=\"78\">3.6<\/td>\n<td width=\"82\">6 litri<\/td>\n<td width=\"83\">5,6 l<\/td>\n<\/tr>\n<tr>\n<td width=\"123\">Dodge<\/td>\n<td width=\"173\">Challenger<\/td>\n<td width=\"78\">5.7<\/td>\n<td width=\"82\">7 litri<\/td>\n<td width=\"83\">6,6 l<\/td>\n<\/tr>\n<tr>\n<td width=\"123\">Dodge<\/td>\n<td width=\"173\">Charger<\/td>\n<td width=\"78\">3.6<\/td>\n<td width=\"82\">6 litri<\/td>\n<td width=\"83\">5,6 l<\/td>\n<\/tr>\n<tr>\n<td width=\"123\">Dodge<\/td>\n<td width=\"173\">Charger<\/td>\n<td width=\"78\">5.7<\/td>\n<td width=\"82\">7 litri<\/td>\n<td width=\"83\">6,6 l<\/td>\n<\/tr>\n<tr>\n<td width=\"123\">Dodge<\/td>\n<td width=\"173\">Durango<\/td>\n<td width=\"78\">3.6<\/td>\n<td width=\"82\">6 litri<\/td>\n<td width=\"83\">5,6 l<\/td>\n<\/tr>\n<tr>\n<td width=\"123\">Dodge<\/td>\n<td width=\"173\">Durango<\/td>\n<td width=\"78\">5.7<\/td>\n<td width=\"82\">7 litri<\/td>\n<td width=\"83\">6,6 l<\/td>\n<\/tr>\n<tr>\n<td width=\"123\">Jeep<\/td>\n<td width=\"173\">Grand Cherokee<\/td>\n<td width=\"78\">3.6<\/td>\n<td width=\"82\">6 litri<\/td>\n<td width=\"83\">5,6 l<\/td>\n<\/tr>\n<tr>\n<td width=\"123\">Jeep<\/td>\n<td width=\"173\">Grand Cherokee<\/td>\n<td width=\"78\">5.7<\/td>\n<td width=\"82\">7 litri<\/td>\n<td width=\"83\">6,6 l<\/td>\n<\/tr>\n<tr>\n<td width=\"123\">Jeep<\/td>\n<td width=\"173\">Wrangler<\/td>\n<td width=\"78\">3.6<\/td>\n<td width=\"82\">6 litri<\/td>\n<td width=\"83\">5,6 l<\/td>\n<\/tr>\n<tr>\n<td width=\"123\">RAM<\/td>\n<td width=\"173\">1500<\/td>\n<td width=\"78\">3.6<\/td>\n<td width=\"82\">6 litri<\/td>\n<td width=\"83\">5,6 l<\/td>\n<\/tr>\n<tr>\n<td width=\"123\">RAM<\/td>\n<td width=\"173\">1500 \/ 2500 \/ 3500<\/td>\n<td width=\"78\">5.7<\/td>\n<td width=\"82\">7 litri<\/td>\n<td width=\"83\">6,6 l<\/td>\n<\/tr>\n<\/tbody>\n<\/table>\n<h4><\/h4>\n<p>&nbsp;<\/p>\n<h4><strong>Perch\u00e9 \u00e8 cos\u00ec importante scegliere l'olio motore giusto?<\/strong><\/h4>\n<p>Fondamentalmente, l'olio fa funzionare il motore. Inoltre, svolge una serie di altre funzioni che contribuiscono a prolungare la vita del veicolo:<\/p>\n<ul>\n<li><strong>Riduzione dell'attrito<\/strong><br \/>\nL'olio motore lubrifica il motore e assicura che tutti i componenti del motore funzionino senza intoppi e che solo poca energia vada persa a causa dell'attrito nel motore. Ci\u00f2 riduce l'usura delle parti del motore e ne prolunga la durata.<\/li>\n<li><strong>Pulizia del motore<\/strong><br \/>\nLe particelle possono accumularsi nel motore durante il normale utilizzo. Quando l'olio motore circola, raccoglie polvere e depositi e li trasmette al filtro dell'olio motore, che li tiene lontani dai componenti del motore.<\/li>\n<li><strong>Protezione dalla ruggine e dalla corrosione<\/strong><br \/>\nLa maggior parte degli oli motore contiene additivi che impediscono la formazione di ruggine e corrosione nel motore. L'ossidazione indebolisce le parti del motore e pu\u00f2 causarne una pi\u00f9 rapida usura. La prevenzione della ruggine contribuisce a far funzionare il motore pi\u00f9 a lungo.<\/li>\n<li><strong>Riduzione del calore<\/strong><br \/>\nIl motore pu\u00f2 surriscaldarsi e, se si surriscalda troppo, pu\u00f2 subire malfunzionamenti. L'olio motore circola in tutto il motore e assicura che il calore venga dissipato nelle parti pi\u00f9 fredde del motore.<\/li>\n<li><strong>Tolleranza alle condizioni atmosferiche<\/strong><br \/>\nAlcuni oli sono ottimizzati per le prestazioni in condizioni climatiche estreme. Garantiscono l'avviamento del motore anche a freddo e limitano la perdita di volume dovuta alla combustione a caldo.<\/li>\n<li><strong>Prestazioni migliorate<\/strong><br \/>\nQuando il motore funziona in modo fluido, richiede meno energia per funzionare e quindi risparmia carburante. La riduzione della resistenza del motore pu\u00f2 anche portare a un migliore trasferimento dell'energia nel motore, garantendo una maggiore potenza per le vostre esigenze.<\/li>\n<\/ul>\n<p>&nbsp;<\/p>","protected":false},"excerpt":{"rendered":"<p>Olio motore Pennzoil Platinum 5W-30 Pennzoil\u00ae \u00e8 il primo olio motore non ricavato dal petrolio grezzo, ma dal gas naturale. Il<\/p>","protected":false},"featured_media":68299590,"comment_status":"open","ping_status":"closed","template":"","meta":{"_acf_changed":false},"product_brand":[],"product_cat":[1566,1574,4985,1671,1679,1606,1614,5163,1647,1655,3015,1743,4810,1751,2952,4761,19691,1521,5021,9954],"product_tag":[18491,475,506,169,52,507,4173,4174,91,6918,6917,4177,4176,4169,4170,4171,4165,4166,4167,4168,4175,4172,4281,4282,4283,4284,54,53,48,536,49,3853,3854,95,4119,1030,3108,56,4178,50,4425,4439,31,404,6994,4120,406,655,86,175],"class_list":{"0":"post-68302458","1":"product","2":"type-product","3":"status-publish","4":"has-post-thumbnail","6":"product_cat-300c-36-wartung","7":"product_cat-300c-57-2005-2010-wartung","8":"product_cat-300c-57-2011-2023-wartung","9":"product_cat-challenger-36-wartung","10":"product_cat-challenger-57-wartung","11":"product_cat-charger-36-wartung","12":"product_cat-charger-57-wartung","13":"product_cat-dodge-charger-57-2011-2023-wartung","14":"product_cat-durango-36-wartung","15":"product_cat-durango-57-wartung","16":"product_cat-gladiator-36-wartung","17":"product_cat-grand-cherokee-36-wartung","18":"product_cat-grand-cherokee-57-2005-2010-wartung","19":"product_cat-grand-cherokee-57-2011-2021-wartung","20":"product_cat-wrangler-36-wartung","21":"product_cat-1500-36-wartung","22":"product_cat-1500-36-dt-wartung","23":"product_cat-1500-57-2009-2018-classic-wartung","24":"product_cat-1500-57-dt-wartung","25":"product_cat-2500-3500-57-wartung","26":"product_tag-04761838ad","27":"product_tag-475","28":"product_tag-506","29":"product_tag-3-6","30":"product_tag-300c","31":"product_tag-507","32":"product_tag-4761838ad","33":"product_tag-4761838mb","34":"product_tag-5-7","35":"product_tag-6918","36":"product_tag-6917","37":"product_tag-5w-30","38":"product_tag-5w30","39":"product_tag-62218921ac","40":"product_tag-62218921ca","41":"product_tag-62218922ca","42":"product_tag-68218920aa","43":"product_tag-68218920ab","44":"product_tag-68218920ac","45":"product_tag-68218920ca","46":"product_tag-68218920ga","47":"product_tag-68250742ca","48":"product_tag-68518204aa","49":"product_tag-68518204ca","50":"product_tag-68518205aa","51":"product_tag-68518205ca","52":"product_tag-challenger","53":"product_tag-charger","54":"product_tag-chrysler","55":"product_tag-chrysler-300c","56":"product_tag-dodge","57":"product_tag-dodge-challenger","58":"product_tag-dodge-charger","59":"product_tag-durango","60":"product_tag-freigabe","61":"product_tag-garantie","62":"product_tag-gewaehrleistung","63":"product_tag-grand-cherokee","64":"product_tag-ilsac-gf-5","65":"product_tag-jeep","66":"product_tag-jeep-grand-cherokee","67":"product_tag-jeep-wrangler","68":"product_tag-mopar","69":"product_tag-motoroel","70":"product_tag-motoroel5","71":"product_tag-ms-6395","72":"product_tag-oel","73":"product_tag-oelwechsel","74":"product_tag-ram","75":"product_tag-wrangler","76":"product_shipping_class-deutschlandohne","78":"first","79":"instock","80":"taxable","81":"shipping-taxable","82":"purchasable","83":"product-type-variable"},"bundled_by":[],"bundle_stock_status":"instock","bundle_stock_quantity":23,"bundle_virtual":false,"bundle_layout":"","bundle_add_to_cart_form_location":"","bundle_editable_in_cart":false,"bundle_sold_individually_context":"","bundle_item_grouping":"","bundle_min_size":"","bundle_max_size":"","bundle_price":[],"bundled_items":[],"bundle_sell_ids":[],"exclude_global_add_ons":[],"addons":[],"acf":[],"_links":{"self":[{"href":"https:\/\/kraftwerk-shop.cc\/it\/wp-json\/wp\/v2\/product\/68302458","targetHints":{"allow":["GET"]}}],"collection":[{"href":"https:\/\/kraftwerk-shop.cc\/it\/wp-json\/wp\/v2\/product"}],"about":[{"href":"https:\/\/kraftwerk-shop.cc\/it\/wp-json\/wp\/v2\/types\/product"}],"replies":[{"embeddable":true,"href":"https:\/\/kraftwerk-shop.cc\/it\/wp-json\/wp\/v2\/comments?post=68302458"}],"version-history":[{"count":0,"href":"https:\/\/kraftwerk-shop.cc\/it\/wp-json\/wp\/v2\/product\/68302458\/revisions"}],"wp:featuredmedia":[{"embeddable":true,"href":"https:\/\/kraftwerk-shop.cc\/it\/wp-json\/wp\/v2\/media\/68299590"}],"wp:attachment":[{"href":"https:\/\/kraftwerk-shop.cc\/it\/wp-json\/wp\/v2\/media?parent=68302458"}],"wp:term":[{"taxonomy":"product_brand","embeddable":true,"href":"https:\/\/kraftwerk-shop.cc\/it\/wp-json\/wp\/v2\/product_brand?post=68302458"},{"taxonomy":"product_cat","embeddable":true,"href":"https:\/\/kraftwerk-shop.cc\/it\/wp-json\/wp\/v2\/product_cat?post=68302458"},{"taxonomy":"product_tag","embeddable":true,"href":"https:\/\/kraftwerk-shop.cc\/it\/wp-json\/wp\/v2\/product_tag?post=68302458"}],"curies":[{"name":"wp","href":"https:\/\/api.w.org\/{rel}","templated":true}]}}