{"id":68304374,"date":"2024-07-20T16:03:08","date_gmt":"2024-07-20T14:03:08","guid":{"rendered":"https:\/\/kraftwerk-shop.cc\/?post_type=product&#038;p=68304374"},"modified":"2026-03-05T11:12:43","modified_gmt":"2026-03-05T10:12:43","slug":"jlt-aspirazione-aria-fredda-charger-64","status":"publish","type":"product","link":"https:\/\/kraftwerk-shop.cc\/it\/produkt\/jlt-cold-air-intake-charger-64\/","title":{"rendered":"Presa d'aria fredda JLT Charger 6.4"},"content":{"rendered":"<h1>JLT Sistema di aspirazione aria fredda \/ filtro aria sportivo CAI-75-5185 per Dodge Charger 6.4 (2015 - 2023)<\/h1>\n<p>&nbsp;<\/p>\n<p><strong>Filtro aria di grandi dimensioni<\/strong><br \/>\nIl filtro dell'aria di dimensioni generose consente un flusso d'aria maggiore rispetto al filtro standard.<br \/>\nL'elemento del filtro dell'aria \u00e8 costituito da materiale filtrante in cotone, che viene bagnato con uno speciale olio filtrante e pu\u00f2 essere lavato. In questo modo si massimizzano la capacit\u00e0 e le prestazioni del filtro.<\/p>\n<p><strong>Collettore di aspirazione<\/strong><br \/>\nIl tubo di aspirazione \u00e8 realizzato in plastica rotostampata con un'ampia apertura del filtro per un flusso d'aria superiore e nessun accumulo di calore come nei tubi in metallo.<\/p>\n<p><strong>Alloggiamento del filtro dell'aria<\/strong><\/p>\n<p>L'airbox JLT isola il calore del motore, che \u00e8 fonte di perdita di potenza, sigillando il cofano di serie verso l'alto e sfruttando tutte le prese d'aria disponibili. Il materiale in polietilene reticolato della scatola e del tubo mantiene l'aria fresca mentre fluisce verso il motore. Il filtro dell'aria e il tubo di grandi dimensioni producono un suono pi\u00f9 aggressivo rispetto al filtro dell'aria di serie.<\/p>\n<p>&nbsp;<\/p>\n<p><strong>Materiale di installazione di alta qualit\u00e0<\/strong><\/p>\n<ul>\n<li>Collettore di aspirazione in plastica stampata JLT Roto<\/li>\n<li>Riduttore in silicone<\/li>\n<li>Filtro aria S&amp;B Powerstack<\/li>\n<li>Alloggiamento del filtro dell'aria in ABS<\/li>\n<li>Morsetti HD, tutte le parti necessarie<\/li>\n<\/ul>\n<p>&nbsp;<\/p>\n<p>&nbsp;<\/p>\n<p><strong>Adatto per:<\/strong><\/p>\n<table width=\"506\">\n<tbody>\n<tr>\n<td width=\"83\"><strong>Anno di costruzione<\/strong><\/td>\n<td width=\"135\"><strong>Marchio<\/strong><\/td>\n<td width=\"179\"><strong>Modello<\/strong><\/td>\n<td width=\"109\"><strong>Motore<\/strong><\/td>\n<\/tr>\n<tr>\n<td width=\"83\">2015 \u2013 2023<\/td>\n<td width=\"135\">Dodge<\/td>\n<td width=\"179\">Charger<\/td>\n<td width=\"109\">V8 6,4 L<\/td>\n<\/tr>\n<\/tbody>\n<\/table>\n<p>&nbsp;<\/p>\n<p><iframe loading=\"lazy\" title=\"Lettore video di YouTube\" src=\"https:\/\/www.youtube.com\/embed\/1lOscAxD0zI?si=3P9jr8a-VCo3LDDx\" width=\"1120\" height=\"630\" frameborder=\"0\" allowfullscreen=\"allowfullscreen\"><span style=\"display: inline-block; width: 0px; overflow: hidden; line-height: 0;\" data-mce-type=\"bookmark\" class=\"mce_SELRES_start\"><\/span><\/iframe><\/p>\n<p>&nbsp;<\/p>","protected":false},"excerpt":{"rendered":"<p>2015 \u2013 2023<\/p>","protected":false},"featured_media":68304377,"comment_status":"open","ping_status":"closed","template":"","meta":{"_acf_changed":false},"product_brand":[17168],"product_cat":[2516],"product_tag":[249,250,251,252,419,420,2066,2373,4526,52,217,93,826,824,7047,54,53,48,536,825,49,3853,3854,1094,1093,2444,20273,57,500,96],"class_list":{"0":"post-68304374","1":"product","2":"type-product","3":"status-publish","4":"has-post-thumbnail","6":"product_brand-jlt","7":"product_cat-charger-64-ansaugung","8":"product_tag-249","9":"product_tag-250","10":"product_tag-251","11":"product_tag-252","12":"product_tag-419","13":"product_tag-420","14":"product_tag-2066","15":"product_tag-2373","16":"product_tag-4526","17":"product_tag-300c","18":"product_tag-217","19":"product_tag-6-4","20":"product_tag-ansaugung","21":"product_tag-cai","22":"product_tag-cai-75-5185","23":"product_tag-challenger","24":"product_tag-charger","25":"product_tag-chrysler","26":"product_tag-chrysler-300c","27":"product_tag-cold-air-intake","28":"product_tag-dodge","29":"product_tag-dodge-challenger","30":"product_tag-dodge-charger","31":"product_tag-intake","32":"product_tag-jlt","33":"product_tag-jlt-performance","34":"product_tag-keintuev","35":"product_tag-luftfilter","36":"product_tag-sportluftfilter","37":"product_tag-srt","38":"product_shipping_class-deutschlandohne","40":"first","41":"instock","42":"taxable","43":"shipping-taxable","44":"purchasable","45":"product-type-simple"},"bundled_by":[],"bundle_stock_status":"instock","bundle_stock_quantity":4,"bundle_virtual":false,"bundle_layout":"","bundle_add_to_cart_form_location":"","bundle_editable_in_cart":false,"bundle_sold_individually_context":"","bundle_item_grouping":"","bundle_min_size":"","bundle_max_size":"","bundle_price":[],"bundled_items":[],"bundle_sell_ids":[],"exclude_global_add_ons":[],"addons":[],"acf":[],"_links":{"self":[{"href":"https:\/\/kraftwerk-shop.cc\/it\/wp-json\/wp\/v2\/product\/68304374","targetHints":{"allow":["GET"]}}],"collection":[{"href":"https:\/\/kraftwerk-shop.cc\/it\/wp-json\/wp\/v2\/product"}],"about":[{"href":"https:\/\/kraftwerk-shop.cc\/it\/wp-json\/wp\/v2\/types\/product"}],"replies":[{"embeddable":true,"href":"https:\/\/kraftwerk-shop.cc\/it\/wp-json\/wp\/v2\/comments?post=68304374"}],"version-history":[{"count":0,"href":"https:\/\/kraftwerk-shop.cc\/it\/wp-json\/wp\/v2\/product\/68304374\/revisions"}],"wp:featuredmedia":[{"embeddable":true,"href":"https:\/\/kraftwerk-shop.cc\/it\/wp-json\/wp\/v2\/media\/68304377"}],"wp:attachment":[{"href":"https:\/\/kraftwerk-shop.cc\/it\/wp-json\/wp\/v2\/media?parent=68304374"}],"wp:term":[{"taxonomy":"product_brand","embeddable":true,"href":"https:\/\/kraftwerk-shop.cc\/it\/wp-json\/wp\/v2\/product_brand?post=68304374"},{"taxonomy":"product_cat","embeddable":true,"href":"https:\/\/kraftwerk-shop.cc\/it\/wp-json\/wp\/v2\/product_cat?post=68304374"},{"taxonomy":"product_tag","embeddable":true,"href":"https:\/\/kraftwerk-shop.cc\/it\/wp-json\/wp\/v2\/product_tag?post=68304374"}],"curies":[{"name":"wp","href":"https:\/\/api.w.org\/{rel}","templated":true}]}}