{"id":68304456,"date":"2024-07-22T12:59:24","date_gmt":"2024-07-22T10:59:24","guid":{"rendered":"https:\/\/kraftwerk-shop.cc\/?post_type=product&#038;p=68304456"},"modified":"2026-02-15T01:11:17","modified_gmt":"2026-02-15T00:11:17","slug":"filtro-aria-jlt-cai-fmv6-15-ford-mustang","status":"publish","type":"product","link":"https:\/\/kraftwerk-shop.cc\/it\/produkt\/jlt-cai-fmv6-15-luftfilter-ford-mustang\/","title":{"rendered":"Presa d'aria fredda JLT \/ Filtro aria sportivo Ford Mustang 3.7 V6"},"content":{"rendered":"<h1>JLT CAI-FMV6-15 filtro aria sportivo per Ford Mustang V6 3.7<\/h1>\n<p>&nbsp;<\/p>\n<p><strong>Filtro aria di grandi dimensioni<\/strong><br \/>\nIl filtro dell'aria di dimensioni generose consente un flusso d'aria maggiore rispetto al filtro standard.<br \/>\nL'elemento del filtro dell'aria \u00e8 costituito da materiale filtrante in cotone, che viene bagnato con uno speciale olio filtrante e pu\u00f2 essere lavato. In questo modo si massimizzano la capacit\u00e0 e le prestazioni del filtro.<\/p>\n<p><strong>Collettore di aspirazione<\/strong><br \/>\nIl tubo di aspirazione \u00e8 realizzato in plastica rotostampata con un'enorme apertura del filtro da 5\u2033 per un flusso d'aria superiore e nessun accumulo di calore come nei tubi in metallo.<\/p>\n<p><strong>Alloggiamento del filtro dell'aria<\/strong><br \/>\nInclude il nostro grande scudo termico in plastica ABS per isolare l'aria di aspirazione dal calore del motore al minimo e a bassa velocit\u00e0.<br \/>\nUtilizza un'ampia superficie per garantire che il filtro riceva molta aria fredda e sfrutta la presa d'aria fresca di fabbrica dal paraurti per mantenere le temperature pi\u00f9 basse possibile.<\/p>\n<p>&nbsp;<\/p>\n<p><strong>Materiale di installazione di alta qualit\u00e0<\/strong><\/p>\n<ul>\n<li>Collettore di aspirazione in plastica JLT<\/li>\n<li>Riduttore in silicone<\/li>\n<li>Filtro aria Olio rosso<\/li>\n<li>Scudo termico<\/li>\n<li>Morsetti<\/li>\n<\/ul>\n<p>&nbsp;<\/p>\n<p><strong>dettagli<\/strong><\/p>\n<p>- Aumento di potenza fino a 12 CV (specifiche del produttore)<br \/>\n- Alloggiamento del filtro dell'aria con staffe per il montaggio diretto<br \/>\n- Filtro aria Pro 10R pre-oliato, lavabile e riutilizzabile per le massime prestazioni<\/p>\n<p>&nbsp;<\/p>\n<p><strong>Adatto per:<\/strong><\/p>\n<table style=\"height: 74px;\" border=\"0\" width=\"769\" cellspacing=\"0\" cellpadding=\"0\">\n<colgroup>\n<col \/>\n<col \/>\n<col \/>\n<col \/>\n<col \/> <\/colgroup>\n<tbody>\n<tr>\n<td style=\"height: 20px; width: 177px;\" height=\"20\"><strong>Anno di costruzione<\/strong><\/td>\n<td style=\"width: 167px;\"><strong>Marchio\u00a0<\/strong><\/td>\n<td style=\"width: 131px;\"><strong>Modello<\/strong><\/td>\n<td style=\"width: 129px;\"><strong>Motore<\/strong><\/td>\n<\/tr>\n<tr>\n<td style=\"height: 40px; width: 177px;\" height=\"40\">2015 \u2013 2017<\/td>\n<td style=\"width: 167px;\">Ford<\/td>\n<td style=\"width: 131px;\">Mustang<\/td>\n<td style=\"width: 367px;\">V6 3.7<\/td>\n<\/tr>\n<\/tbody>\n<\/table>\n<p><iframe loading=\"lazy\" title=\"JLT CAI-FMV6-15 filtro aria sportivo per Ford Mustang V6 3.7\" src=\"https:\/\/www.youtube.com\/embed\/jrd7IUZmZeg\" width=\"882\" height=\"496\" frameborder=\"0\" allowfullscreen=\"allowfullscreen\"><\/iframe><\/p>","protected":false},"excerpt":{"rendered":"<p>2015 \u2013 2017<\/p>","protected":false},"featured_media":68304477,"comment_status":"open","ping_status":"closed","template":"","meta":{"_acf_changed":false},"product_brand":[17168],"product_cat":[4042],"product_tag":[249,250,251,508,826,2220,824,7061,3587,825,917,784,2934,1094,1093,20273,57,822,3872,2221,4952,4951,500,198],"class_list":{"0":"post-68304456","1":"product","2":"type-product","3":"status-publish","4":"has-post-thumbnail","6":"product_brand-jlt","7":"product_cat-mustang-37-ansaugung","8":"product_tag-249","9":"product_tag-250","10":"product_tag-251","11":"product_tag-3-7","12":"product_tag-ansaugung","13":"product_tag-base","14":"product_tag-cai","15":"product_tag-cai-fmv6-15","16":"product_tag-cold","17":"product_tag-cold-air-intake","18":"product_tag-ford","19":"product_tag-gt","20":"product_tag-harder","21":"product_tag-intake","22":"product_tag-jlt","23":"product_tag-keintuev","24":"product_tag-luftfilter","25":"product_tag-momentum","26":"product_tag-mustang","27":"product_tag-plus","28":"product_tag-sportansaugung","29":"product_tag-sportfilter","30":"product_tag-sportluftfilter","31":"product_tag-v6","33":"first","34":"onbackorder","35":"taxable","36":"shipping-taxable","37":"purchasable","38":"product-type-simple"},"bundled_by":[],"bundle_stock_status":"onbackorder","bundle_stock_quantity":0,"bundle_virtual":false,"bundle_layout":"","bundle_add_to_cart_form_location":"","bundle_editable_in_cart":false,"bundle_sold_individually_context":"","bundle_item_grouping":"","bundle_min_size":"","bundle_max_size":"","bundle_price":[],"bundled_items":[],"bundle_sell_ids":[],"exclude_global_add_ons":[],"addons":[],"acf":[],"_links":{"self":[{"href":"https:\/\/kraftwerk-shop.cc\/it\/wp-json\/wp\/v2\/product\/68304456","targetHints":{"allow":["GET"]}}],"collection":[{"href":"https:\/\/kraftwerk-shop.cc\/it\/wp-json\/wp\/v2\/product"}],"about":[{"href":"https:\/\/kraftwerk-shop.cc\/it\/wp-json\/wp\/v2\/types\/product"}],"replies":[{"embeddable":true,"href":"https:\/\/kraftwerk-shop.cc\/it\/wp-json\/wp\/v2\/comments?post=68304456"}],"version-history":[{"count":0,"href":"https:\/\/kraftwerk-shop.cc\/it\/wp-json\/wp\/v2\/product\/68304456\/revisions"}],"wp:featuredmedia":[{"embeddable":true,"href":"https:\/\/kraftwerk-shop.cc\/it\/wp-json\/wp\/v2\/media\/68304477"}],"wp:attachment":[{"href":"https:\/\/kraftwerk-shop.cc\/it\/wp-json\/wp\/v2\/media?parent=68304456"}],"wp:term":[{"taxonomy":"product_brand","embeddable":true,"href":"https:\/\/kraftwerk-shop.cc\/it\/wp-json\/wp\/v2\/product_brand?post=68304456"},{"taxonomy":"product_cat","embeddable":true,"href":"https:\/\/kraftwerk-shop.cc\/it\/wp-json\/wp\/v2\/product_cat?post=68304456"},{"taxonomy":"product_tag","embeddable":true,"href":"https:\/\/kraftwerk-shop.cc\/it\/wp-json\/wp\/v2\/product_tag?post=68304456"}],"curies":[{"name":"wp","href":"https:\/\/api.w.org\/{rel}","templated":true}]}}