{"id":68304546,"date":"2024-07-26T20:11:36","date_gmt":"2024-07-26T18:11:36","guid":{"rendered":"https:\/\/kraftwerk-shop.cc\/?post_type=product&#038;p=68304546"},"modified":"2026-03-08T11:17:08","modified_gmt":"2026-03-08T10:17:08","slug":"silenziatore-afe-apollo-ram-dt-1500","status":"publish","type":"product","link":"https:\/\/kraftwerk-shop.cc\/it\/produkt\/afe-schalldaempfer-apollo-ram-dt-1500\/","title":{"rendered":"Silenziatore aFe \"Apollo GT Series\" RAM DT 1500 5.7"},"content":{"rendered":"<h1>Silenziatore aFe \"Apollo GT Series\" 49C42076 per RAM DT 1500 5.7 (2019 - 2024)<\/h1>\n<p>&nbsp;<\/p>\n<p>Se desidera migliorare il suono dell'impianto di scarico della sua RAM, non \u00e8 necessario sostituire l'intero impianto.<br \/>\nPu\u00f2 anche utilizzare semplicemente questo silenziatore aFe.<\/p>\n<p>La \"Apollo GT Series\" offre un suono profondo e ricco al minimo, in crociera e in accelerazione.<\/p>\n<p>&nbsp;<\/p>\n<ul>\n<li><strong>3\u2033 Costruzione in acciaio inox 409<\/strong><br \/>\nQuesto silenziatore \u00e8 realizzato con tubi in acciaio inox 409 piegati a 3\u2033 per la massima resistenza e durata.<\/li>\n<li><strong>Silenziatore in acciaio inox 409 con portata elevata<\/strong><br \/>\nIl silenziatore in acciaio inox utilizzato per questo sistema offre una portata elevata e produce un suono profondo.<\/li>\n<li><strong>Installazione<\/strong><br \/>\nQuesto sistema \u00e8 dotato di flange e sospensioni di fabbrica e pu\u00f2 essere collegato direttamente, anche se \u00e8 necessario un certo taglio.<\/li>\n<li><strong>Saldato MIG<\/strong><br \/>\n100% Saldato MIG per una resistenza e una durata comprovate in gara.<\/li>\n<li><strong>Nota sulla vestibilit\u00e0<\/strong><br \/>\nSi adatta sia al sistema di scarico singolo che a quello doppio di fabbrica.<\/li>\n<\/ul>\n<p>&nbsp;<\/p>\n<p><strong>Adatto per:<\/strong><\/p>\n<table width=\"449\">\n<tbody>\n<tr>\n<td width=\"115\"><strong>Marchio<\/strong><\/td>\n<td width=\"145\"><strong>Modello<\/strong><\/td>\n<td width=\"106\"><strong>Motore<\/strong><\/td>\n<td width=\"83\"><strong>Anno di costruzione<\/strong><\/td>\n<\/tr>\n<tr>\n<td>RAM<\/td>\n<td>1500<\/td>\n<td>5.7<\/td>\n<td>2019 \u2013 2024<\/td>\n<\/tr>\n<\/tbody>\n<\/table>\n<p>Non \u00e8 adatto a Classic!<\/p>\n<p>&nbsp;<\/p>\n<p><strong>Ambito di fornitura:<\/strong><\/p>\n<ul>\n<li>1 silenziatore<\/li>\n<li>Istruzioni per l'installazione in tedesco<\/li>\n<\/ul>\n<p>&nbsp;<\/p>\n<p>&nbsp;<\/p>\n<p>aFe Power, fondata nel 1999 e con sede a Corona, in California, \u00e8 un produttore leader di ricambi automobilistici ad alte prestazioni.<br \/>\nL'azienda \u00e8 specializzata in un'ampia gamma di prodotti, tra cui filtri aria sportivi, sistemi di scarico, intercooler, turbocompressori, programmatori elettronici, sistemi di alimentazione diesel e molto altro. I loro prodotti si rivolgono a una variet\u00e0 di veicoli, dai mercati americani a quelli europei e asiatici, offrendo qualit\u00e0 e miglioramenti delle prestazioni agli appassionati di automobili di tutto il mondo.<\/p>\n<p>Un prodotto eccezionale di aFe Power \u00e8 l'aggiornamento del silenziatore Apollo GT Serie 3 409 in acciaio inox. Questo sistema di scarico \u00e8 progettato per aumentare la potenza e la coppia, offrendo al contempo un suono aggressivo.<br \/>\nRealizzato in acciaio inox 409 di alta qualit\u00e0, garantisce durata e resistenza alla corrosione. Il sistema ha un design semplice che massimizza il flusso dei gas di scarico, consentendo un significativo aumento di potenza e un suono potente del motore.<\/p>\n<p>Inoltre, aFe Power offre diversi altri sistemi di scarico, come Mach Force-XP e Takeda Axle-Back, noti per la facilit\u00e0 di installazione, le elevate prestazioni e il profilo sonoro aggressivo. Questi sistemi sono realizzati con tubi in acciaio inox piegati a mandrino per garantire un flusso ottimale e una restrizione minima, assicurando affidabilit\u00e0 a lungo termine e miglioramenti delle prestazioni.<\/p>","protected":false},"excerpt":{"rendered":"<p>2019 \u2013 2024<\/p>","protected":false},"featured_media":68304556,"comment_status":"open","ping_status":"closed","template":"","meta":{"_acf_changed":false},"product_brand":[16879],"product_cat":[6623],"product_tag":[475,419,420,2066,2373,4526,7076,91,1035,1036,16880,2441,546,3720,1037,429,476,1043,1039,3034,1042,126,441,20273,1166,3046,1044,86,1045,1041,547,1034,1038,233],"class_list":{"0":"post-68304546","1":"product","2":"type-product","3":"status-publish","4":"has-post-thumbnail","6":"product_brand-afe-power","7":"product_cat-1500-57-dt-abgasanlage-catback","8":"product_tag-475","9":"product_tag-419","10":"product_tag-420","11":"product_tag-2066","12":"product_tag-2373","13":"product_tag-4526","14":"product_tag-49c42076","15":"product_tag-5-7","16":"product_tag-abgasanlage","17":"product_tag-abgassystem","18":"product_tag-advanced-flow-engineering","19":"product_tag-afe-power","20":"product_tag-auspuff","21":"product_tag-auspuffblende","22":"product_tag-auspuffsystem","23":"product_tag-deutschland","24":"product_tag-dt","25":"product_tag-endrohr","26":"product_tag-endschalldaempfer","27":"product_tag-endstueck","28":"product_tag-endtopf","29":"product_tag-hemi","30":"product_tag-kaufen","31":"product_tag-keintuev","32":"product_tag-keramik","33":"product_tag-keramikbeschichtet","34":"product_tag-mittelschalldaempfer","35":"product_tag-ram","36":"product_tag-sound","37":"product_tag-sport","38":"product_tag-sportauspuff","39":"product_tag-sportauspuffanlage","40":"product_tag-sportendschalldaempfer","41":"product_tag-tuning","42":"product_shipping_class-paket-l","44":"first","45":"onbackorder","46":"taxable","47":"shipping-taxable","48":"purchasable","49":"product-type-simple"},"bundled_by":[],"bundle_stock_status":"onbackorder","bundle_stock_quantity":0,"bundle_virtual":false,"bundle_layout":"","bundle_add_to_cart_form_location":"","bundle_editable_in_cart":false,"bundle_sold_individually_context":"","bundle_item_grouping":"","bundle_min_size":"","bundle_max_size":"","bundle_price":[],"bundled_items":[],"bundle_sell_ids":[],"exclude_global_add_ons":[],"addons":[],"acf":[],"_links":{"self":[{"href":"https:\/\/kraftwerk-shop.cc\/it\/wp-json\/wp\/v2\/product\/68304546","targetHints":{"allow":["GET"]}}],"collection":[{"href":"https:\/\/kraftwerk-shop.cc\/it\/wp-json\/wp\/v2\/product"}],"about":[{"href":"https:\/\/kraftwerk-shop.cc\/it\/wp-json\/wp\/v2\/types\/product"}],"replies":[{"embeddable":true,"href":"https:\/\/kraftwerk-shop.cc\/it\/wp-json\/wp\/v2\/comments?post=68304546"}],"version-history":[{"count":0,"href":"https:\/\/kraftwerk-shop.cc\/it\/wp-json\/wp\/v2\/product\/68304546\/revisions"}],"wp:featuredmedia":[{"embeddable":true,"href":"https:\/\/kraftwerk-shop.cc\/it\/wp-json\/wp\/v2\/media\/68304556"}],"wp:attachment":[{"href":"https:\/\/kraftwerk-shop.cc\/it\/wp-json\/wp\/v2\/media?parent=68304546"}],"wp:term":[{"taxonomy":"product_brand","embeddable":true,"href":"https:\/\/kraftwerk-shop.cc\/it\/wp-json\/wp\/v2\/product_brand?post=68304546"},{"taxonomy":"product_cat","embeddable":true,"href":"https:\/\/kraftwerk-shop.cc\/it\/wp-json\/wp\/v2\/product_cat?post=68304546"},{"taxonomy":"product_tag","embeddable":true,"href":"https:\/\/kraftwerk-shop.cc\/it\/wp-json\/wp\/v2\/product_tag?post=68304546"}],"curies":[{"name":"wp","href":"https:\/\/api.w.org\/{rel}","templated":true}]}}