{"id":68304639,"date":"2024-07-27T17:14:48","date_gmt":"2024-07-27T15:14:48","guid":{"rendered":"https:\/\/kraftwerk-shop.cc\/?post_type=product&#038;p=68304639"},"modified":"2026-03-30T16:10:48","modified_gmt":"2026-03-30T14:10:48","slug":"jba-collettore-di-scarico-ceramic-ram-57-ds","status":"publish","type":"product","link":"https:\/\/kraftwerk-shop.cc\/it\/produkt\/jba-shorty-kruemmer-ceramic-ram-57-ds\/","title":{"rendered":"Collettore JBA Shorty Argento Ceramico RAM 5.7"},"content":{"rendered":"<h1>Collettore JBA Shorty per RAM 5.7 dal 2009 al 2018 e Classic 2019 - 2024, rivestito in ceramica argento<\/h1>\n<p>&nbsp;<\/p>\n<p>I collettori Shorty di JBA sono uno dei migliori aggiornamenti delle prestazioni disponibili per la sua RAM 5.7.<br \/>\nI collettori JBA Shorty sono significativamente meno restrittivi rispetto ai collettori standard del suo veicolo e aumentano le prestazioni e l'efficienza del motore.<br \/>\nIl design originale shorty di JBA \u00e8 un ulteriore sviluppo del vecchio collettore longtube.<br \/>\nI nuovi collettori corti offrono un aumento delle prestazioni che altri produttori ottengono solo con i collettori longtube.<br \/>\nSono realizzati in robusto acciaio inossidabile e sono in grado di resistere sia alle sollecitazioni delle corse che alla guida di tutti i giorni.<\/p>\n<p>Grazie all'elevata capacit\u00e0 di carico e alla tecnologia innovativa, come il collettore JBA Firecone, i collettori Shorty di JBA sono in grado di produrre pi\u00f9 potenza di qualsiasi altro collettore Shorty sul mercato.<\/p>\n<p>Ogni sistema include materiali di fissaggio di alta qualit\u00e0 e istruzioni dettagliate per un'installazione professionale senza perdite.<\/p>\n<p>&nbsp;<\/p>\n<ul>\n<li>Tubi primari in acciaio inox da 1 5\/8\u2033 piegati<br \/>\n- miglior flusso, durata, miglior comportamento di risposta<\/li>\n<li>Innovativo collettore JBA Firecone<br \/>\n- Una tecnologia collaudata in gara per ottenere il massimo delle prestazioni<\/li>\n<li>Collegamenti in stile fabbrica<br \/>\n- Installazione pi\u00f9 facile<\/li>\n<li>Cupole di collettori extra spesse<br \/>\n- Nessuna deformazione come con i collettori di qualit\u00e0 inferiore, nessuna perdita.<\/li>\n<li>Distintivo JBA<br \/>\n- La vera qualit\u00e0 JBA<\/li>\n<li>Spessore 3\/8\u2033, flange lavorate<br \/>\n- resiste alla deformazione, evita le perdite e facilita l'installazione.<\/li>\n<li>Aperture di scarico sovradimensionate<br \/>\n- L'aumento della portata consente di regolare l'apertura della testata del cilindro.<\/li>\n<li>Estetica migliorata<br \/>\n- il rivestimento metallico-ceramico conferisce al suo vano motore un aspetto pulito e di alta qualit\u00e0.<\/li>\n<li>Temperatura di esercizio del raffreddatore<br \/>\n- Lo speciale rivestimento riduce lo sviluppo di calore e protegge i componenti circostanti.<\/li>\n<\/ul>\n<p>&nbsp;<\/p>\n<p><strong>\u00a0<\/strong><\/p>\n<p><strong>Adatto per:<\/strong><\/p>\n<table width=\"437\">\n<tbody>\n<tr>\n<td width=\"122\"><strong>Marchio<\/strong><\/td>\n<td width=\"136\"><strong>Modello<\/strong><\/td>\n<td width=\"96\"><strong>Motore<\/strong><\/td>\n<td width=\"83\"><strong>Anno di costruzione<\/strong><\/td>\n<\/tr>\n<tr>\n<td>RAM<\/td>\n<td>1500<\/td>\n<td>5.7<\/td>\n<td>2009 \u2013 2018<\/td>\n<\/tr>\n<tr>\n<td>RAM<\/td>\n<td>1500 Classic<\/td>\n<td>5.7<\/td>\n<td>2019 \u2013 2024<\/td>\n<\/tr>\n<\/tbody>\n<\/table>\n<p>Questi collettori sono adatti solo al modello Classic DS dal 2009 al 2024 e non al modello DT dal 2019 in poi.<\/p>\n<p>&nbsp;<\/p>\n<p>&nbsp;<\/p>\n<p>&nbsp;<\/p>\n<p><strong>Informazioni sugli scarichi JBA Performance<\/strong><\/p>\n<p>JBA Performance Exhaust \u00e8 un marchio rinomato nel campo dei sistemi di scarico ad alte prestazioni, che si \u00e8 fatto un nome grazie a qualit\u00e0, innovazione e prestazioni eccezionali. Sin dalla sua nascita, JBA ha sempre puntato a fornire agli appassionati di veicoli componenti di scarico di alta qualit\u00e0 che migliorano sia le prestazioni che l'efficienza.<\/p>\n<p><strong>Storia e sviluppo:<\/strong><\/p>\n<p>JBA Performance Exhaust \u00e8 stata fondata negli anni '80 e si \u00e8 rapidamente affermata come fornitore leader di sistemi di scarico nell'industria automobilistica. L'azienda \u00e8 rinomata per i suoi sviluppi pionieristici nei collettori di scarico e nei sistemi di scarico, che sono specificamente progettati per massimizzare le prestazioni del motore e ridurre al minimo le emissioni.<\/p>\n<p><strong>Gamma di prodotti:<\/strong><\/p>\n<p>La gamma di prodotti JBA comprende una variet\u00e0 di componenti di scarico, tra cui collettori, convertitori catalitici e sistemi di scarico completi. Tutti i prodotti si distinguono per la lavorazione e i materiali di alta qualit\u00e0, come l'acciaio inox e i rivestimenti speciali, che assicurano durata e prestazioni ottimali.<\/p>\n<p><strong>Innovazioni:<\/strong><\/p>\n<p>JBA \u00e8 nota per la sua innovazione ed eccellenza tecnologica. L'azienda ha depositato numerosi brevetti per i suoi design unici e le tecniche di produzione che migliorano le prestazioni e l'efficienza dei veicoli. Un esempio \u00e8 il collettore JBA \"Shorty\", riconosciuto per la sua facilit\u00e0 di installazione e l'eccezionale miglioramento delle prestazioni.<\/p>\n<p><strong>standard di qualit\u00e0:<\/strong><\/p>\n<p>L'impegno di JBA per la qualit\u00e0 \u00e8 impareggiabile. Ogni prodotto viene sottoposto a un rigoroso controllo di qualit\u00e0 e a test per garantire che soddisfi gli standard pi\u00f9 elevati. Questo impegno per la qualit\u00e0 ha reso JBA un marchio di fiducia tra i professionisti del motorsport e gli appassionati di auto.<\/p>\n<p>&nbsp;<\/p>","protected":false},"excerpt":{"rendered":"<p>2009 - 2018 e Classico 2019 - 2024<\/p>","protected":false},"featured_media":68304644,"comment_status":"open","ping_status":"closed","template":"","meta":{"_acf_changed":false},"product_brand":[17175],"product_cat":[6621],"product_tag":[7087,91,1035,546,3045,3626,2219,49,477,2786,543,126,3625,3630,20273,3046,7086,550,186,86,3368,3340,547],"class_list":{"0":"post-68304639","1":"product","2":"type-product","3":"status-publish","4":"has-post-thumbnail","6":"product_brand-jba","7":"product_cat-1500-57-2009-2018-classic-abgaskruemmer-katalysatoren","8":"product_tag-1961s-2js","9":"product_tag-5-7","10":"product_tag-abgasanlage","11":"product_tag-auspuff","12":"product_tag-beschichtet","13":"product_tag-cat4ward","14":"product_tag-classic","15":"product_tag-dodge","16":"product_tag-ds","17":"product_tag-exhaust","18":"product_tag-faecherkruemmer","19":"product_tag-hemi","20":"product_tag-jba","21":"product_tag-jbaperformance","22":"product_tag-keintuev","23":"product_tag-keramikbeschichtet","24":"product_tag-keramikbeschichtung","25":"product_tag-kruemmer","26":"product_tag-performance","27":"product_tag-ram","28":"product_tag-shorties","29":"product_tag-shorty","30":"product_tag-sportauspuff","31":"product_shipping_class-paket-l","33":"first","34":"onbackorder","35":"taxable","36":"shipping-taxable","37":"purchasable","38":"product-type-simple"},"bundled_by":[],"bundle_stock_status":"onbackorder","bundle_stock_quantity":0,"bundle_virtual":false,"bundle_layout":"","bundle_add_to_cart_form_location":"","bundle_editable_in_cart":false,"bundle_sold_individually_context":"","bundle_item_grouping":"","bundle_min_size":"","bundle_max_size":"","bundle_price":[],"bundled_items":[],"bundle_sell_ids":[],"exclude_global_add_ons":[],"addons":[],"acf":[],"_links":{"self":[{"href":"https:\/\/kraftwerk-shop.cc\/it\/wp-json\/wp\/v2\/product\/68304639","targetHints":{"allow":["GET"]}}],"collection":[{"href":"https:\/\/kraftwerk-shop.cc\/it\/wp-json\/wp\/v2\/product"}],"about":[{"href":"https:\/\/kraftwerk-shop.cc\/it\/wp-json\/wp\/v2\/types\/product"}],"replies":[{"embeddable":true,"href":"https:\/\/kraftwerk-shop.cc\/it\/wp-json\/wp\/v2\/comments?post=68304639"}],"version-history":[{"count":0,"href":"https:\/\/kraftwerk-shop.cc\/it\/wp-json\/wp\/v2\/product\/68304639\/revisions"}],"wp:featuredmedia":[{"embeddable":true,"href":"https:\/\/kraftwerk-shop.cc\/it\/wp-json\/wp\/v2\/media\/68304644"}],"wp:attachment":[{"href":"https:\/\/kraftwerk-shop.cc\/it\/wp-json\/wp\/v2\/media?parent=68304639"}],"wp:term":[{"taxonomy":"product_brand","embeddable":true,"href":"https:\/\/kraftwerk-shop.cc\/it\/wp-json\/wp\/v2\/product_brand?post=68304639"},{"taxonomy":"product_cat","embeddable":true,"href":"https:\/\/kraftwerk-shop.cc\/it\/wp-json\/wp\/v2\/product_cat?post=68304639"},{"taxonomy":"product_tag","embeddable":true,"href":"https:\/\/kraftwerk-shop.cc\/it\/wp-json\/wp\/v2\/product_tag?post=68304639"}],"curies":[{"name":"wp","href":"https:\/\/api.w.org\/{rel}","templated":true}]}}