{"id":68307150,"date":"2024-09-07T19:04:43","date_gmt":"2024-09-07T17:04:43","guid":{"rendered":"https:\/\/kraftwerk-shop.cc\/?post_type=product&#038;p=68307150"},"modified":"2026-02-15T01:13:03","modified_gmt":"2026-02-15T00:13:03","slug":"presa-daria-fredda-jlt-challenger-57","status":"publish","type":"product","link":"https:\/\/kraftwerk-shop.cc\/it\/produkt\/jlt-cold-air-intake-challenger-57\/","title":{"rendered":"Presa d'aria fredda JLT Challenger 5.7"},"content":{"rendered":"<h1>Sistema di aspirazione aria fredda JLT \/ filtro aria sportivo per Dode Challenger 5.7 dal 2011 al 2023<\/h1>\n<p>&nbsp;<\/p>\n<p><strong>Filtro aria di grandi dimensioni<\/strong><br \/>\nIl filtro dell'aria di dimensioni generose consente un flusso d'aria maggiore rispetto al filtro standard.<br \/>\nL'elemento del filtro dell'aria \u00e8 costituito da materiale filtrante in cotone, che viene bagnato con uno speciale olio filtrante e pu\u00f2 essere lavato. In questo modo si massimizzano la capacit\u00e0 e le prestazioni del filtro.<\/p>\n<p><strong>Collettore di aspirazione<\/strong><br \/>\nIl tubo di aspirazione \u00e8 realizzato in plastica rotostampata con un'enorme apertura del filtro da 5\u2033 per un flusso d'aria superiore e nessun accumulo di calore come nei tubi in metallo.<br \/>\nCon un'apertura di 4\u2033 all'estremit\u00e0 della valvola a farfalla, \u00e8 adatto anche alle valvole a farfalla pi\u00f9 grandi.<\/p>\n<p><strong>Alloggiamento del filtro dell'aria<\/strong><\/p>\n<p>L'airbox JLT isola il calore del motore, che \u00e8 fonte di perdita di potenza, sigillando il cofano di serie verso l'alto e sfruttando tutte le prese d'aria disponibili. Il materiale in polietilene reticolato della scatola e del tubo mantiene l'aria fresca mentre fluisce verso il motore. Il filtro dell'aria e il tubo di grandi dimensioni producono un suono pi\u00f9 aggressivo rispetto al filtro dell'aria di serie.<\/p>\n<p>&nbsp;<\/p>\n<p><strong>Materiale di installazione di alta qualit\u00e0<\/strong><\/p>\n<ul>\n<li>Collettore di aspirazione in plastica stampata JLT Roto<\/li>\n<li>Riduttore in silicone<\/li>\n<li>Filtro aria S&amp;B Powerstack<\/li>\n<li>Alloggiamento del filtro dell'aria in ABS<\/li>\n<li>Morsetti HD, tutte le parti necessarie<\/li>\n<\/ul>\n<p>&nbsp;<\/p>\n<p><strong>dettagli<\/strong><\/p>\n<p>- Aumento di potenza massima di +15 CV (specifica del produttore)<br \/>\n- Alloggiamento del filtro dell'aria con staffe per il montaggio diretto<br \/>\n- Filtro aria Pro 10R pre-oliato, lavabile e riutilizzabile per le massime prestazioni<\/p>\n<p>&nbsp;<\/p>\n<p><strong>Adatto per:<\/strong><\/p>\n<table width=\"661\">\n<tbody>\n<tr>\n<td width=\"83\"><strong>Anno di costruzione<\/strong><\/td>\n<td width=\"141\"><strong>Marchio<\/strong><\/td>\n<td width=\"73\"><strong>Modello<\/strong><\/td>\n<td width=\"281\"><strong>Variante<\/strong><\/td>\n<td width=\"83\"><strong>Motore<\/strong><\/td>\n<\/tr>\n<tr>\n<td width=\"83\">2011 \u2013 2023<\/td>\n<td width=\"141\">Dodge<\/td>\n<td width=\"73\">Challenger<\/td>\n<td width=\"281\">5.7 Hemi<\/td>\n<td width=\"83\">V8 5,7 L<\/td>\n<\/tr>\n<\/tbody>\n<\/table>\n<p>&nbsp;<\/p>\n<p>&nbsp;<\/p>","protected":false},"excerpt":{"rendered":"<p>2011 \u2013 2023<\/p>","protected":false},"featured_media":68307153,"comment_status":"open","ping_status":"closed","template":"","meta":{"_acf_changed":false},"product_brand":[17168],"product_cat":[2501],"product_tag":[176,177,165,248,249,250,251,252,419,420,2066,2373,4526,91,826,824,7687,54,48,825,49,3853,126,1094,1093,2444,20273,57,500],"class_list":{"0":"post-68307150","1":"product","2":"type-product","3":"status-publish","4":"has-post-thumbnail","6":"product_brand-jlt","7":"product_cat-challenger-57-ansaugung","8":"product_tag-176","9":"product_tag-177","10":"product_tag-165","11":"product_tag-248","12":"product_tag-249","13":"product_tag-250","14":"product_tag-251","15":"product_tag-252","16":"product_tag-419","17":"product_tag-420","18":"product_tag-2066","19":"product_tag-2373","20":"product_tag-4526","21":"product_tag-5-7","22":"product_tag-ansaugung","23":"product_tag-cai","24":"product_tag-cai-75-5184","25":"product_tag-challenger","26":"product_tag-chrysler","27":"product_tag-cold-air-intake","28":"product_tag-dodge","29":"product_tag-dodge-challenger","30":"product_tag-hemi","31":"product_tag-intake","32":"product_tag-jlt","33":"product_tag-jlt-performance","34":"product_tag-keintuev","35":"product_tag-luftfilter","36":"product_tag-sportluftfilter","38":"first","39":"instock","40":"taxable","41":"shipping-taxable","42":"purchasable","43":"product-type-simple"},"bundled_by":[],"bundle_stock_status":"instock","bundle_stock_quantity":3,"bundle_virtual":false,"bundle_layout":"","bundle_add_to_cart_form_location":"","bundle_editable_in_cart":false,"bundle_sold_individually_context":"","bundle_item_grouping":"","bundle_min_size":"","bundle_max_size":"","bundle_price":[],"bundled_items":[],"bundle_sell_ids":[],"exclude_global_add_ons":[],"addons":[],"acf":[],"_links":{"self":[{"href":"https:\/\/kraftwerk-shop.cc\/it\/wp-json\/wp\/v2\/product\/68307150","targetHints":{"allow":["GET"]}}],"collection":[{"href":"https:\/\/kraftwerk-shop.cc\/it\/wp-json\/wp\/v2\/product"}],"about":[{"href":"https:\/\/kraftwerk-shop.cc\/it\/wp-json\/wp\/v2\/types\/product"}],"replies":[{"embeddable":true,"href":"https:\/\/kraftwerk-shop.cc\/it\/wp-json\/wp\/v2\/comments?post=68307150"}],"version-history":[{"count":0,"href":"https:\/\/kraftwerk-shop.cc\/it\/wp-json\/wp\/v2\/product\/68307150\/revisions"}],"wp:featuredmedia":[{"embeddable":true,"href":"https:\/\/kraftwerk-shop.cc\/it\/wp-json\/wp\/v2\/media\/68307153"}],"wp:attachment":[{"href":"https:\/\/kraftwerk-shop.cc\/it\/wp-json\/wp\/v2\/media?parent=68307150"}],"wp:term":[{"taxonomy":"product_brand","embeddable":true,"href":"https:\/\/kraftwerk-shop.cc\/it\/wp-json\/wp\/v2\/product_brand?post=68307150"},{"taxonomy":"product_cat","embeddable":true,"href":"https:\/\/kraftwerk-shop.cc\/it\/wp-json\/wp\/v2\/product_cat?post=68307150"},{"taxonomy":"product_tag","embeddable":true,"href":"https:\/\/kraftwerk-shop.cc\/it\/wp-json\/wp\/v2\/product_tag?post=68307150"}],"curies":[{"name":"wp","href":"https:\/\/api.w.org\/{rel}","templated":true}]}}