{"id":68308223,"date":"2024-10-03T18:25:05","date_gmt":"2024-10-03T16:25:05","guid":{"rendered":"https:\/\/kraftwerk-shop.cc\/?post_type=product&#038;p=68308223"},"modified":"2026-03-05T10:39:47","modified_gmt":"2026-03-05T09:39:47","slug":"prefiltro-jlt-antipolvere-20-3103-01","status":"publish","type":"product","link":"https:\/\/kraftwerk-shop.cc\/it\/produkt\/jlt-vorfilter-staubschutz-20-3103-01\/","title":{"rendered":"Prefiltro JLT \/ protezione dalla polvere"},"content":{"rendered":"<h1>Prefiltro JLT \/ Protezione antipolvere per filtro dell'aria 5 x 7<\/h1>\n<p>&nbsp;<\/p>\n<p>Il prefiltro \u00e8 stato sviluppato per evitare che le particelle pi\u00f9 grandi, come gomma, sporcizia e sabbia, entrino nelle pieghe degli elementi del filtro dell'aria e le intasino.<br \/>\nL'intasamento prematuro di un filtro dell'aria comporta una perdita di prestazioni e una riduzione degli intervalli di manutenzione. I prefiltri JLT sono progettati per proteggere il motore senza compromettere il flusso d'aria o le prestazioni.<br \/>\nLe particelle pi\u00f9 piccole di 0,005\u2033 vengono filtrate, prolungando la durata del filtro. Anche in condizioni difficili, compresa l'elevata umidit\u00e0, un prefiltro JLT migliora la capacit\u00e0 del filtro di mantenere il flusso d'aria necessario per ottenere le massime prestazioni. L'uso corretto di un pre-filtro consente di risparmiare sulla pulizia o sulla sostituzione del filtro e di prolungarne la durata.<\/p>\n<p>L'utilizzo del prefiltro JLT non comporta una riduzione significativa del flusso d'aria. La maggior parte dei filtri dell'aria ad alte prestazioni lascia passare pi\u00f9 aria di quanta ne possa effettivamente gestire il motore. In realt\u00e0, il prefiltro mantiene il filtro primario pi\u00f9 pulito a lungo e consente al motore di mantenere il flusso d'aria e le prestazioni originali per un periodo di tempo pi\u00f9 lungo.<\/p>\n<p>&nbsp;<\/p>","protected":false},"excerpt":{"rendered":"<p>JLT Vorfilter \/ Staubschutz f\u00fcr 5 x 7&#8243; Luftfilter &nbsp; Der Vorfilter wurde entwickelt, um zu verhindern, dass gr\u00f6\u00dfere Partikel<\/p>","protected":false},"featured_media":68308232,"comment_status":"open","ping_status":"closed","template":"","meta":{"_acf_changed":false},"product_brand":[17168],"product_cat":[1790,2515,2711,2520,2500,1512],"product_tag":[7822,54,53,49,7824,56,100,50,1093,2444,57,86,7637,7823],"class_list":{"0":"post-68308223","1":"product","2":"type-product","3":"status-publish","4":"has-post-thumbnail","6":"product_brand-jlt","7":"product_cat-challenger-hellcat-ansaugung","8":"product_cat-charger-hellcat-ansaugung","9":"product_cat-durango-hellcat-ansaugung","10":"product_cat-durango-64-ansaugung","11":"product_cat-grand-cherokee-57-2011-2021-ansaugung","12":"product_cat-1500-57-2009-2018-classic-ansaugung","13":"product_tag-20-3103-01","14":"product_tag-challenger","15":"product_tag-charger","16":"product_tag-dodge","17":"product_tag-durango-6-4-srt","18":"product_tag-grand-cherokee","19":"product_tag-hellcat","20":"product_tag-jeep","21":"product_tag-jlt","22":"product_tag-jlt-performance","23":"product_tag-luftfilter","24":"product_tag-ram","25":"product_tag-staubschutz","26":"product_tag-vorfilter","28":"first","29":"instock","30":"taxable","31":"shipping-taxable","32":"purchasable","33":"product-type-simple"},"bundled_by":[],"bundle_stock_status":"instock","bundle_stock_quantity":3,"bundle_virtual":false,"bundle_layout":"","bundle_add_to_cart_form_location":"","bundle_editable_in_cart":false,"bundle_sold_individually_context":"","bundle_item_grouping":"","bundle_min_size":"","bundle_max_size":"","bundle_price":[],"bundled_items":[],"bundle_sell_ids":[],"exclude_global_add_ons":[],"addons":[],"acf":[],"_links":{"self":[{"href":"https:\/\/kraftwerk-shop.cc\/it\/wp-json\/wp\/v2\/product\/68308223","targetHints":{"allow":["GET"]}}],"collection":[{"href":"https:\/\/kraftwerk-shop.cc\/it\/wp-json\/wp\/v2\/product"}],"about":[{"href":"https:\/\/kraftwerk-shop.cc\/it\/wp-json\/wp\/v2\/types\/product"}],"replies":[{"embeddable":true,"href":"https:\/\/kraftwerk-shop.cc\/it\/wp-json\/wp\/v2\/comments?post=68308223"}],"version-history":[{"count":0,"href":"https:\/\/kraftwerk-shop.cc\/it\/wp-json\/wp\/v2\/product\/68308223\/revisions"}],"wp:featuredmedia":[{"embeddable":true,"href":"https:\/\/kraftwerk-shop.cc\/it\/wp-json\/wp\/v2\/media\/68308232"}],"wp:attachment":[{"href":"https:\/\/kraftwerk-shop.cc\/it\/wp-json\/wp\/v2\/media?parent=68308223"}],"wp:term":[{"taxonomy":"product_brand","embeddable":true,"href":"https:\/\/kraftwerk-shop.cc\/it\/wp-json\/wp\/v2\/product_brand?post=68308223"},{"taxonomy":"product_cat","embeddable":true,"href":"https:\/\/kraftwerk-shop.cc\/it\/wp-json\/wp\/v2\/product_cat?post=68308223"},{"taxonomy":"product_tag","embeddable":true,"href":"https:\/\/kraftwerk-shop.cc\/it\/wp-json\/wp\/v2\/product_tag?post=68308223"}],"curies":[{"name":"wp","href":"https:\/\/api.w.org\/{rel}","templated":true}]}}