{"id":68308430,"date":"2024-10-05T22:15:56","date_gmt":"2024-10-05T20:15:56","guid":{"rendered":"https:\/\/kraftwerk-shop.cc\/?post_type=product&#038;p=68308430"},"modified":"2026-02-15T01:13:56","modified_gmt":"2026-02-15T00:13:56","slug":"jba-collettore-di-scarico-srt-1965s","status":"publish","type":"product","link":"https:\/\/kraftwerk-shop.cc\/it\/produkt\/jba-shorty-kruemmer-srt-1965s\/","title":{"rendered":"Collettore JBA Shorty 6.1 e 6.4"},"content":{"rendered":"<h1>JBA Collettore corto 1965S per Chrysler 300C, Dodge Challenger, Charger e Magnum 6.1 e 6.4 dal 2005 al 2014<\/h1>\n<p>&nbsp;<\/p>\n<p>I collettori Shorty JBA sono uno dei migliori aggiornamenti delle prestazioni disponibili per il suo Chrysler 300C, Dodge Challenger, Charger e Magnum 6.1 e 6.4.<br \/>\nI collettori JBA Shorty sono significativamente meno restrittivi rispetto ai collettori standard del suo veicolo e aumentano le prestazioni e l'efficienza del motore.<br \/>\nIl design originale shorty di JBA \u00e8 un ulteriore sviluppo del vecchio collettore longtube.<br \/>\nI nuovi collettori corti offrono un aumento delle prestazioni che altri produttori ottengono solo con i collettori longtube.<br \/>\nSono realizzati in robusto acciaio inossidabile e sono in grado di resistere sia alle sollecitazioni delle corse che alla guida di tutti i giorni.<\/p>\n<p>Grazie all'elevata capacit\u00e0 di carico e alla tecnologia innovativa, come il collettore JBA Firecone, i collettori Shorty di JBA sono in grado di produrre pi\u00f9 potenza di qualsiasi altro collettore Shorty sul mercato.<\/p>\n<p>Ogni sistema include materiali di fissaggio di alta qualit\u00e0 e istruzioni dettagliate per un'installazione professionale senza perdite.<\/p>\n<p>&nbsp;<\/p>\n<ul>\n<li>Tubi primari in acciaio inossidabile piegati da 1 7\/8<br \/>\n- miglior flusso, durata, miglior comportamento di risposta<\/li>\n<li>Innovativo collettore JBA Firecone<br \/>\n- Una tecnologia collaudata in gara per ottenere il massimo delle prestazioni<\/li>\n<li>Collegamenti in stile fabbrica<br \/>\n- Installazione pi\u00f9 facile<\/li>\n<li>Cupole di collettori extra spesse<br \/>\n- Nessuna deformazione come con i collettori di qualit\u00e0 inferiore, nessuna perdita.<\/li>\n<li>Distintivo JBA<br \/>\n- La vera qualit\u00e0 JBA<\/li>\n<li>Spessore 3\/8\u2033, flange lavorate<br \/>\n- resiste alla deformazione, evita le perdite e facilita l'installazione.<\/li>\n<li>Aperture di scarico sovradimensionate<br \/>\n- L'aumento della portata consente di regolare l'apertura della testata del cilindro.<\/li>\n<\/ul>\n<p>&nbsp;<\/p>\n<p><strong>Adatto per:<\/strong><\/p>\n<table width=\"637\">\n<tbody>\n<tr>\n<td width=\"115\"><strong>Marchio<\/strong><\/td>\n<td width=\"145\"><strong>Modello<\/strong><\/td>\n<td width=\"214\"><strong>Motore<\/strong><\/td>\n<td width=\"163\"><strong>Anno di costruzione<\/strong><\/td>\n<\/tr>\n<tr>\n<td>Chrysler<\/td>\n<td>300C<\/td>\n<td>6.1<\/td>\n<td>2005 \u2013 2010<\/td>\n<\/tr>\n<tr>\n<td width=\"115\">Chrysler<\/td>\n<td width=\"145\">300C<\/td>\n<td>6.4<\/td>\n<td width=\"163\">2012 \u2013 2014<\/td>\n<\/tr>\n<tr>\n<td>Dodge<\/td>\n<td>Challenger<\/td>\n<td>6.1<\/td>\n<td>2008 \u2013 2010<\/td>\n<\/tr>\n<tr>\n<td width=\"115\">Dodge<\/td>\n<td width=\"145\">Challenger<\/td>\n<td>6.4<\/td>\n<td width=\"163\">2011 \u2013 2014<\/td>\n<\/tr>\n<tr>\n<td>Dodge<\/td>\n<td>Charger<\/td>\n<td>6.1<\/td>\n<td>2005 \u2013 2010<\/td>\n<\/tr>\n<tr>\n<td width=\"115\">Dodge<\/td>\n<td width=\"145\">Charger<\/td>\n<td>6.4<\/td>\n<td width=\"163\">2011 \u2013 2014<\/td>\n<\/tr>\n<tr>\n<td>Dodge<\/td>\n<td>Magnum<\/td>\n<td>6.1<\/td>\n<td>2006 \u2013 2008<\/td>\n<\/tr>\n<\/tbody>\n<\/table>\n<p>&nbsp;<\/p>\n<p><strong>Informazioni sugli scarichi JBA Performance<\/strong><\/p>\n<p>JBA Performance Exhaust \u00e8 un marchio rinomato nel campo dei sistemi di scarico ad alte prestazioni, che si \u00e8 fatto un nome grazie a qualit\u00e0, innovazione e prestazioni eccezionali. Sin dalla sua nascita, JBA ha sempre puntato a fornire agli appassionati di veicoli componenti di scarico di alta qualit\u00e0 che migliorano sia le prestazioni che l'efficienza.<\/p>\n<p><strong>Storia e sviluppo:<\/strong><\/p>\n<p>JBA Performance Exhaust \u00e8 stata fondata negli anni '80 e si \u00e8 rapidamente affermata come fornitore leader di sistemi di scarico nell'industria automobilistica. L'azienda \u00e8 rinomata per i suoi sviluppi pionieristici nei collettori di scarico e nei sistemi di scarico, che sono specificamente progettati per massimizzare le prestazioni del motore e ridurre al minimo le emissioni.<\/p>\n<p><strong>Gamma di prodotti:<\/strong><\/p>\n<p>La gamma di prodotti JBA comprende una variet\u00e0 di componenti di scarico, tra cui collettori, convertitori catalitici e sistemi di scarico completi. Tutti i prodotti si distinguono per la lavorazione e i materiali di alta qualit\u00e0, come l'acciaio inox e i rivestimenti speciali, che assicurano durata e prestazioni ottimali.<\/p>\n<p><strong>Innovazioni:<\/strong><\/p>\n<p>JBA \u00e8 nota per la sua innovazione ed eccellenza tecnologica. L'azienda ha depositato numerosi brevetti per i suoi design unici e le tecniche di produzione che migliorano le prestazioni e l'efficienza dei veicoli. Un esempio \u00e8 il collettore JBA \"Shorty\", riconosciuto per la sua facilit\u00e0 di installazione e l'eccezionale miglioramento delle prestazioni.<\/p>\n<p><strong>standard di qualit\u00e0:<\/strong><\/p>\n<p>L'impegno di JBA per la qualit\u00e0 \u00e8 impareggiabile. Ogni prodotto viene sottoposto a un rigoroso controllo di qualit\u00e0 e a test per garantire che soddisfi gli standard pi\u00f9 elevati. Questo impegno per la qualit\u00e0 ha reso JBA un marchio di fiducia tra i professionisti del motorsport e gli appassionati di auto.<\/p>\n<p>&nbsp;<\/p>","protected":false},"excerpt":{"rendered":"<p>2005 \u2013 2014<\/p>","protected":false},"featured_media":68308433,"comment_status":"open","ping_status":"closed","template":"","meta":{"_acf_changed":false},"product_brand":[17175],"product_cat":[6639,6583,6642,6521,6645,6559,6648],"product_tag":[7884,52,92,93,1035,546,3626,54,53,48,49,3853,2786,543,126,3625,3630,20273,550,55,186,86,3368,3340,547,96,1056,164],"class_list":{"0":"post-68308430","1":"product","2":"type-product","3":"status-publish","4":"has-post-thumbnail","6":"product_brand-jba","7":"product_cat-300c-61-abgaskruemmer-katalysatoren","8":"product_cat-300c-64-abgaskruemmer-katalysatoren","9":"product_cat-challenger-61-abgaskruemmer-katalysatoren","10":"product_cat-challenger-64-abgaskruemmer-katalysatoren","11":"product_cat-charger-61-abgaskruemmer-katalysatoren","12":"product_cat-charger-64-abgaskruemmer-katalysatoren","13":"product_cat-magnum-61-abgaskruemmer-katalysatoren","14":"product_tag-1965s","15":"product_tag-300c","16":"product_tag-6-1","17":"product_tag-6-4","18":"product_tag-abgasanlage","19":"product_tag-auspuff","20":"product_tag-cat4ward","21":"product_tag-challenger","22":"product_tag-charger","23":"product_tag-chrysler","24":"product_tag-dodge","25":"product_tag-dodge-challenger","26":"product_tag-exhaust","27":"product_tag-faecherkruemmer","28":"product_tag-hemi","29":"product_tag-jba","30":"product_tag-jbaperformance","31":"product_tag-keintuev","32":"product_tag-kruemmer","33":"product_tag-magnum","34":"product_tag-performance","35":"product_tag-ram","36":"product_tag-shorties","37":"product_tag-shorty","38":"product_tag-sportauspuff","39":"product_tag-srt","40":"product_tag-srt-8","41":"product_tag-srt8","42":"product_shipping_class-paket-l","44":"first","45":"onbackorder","46":"taxable","47":"shipping-taxable","48":"purchasable","49":"product-type-simple"},"bundled_by":[],"bundle_stock_status":"onbackorder","bundle_stock_quantity":0,"bundle_virtual":false,"bundle_layout":"","bundle_add_to_cart_form_location":"","bundle_editable_in_cart":false,"bundle_sold_individually_context":"","bundle_item_grouping":"","bundle_min_size":"","bundle_max_size":"","bundle_price":[],"bundled_items":[],"bundle_sell_ids":[],"exclude_global_add_ons":[],"addons":[],"acf":[],"_links":{"self":[{"href":"https:\/\/kraftwerk-shop.cc\/it\/wp-json\/wp\/v2\/product\/68308430","targetHints":{"allow":["GET"]}}],"collection":[{"href":"https:\/\/kraftwerk-shop.cc\/it\/wp-json\/wp\/v2\/product"}],"about":[{"href":"https:\/\/kraftwerk-shop.cc\/it\/wp-json\/wp\/v2\/types\/product"}],"replies":[{"embeddable":true,"href":"https:\/\/kraftwerk-shop.cc\/it\/wp-json\/wp\/v2\/comments?post=68308430"}],"version-history":[{"count":0,"href":"https:\/\/kraftwerk-shop.cc\/it\/wp-json\/wp\/v2\/product\/68308430\/revisions"}],"wp:featuredmedia":[{"embeddable":true,"href":"https:\/\/kraftwerk-shop.cc\/it\/wp-json\/wp\/v2\/media\/68308433"}],"wp:attachment":[{"href":"https:\/\/kraftwerk-shop.cc\/it\/wp-json\/wp\/v2\/media?parent=68308430"}],"wp:term":[{"taxonomy":"product_brand","embeddable":true,"href":"https:\/\/kraftwerk-shop.cc\/it\/wp-json\/wp\/v2\/product_brand?post=68308430"},{"taxonomy":"product_cat","embeddable":true,"href":"https:\/\/kraftwerk-shop.cc\/it\/wp-json\/wp\/v2\/product_cat?post=68308430"},{"taxonomy":"product_tag","embeddable":true,"href":"https:\/\/kraftwerk-shop.cc\/it\/wp-json\/wp\/v2\/product_tag?post=68308430"}],"curies":[{"name":"wp","href":"https:\/\/api.w.org\/{rel}","templated":true}]}}