{"id":68309106,"date":"2024-10-21T13:12:21","date_gmt":"2024-10-21T11:12:21","guid":{"rendered":"https:\/\/kraftwerk-shop.cc\/?post_type=product&#038;p=68309106"},"modified":"2026-02-15T01:14:31","modified_gmt":"2026-02-15T00:14:31","slug":"ventilazione-coperchio-valvole-ford-mustang","status":"publish","type":"product","link":"https:\/\/kraftwerk-shop.cc\/it\/produkt\/ventildeckelentlueftung-ford-mustang\/","title":{"rendered":"Ventilazione del coperchio della valvola Ford Mustang GT"},"content":{"rendered":"<h1>Sfiato del coperchio della valvola aperto per Ford Mustang GT 4.6L e 5.0L<\/h1>\n<p>&nbsp;<\/p>\n<p>Questo sfiatatoio del coperchio della valvola viene installato al posto del tappo di riempimento dell'olio; non sono necessarie modifiche al veicolo.<\/p>\n<p>La spirale lavorata con precisione nella base dell'alloggiamento si inserisce esattamente nel tubo di riempimento, e la tenuta \u00e8 mantenuta in posizione dall'O-ring fornito.<\/p>\n<p>Nei motori turbocompressi, la pressione della combustione entra inevitabilmente nel carter, e questa pressione contribuisce alla perdita di potenza, all'aumento della temperatura dell'olio e al guasto prematuro delle guarnizioni del motore.<br \/>\nLo sfiato dell'aria serve come sfiato ad alto flusso, in modo che la pressione risultante possa facilmente fuoriuscire nell'atmosfera.<\/p>\n<p>Questo sfiatatoio \u00e8 dotato di una valvola di non ritorno APV brevettata, in modo che la pressione interna possa passare, ma che l'aria esterna non possa essere aspirata nel tratto di aspirazione del motore attraverso lo sfiatatoio.<br \/>\nQuesto sfiato riduce l'efficacia del sistema PCV del veicolo e non \u00e8 conforme alle emissioni.<br \/>\nLa messa a punto del motore non sar\u00e0 influenzata dall'installazione di questo sfiatatoio.<\/p>\n<p>Questo sfiatatoio del coperchio della valvola \u00e8 fresato a CNC in alluminio e microlavorato sulla superficie esterna.<br \/>\nIl filtro \u00e8 un'unit\u00e0 di alta qualit\u00e0, riutilizzabile, prodotta negli Stati Uniti da S &amp; B Filters.<\/p>\n<p>&nbsp;<\/p>\n<p><strong>Adatto per:<\/strong><\/p>\n<table width=\"449\">\n<tbody>\n<tr>\n<td width=\"115\"><strong>Marchio<\/strong><\/td>\n<td width=\"145\"><strong>Modello<\/strong><\/td>\n<td width=\"106\"><strong>Motore<\/strong><\/td>\n<td width=\"83\"><strong>Anno di costruzione<\/strong><\/td>\n<\/tr>\n<tr>\n<td width=\"115\">Ford<\/td>\n<td width=\"145\">Mustang GT<\/td>\n<td width=\"106\">4.6, 5.0<\/td>\n<td width=\"83\">2006 - 2016<\/td>\n<\/tr>\n<\/tbody>\n<\/table>\n<p>&nbsp;<\/p>","protected":false},"excerpt":{"rendered":"<p>Offene Ventildeckelentl\u00fcftung f\u00fcr Ford Mustang GT 4.6L und 5.0L &nbsp; Diese Ventildeckelentl\u00fcftung wird anstelle des \u00d6leinf\u00fclldeckels eingebaut, es sind keine<\/p>","protected":false},"featured_media":68309231,"comment_status":"open","ping_status":"closed","template":"","meta":{"_acf_changed":false},"product_brand":[19068],"product_cat":[8018],"product_tag":[8013,8010,4030,155,917,4029,3505,84,3872,4587,8011,153,154,156],"class_list":{"0":"post-68309106","1":"product","2":"type-product","3":"status-publish","4":"has-post-thumbnail","6":"product_brand-kraftwerk","7":"product_cat-mustang-50-gt-motor","8":"product_tag-1-0101-1-fb","9":"product_tag-4-6","10":"product_tag-5-0","11":"product_tag-entlueftung","12":"product_tag-ford","13":"product_tag-gt5-0","14":"product_tag-kurbelgehaeuse","15":"product_tag-kurbelgehaeuseentlueftung","16":"product_tag-mustang","17":"product_tag-mustang-gt","18":"product_tag-oeleinfuelldeckel","19":"product_tag-valve-cover-breather","20":"product_tag-ventildeckel","21":"product_tag-ventildeckelentlueftung","23":"first","24":"outofstock","25":"taxable","26":"shipping-taxable","27":"purchasable","28":"product-type-simple"},"bundled_by":[],"bundle_stock_status":"outofstock","bundle_stock_quantity":0,"bundle_virtual":false,"bundle_layout":"","bundle_add_to_cart_form_location":"","bundle_editable_in_cart":false,"bundle_sold_individually_context":"","bundle_item_grouping":"","bundle_min_size":"","bundle_max_size":"","bundle_price":[],"bundled_items":[],"bundle_sell_ids":[],"exclude_global_add_ons":[],"addons":[],"acf":[],"_links":{"self":[{"href":"https:\/\/kraftwerk-shop.cc\/it\/wp-json\/wp\/v2\/product\/68309106","targetHints":{"allow":["GET"]}}],"collection":[{"href":"https:\/\/kraftwerk-shop.cc\/it\/wp-json\/wp\/v2\/product"}],"about":[{"href":"https:\/\/kraftwerk-shop.cc\/it\/wp-json\/wp\/v2\/types\/product"}],"replies":[{"embeddable":true,"href":"https:\/\/kraftwerk-shop.cc\/it\/wp-json\/wp\/v2\/comments?post=68309106"}],"version-history":[{"count":0,"href":"https:\/\/kraftwerk-shop.cc\/it\/wp-json\/wp\/v2\/product\/68309106\/revisions"}],"wp:featuredmedia":[{"embeddable":true,"href":"https:\/\/kraftwerk-shop.cc\/it\/wp-json\/wp\/v2\/media\/68309231"}],"wp:attachment":[{"href":"https:\/\/kraftwerk-shop.cc\/it\/wp-json\/wp\/v2\/media?parent=68309106"}],"wp:term":[{"taxonomy":"product_brand","embeddable":true,"href":"https:\/\/kraftwerk-shop.cc\/it\/wp-json\/wp\/v2\/product_brand?post=68309106"},{"taxonomy":"product_cat","embeddable":true,"href":"https:\/\/kraftwerk-shop.cc\/it\/wp-json\/wp\/v2\/product_cat?post=68309106"},{"taxonomy":"product_tag","embeddable":true,"href":"https:\/\/kraftwerk-shop.cc\/it\/wp-json\/wp\/v2\/product_tag?post=68309106"}],"curies":[{"name":"wp","href":"https:\/\/api.w.org\/{rel}","templated":true}]}}