{"id":68309246,"date":"2024-10-21T15:09:42","date_gmt":"2024-10-21T13:09:42","guid":{"rendered":"https:\/\/kraftwerk-shop.cc\/?post_type=product&#038;p=68309246"},"modified":"2026-02-15T01:14:30","modified_gmt":"2026-02-15T00:14:30","slug":"ventilazione-coperchio-valvole-ford-ecoboost","status":"publish","type":"product","link":"https:\/\/kraftwerk-shop.cc\/it\/produkt\/ventildeckelentlueftung-ford-ecoboost\/","title":{"rendered":"Ventilazione coperchio valvole Ford Mustang 2.3 EcoBoost"},"content":{"rendered":"<h1>Ventilazione aperta del coperchio della valvola per Ford Mustang 2.3 EcoBoost<\/h1>\n<p>&nbsp;<\/p>\n<p>Questo sfiatatoio del coperchio della valvola viene installato al posto del tappo di riempimento dell'olio; non sono necessarie modifiche al veicolo.<\/p>\n<p>La spirale lavorata con precisione nella base dell'alloggiamento si inserisce esattamente nel tubo di riempimento, e la tenuta \u00e8 mantenuta in posizione dall'O-ring fornito.<\/p>\n<p>Nei motori turbocompressi, la pressione della combustione entra inevitabilmente nel carter, e questa pressione contribuisce alla perdita di potenza, all'aumento della temperatura dell'olio e al guasto prematuro delle guarnizioni del motore.<br \/>\nLo sfiato dell'aria serve come sfiato ad alto flusso, in modo che la pressione risultante possa facilmente fuoriuscire nell'atmosfera.<\/p>\n<p>Questo sfiatatoio \u00e8 dotato di una valvola di non ritorno APV brevettata, in modo che la pressione interna possa passare, ma che l'aria esterna non possa essere aspirata nel tratto di aspirazione del motore attraverso lo sfiatatoio.<br \/>\nQuesto sfiato riduce l'efficacia del sistema PCV del veicolo e non \u00e8 conforme alle emissioni.<br \/>\nLa messa a punto del motore non sar\u00e0 influenzata dall'installazione di questo sfiatatoio.<\/p>\n<p>Questo sfiatatoio del coperchio della valvola \u00e8 fresato a CNC in alluminio e microlavorato sulla superficie esterna.<br \/>\nIl filtro \u00e8 un'unit\u00e0 di alta qualit\u00e0, riutilizzabile, prodotta negli Stati Uniti da S &amp; B Filters.<\/p>\n<p>&nbsp;<\/p>\n<p><strong>Adatto per:<\/strong><\/p>\n<table width=\"449\">\n<tbody>\n<tr>\n<td width=\"115\"><strong>Marchio<\/strong><\/td>\n<td width=\"145\"><strong>Modello<\/strong><\/td>\n<td width=\"106\"><strong>Motore<\/strong><\/td>\n<td width=\"83\"><strong>Anno di costruzione<\/strong><\/td>\n<\/tr>\n<tr>\n<td width=\"115\">Ford<\/td>\n<td width=\"145\">Mustang EcoBoost<\/td>\n<td width=\"106\">2.3<\/td>\n<td width=\"83\">2015 \u2013 2023<\/td>\n<\/tr>\n<\/tbody>\n<\/table>\n<p>&nbsp;<\/p>","protected":false},"excerpt":{"rendered":"<p>Sfiato coperchio valvole aperto per Ford Mustang 2.3 EcoBoost Questo sfiatatoio del coperchio valvole viene installato al posto del tappo di riempimento dell'olio; non \u00e8 necessario modificare il tappo.<\/p>","protected":false},"featured_media":68309248,"comment_status":"open","ping_status":"closed","template":"","meta":{"_acf_changed":false},"product_brand":[19068],"product_cat":[8016],"product_tag":[8014,4020,5226,3873,155,917,3505,84,3872,8011,258,8015,153,154,156],"class_list":{"0":"post-68309246","1":"product","2":"type-product","3":"status-publish","4":"has-post-thumbnail","6":"product_brand-kraftwerk","7":"product_cat-mustang-23-ecoboost-motor","8":"product_tag-1-0103-3-fb","9":"product_tag-2-3","10":"product_tag-2-3-ecoboost","11":"product_tag-ecoboost","12":"product_tag-entlueftung","13":"product_tag-ford","14":"product_tag-kurbelgehaeuse","15":"product_tag-kurbelgehaeuseentlueftung","16":"product_tag-mustang","17":"product_tag-oeleinfuelldeckel","18":"product_tag-turbo","19":"product_tag-v4","20":"product_tag-valve-cover-breather","21":"product_tag-ventildeckel","22":"product_tag-ventildeckelentlueftung","24":"first","25":"outofstock","26":"taxable","27":"shipping-taxable","28":"purchasable","29":"product-type-simple"},"bundled_by":[],"bundle_stock_status":"outofstock","bundle_stock_quantity":0,"bundle_virtual":false,"bundle_layout":"","bundle_add_to_cart_form_location":"","bundle_editable_in_cart":false,"bundle_sold_individually_context":"","bundle_item_grouping":"","bundle_min_size":"","bundle_max_size":"","bundle_price":[],"bundled_items":[],"bundle_sell_ids":[],"exclude_global_add_ons":[],"addons":[],"acf":[],"_links":{"self":[{"href":"https:\/\/kraftwerk-shop.cc\/it\/wp-json\/wp\/v2\/product\/68309246","targetHints":{"allow":["GET"]}}],"collection":[{"href":"https:\/\/kraftwerk-shop.cc\/it\/wp-json\/wp\/v2\/product"}],"about":[{"href":"https:\/\/kraftwerk-shop.cc\/it\/wp-json\/wp\/v2\/types\/product"}],"replies":[{"embeddable":true,"href":"https:\/\/kraftwerk-shop.cc\/it\/wp-json\/wp\/v2\/comments?post=68309246"}],"version-history":[{"count":0,"href":"https:\/\/kraftwerk-shop.cc\/it\/wp-json\/wp\/v2\/product\/68309246\/revisions"}],"wp:featuredmedia":[{"embeddable":true,"href":"https:\/\/kraftwerk-shop.cc\/it\/wp-json\/wp\/v2\/media\/68309248"}],"wp:attachment":[{"href":"https:\/\/kraftwerk-shop.cc\/it\/wp-json\/wp\/v2\/media?parent=68309246"}],"wp:term":[{"taxonomy":"product_brand","embeddable":true,"href":"https:\/\/kraftwerk-shop.cc\/it\/wp-json\/wp\/v2\/product_brand?post=68309246"},{"taxonomy":"product_cat","embeddable":true,"href":"https:\/\/kraftwerk-shop.cc\/it\/wp-json\/wp\/v2\/product_cat?post=68309246"},{"taxonomy":"product_tag","embeddable":true,"href":"https:\/\/kraftwerk-shop.cc\/it\/wp-json\/wp\/v2\/product_tag?post=68309246"}],"curies":[{"name":"wp","href":"https:\/\/api.w.org\/{rel}","templated":true}]}}