{"id":68312161,"date":"2024-12-02T00:18:22","date_gmt":"2024-12-01T23:18:22","guid":{"rendered":"https:\/\/kraftwerk-shop.cc\/?post_type=product&#038;p=68312161"},"modified":"2026-02-15T01:15:26","modified_gmt":"2026-02-15T00:15:26","slug":"pompa-dellacqua-mopar-4792968af","status":"publish","type":"product","link":"https:\/\/kraftwerk-shop.cc\/it\/produkt\/mopar-wasserpumpe-4792968af\/","title":{"rendered":"Pompa dell'acqua di raffreddamento Mopar 2.7 e 3.5 (4792968AF)"},"content":{"rendered":"<h1>Pompa dell'acqua di raffreddamento originale Mopar (<span class=\"list-value sku-display\">4792968AF<\/span>) per Chrysler 300C, Pacifica, Sebring, Dodge Avenger, Challenger, Charger, Journey, Magnum, Nitro 2.7, 3.5 e 4.0<\/h1>\n<p>&nbsp;<\/p>\n<p><strong>Numero di parte Mopar:<\/strong> <span class=\"list-value sku-display\">4792968AF<\/span><br \/>\n<strong>Sostituisce il numero di parte:\u00a0<\/strong> <span class=\"list-value\">4792968AB, 4792968AD<\/span><\/p>\n<p>&nbsp;<\/p>\n<p>Questa pompa dell'acqua di raffreddamento Mopar \u00e8 stata appositamente sviluppata per soddisfare gli standard e i requisiti pi\u00f9 elevati del vostro veicolo.<br \/>\nCon Mopar non si ottiene solo la qualit\u00e0, ma anche la certezza che la pompa dell'acqua sia perfettamente adattata al veicolo.<br \/>\nLa progettazione precisa e l'uso di materiali di alta qualit\u00e0 garantiscono prestazioni e durata eccezionali.<br \/>\nQuesta pompa dell'acqua assicura che il motore raggiunga sempre la temperatura di esercizio ottimale, indipendentemente dalle sfide che si presentano sulla strada.<br \/>\nProtegge il motore dal surriscaldamento e aiuta a evitare costose riparazioni.<\/p>\n<p>La pompa dell'acqua Mopar \u00e8 un ricambio diretto del pezzo originale. Affidatevi alla comprovata qualit\u00e0 di Mopar per mantenere le prestazioni e l'affidabilit\u00e0 del vostro veicolo.<\/p>\n<p>&nbsp;<\/p>\n<p>&nbsp;<\/p>\n<p><strong>Adatto per:<\/strong><\/p>\n<table width=\"1004\">\n<tbody>\n<tr>\n<td width=\"82\"><strong>Anno di costruzione<\/strong><\/td>\n<td width=\"82\"><strong>Marchio<\/strong><\/td>\n<td width=\"124\"><strong>Modello<\/strong><\/td>\n<td width=\"512\"><strong>Versione<\/strong><\/td>\n<td width=\"204\"><strong>Motore<\/strong><\/td>\n<\/tr>\n<tr>\n<td width=\"82\">2011<\/td>\n<td width=\"82\">Dodge<\/td>\n<td width=\"124\">Nitro<\/td>\n<td width=\"512\">Detonator, Heat, SXT, Shock<\/td>\n<td width=\"204\">4.0L<\/td>\n<\/tr>\n<tr>\n<td width=\"82\">2010<\/td>\n<td width=\"82\">Chrysler<\/td>\n<td width=\"124\">300<\/td>\n<td width=\"512\">Limited, S, Touring<\/td>\n<td width=\"204\">3.5L<\/td>\n<\/tr>\n<tr>\n<td width=\"82\">2010<\/td>\n<td width=\"82\">Chrysler<\/td>\n<td width=\"124\">Sebring<\/td>\n<td width=\"512\">Limited<\/td>\n<td width=\"204\">3.5L<\/td>\n<\/tr>\n<tr>\n<td width=\"82\">2010<\/td>\n<td width=\"82\">Chrysler<\/td>\n<td width=\"124\">Town &amp; Country<\/td>\n<td width=\"512\">Limited, Touring, Touring Plus<\/td>\n<td width=\"204\">4.0L<\/td>\n<\/tr>\n<tr>\n<td width=\"82\">2010<\/td>\n<td width=\"82\">Dodge<\/td>\n<td width=\"124\">Avenger<\/td>\n<td width=\"512\">R\/T<\/td>\n<td width=\"204\">3.5L<\/td>\n<\/tr>\n<tr>\n<td width=\"82\">2010<\/td>\n<td width=\"82\">Dodge<\/td>\n<td width=\"124\">Challenger<\/td>\n<td width=\"512\">SE<\/td>\n<td width=\"204\">3.5L<\/td>\n<\/tr>\n<tr>\n<td width=\"82\">2010<\/td>\n<td width=\"82\">Dodge<\/td>\n<td width=\"124\">Charger<\/td>\n<td width=\"512\">Pursuit, SE, SXT<\/td>\n<td width=\"204\">3.5L<\/td>\n<\/tr>\n<tr>\n<td width=\"82\">2010<\/td>\n<td width=\"82\">Dodge<\/td>\n<td width=\"124\">Grand Caravan<\/td>\n<td width=\"512\">SXT<\/td>\n<td width=\"204\">4.0L<\/td>\n<\/tr>\n<tr>\n<td width=\"82\">2010<\/td>\n<td width=\"82\">Dodge<\/td>\n<td width=\"124\">Journey<\/td>\n<td width=\"512\">Equipaggio, R\/T, SXT<\/td>\n<td width=\"204\">3.5L<\/td>\n<\/tr>\n<tr>\n<td width=\"82\">2010<\/td>\n<td width=\"82\">Dodge<\/td>\n<td width=\"124\">Nitro<\/td>\n<td width=\"512\">Detonator, Heat, SXT, Shock<\/td>\n<td width=\"204\">4.0L<\/td>\n<\/tr>\n<tr>\n<td width=\"82\">2009<\/td>\n<td width=\"82\">Chrysler<\/td>\n<td width=\"124\">300<\/td>\n<td width=\"512\">Limited, Signature Series, Touring<\/td>\n<td width=\"204\">3.5L<\/td>\n<\/tr>\n<tr>\n<td width=\"82\">2009<\/td>\n<td width=\"82\">Chrysler<\/td>\n<td width=\"124\">Sebring<\/td>\n<td width=\"512\">Limited<\/td>\n<td width=\"204\">3.5L<\/td>\n<\/tr>\n<tr>\n<td width=\"82\">2009<\/td>\n<td width=\"82\">Chrysler<\/td>\n<td width=\"124\">Town &amp; Country<\/td>\n<td width=\"512\">Limited, Touring<\/td>\n<td width=\"204\">4.0L<\/td>\n<\/tr>\n<tr>\n<td width=\"82\">2009<\/td>\n<td width=\"82\">Dodge<\/td>\n<td width=\"124\">Avenger<\/td>\n<td width=\"512\">R\/T<\/td>\n<td width=\"204\">3.5L<\/td>\n<\/tr>\n<tr>\n<td width=\"82\">2009<\/td>\n<td width=\"82\">Dodge<\/td>\n<td width=\"124\">Challenger<\/td>\n<td width=\"512\">SE<\/td>\n<td width=\"204\">3.5L<\/td>\n<\/tr>\n<tr>\n<td width=\"82\">2009<\/td>\n<td width=\"82\">Dodge<\/td>\n<td width=\"124\">Charger<\/td>\n<td width=\"512\">Pursuit, SE, SXT<\/td>\n<td width=\"204\">3.5L<\/td>\n<\/tr>\n<tr>\n<td width=\"82\">2009<\/td>\n<td width=\"82\">Dodge<\/td>\n<td width=\"124\">Grand Caravan<\/td>\n<td width=\"512\">SXT<\/td>\n<td width=\"204\">4.0L<\/td>\n<\/tr>\n<tr>\n<td width=\"82\">2009<\/td>\n<td width=\"82\">Dodge<\/td>\n<td width=\"124\">Journey<\/td>\n<td width=\"512\">R\/T, SXT<\/td>\n<td width=\"204\">3.5L<\/td>\n<\/tr>\n<tr>\n<td width=\"82\">2009<\/td>\n<td width=\"82\">Dodge<\/td>\n<td width=\"124\">Nitro<\/td>\n<td width=\"512\">R\/T<\/td>\n<td width=\"204\">4.0L<\/td>\n<\/tr>\n<tr>\n<td width=\"82\">2008<\/td>\n<td width=\"82\">Chrysler<\/td>\n<td width=\"124\">300<\/td>\n<td width=\"512\">LX, Limited, Touring<\/td>\n<td width=\"204\">2.7L, 3.5L<\/td>\n<\/tr>\n<tr>\n<td width=\"82\">2008<\/td>\n<td width=\"82\">Chrysler<\/td>\n<td width=\"124\">Pacifica<\/td>\n<td width=\"512\">LX, Limited, Touring<\/td>\n<td width=\"204\">4.0L<\/td>\n<\/tr>\n<tr>\n<td width=\"82\">2008<\/td>\n<td width=\"82\">Chrysler<\/td>\n<td width=\"124\">Sebring<\/td>\n<td width=\"512\">Limited<\/td>\n<td width=\"204\">3.5L<\/td>\n<\/tr>\n<tr>\n<td width=\"82\">2008<\/td>\n<td width=\"82\">Chrysler<\/td>\n<td width=\"124\">Town &amp; Country<\/td>\n<td width=\"512\">Limited<\/td>\n<td width=\"204\">4.0L<\/td>\n<\/tr>\n<tr>\n<td width=\"82\">2008<\/td>\n<td width=\"82\">Dodge<\/td>\n<td width=\"124\">Avenger<\/td>\n<td width=\"512\">R\/T<\/td>\n<td width=\"204\">3.5L<\/td>\n<\/tr>\n<tr>\n<td width=\"82\">2008<\/td>\n<td width=\"82\">Dodge<\/td>\n<td width=\"124\">Charger<\/td>\n<td width=\"512\">Pursuit, SE, SXT<\/td>\n<td width=\"204\">2.7L, 3.5L<\/td>\n<\/tr>\n<tr>\n<td width=\"82\">2008<\/td>\n<td width=\"82\">Dodge<\/td>\n<td width=\"124\">Grand Caravan<\/td>\n<td width=\"512\">SXT<\/td>\n<td width=\"204\">4.0L<\/td>\n<\/tr>\n<tr>\n<td width=\"82\">2008<\/td>\n<td width=\"82\">Dodge<\/td>\n<td width=\"124\">Magnum<\/td>\n<td width=\"512\">SE, SXT<\/td>\n<td width=\"204\">2.7L, 3.5L<\/td>\n<\/tr>\n<tr>\n<td width=\"82\">2008<\/td>\n<td width=\"82\">Dodge<\/td>\n<td width=\"124\">Nitro<\/td>\n<td width=\"512\">R\/T<\/td>\n<td width=\"204\">4.0L<\/td>\n<\/tr>\n<tr>\n<td width=\"82\">2007<\/td>\n<td width=\"82\">Chrysler<\/td>\n<td width=\"124\">300<\/td>\n<td width=\"512\">Base, Limited, Touring<\/td>\n<td width=\"204\">2.7L, 3.5L<\/td>\n<\/tr>\n<tr>\n<td width=\"82\">2007<\/td>\n<td width=\"82\">Chrysler<\/td>\n<td width=\"124\">Pacifica<\/td>\n<td width=\"512\">Base, Limited, Touring<\/td>\n<td width=\"204\">4.0L<\/td>\n<\/tr>\n<tr>\n<td width=\"82\">2007<\/td>\n<td width=\"82\">Chrysler<\/td>\n<td width=\"124\">Sebring<\/td>\n<td width=\"512\">Limited<\/td>\n<td width=\"204\">3.5L<\/td>\n<\/tr>\n<tr>\n<td width=\"82\">2007<\/td>\n<td width=\"82\">Dodge<\/td>\n<td width=\"124\">Charger<\/td>\n<td width=\"512\">Pursuit, SE, SXT<\/td>\n<td width=\"204\">2.7L, 3.5L<\/td>\n<\/tr>\n<tr>\n<td width=\"82\">2007<\/td>\n<td width=\"82\">Dodge<\/td>\n<td width=\"124\">Magnum<\/td>\n<td width=\"512\">SE, SXT<\/td>\n<td width=\"204\">2.7L, 3.5L<\/td>\n<\/tr>\n<tr>\n<td width=\"82\">2007<\/td>\n<td width=\"82\">Dodge<\/td>\n<td width=\"124\">Nitro<\/td>\n<td width=\"512\">R\/T<\/td>\n<td width=\"204\">4.0L<\/td>\n<\/tr>\n<tr>\n<td width=\"82\">2006<\/td>\n<td width=\"82\">Chrysler<\/td>\n<td width=\"124\">300<\/td>\n<td width=\"512\">Base, Touring<\/td>\n<td width=\"204\">2.7L, 3.5L<\/td>\n<\/tr>\n<tr>\n<td width=\"82\">2006<\/td>\n<td width=\"82\">Chrysler<\/td>\n<td width=\"124\">Pacifica<\/td>\n<td width=\"512\">Base, Limited, Touring<\/td>\n<td width=\"204\">3.5L<\/td>\n<\/tr>\n<tr>\n<td width=\"82\">2006<\/td>\n<td width=\"82\">Dodge<\/td>\n<td width=\"124\">Charger<\/td>\n<td width=\"512\">SE<\/td>\n<td width=\"204\">3.5L<\/td>\n<\/tr>\n<tr>\n<td width=\"82\">2006<\/td>\n<td width=\"82\">Dodge<\/td>\n<td width=\"124\">Magnum<\/td>\n<td width=\"512\">SE, SXT<\/td>\n<td width=\"204\">2.7L, 3.5L<\/td>\n<\/tr>\n<tr>\n<td width=\"82\">2005<\/td>\n<td width=\"82\">Chrysler<\/td>\n<td width=\"124\">300<\/td>\n<td width=\"512\">Base, Touring<\/td>\n<td width=\"204\">2.7L, 3.5L<\/td>\n<\/tr>\n<tr>\n<td width=\"82\">2005<\/td>\n<td width=\"82\">Chrysler<\/td>\n<td width=\"124\">Pacifica<\/td>\n<td width=\"512\">Base, Limited, Touring<\/td>\n<td width=\"204\">3.5L<\/td>\n<\/tr>\n<tr>\n<td width=\"82\">2005<\/td>\n<td width=\"82\">Dodge<\/td>\n<td width=\"124\">Magnum<\/td>\n<td width=\"512\">SE, SXT<\/td>\n<td width=\"204\">2.7L, 3.5L<\/td>\n<\/tr>\n<tr>\n<td width=\"82\">2004<\/td>\n<td width=\"82\">Chrysler<\/td>\n<td width=\"124\">Pacifica<\/td>\n<td width=\"512\">Base<\/td>\n<td width=\"204\">3.5L<\/td>\n<\/tr>\n<\/tbody>\n<\/table>\n<p>&nbsp;<\/p>\n<h4>Perch\u00e9 scegliere i ricambi originali Mopar?<\/h4>\n<p><strong>Vestibilit\u00e0 perfetta e massima qualit\u00e0:<\/strong> I ricambi originali Mopar sono prodotti secondo le rigorose specifiche del produttore, il che significa che si adattano perfettamente al suo veicolo. Questo non solo garantisce una facile installazione, ma anche un funzionamento e una sicurezza ottimali.<\/p>\n<p><strong>Affidabilit\u00e0 e durata:<\/strong> Grazie all'utilizzo di materiali di alta qualit\u00e0 e ai rigorosi controlli di qualit\u00e0, i ricambi Mopar assicurano il funzionamento affidabile del suo veicolo anche in condizioni estreme. Sono progettati per durare nel tempo e massimizzare le prestazioni del suo veicolo.<\/p>\n<p>&nbsp;<\/p>","protected":false},"excerpt":{"rendered":"<p>Parte originale Mopar<\/p>","protected":false},"featured_media":68312164,"comment_status":"open","ping_status":"closed","template":"","meta":{"_acf_changed":false},"product_brand":[16270],"product_cat":[10262,2567,19670,1437,2647,2565,2590,2651,2653,2656],"product_tag":[18711,18712,18713,52,8475,8476,8474,167,54,53,48,49,3853,678,5255,55,31,8813,9424,16271,16273,16275,16272,16274,7221,680,2425,127,682,5254,673],"class_list":{"0":"post-68312161","1":"product","2":"type-product","3":"status-publish","4":"has-post-thumbnail","6":"product_brand-mopar","7":"product_cat-alle-produkte","8":"product_cat-300c-35-kuehlung","9":"product_cat-pacifica-kuehlung","10":"product_cat-sebring-motor","11":"product_cat-avenger-motor","12":"product_cat-challenger-35-kuehlung","13":"product_cat-charger-35-kuehlung","14":"product_cat-dodge-journey-motor","15":"product_cat-magnum-35-kuehlung","16":"product_cat-nitro-motor","17":"product_tag-04792968ab","18":"product_tag-04792968ad","19":"product_tag-04792968af","20":"product_tag-300c","21":"product_tag-4792968ab","22":"product_tag-4792968ad","23":"product_tag-4792968af","24":"product_tag-avenger","25":"product_tag-challenger","26":"product_tag-charger","27":"product_tag-chrysler","28":"product_tag-dodge","29":"product_tag-dodge-challenger","30":"product_tag-journey","31":"product_tag-kuehlwasserpumpe","32":"product_tag-magnum","33":"product_tag-mopar","34":"product_tag-mopar-autoteile","35":"product_tag-mopar-ersatzteile","36":"product_tag-mopar-ersatzteile-kaufen","37":"product_tag-mopar-performance-teile","38":"product_tag-mopar-teile-katalog","39":"product_tag-mopar-teile-online","40":"product_tag-mopar-tuningteile","41":"product_tag-mopar10","42":"product_tag-nitro","43":"product_tag-originalteil","44":"product_tag-pacifica","45":"product_tag-sebring","46":"product_tag-wasserpumpe","47":"product_tag-zubehoer","49":"first","50":"onbackorder","51":"taxable","52":"shipping-taxable","53":"purchasable","54":"product-type-simple"},"bundled_by":[],"bundle_stock_status":"onbackorder","bundle_stock_quantity":0,"bundle_virtual":false,"bundle_layout":"","bundle_add_to_cart_form_location":"","bundle_editable_in_cart":false,"bundle_sold_individually_context":"","bundle_item_grouping":"","bundle_min_size":"","bundle_max_size":"","bundle_price":[],"bundled_items":[],"bundle_sell_ids":[],"exclude_global_add_ons":[],"addons":[],"acf":[],"_links":{"self":[{"href":"https:\/\/kraftwerk-shop.cc\/it\/wp-json\/wp\/v2\/product\/68312161","targetHints":{"allow":["GET"]}}],"collection":[{"href":"https:\/\/kraftwerk-shop.cc\/it\/wp-json\/wp\/v2\/product"}],"about":[{"href":"https:\/\/kraftwerk-shop.cc\/it\/wp-json\/wp\/v2\/types\/product"}],"replies":[{"embeddable":true,"href":"https:\/\/kraftwerk-shop.cc\/it\/wp-json\/wp\/v2\/comments?post=68312161"}],"version-history":[{"count":0,"href":"https:\/\/kraftwerk-shop.cc\/it\/wp-json\/wp\/v2\/product\/68312161\/revisions"}],"wp:featuredmedia":[{"embeddable":true,"href":"https:\/\/kraftwerk-shop.cc\/it\/wp-json\/wp\/v2\/media\/68312164"}],"wp:attachment":[{"href":"https:\/\/kraftwerk-shop.cc\/it\/wp-json\/wp\/v2\/media?parent=68312161"}],"wp:term":[{"taxonomy":"product_brand","embeddable":true,"href":"https:\/\/kraftwerk-shop.cc\/it\/wp-json\/wp\/v2\/product_brand?post=68312161"},{"taxonomy":"product_cat","embeddable":true,"href":"https:\/\/kraftwerk-shop.cc\/it\/wp-json\/wp\/v2\/product_cat?post=68312161"},{"taxonomy":"product_tag","embeddable":true,"href":"https:\/\/kraftwerk-shop.cc\/it\/wp-json\/wp\/v2\/product_tag?post=68312161"}],"curies":[{"name":"wp","href":"https:\/\/api.w.org\/{rel}","templated":true}]}}