{"id":68313206,"date":"2024-12-27T01:11:25","date_gmt":"2024-12-27T00:11:25","guid":{"rendered":"https:\/\/kraftwerk-shop.cc\/?post_type=product&#038;p=68313206"},"modified":"2026-04-11T11:39:01","modified_gmt":"2026-04-11T09:39:01","slug":"pastiglie-freno-dba-db2375xp-corvette-c7","status":"publish","type":"product","link":"https:\/\/kraftwerk-shop.cc\/it\/produkt\/dba-bremsbelaege-db2375xp-corvette-c7\/","title":{"rendered":"Pastiglie freno DBA Xtreme Performance Corvette C7"},"content":{"rendered":"<h1>DBA Bremsbel\u00e4ge DB2375XP f\u00fcr Chevrolet Corvette C7 Z06 und Grand Sport (Vorderachse)<\/h1>\n<p>&nbsp;<\/p>\n<p>Die Xtreme Performance-Bremsbel\u00e4ge von DBA wurden f\u00fcr Fahrer entwickelt, die eine hohe Anfangsbissigkeit und Reibungsbest\u00e4ndigkeit von niedrigen bis hohen Temperaturen erwarten.<br \/>\nDie XP-Reihe ist f\u00fcr hohe Beanspruchungen gedacht, bei denen ein h\u00f6heres Reibungsniveau erforderlich ist, um unter extremen Bedingungen sicher bremsen zu k\u00f6nnen.<\/p>\n<p>DBA empfiehlt die Kombination mit T3-Schlitzrotoren in den Serien 4000 und 5000 f\u00fcr beste Bremsleistung.<br \/>\nSpezifikationen:<\/p>\n<ul>\n<li>Semimetallisches, kohlenstofffaserverst\u00e4rktes Reibmaterial<\/li>\n<li>Reibungskoeffizient durchschnittlich 0,45 von niedrigen bis hohen Temperature<\/li>\n<li>\u00a0Hervorragende Leistung bei hohen Temperaturen<\/li>\n<li>Optimale Bremskonsistenz bis zu 550<span style=\"font-family: cambria math,serif;\">\u2103<\/span> (1022<span style=\"font-family: cambria math,serif;\">\u2109<\/span>)<\/li>\n<\/ul>\n<p><strong><br \/>\n<\/strong><strong>GM Vergleichsnummern:<\/strong> <span id=\"vew_partnumber[3855]\" class=\"listing-final-partnumber as-link-if-js\" title=\"K\u00e4uferleitfaden\">1711040<\/span>, <span class=\"text1\">25940447<br \/>\n<strong>Zulassung:<\/strong> ja<br \/>\n<\/span><\/p>\n<p>&nbsp;<\/p>\n<p><strong>Passend f\u00fcr:<\/strong><\/p>\n<table width=\"403\">\n<tbody>\n<tr>\n<td width=\"67\">Chevrolet<\/td>\n<td width=\"116\">Corvette C7<\/td>\n<td width=\"123\">Z06<\/td>\n<td width=\"97\">2014 &#8211; 2019<\/td>\n<\/tr>\n<tr>\n<td width=\"67\">Chevrolet<\/td>\n<td width=\"116\">Corvette C7<\/td>\n<td width=\"123\">Grand Sport<\/td>\n<td width=\"97\">2017 &#8211; 2019<\/td>\n<\/tr>\n<\/tbody>\n<\/table>\n<p>&nbsp;<\/p>\n<p>Der Preis bezieht sich auf 1 Satz f\u00fcr die komplette Vorderachse.<\/p>\n<p>&nbsp;<\/p>\n<p>&nbsp;<\/p>\n","protected":false},"excerpt":{"rendered":"<p>DBA Bremsbel\u00e4ge DB2375XP f\u00fcr Chevrolet Corvette C7 Z06 und Grand Sport (Vorderachse) &nbsp; Die Xtreme Performance-Bremsbel\u00e4ge von DBA wurden f\u00fcr<\/p>","protected":false},"featured_media":68313208,"comment_status":"open","ping_status":"closed","template":"","meta":{"_acf_changed":false},"product_brand":[18922],"product_cat":[10262,3128],"product_tag":[6875,6876,1046,9915,838,9916,9910,9914,9911,590,9789,795,9904,839,840,3087,9908,189,281,9907,7892,9901,789,9918,9920,9900,9906,9912,9909,9922,9905,9923,9930,9925,9928,9919,9917,9926,9921,9927,9924,9913,9929,2325,692,4379,9715,31,9902,9903,2139,842,841,283,673,2137],"class_list":{"0":"post-68313206","1":"product","2":"type-product","3":"status-publish","4":"has-post-thumbnail","6":"product_brand-dba","7":"product_cat-alle-produkte","8":"product_cat-corvette-c7-bremsen-vorne","9":"product_tag-6875","10":"product_tag-6876","11":"product_tag-abe","12":"product_tag-beste-bremsbelaege","13":"product_tag-bremsbelag","14":"product_tag-bremsbelag-empfehlungen","15":"product_tag-bremsbelag-montage","16":"product_tag-bremsbelag-vergleich","17":"product_tag-bremsbelag-wechsel","18":"product_tag-bremsbelaege","19":"product_tag-bremsbelaege-kaufen","20":"product_tag-bremse","21":"product_tag-bremsen-tuning","22":"product_tag-bremsklotz","23":"product_tag-bremskloetze","24":"product_tag-c7","25":"product_tag-c7-bremsbelaege","26":"product_tag-chevrolet","27":"product_tag-corvette","28":"product_tag-corvette-bremsen","29":"product_tag-corvette-c7","30":"product_tag-db2375xp","31":"product_tag-dba","32":"product_tag-dba-angebote","33":"product_tag-dba-bewertungen","34":"product_tag-dba-bremsbelaege","35":"product_tag-dba-deutschland","36":"product_tag-dba-erfahrungen","37":"product_tag-dba-ersatzteile","38":"product_tag-dba-garantie","39":"product_tag-dba-haendler","40":"product_tag-dba-installation","41":"product_tag-dba-kompatibilitae","42":"product_tag-dba-kundenservice","43":"product_tag-dba-lieferzeit","44":"product_tag-dba-online-shop","45":"product_tag-dba-preise","46":"product_tag-dba-produktdetails","47":"product_tag-dba-qualitaet","48":"product_tag-dba-spezifikationen","49":"product_tag-dba-support","50":"product_tag-dba-testberichte","51":"product_tag-dba-versandkosten","52":"product_tag-eg","53":"product_tag-ersatzteil","54":"product_tag-grand-sport","55":"product_tag-hochleistungsbremsen","56":"product_tag-mopar","57":"product_tag-performance-bremsbelaege","58":"product_tag-sportbremsen","59":"product_tag-tuev","60":"product_tag-vorderachse","61":"product_tag-vorne","62":"product_tag-z06","63":"product_tag-zubehoer","64":"product_tag-zulassung","66":"first","67":"instock","68":"taxable","69":"shipping-taxable","70":"purchasable","71":"product-type-simple"},"bundled_by":[],"bundle_stock_status":"instock","bundle_stock_quantity":7,"bundle_virtual":false,"bundle_layout":"","bundle_add_to_cart_form_location":"","bundle_editable_in_cart":false,"bundle_sold_individually_context":"","bundle_item_grouping":"","bundle_min_size":"","bundle_max_size":"","bundle_price":[],"bundled_items":[],"bundle_sell_ids":[],"exclude_global_add_ons":[],"addons":[],"acf":[],"_links":{"self":[{"href":"https:\/\/kraftwerk-shop.cc\/it\/wp-json\/wp\/v2\/product\/68313206","targetHints":{"allow":["GET"]}}],"collection":[{"href":"https:\/\/kraftwerk-shop.cc\/it\/wp-json\/wp\/v2\/product"}],"about":[{"href":"https:\/\/kraftwerk-shop.cc\/it\/wp-json\/wp\/v2\/types\/product"}],"replies":[{"embeddable":true,"href":"https:\/\/kraftwerk-shop.cc\/it\/wp-json\/wp\/v2\/comments?post=68313206"}],"version-history":[{"count":0,"href":"https:\/\/kraftwerk-shop.cc\/it\/wp-json\/wp\/v2\/product\/68313206\/revisions"}],"wp:featuredmedia":[{"embeddable":true,"href":"https:\/\/kraftwerk-shop.cc\/it\/wp-json\/wp\/v2\/media\/68313208"}],"wp:attachment":[{"href":"https:\/\/kraftwerk-shop.cc\/it\/wp-json\/wp\/v2\/media?parent=68313206"}],"wp:term":[{"taxonomy":"product_brand","embeddable":true,"href":"https:\/\/kraftwerk-shop.cc\/it\/wp-json\/wp\/v2\/product_brand?post=68313206"},{"taxonomy":"product_cat","embeddable":true,"href":"https:\/\/kraftwerk-shop.cc\/it\/wp-json\/wp\/v2\/product_cat?post=68313206"},{"taxonomy":"product_tag","embeddable":true,"href":"https:\/\/kraftwerk-shop.cc\/it\/wp-json\/wp\/v2\/product_tag?post=68313206"}],"curies":[{"name":"wp","href":"https:\/\/api.w.org\/{rel}","templated":true}]}}