{"id":68313213,"date":"2024-12-27T01:48:02","date_gmt":"2024-12-27T00:48:02","guid":{"rendered":"https:\/\/kraftwerk-shop.cc\/?post_type=product&#038;p=68313213"},"modified":"2026-02-15T01:15:43","modified_gmt":"2026-02-15T00:15:43","slug":"pastiglie-freno-dba-db15144xp-corvette-c7","status":"publish","type":"product","link":"https:\/\/kraftwerk-shop.cc\/it\/produkt\/dba-bremsbelaege-db15144xp-corvette-c7\/","title":{"rendered":"Pastiglie freno DBA Corvette C7"},"content":{"rendered":"<h1>Pastiglie freno DBA <span class=\"woocommerce-loop-product__title_2\">DB15144XP <\/span>per Chevrolet Corvette C7 Z06 e Grand Sport (asse posteriore)<\/h1>\n<p>&nbsp;<\/p>\n<p>Le pastiglie freno Xtreme Performance di DBA sono state sviluppate per i conducenti che si aspettano un'elevata aderenza iniziale e resistenza all'attrito dalle basse alle alte temperature.<br \/>\nLa serie XP \u00e8 progettata per applicazioni pesanti in cui \u00e8 richiesto un livello di attrito pi\u00f9 elevato per frenare in sicurezza in condizioni estreme.<\/p>\n<p>DBA consiglia l'abbinamento con i rotori scanalati T3 delle serie 4000 e 5000 per ottenere prestazioni di frenata ottimali.<br \/>\nSpecifiche:<\/p>\n<ul>\n<li>Materiale d'attrito semi-metallico rinforzato con fibre di carbonio<\/li>\n<li>Il coefficiente di attrito \u00e8 in media di 0,45 dalle basse alle alte temperature.<\/li>\n<li>\u00a0Prestazioni eccezionali alle alte temperature<\/li>\n<li>Consistenza ottimale della frenata fino a 550<span style=\"font-family: cambria math,serif;\">\u2103<\/span> (1022<span style=\"font-family: cambria math,serif;\">\u2109<\/span>)<\/li>\n<\/ul>\n<p><strong><br \/>\n<\/strong><strong>Numeri di confronto GM:<\/strong> <span class=\"text1\">84732503, 85113995, 22847818<br \/>\n<strong>Autorizzazione:<\/strong> \u2014<br \/>\n<\/span><\/p>\n<p>&nbsp;<\/p>\n<p><strong>Adatto per:<\/strong><\/p>\n<table width=\"403\">\n<tbody>\n<tr>\n<td width=\"67\">Chevrolet<\/td>\n<td width=\"116\">Corvette C7<\/td>\n<td width=\"123\">Z06<\/td>\n<td width=\"97\">2014 \u2013 2019<\/td>\n<\/tr>\n<tr>\n<td width=\"67\">Chevrolet<\/td>\n<td width=\"116\">Corvette C7<\/td>\n<td width=\"123\">Grand Sport<\/td>\n<td width=\"97\">2017 \u2013 2019<\/td>\n<\/tr>\n<\/tbody>\n<\/table>\n<p>&nbsp;<\/p>\n<p>Il prezzo si riferisce a 1 set per l'asse posteriore completo.<\/p>\n<p>&nbsp;<\/p>\n<p>&nbsp;<\/p>","protected":false},"excerpt":{"rendered":"<p>DBA Bremsbel\u00e4ge DB15144XP f\u00fcr Chevrolet Corvette C7 Z06 und Grand Sport (Hinterachse) &nbsp; Die Xtreme Performance-Bremsbel\u00e4ge von DBA wurden f\u00fcr<\/p>","protected":false},"featured_media":68313216,"comment_status":"open","ping_status":"closed","template":"","meta":{"_acf_changed":false},"product_brand":[],"product_cat":[10262,3129],"product_tag":[6880,6878,6879,1046,9915,838,9916,9910,9914,9911,590,9789,795,9904,839,840,3087,9908,189,281,9907,7892,9931,789,9935,9936,9918,9920,9900,9938,9937,9906,9912,9909,9922,9905,9923,9930,9932,9925,9928,9919,9917,9926,9921,9927,9934,9924,9913,9929,9933,2325,692,4379,798,799,9715,31,9902,9903,283,673],"class_list":{"0":"post-68313213","1":"product","2":"type-product","3":"status-publish","4":"has-post-thumbnail","6":"product_cat-alle-produkte","7":"product_cat-corvette-c7-bremsen-hinten","8":"product_tag-6880","9":"product_tag-6878","10":"product_tag-6879","11":"product_tag-abe","12":"product_tag-beste-bremsbelaege","13":"product_tag-bremsbelag","14":"product_tag-bremsbelag-empfehlungen","15":"product_tag-bremsbelag-montage","16":"product_tag-bremsbelag-vergleich","17":"product_tag-bremsbelag-wechsel","18":"product_tag-bremsbelaege","19":"product_tag-bremsbelaege-kaufen","20":"product_tag-bremse","21":"product_tag-bremsen-tuning","22":"product_tag-bremsklotz","23":"product_tag-bremskloetze","24":"product_tag-c7","25":"product_tag-c7-bremsbelaege","26":"product_tag-chevrolet","27":"product_tag-corvette","28":"product_tag-corvette-bremsen","29":"product_tag-corvette-c7","30":"product_tag-db15144xp","31":"product_tag-dba","32":"product_tag-dba-4000-series","33":"product_tag-dba-5000-series","34":"product_tag-dba-angebote","35":"product_tag-dba-bewertungen","36":"product_tag-dba-bremsbelaege","37":"product_tag-dba-bremsbelaege-c7","38":"product_tag-dba-bremsbelaege-corvette","39":"product_tag-dba-deutschland","40":"product_tag-dba-erfahrungen","41":"product_tag-dba-ersatzteile","42":"product_tag-dba-garantie","43":"product_tag-dba-haendler","44":"product_tag-dba-installation","45":"product_tag-dba-kompatibilitae","46":"product_tag-dba-kompatibilitaet","47":"product_tag-dba-kundenservice","48":"product_tag-dba-lieferzeit","49":"product_tag-dba-online-shop","50":"product_tag-dba-preise","51":"product_tag-dba-produktdetails","52":"product_tag-dba-qualitaet","53":"product_tag-dba-spezifikationen","54":"product_tag-dba-street-series","55":"product_tag-dba-support","56":"product_tag-dba-testberichte","57":"product_tag-dba-versandkosten","58":"product_tag-dba-xtreme-performance","59":"product_tag-eg","60":"product_tag-ersatzteil","61":"product_tag-grand-sport","62":"product_tag-hinten","63":"product_tag-hinterachse","64":"product_tag-hochleistungsbremsen","65":"product_tag-mopar","66":"product_tag-performance-bremsbelaege","67":"product_tag-sportbremsen","68":"product_tag-z06","69":"product_tag-zubehoer","71":"first","72":"instock","73":"taxable","74":"shipping-taxable","75":"purchasable","76":"product-type-simple"},"bundled_by":[],"bundle_stock_status":"instock","bundle_stock_quantity":1,"bundle_virtual":false,"bundle_layout":"","bundle_add_to_cart_form_location":"","bundle_editable_in_cart":false,"bundle_sold_individually_context":"","bundle_item_grouping":"","bundle_min_size":"","bundle_max_size":"","bundle_price":[],"bundled_items":[],"bundle_sell_ids":[],"exclude_global_add_ons":[],"addons":[],"acf":[],"_links":{"self":[{"href":"https:\/\/kraftwerk-shop.cc\/it\/wp-json\/wp\/v2\/product\/68313213","targetHints":{"allow":["GET"]}}],"collection":[{"href":"https:\/\/kraftwerk-shop.cc\/it\/wp-json\/wp\/v2\/product"}],"about":[{"href":"https:\/\/kraftwerk-shop.cc\/it\/wp-json\/wp\/v2\/types\/product"}],"replies":[{"embeddable":true,"href":"https:\/\/kraftwerk-shop.cc\/it\/wp-json\/wp\/v2\/comments?post=68313213"}],"version-history":[{"count":0,"href":"https:\/\/kraftwerk-shop.cc\/it\/wp-json\/wp\/v2\/product\/68313213\/revisions"}],"wp:featuredmedia":[{"embeddable":true,"href":"https:\/\/kraftwerk-shop.cc\/it\/wp-json\/wp\/v2\/media\/68313216"}],"wp:attachment":[{"href":"https:\/\/kraftwerk-shop.cc\/it\/wp-json\/wp\/v2\/media?parent=68313213"}],"wp:term":[{"taxonomy":"product_brand","embeddable":true,"href":"https:\/\/kraftwerk-shop.cc\/it\/wp-json\/wp\/v2\/product_brand?post=68313213"},{"taxonomy":"product_cat","embeddable":true,"href":"https:\/\/kraftwerk-shop.cc\/it\/wp-json\/wp\/v2\/product_cat?post=68313213"},{"taxonomy":"product_tag","embeddable":true,"href":"https:\/\/kraftwerk-shop.cc\/it\/wp-json\/wp\/v2\/product_tag?post=68313213"}],"curies":[{"name":"wp","href":"https:\/\/api.w.org\/{rel}","templated":true}]}}