{"id":68313268,"date":"2024-12-29T11:10:27","date_gmt":"2024-12-29T10:10:27","guid":{"rendered":"https:\/\/kraftwerk-shop.cc\/?post_type=product&#038;p=68313268"},"modified":"2026-02-15T01:16:30","modified_gmt":"2026-02-15T00:16:30","slug":"kw-sospensione-coilover-v2-dodge-viper-srt10","status":"publish","type":"product","link":"https:\/\/kraftwerk-shop.cc\/it\/produkt\/kw-gewindefahrwerk-v2-dodge-viper-srt10\/","title":{"rendered":"KW Sospensione coilover V2 Dodge Viper SRT-10"},"content":{"rendered":"<h1>KW Gewindefahrwerk V2 f\u00fcr Dodge Viper SRT-10<\/h1>\n<p>&nbsp;<\/p>\n<p><strong>Eigenschaften:<\/strong><\/p>\n<ul>\n<li>\u00a0Tieferlegung VA\/HA (mm): <span data-bind=\"html: $parents[0].commonAttributes()['att_' + _propkey].wert\">20-40\/20-40<\/span><\/li>\n<li>Ausf\u00fchrung: V2<\/li>\n<li>H\u00e4rteverstellung: Zugstufe<\/li>\n<li>Material: Edelstahl<\/li>\n<li>Verstellung VA\/HA: Gewinde\/Gewinde<\/li>\n<li>Zulassung: Teilegutachten (\u00a719.3)<\/li>\n<li>in der Zugstufe in 16 exakten Klicks einstellbare D\u00e4mpfungstechnik<\/li>\n<li>Edelstahltechnik inox-line<\/li>\n<li>Individuelle, stufenlose Tieferlegung<\/li>\n<li>gepr\u00fcfter Verstellbereich<\/li>\n<li>einbaufertige Komplettl\u00f6sung<\/li>\n<li>hochwertige Bauteile f\u00fcr lange Lebensdauer<\/li>\n<li>komplette Dokumentation f\u00fcr einfache Anwendung<\/li>\n<\/ul>\n<p>&nbsp;<\/p>\n<p><strong>Passend f\u00fcr:<\/strong><\/p>\n<table width=\"914\">\n<tbody>\n<tr>\n<td width=\"127\"><strong>Hersteller<\/strong><\/td>\n<td width=\"215\"><strong>Modell<\/strong><\/td>\n<td width=\"119\"><strong>Ausf\u00fchrung<\/strong><\/td>\n<td width=\"106\"><strong>Karosserie<\/strong><\/td>\n<td width=\"64\"><strong>Kraftstoff<\/strong><\/td>\n<td width=\"64\">Perf<strong>o<\/strong>rmance<\/td>\n<td width=\"64\"><strong>Hubraum<\/strong><\/td>\n<td width=\"64\"><strong>Zylinder<\/strong><\/td>\n<td width=\"91\"><strong>Antrieb<\/strong><\/td>\n<\/tr>\n<tr>\n<td width=\"127\" data-bind=\"text: make_name, attr: {title: make_name}\">DODGE<\/td>\n<td width=\"215\" data-bind=\"text: model_name, attr: {title: model_name}\">VIPER Cabriolet (ZB) 09\/2002-<\/td>\n<td width=\"119\" data-bind=\"text: car_name, attr: {title: car_name}\">SRT-10<\/td>\n<td width=\"106\" data-bind=\"text: body_type, attr: {title: body_type}\">Cabriolet<\/td>\n<td width=\"64\" data-bind=\"text: fuel_type, attr: {title: fuel_type}\">Benzin<\/td>\n<td width=\"64\" data-bind=\"text: kw + ' KW', attr: {title: kw + ' KW'}\">372 KW<\/td>\n<td width=\"64\" data-bind=\"text: ccm + ' ccm', attr: {title: ccm + ' ccm'}\">8277 ccm<\/td>\n<td width=\"64\" data-bind=\"text: cylinder, attr: {title: cylinder}\">10<\/td>\n<td width=\"91\" data-bind=\"text: drivetrain, attr: {title: drivetrain}\">Heckantrieb<\/td>\n<\/tr>\n<tr>\n<td width=\"127\" data-bind=\"text: make_name, attr: {title: make_name}\">DODGE<\/td>\n<td width=\"215\" data-bind=\"text: model_name, attr: {title: model_name}\">VIPER Coupe (ZB) 01\/2003-<\/td>\n<td width=\"119\" data-bind=\"text: car_name, attr: {title: car_name}\">SRT-10<\/td>\n<td width=\"106\" data-bind=\"text: body_type, attr: {title: body_type}\">Coupe<\/td>\n<td width=\"64\" data-bind=\"text: fuel_type, attr: {title: fuel_type}\">Benzin<\/td>\n<td width=\"64\" data-bind=\"text: kw + ' KW', attr: {title: kw + ' KW'}\">372 KW<\/td>\n<td width=\"64\" data-bind=\"text: ccm + ' ccm', attr: {title: ccm + ' ccm'}\">8277 ccm<\/td>\n<td width=\"64\" data-bind=\"text: cylinder, attr: {title: cylinder}\">10<\/td>\n<td width=\"91\" data-bind=\"text: drivetrain, attr: {title: drivetrain}\">Heckantrieb<\/td>\n<\/tr>\n<\/tbody>\n<\/table>\n<h4><\/h4>\n<p><strong>Auflagen \/ Hinweise:<\/strong><\/p>\n<ul>\n<li>VA + HA h\u00f6henverstellbar (Gewindefederbeine)<\/li>\n<li>Bei Fahrzeugen mit elektronischer D\u00e4mpferregelung muss diese stillgelegt werden. <span data-bind=\"if: commonAttributes().att_9 &amp;&amp; commonAttributes().att_9.wert\">Elektroniksatz zur Stillegung ist im Lieferumfang enthalten.<\/span><\/li>\n<\/ul>\n<p>&nbsp;<\/p>\n<h4 style=\"text-align: center;\">Sportlichkeit, mehr Aufbaukontrolle oder mehr Fahrkomfort und herausragende Optik. Mit einstellbarer Zugstufend\u00e4mpfung<\/h4>\n<p>&nbsp;<\/p>\n<p>Das KW V2 Gewindefahrwerk ist das Fahrwerk f\u00fcr den versierten Sportfahrer, der zus\u00e4tzlich zur individuellen Fahrzeugtieferlegung auch Anpassungen im Setup vornehmen m\u00f6chte. Die individuell einstellbare Zugstufend\u00e4mpfung gew\u00e4hrleistet eine bessere Anbindung auf schnellen Stra\u00dfenabschnitten und eine einfachere Fahrzeugkontrolle. Dar\u00fcber hinaus l\u00e4sst sich der Abrollkomfort auf Schlechtwegestrecken mit einer angepassten Zugstufend\u00e4mpfung ma\u00dfgeblich beeinflussen.<\/p>\n<p>&nbsp;<\/p>\n<h4 style=\"text-align: center;\">Setup \u2013 werkseitig vorkonfiguriertes D\u00e4mpfungssetup mit einstellbarer Zugstufe<\/h4>\n<p>&nbsp;<\/p>\n<p>Beim KW V2 Gewindefahrwerk k\u00f6nnen Sie als versierter Sportfahrer durch die mit 16 Klicks einstellbare Zugstufe (\u201eTVR-A\u201c- Technologie) selbst Einfluss auf das Handling und den Komfort nehmen. Dadurch k\u00f6nnen Sie die KW D\u00e4mpfer straffer oder komfortabler abstimmen, ohne dabei das Bodenventil der Druckstufe zu beeinflussen.<\/p>\n<p><img decoding=\"async\" class=\"aligncenter wp-image-68267449\" src=\"https:\/\/kraftwerk-shop.cc\/wp-content\/uploads\/2022\/05\/KW_Diagramme_-_Zugstufe_V2_default-300x200.webp\" alt=\"\" width=\"600\" height=\"400\" srcset=\"https:\/\/kraftwerk-shop.cc\/wp-content\/uploads\/2022\/05\/KW_Diagramme_-_Zugstufe_V2_default-300x200.webp 300w, https:\/\/kraftwerk-shop.cc\/wp-content\/uploads\/2022\/05\/KW_Diagramme_-_Zugstufe_V2_default-500x333.webp 500w, https:\/\/kraftwerk-shop.cc\/wp-content\/uploads\/2022\/05\/KW_Diagramme_-_Zugstufe_V2_default-150x100.webp 150w, https:\/\/kraftwerk-shop.cc\/wp-content\/uploads\/2022\/05\/KW_Diagramme_-_Zugstufe_V2_default-600x400.webp 600w, https:\/\/kraftwerk-shop.cc\/wp-content\/uploads\/2022\/05\/KW_Diagramme_-_Zugstufe_V2_default-768x512.webp 768w, https:\/\/kraftwerk-shop.cc\/wp-content\/uploads\/2022\/05\/KW_Diagramme_-_Zugstufe_V2_default-18x12.webp 18w, https:\/\/kraftwerk-shop.cc\/wp-content\/uploads\/2022\/05\/KW_Diagramme_-_Zugstufe_V2_default-400x267.webp 400w, https:\/\/kraftwerk-shop.cc\/wp-content\/uploads\/2022\/05\/KW_Diagramme_-_Zugstufe_V2_default.webp 1024w\" sizes=\"(max-width: 600px) 100vw, 600px\" \/><\/p>\n<p>&nbsp;<\/p>\n<p><img decoding=\"async\" class=\"alignleft wp-image-68267451\" src=\"https:\/\/kraftwerk-shop.cc\/wp-content\/uploads\/2022\/05\/Zugstufen_KW_V2_Gewindefahrwerk_1-300x200.webp\" alt=\"\" width=\"500\" height=\"334\" \/> <img decoding=\"async\" class=\"alignnone wp-image-68267452\" src=\"https:\/\/kraftwerk-shop.cc\/wp-content\/uploads\/2022\/05\/Zugstufen_KW_V2_Gewindefahrwerk_2-300x200.webp\" alt=\"\" width=\"500\" height=\"334\" srcset=\"https:\/\/kraftwerk-shop.cc\/wp-content\/uploads\/2022\/05\/Zugstufen_KW_V2_Gewindefahrwerk_2-300x200.webp 300w, https:\/\/kraftwerk-shop.cc\/wp-content\/uploads\/2022\/05\/Zugstufen_KW_V2_Gewindefahrwerk_2-500x334.webp 500w, https:\/\/kraftwerk-shop.cc\/wp-content\/uploads\/2022\/05\/Zugstufen_KW_V2_Gewindefahrwerk_2-150x100.webp 150w, https:\/\/kraftwerk-shop.cc\/wp-content\/uploads\/2022\/05\/Zugstufen_KW_V2_Gewindefahrwerk_2-600x401.webp 600w, https:\/\/kraftwerk-shop.cc\/wp-content\/uploads\/2022\/05\/Zugstufen_KW_V2_Gewindefahrwerk_2-768x513.webp 768w, https:\/\/kraftwerk-shop.cc\/wp-content\/uploads\/2022\/05\/Zugstufen_KW_V2_Gewindefahrwerk_2-18x12.webp 18w, https:\/\/kraftwerk-shop.cc\/wp-content\/uploads\/2022\/05\/Zugstufen_KW_V2_Gewindefahrwerk_2-400x267.webp 400w, https:\/\/kraftwerk-shop.cc\/wp-content\/uploads\/2022\/05\/Zugstufen_KW_V2_Gewindefahrwerk_2.webp 800w\" sizes=\"(max-width: 500px) 100vw, 500px\" \/><\/p>\n<p>&nbsp;<\/p>\n<p>TVR-A Zugstufend\u00e4mpfung:<br \/>\nDie zweistufige patentierte \u201eTVR-A\u201c-Technologie erm\u00f6glicht, dass bei langsamen D\u00e4mpfergeschwindigkeiten die geringen Volumenstr\u00f6me durch einen einstellbaren konischen Lowspeed-Bypass flie\u00dfen und bei h\u00f6heren Kolbengeschwindigkeiten das Haupt-Zugstufenventil f\u00fcr die gro\u00dfen Volumenstr\u00f6me \u00f6ffnet. Dadurch entsteht ein deutliches Plus an Fahrkomfort ohne den Highspeed im sicherheitsrelevanten Bereich zu beeinflussen. F\u00fcr die individuelle Einstellung stehen 16 exakte Klicks zur Verf\u00fcgung, sodass zwischen mehr Komfort oder mehr Aufbaukontrolle entschieden werden kann.<\/p>\n<p>&nbsp;<\/p>\n<h4 style=\"text-align: center;\">Stufenlose Tieferlegung<\/h4>\n<p>&nbsp;<\/p>\n<p>Das KW V2 Gewindefahrwerk erm\u00f6glicht eine maximale oder individuelle Tieferlegung im gepr\u00fcften Einstellbereich. Dank des schmutzunempfindlichen Trapezgewindes und dem Polyamid-Gewindering kann die stufenlose Tieferlegung auch nach Jahren schnell und leicht variiert werden.<\/p>\n<p>&nbsp;<\/p>\n<h4 style=\"text-align: center;\">Der Ma\u00dfstab f\u00fcr Gewindefahrwerke<\/h4>\n<p>&nbsp;<\/p>\n<p>Wie bei allen KW Gewindefahrwerken entwickeln die Ingenieure von KW in umfangreichen Testzyklen auf der N\u00fcrburgring Nordschleife und im Testzentrum auf dem KW 7-post Fahrdynamikpr\u00fcfstand die weltweit von Autoenthusiasten gesch\u00e4tzte fahrzeugspezifische KW D\u00e4mpferabstimmung. So erleben Sie mit einem KW Gewindefahrwerk Ihren Wagen direkter und dynamischer.<\/p>\n<p>Schlie\u00dflich kaufen Sie nicht irgendein Gewindefahrwerk, sondern ein KW Gewindefahrwerk, das speziell f\u00fcr Ihren Fahrzeugtyp entwickelt und abgestimmt worden ist. Dabei nutzt KW als Hersteller ausschlie\u00dflich eigene Ressourcen, hochwertige Komponenten und dieselbe D\u00e4mpfertechnologie wie Gro\u00dfserienhersteller. Mit dem KW V1 verringern sich beim Einfedern die Roll- und Nickbewegungen der Fahrzeugkarosserie, dadurch profitieren Sie von einer unverf\u00e4lschten Direktheit und sportlicherem Handling beim Fahren.<\/p>\n<p>&nbsp;<\/p>\n<h4 style=\"text-align: center;\">Erfahrung f\u00fcr Ihren Fahrspa\u00df<\/h4>\n<p>&nbsp;<\/p>\n<p>Seit \u00fcber 20 Jahren ist KW Hersteller von individuellen Fahrwerkl\u00f6sungen f\u00fcr die Stra\u00dfe und im Rennsport der Marktf\u00fchrer und Innovationsmotor. Egal wo auf der Welt, sportliche Autofahrer, Automobilmanufakturen und Veredler vertrauen auf unsere KW Gewindefahrwerke \u201eMade in Germany\u201c.<\/p>\n<p>Jedes KW Gewindefahrwerk wird in der Produktion ausgiebigen Belastungstests unterzogen und direkt im Firmenstammsitz im schw\u00e4bischen Fichtenberg entwickelt und gefertigt, um die hohen Standards des KW Qualit\u00e4tsmanagements zu erf\u00fcllen.<br \/>\nSo ist es f\u00fcr KW als deutscher Hersteller eine Selbstverst\u00e4ndlichkeit auf seine, die Erstausr\u00fcsterqualit\u00e4t \u00fcbertreffenden KW Gewindefahrwerke und \u00fcber 4.600 Anwendungen umfassenden Fahrwerkl\u00f6sungen eine mehrj\u00e4hrige Garantie zu gew\u00e4hrleisten.<\/p>\n","protected":false},"excerpt":{"rendered":"<p>KW Gewindefahrwerk V2 f\u00fcr Dodge Viper SRT-10 &nbsp; Eigenschaften: \u00a0Tieferlegung VA\/HA (mm): 20-40\/20-40 Ausf\u00fchrung: V2 H\u00e4rteverstellung: Zugstufe Material: Edelstahl Verstellung<\/p>","protected":false},"featured_media":68267991,"comment_status":"open","ping_status":"closed","template":"","meta":{"_acf_changed":false},"product_brand":[19066],"product_cat":[10262,8071],"product_tag":[49,743,753,1102,829,3903,1041,745,811,96,1097,1098,744,1108,1109,559],"class_list":{"0":"post-68313268","1":"product","2":"type-product","3":"status-publish","4":"has-post-thumbnail","6":"product_brand-kw","7":"product_cat-alle-produkte","8":"product_cat-viper-83-fahrwerk","9":"product_tag-dodge","10":"product_tag-fahrwerk","11":"product_tag-gewindefahrwerk","12":"product_tag-inox","13":"product_tag-kw","14":"product_tag-kw-suspension","15":"product_tag-sport","16":"product_tag-sportfahrwerk","17":"product_tag-sportfedern","18":"product_tag-srt","19":"product_tag-srt-10","20":"product_tag-srt10","21":"product_tag-tieferlegung","22":"product_tag-v2","23":"product_tag-variante-2","24":"product_tag-viper","26":"first","27":"onbackorder","28":"taxable","29":"shipping-taxable","30":"purchasable","31":"product-type-variable"},"bundled_by":[],"bundle_stock_status":"onbackorder","bundle_stock_quantity":0,"bundle_virtual":false,"bundle_layout":"","bundle_add_to_cart_form_location":"","bundle_editable_in_cart":false,"bundle_sold_individually_context":"","bundle_item_grouping":"","bundle_min_size":"","bundle_max_size":"","bundle_price":[],"bundled_items":[],"bundle_sell_ids":[],"exclude_global_add_ons":[],"addons":[],"acf":[],"_links":{"self":[{"href":"https:\/\/kraftwerk-shop.cc\/it\/wp-json\/wp\/v2\/product\/68313268","targetHints":{"allow":["GET"]}}],"collection":[{"href":"https:\/\/kraftwerk-shop.cc\/it\/wp-json\/wp\/v2\/product"}],"about":[{"href":"https:\/\/kraftwerk-shop.cc\/it\/wp-json\/wp\/v2\/types\/product"}],"replies":[{"embeddable":true,"href":"https:\/\/kraftwerk-shop.cc\/it\/wp-json\/wp\/v2\/comments?post=68313268"}],"version-history":[{"count":0,"href":"https:\/\/kraftwerk-shop.cc\/it\/wp-json\/wp\/v2\/product\/68313268\/revisions"}],"wp:featuredmedia":[{"embeddable":true,"href":"https:\/\/kraftwerk-shop.cc\/it\/wp-json\/wp\/v2\/media\/68267991"}],"wp:attachment":[{"href":"https:\/\/kraftwerk-shop.cc\/it\/wp-json\/wp\/v2\/media?parent=68313268"}],"wp:term":[{"taxonomy":"product_brand","embeddable":true,"href":"https:\/\/kraftwerk-shop.cc\/it\/wp-json\/wp\/v2\/product_brand?post=68313268"},{"taxonomy":"product_cat","embeddable":true,"href":"https:\/\/kraftwerk-shop.cc\/it\/wp-json\/wp\/v2\/product_cat?post=68313268"},{"taxonomy":"product_tag","embeddable":true,"href":"https:\/\/kraftwerk-shop.cc\/it\/wp-json\/wp\/v2\/product_tag?post=68313268"}],"curies":[{"name":"wp","href":"https:\/\/api.w.org\/{rel}","templated":true}]}}