{"id":68313276,"date":"2024-12-29T11:10:29","date_gmt":"2024-12-29T10:10:29","guid":{"rendered":"https:\/\/kraftwerk-shop.cc\/?post_type=product&#038;p=68313276"},"modified":"2026-02-15T01:15:57","modified_gmt":"2026-02-15T00:15:57","slug":"kw-sospensione-coilover-v1-caliber","status":"publish","type":"product","link":"https:\/\/kraftwerk-shop.cc\/it\/produkt\/kw-gewindefahrwerk-v1-caliber\/","title":{"rendered":"KW Sospensione coilover V1 Dodge Caliber"},"content":{"rendered":"<h1>KW Gewindefahrwerk V1 f\u00fcr Dodge Caliber<\/h1>\n<p>&nbsp;<\/p>\n<p><strong>Eigenschaften:<\/strong><\/p>\n<ul>\n<li>Tieferlegung VA\/HA (mm): <span data-bind=\"html: $parents[0].commonAttributes()['att_' + _propkey].wert\">30-60\/30-60<\/span><\/li>\n<li>Ausf\u00fchrung: V1<\/li>\n<li>H\u00e4rteverstellung: keine<\/li>\n<li>Material: Edelstahl<\/li>\n<li>Verstellung VA\/HA: Gewinde\/Gewinde<\/li>\n<li>Zulassung: Teilegutachten (\u00a719.3)<\/li>\n<li>vorab optimal eingestellt<\/li>\n<li>sportlich-harmonisch wirkende D\u00e4mpfungstechnik<\/li>\n<li>Edelstahltechnik &#8220;inox-line&#8221;<\/li>\n<li>individuell h\u00f6heneinstellbar<\/li>\n<li>gepr\u00fcfter Verstellbereich<\/li>\n<li>einbaufertige Komplettl\u00f6sung<\/li>\n<li>hochwertige Bauteile f\u00fcr lange Lebensdauer<\/li>\n<li>komplette Dokumentation f\u00fcr einfache Handhabung<\/li>\n<\/ul>\n<p>&nbsp;<\/p>\n<p><strong>Passend f\u00fcr:<\/strong><\/p>\n<table width=\"914\">\n<tbody>\n<tr>\n<td width=\"127\"><strong>Hersteller<\/strong><\/td>\n<td width=\"215\"><strong>Modell<\/strong><\/td>\n<td width=\"119\"><strong>Ausf\u00fchrung<\/strong><\/td>\n<td width=\"106\"><strong>Karosserie<\/strong><\/td>\n<td width=\"64\"><strong>Kraftstoff<\/strong><\/td>\n<td width=\"64\"><strong>Performance<\/strong><\/td>\n<td width=\"64\"><strong>Hubraum<\/strong><\/td>\n<td width=\"64\"><strong>Zylinder<\/strong><\/td>\n<td width=\"91\"><strong>Antrieb<\/strong><\/td>\n<\/tr>\n<tr>\n<td width=\"127\">DODGE<\/td>\n<td width=\"215\">CALIBER (PK) 06\/2006-<\/td>\n<td width=\"119\">1.8<\/td>\n<td width=\"106\">Schr\u00e4gheck<\/td>\n<td width=\"64\">Benzin<\/td>\n<td width=\"64\">110 KW<\/td>\n<td width=\"64\">1798 ccm<\/td>\n<td width=\"64\">4<\/td>\n<td width=\"91\">Frontantrieb<\/td>\n<\/tr>\n<tr>\n<td width=\"127\">DODGE<\/td>\n<td width=\"215\">CALIBER (PK) 06\/2006-<\/td>\n<td width=\"119\">2.0<\/td>\n<td width=\"106\">Schr\u00e4gheck<\/td>\n<td width=\"64\">Benzin<\/td>\n<td width=\"64\">115 KW<\/td>\n<td width=\"64\">1998 ccm<\/td>\n<td width=\"64\">4<\/td>\n<td width=\"91\">Frontantrieb<\/td>\n<\/tr>\n<tr>\n<td width=\"127\">DODGE<\/td>\n<td width=\"215\">CALIBER (PK) 06\/2006-<\/td>\n<td width=\"119\">2.0<\/td>\n<td width=\"106\">Schr\u00e4gheck<\/td>\n<td width=\"64\">Benzin<\/td>\n<td width=\"64\">118 KW<\/td>\n<td width=\"64\">1998 ccm<\/td>\n<td width=\"64\">4<\/td>\n<td width=\"91\">Frontantrieb<\/td>\n<\/tr>\n<tr>\n<td width=\"127\">DODGE<\/td>\n<td width=\"215\">CALIBER (PK) 06\/2006-<\/td>\n<td width=\"119\">2.0 CRD<\/td>\n<td width=\"106\">Schr\u00e4gheck<\/td>\n<td width=\"64\">Diesel<\/td>\n<td width=\"64\">100 KW<\/td>\n<td width=\"64\">1968 ccm<\/td>\n<td width=\"64\">4<\/td>\n<td width=\"91\">Frontantrieb<\/td>\n<\/tr>\n<tr>\n<td width=\"127\">DODGE<\/td>\n<td width=\"215\">CALIBER (PK) 06\/2006-<\/td>\n<td width=\"119\">2.0 CRD<\/td>\n<td width=\"106\">Schr\u00e4gheck<\/td>\n<td width=\"64\">Diesel<\/td>\n<td width=\"64\">103 KW<\/td>\n<td width=\"64\">1968 ccm<\/td>\n<td width=\"64\">4<\/td>\n<td width=\"91\">Frontantrieb<\/td>\n<\/tr>\n<tr>\n<td width=\"127\">DODGE<\/td>\n<td width=\"215\">CALIBER (PK) 06\/2006-<\/td>\n<td width=\"119\">2.2 CRD<\/td>\n<td width=\"106\">Schr\u00e4gheck<\/td>\n<td width=\"64\">Diesel<\/td>\n<td width=\"64\">120 KW<\/td>\n<td width=\"64\">2143 ccm<\/td>\n<td width=\"64\">4<\/td>\n<td width=\"91\">Frontantrieb<\/td>\n<\/tr>\n<tr>\n<td width=\"127\">DODGE<\/td>\n<td width=\"215\">CALIBER (PK) 06\/2006-<\/td>\n<td width=\"119\">2.4<\/td>\n<td width=\"106\">Schr\u00e4gheck<\/td>\n<td width=\"64\">Benzin<\/td>\n<td width=\"64\">125 KW<\/td>\n<td width=\"64\">2359 ccm<\/td>\n<td width=\"64\">4<\/td>\n<td width=\"91\">Frontantrieb<\/td>\n<\/tr>\n<tr>\n<td width=\"127\">DODGE<\/td>\n<td width=\"215\">CALIBER (PK) 06\/2006-<\/td>\n<td width=\"119\">2.4<\/td>\n<td width=\"106\">Schr\u00e4gheck<\/td>\n<td width=\"64\">Benzin<\/td>\n<td width=\"64\">126 KW<\/td>\n<td width=\"64\">2359 ccm<\/td>\n<td width=\"64\">4<\/td>\n<td width=\"91\">Frontantrieb<\/td>\n<\/tr>\n<tr>\n<td width=\"127\">DODGE<\/td>\n<td width=\"215\">CALIBER (PK) 06\/2006-<\/td>\n<td width=\"119\">2.4<\/td>\n<td width=\"106\">Schr\u00e4gheck<\/td>\n<td width=\"64\">Benzin<\/td>\n<td width=\"64\">128 KW<\/td>\n<td width=\"64\">2360 ccm<\/td>\n<td width=\"64\">4<\/td>\n<td width=\"91\">Frontantrieb<\/td>\n<\/tr>\n<tr>\n<td width=\"127\">DODGE<\/td>\n<td width=\"215\">CALIBER (PK) 06\/2006-<\/td>\n<td width=\"119\">2.4<\/td>\n<td width=\"106\">Schr\u00e4gheck<\/td>\n<td width=\"64\">Benzin<\/td>\n<td width=\"64\">213 KW<\/td>\n<td width=\"64\">2360 ccm<\/td>\n<td width=\"64\">4<\/td>\n<td width=\"91\">Frontantrieb<\/td>\n<\/tr>\n<tr>\n<td width=\"127\">DODGE<\/td>\n<td width=\"215\">CALIBER (PK) 06\/2006-<\/td>\n<td width=\"119\">2.4 Turbo<\/td>\n<td width=\"106\">Schr\u00e4gheck<\/td>\n<td width=\"64\">Benzin<\/td>\n<td width=\"64\">217 KW<\/td>\n<td width=\"64\">2359 ccm<\/td>\n<td width=\"64\">4<\/td>\n<td width=\"91\">Frontantrieb<\/td>\n<\/tr>\n<\/tbody>\n<\/table>\n<h4><\/h4>\n<p><strong>Auflagen \/ Hinweise:<\/strong><\/p>\n<ul>\n<li>VA + HA h\u00f6henverstellbar (Gewindefederbeine)<\/li>\n<\/ul>\n<h4><\/h4>\n<h4 style=\"text-align: center;\">Sportlichkeit und herausragende Optik<br \/>\nMit werkseitig festgelegter D\u00e4mpfung<\/h4>\n<p>&nbsp;<\/p>\n<p>Das KW V1 Gewindefahrwerk ist das ideale Einstiegssystem f\u00fcr Kunden, die eine technisch maximal m\u00f6gliche oder eine individuelle Tieferlegung selbst bestimmen m\u00f6chten. In aufwendigen Fahrversuchen haben unsere erfahrenen Ingenieure ein zielgruppengerechtes Setup entwickelt, indem sie eine optimale Balance aus Sportlichkeit, Komfort und Sicherheit ermittelt und direkt in die Serie umgesetzt haben.<\/p>\n<p>&nbsp;<\/p>\n<h4 style=\"text-align: center;\">Setup \u2013 werkseitig vorkonfiguriertes D\u00e4mpfungssetup<\/h4>\n<p>&nbsp;<\/p>\n<p>Das KW V1 Gewindefahrwerk verf\u00fcgt \u00fcber ein fahrzeugspezifisches, fest konfiguriertes D\u00e4mpfersetup mit einer sportlich-harmonischen Abstimmung, damit Sie beim Fahren eine optimale Balance aus Sportlichkeit und Alltagstauglichkeit erleben. Selbst bei voller Zuladung und maximalen Achslasten arbeiten die D\u00e4mpfer immer mit einer sportlichen Kennlinie.<\/p>\n<p><img decoding=\"async\" class=\"aligncenter wp-image-68267434\" src=\"https:\/\/kraftwerk-shop.cc\/wp-content\/uploads\/2022\/05\/KW_Diagramme_-_Zugstufe_V1_default.webp\" alt=\"\" width=\"600\" height=\"400\" srcset=\"https:\/\/kraftwerk-shop.cc\/wp-content\/uploads\/2022\/05\/KW_Diagramme_-_Zugstufe_V1_default.webp 1024w, https:\/\/kraftwerk-shop.cc\/wp-content\/uploads\/2022\/05\/KW_Diagramme_-_Zugstufe_V1_default-500x333.webp 500w, https:\/\/kraftwerk-shop.cc\/wp-content\/uploads\/2022\/05\/KW_Diagramme_-_Zugstufe_V1_default-150x100.webp 150w, https:\/\/kraftwerk-shop.cc\/wp-content\/uploads\/2022\/05\/KW_Diagramme_-_Zugstufe_V1_default-600x400.webp 600w, https:\/\/kraftwerk-shop.cc\/wp-content\/uploads\/2022\/05\/KW_Diagramme_-_Zugstufe_V1_default-300x200.webp 300w, https:\/\/kraftwerk-shop.cc\/wp-content\/uploads\/2022\/05\/KW_Diagramme_-_Zugstufe_V1_default-768x512.webp 768w, https:\/\/kraftwerk-shop.cc\/wp-content\/uploads\/2022\/05\/KW_Diagramme_-_Zugstufe_V1_default-18x12.webp 18w, https:\/\/kraftwerk-shop.cc\/wp-content\/uploads\/2022\/05\/KW_Diagramme_-_Zugstufe_V1_default-400x267.webp 400w\" sizes=\"(max-width: 600px) 100vw, 600px\" \/><\/p>\n<p>&nbsp;<\/p>\n<h4 style=\"text-align: center;\">Stufenlose Tieferlegung<\/h4>\n<p>&nbsp;<\/p>\n<p>Das KW V1 Gewindefahrwerk erm\u00f6glicht eine maximale oder individuelle Tieferlegung im gepr\u00fcften Einstellbereich. Dank des schmutzunempfindlichen Trapezgewindes und dem Polyamid-Gewindering kann die stufenlose Tieferlegung auch nach Jahren schnell und leicht variiert werden.<\/p>\n<p>&nbsp;<\/p>\n<h4 style=\"text-align: center;\">Der Ma\u00dfstab f\u00fcr Gewindefahrwerke<\/h4>\n<p>&nbsp;<\/p>\n<p>Wie bei allen KW Gewindefahrwerken entwickeln die Ingenieure von KW in umfangreichen Testzyklen auf der N\u00fcrburgring Nordschleife und im Testzentrum auf dem KW 7-post Fahrdynamikpr\u00fcfstand die weltweit von Autoenthusiasten gesch\u00e4tzte fahrzeugspezifische KW D\u00e4mpferabstimmung. So erleben Sie mit einem KW Gewindefahrwerk Ihren Wagen direkter und dynamischer.<\/p>\n<p>Schlie\u00dflich kaufen Sie nicht irgendein Gewindefahrwerk, sondern ein KW Gewindefahrwerk, das speziell f\u00fcr Ihren Fahrzeugtyp entwickelt und abgestimmt worden ist. Dabei nutzt KW als Hersteller ausschlie\u00dflich eigene Ressourcen, hochwertige Komponenten und dieselbe D\u00e4mpfertechnologie wie Gro\u00dfserienhersteller. Mit dem KW V1 verringern sich beim Einfedern die Roll- und Nickbewegungen der Fahrzeugkarosserie, dadurch profitieren Sie von einer unverf\u00e4lschten Direktheit und sportlicherem Handling beim Fahren.<\/p>\n<p>&nbsp;<\/p>\n<h4 style=\"text-align: center;\">Erfahrung f\u00fcr Ihren Fahrspa\u00df<\/h4>\n<p>&nbsp;<\/p>\n<p>Seit \u00fcber 20 Jahren ist KW Hersteller von individuellen Fahrwerkl\u00f6sungen f\u00fcr die Stra\u00dfe und im Rennsport der Marktf\u00fchrer und Innovationsmotor. Egal wo auf der Welt, sportliche Autofahrer, Automobilmanufakturen und Veredler vertrauen auf unsere KW Gewindefahrwerke \u201eMade in Germany\u201c.<\/p>\n<p>Jedes KW Gewindefahrwerk wird in der Produktion ausgiebigen Belastungstests unterzogen und direkt im Firmenstammsitz im schw\u00e4bischen Fichtenberg entwickelt und gefertigt, um die hohen Standards des KW Qualit\u00e4tsmanagements zu erf\u00fcllen.<br \/>\nSo ist es f\u00fcr KW als deutscher Hersteller eine Selbstverst\u00e4ndlichkeit auf seine, die Erstausr\u00fcsterqualit\u00e4t \u00fcbertreffenden KW Gewindefahrwerke und \u00fcber 4.600 Anwendungen umfassenden Fahrwerkl\u00f6sungen eine mehrj\u00e4hrige Garantie zu gew\u00e4hrleisten.<\/p>\n<p>&nbsp;<\/p>\n","protected":false},"excerpt":{"rendered":"<p>KW Gewindefahrwerk V1 f\u00fcr Dodge Caliber &nbsp; Eigenschaften: Tieferlegung VA\/HA (mm): 30-60\/30-60 Ausf\u00fchrung: V1 H\u00e4rteverstellung: keine Material: Edelstahl Verstellung VA\/HA:<\/p>","protected":false},"featured_media":68267964,"comment_status":"open","ping_status":"closed","template":"","meta":{"_acf_changed":false},"product_brand":[19066],"product_cat":[10262,2712],"product_tag":[1104,3935,2365,1105,574,49,743,753,1102,829,3903,1041,745,811,96,576,575,744,258,1100,1101],"class_list":{"0":"post-68313276","1":"product","2":"type-product","3":"status-publish","4":"has-post-thumbnail","6":"product_brand-kw","7":"product_cat-alle-produkte","8":"product_cat-caliber-fahrwerk","9":"product_tag-1-8","10":"product_tag-3935","11":"product_tag-2-0-crd","12":"product_tag-2-4","13":"product_tag-caliber","14":"product_tag-dodge","15":"product_tag-fahrwerk","16":"product_tag-gewindefahrwerk","17":"product_tag-inox","18":"product_tag-kw","19":"product_tag-kw-suspension","20":"product_tag-sport","21":"product_tag-sportfahrwerk","22":"product_tag-sportfedern","23":"product_tag-srt","24":"product_tag-srt-4","25":"product_tag-srt4","26":"product_tag-tieferlegung","27":"product_tag-turbo","28":"product_tag-v1","29":"product_tag-variante-1","31":"first","32":"onbackorder","33":"taxable","34":"shipping-taxable","35":"purchasable","36":"product-type-simple"},"bundled_by":[],"bundle_stock_status":"onbackorder","bundle_stock_quantity":0,"bundle_virtual":false,"bundle_layout":"","bundle_add_to_cart_form_location":"","bundle_editable_in_cart":false,"bundle_sold_individually_context":"","bundle_item_grouping":"","bundle_min_size":"","bundle_max_size":"","bundle_price":[],"bundled_items":[],"bundle_sell_ids":[],"exclude_global_add_ons":[],"addons":[],"acf":[],"_links":{"self":[{"href":"https:\/\/kraftwerk-shop.cc\/it\/wp-json\/wp\/v2\/product\/68313276","targetHints":{"allow":["GET"]}}],"collection":[{"href":"https:\/\/kraftwerk-shop.cc\/it\/wp-json\/wp\/v2\/product"}],"about":[{"href":"https:\/\/kraftwerk-shop.cc\/it\/wp-json\/wp\/v2\/types\/product"}],"replies":[{"embeddable":true,"href":"https:\/\/kraftwerk-shop.cc\/it\/wp-json\/wp\/v2\/comments?post=68313276"}],"version-history":[{"count":0,"href":"https:\/\/kraftwerk-shop.cc\/it\/wp-json\/wp\/v2\/product\/68313276\/revisions"}],"wp:featuredmedia":[{"embeddable":true,"href":"https:\/\/kraftwerk-shop.cc\/it\/wp-json\/wp\/v2\/media\/68267964"}],"wp:attachment":[{"href":"https:\/\/kraftwerk-shop.cc\/it\/wp-json\/wp\/v2\/media?parent=68313276"}],"wp:term":[{"taxonomy":"product_brand","embeddable":true,"href":"https:\/\/kraftwerk-shop.cc\/it\/wp-json\/wp\/v2\/product_brand?post=68313276"},{"taxonomy":"product_cat","embeddable":true,"href":"https:\/\/kraftwerk-shop.cc\/it\/wp-json\/wp\/v2\/product_cat?post=68313276"},{"taxonomy":"product_tag","embeddable":true,"href":"https:\/\/kraftwerk-shop.cc\/it\/wp-json\/wp\/v2\/product_tag?post=68313276"}],"curies":[{"name":"wp","href":"https:\/\/api.w.org\/{rel}","templated":true}]}}