{"id":68313294,"date":"2024-12-29T11:10:36","date_gmt":"2024-12-29T10:10:36","guid":{"rendered":"https:\/\/kraftwerk-shop.cc\/?post_type=product&#038;p=68313294"},"modified":"2026-02-15T01:16:31","modified_gmt":"2026-02-15T00:16:31","slug":"kw-sospensione-coilover-v2-inox-challenger","status":"publish","type":"product","link":"https:\/\/kraftwerk-shop.cc\/it\/produkt\/kw-gewindefahrwerk-v2-inox-challenger\/","title":{"rendered":"KW Sospensione coilover V2 inox Dodge Challenger"},"content":{"rendered":"<h1>KW Gewindefahrwerk V2 inox f\u00fcr Dodge Challenger<\/h1>\n<p>&nbsp;<\/p>\n<p><strong>Eigenschaften:<\/strong><\/p>\n<ul>\n<li>Tieferlegung VA\/HA (mm): <span data-bind=\"html: $parents[0].commonAttributes()['att_' + _propkey].wert\">30-65\/35-65<\/span><\/li>\n<li>Ausf\u00fchrung: V2<\/li>\n<li>H\u00e4rteverstellung: Zugstufe<\/li>\n<li>Material: Edelstahl<\/li>\n<li>Verstellung VA\/HA: Gewinde\/Gewinde<\/li>\n<li>Zulassung: Teilegutachten (\u00a719.3)<\/li>\n<li>in der Zugstufe in 16 exakten Klicks einstellbare D\u00e4mpfungstechnik<\/li>\n<li>Edelstahltechnik inox-line<\/li>\n<li>Individuelle, stufenlose Tieferlegung<\/li>\n<li>gepr\u00fcfter Verstellbereich<\/li>\n<li>einbaufertige Komplettl\u00f6sung<\/li>\n<li>hochwertige Bauteile f\u00fcr lange Lebensdauer<\/li>\n<li>komplette Dokumentation f\u00fcr einfache Anwendung<\/li>\n<\/ul>\n<p>&nbsp;<\/p>\n<p><strong>Passend f\u00fcr:<\/strong><\/p>\n<table width=\"914\">\n<tbody>\n<tr>\n<td width=\"127\"><strong>Hersteller<\/strong><\/td>\n<td width=\"215\"><strong>Modell<\/strong><\/td>\n<td width=\"119\"><strong>Ausf\u00fchrung<\/strong><\/td>\n<td width=\"106\"><strong>Karosserie<\/strong><\/td>\n<td width=\"64\"><strong>Kraftstoff<\/strong><\/td>\n<td width=\"64\"><strong>Performance<\/strong><\/td>\n<td width=\"64\"><strong>Hubraum<\/strong><\/td>\n<td width=\"64\"><strong>Zylinder<\/strong><\/td>\n<td width=\"91\"><strong>Antrieb<\/strong><\/td>\n<\/tr>\n<tr>\n<td width=\"127\" data-bind=\"text: make_name, attr: {title: make_name}\">DODGE<\/td>\n<td width=\"215\" data-bind=\"text: model_name, attr: {title: model_name}\">CHALLENGER Coupe 09\/2007-<\/td>\n<td width=\"119\" data-bind=\"text: car_name, attr: {title: car_name}\">3.6<\/td>\n<td width=\"106\" data-bind=\"text: body_type, attr: {title: body_type}\">Coupe<\/td>\n<td width=\"64\" data-bind=\"text: fuel_type, attr: {title: fuel_type}\">Benzin<\/td>\n<td width=\"64\" data-bind=\"text: kw + ' KW', attr: {title: kw + ' KW'}\">227 KW<\/td>\n<td width=\"64\" data-bind=\"text: ccm + ' ccm', attr: {title: ccm + ' ccm'}\">3604 ccm<\/td>\n<td width=\"64\" data-bind=\"text: cylinder, attr: {title: cylinder}\">6<\/td>\n<td width=\"91\" data-bind=\"text: drivetrain, attr: {title: drivetrain}\">Heckantrieb<\/td>\n<\/tr>\n<tr>\n<td width=\"127\" data-bind=\"text: make_name, attr: {title: make_name}\">DODGE<\/td>\n<td width=\"215\" data-bind=\"text: model_name, attr: {title: model_name}\">CHALLENGER Coupe 09\/2007-<\/td>\n<td width=\"119\" data-bind=\"text: car_name, attr: {title: car_name}\">5.7<\/td>\n<td width=\"106\" data-bind=\"text: body_type, attr: {title: body_type}\">Coupe<\/td>\n<td width=\"64\" data-bind=\"text: fuel_type, attr: {title: fuel_type}\">Benzin<\/td>\n<td width=\"64\" data-bind=\"text: kw + ' KW', attr: {title: kw + ' KW'}\">277 KW<\/td>\n<td width=\"64\" data-bind=\"text: ccm + ' ccm', attr: {title: ccm + ' ccm'}\">5654 ccm<\/td>\n<td width=\"64\" data-bind=\"text: cylinder, attr: {title: cylinder}\">8<\/td>\n<td width=\"91\" data-bind=\"text: drivetrain, attr: {title: drivetrain}\">Heckantrieb<\/td>\n<\/tr>\n<tr>\n<td width=\"127\" data-bind=\"text: make_name, attr: {title: make_name}\">DODGE<\/td>\n<td width=\"215\" data-bind=\"text: model_name, attr: {title: model_name}\">CHALLENGER Coupe 09\/2007-<\/td>\n<td width=\"119\" data-bind=\"text: car_name, attr: {title: car_name}\">5.7<\/td>\n<td width=\"106\" data-bind=\"text: body_type, attr: {title: body_type}\">Coupe<\/td>\n<td width=\"64\" data-bind=\"text: fuel_type, attr: {title: fuel_type}\">Benzin<\/td>\n<td width=\"64\" data-bind=\"text: kw + ' KW', attr: {title: kw + ' KW'}\">279 KW<\/td>\n<td width=\"64\" data-bind=\"text: ccm + ' ccm', attr: {title: ccm + ' ccm'}\">5654 ccm<\/td>\n<td width=\"64\" data-bind=\"text: cylinder, attr: {title: cylinder}\">8<\/td>\n<td width=\"91\" data-bind=\"text: drivetrain, attr: {title: drivetrain}\">Heckantrieb<\/td>\n<\/tr>\n<tr>\n<td width=\"127\" data-bind=\"text: make_name, attr: {title: make_name}\">DODGE<\/td>\n<td width=\"215\" data-bind=\"text: model_name, attr: {title: model_name}\">CHALLENGER Coupe 09\/2007-<\/td>\n<td width=\"119\" data-bind=\"text: car_name, attr: {title: car_name}\">5.7<\/td>\n<td width=\"106\" data-bind=\"text: body_type, attr: {title: body_type}\">Coupe<\/td>\n<td width=\"64\" data-bind=\"text: fuel_type, attr: {title: fuel_type}\">Benzin<\/td>\n<td width=\"64\" data-bind=\"text: kw + ' KW', attr: {title: kw + ' KW'}\">280 KW<\/td>\n<td width=\"64\" data-bind=\"text: ccm + ' ccm', attr: {title: ccm + ' ccm'}\">5654 ccm<\/td>\n<td width=\"64\" data-bind=\"text: cylinder, attr: {title: cylinder}\">8<\/td>\n<td width=\"91\" data-bind=\"text: drivetrain, attr: {title: drivetrain}\">Heckantrieb<\/td>\n<\/tr>\n<tr>\n<td width=\"127\" data-bind=\"text: make_name, attr: {title: make_name}\">DODGE<\/td>\n<td width=\"215\" data-bind=\"text: model_name, attr: {title: model_name}\">CHALLENGER Coupe 09\/2007-<\/td>\n<td width=\"119\" data-bind=\"text: car_name, attr: {title: car_name}\">6.1 SRT8<\/td>\n<td width=\"106\" data-bind=\"text: body_type, attr: {title: body_type}\">Coupe<\/td>\n<td width=\"64\" data-bind=\"text: fuel_type, attr: {title: fuel_type}\">Benzin<\/td>\n<td width=\"64\" data-bind=\"text: kw + ' KW', attr: {title: kw + ' KW'}\">313 KW<\/td>\n<td width=\"64\" data-bind=\"text: ccm + ' ccm', attr: {title: ccm + ' ccm'}\">6059 ccm<\/td>\n<td width=\"64\" data-bind=\"text: cylinder, attr: {title: cylinder}\">8<\/td>\n<td width=\"91\" data-bind=\"text: drivetrain, attr: {title: drivetrain}\">Heckantrieb<\/td>\n<\/tr>\n<tr>\n<td width=\"127\" data-bind=\"text: make_name, attr: {title: make_name}\">DODGE<\/td>\n<td width=\"215\" data-bind=\"text: model_name, attr: {title: model_name}\">CHALLENGER Coupe 09\/2007-<\/td>\n<td width=\"119\" data-bind=\"text: car_name, attr: {title: car_name}\">6.1 SRT8<\/td>\n<td width=\"106\" data-bind=\"text: body_type, attr: {title: body_type}\">Coupe<\/td>\n<td width=\"64\" data-bind=\"text: fuel_type, attr: {title: fuel_type}\">Benzin<\/td>\n<td width=\"64\" data-bind=\"text: kw + ' KW', attr: {title: kw + ' KW'}\">317 KW<\/td>\n<td width=\"64\" data-bind=\"text: ccm + ' ccm', attr: {title: ccm + ' ccm'}\">6059 ccm<\/td>\n<td width=\"64\" data-bind=\"text: cylinder, attr: {title: cylinder}\">8<\/td>\n<td width=\"91\" data-bind=\"text: drivetrain, attr: {title: drivetrain}\">Heckantrieb<\/td>\n<\/tr>\n<tr>\n<td width=\"127\" data-bind=\"text: make_name, attr: {title: make_name}\">DODGE<\/td>\n<td width=\"215\" data-bind=\"text: model_name, attr: {title: model_name}\">CHALLENGER Coupe 09\/2007-<\/td>\n<td width=\"119\" data-bind=\"text: car_name, attr: {title: car_name}\">6.4<\/td>\n<td width=\"106\" data-bind=\"text: body_type, attr: {title: body_type}\">Coupe<\/td>\n<td width=\"64\" data-bind=\"text: fuel_type, attr: {title: fuel_type}\">Benzin<\/td>\n<td width=\"64\" data-bind=\"text: kw + ' KW', attr: {title: kw + ' KW'}\">362 KW<\/td>\n<td width=\"64\" data-bind=\"text: ccm + ' ccm', attr: {title: ccm + ' ccm'}\">6417 ccm<\/td>\n<td width=\"64\" data-bind=\"text: cylinder, attr: {title: cylinder}\">8<\/td>\n<td width=\"91\" data-bind=\"text: drivetrain, attr: {title: drivetrain}\">Heckantrieb<\/td>\n<\/tr>\n<tr>\n<td width=\"127\" data-bind=\"text: make_name, attr: {title: make_name}\">DODGE<\/td>\n<td width=\"215\" data-bind=\"text: model_name, attr: {title: model_name}\">CHALLENGER Coupe 09\/2007-<\/td>\n<td width=\"119\" data-bind=\"text: car_name, attr: {title: car_name}\">6.4 SRT8<\/td>\n<td width=\"106\" data-bind=\"text: body_type, attr: {title: body_type}\">Coupe<\/td>\n<td width=\"64\" data-bind=\"text: fuel_type, attr: {title: fuel_type}\">Benzin<\/td>\n<td width=\"64\" data-bind=\"text: kw + ' KW', attr: {title: kw + ' KW'}\">346 KW<\/td>\n<td width=\"64\" data-bind=\"text: ccm + ' ccm', attr: {title: ccm + ' ccm'}\">6417 ccm<\/td>\n<td width=\"64\" data-bind=\"text: cylinder, attr: {title: cylinder}\">8<\/td>\n<td width=\"91\" data-bind=\"text: drivetrain, attr: {title: drivetrain}\">Heckantrieb<\/td>\n<\/tr>\n<tr>\n<td width=\"127\" data-bind=\"text: make_name, attr: {title: make_name}\">DODGE<\/td>\n<td width=\"215\" data-bind=\"text: model_name, attr: {title: model_name}\">CHALLENGER Coupe 09\/2007-<\/td>\n<td width=\"119\" data-bind=\"text: car_name, attr: {title: car_name}\">6.4 SRT8<\/td>\n<td width=\"106\" data-bind=\"text: body_type, attr: {title: body_type}\">Coupe<\/td>\n<td width=\"64\" data-bind=\"text: fuel_type, attr: {title: fuel_type}\">Benzin<\/td>\n<td width=\"64\" data-bind=\"text: kw + ' KW', attr: {title: kw + ' KW'}\">351 KW<\/td>\n<td width=\"64\" data-bind=\"text: ccm + ' ccm', attr: {title: ccm + ' ccm'}\">6417 ccm<\/td>\n<td width=\"64\" data-bind=\"text: cylinder, attr: {title: cylinder}\">8<\/td>\n<td width=\"91\" data-bind=\"text: drivetrain, attr: {title: drivetrain}\">Heckantrieb<\/td>\n<\/tr>\n<\/tbody>\n<\/table>\n<p>&nbsp;<\/p>\n<p><strong>Auflagen \/ Hinweise:<\/strong><\/p>\n<ul>\n<li>VA + HA h\u00f6henverstellbar (VA Gewindefederbeine, HA Federn mit H\u00f6henverstellung + D\u00e4mpfer)<\/li>\n<li>Elektronische D\u00e4mpferregelung muss stillgelegt werden. Elektroniksatz zur Stillegung ist im Lieferumfang enthalten<\/li>\n<\/ul>\n<h4><\/h4>\n<p>&nbsp;<\/p>\n<h4 style=\"text-align: center;\">Sportlichkeit, mehr Aufbaukontrolle oder mehr Fahrkomfort und herausragende Optik. Mit einstellbarer Zugstufend\u00e4mpfung<\/h4>\n<p>&nbsp;<\/p>\n<p>Das KW V2 Gewindefahrwerk ist das Fahrwerk f\u00fcr den versierten Sportfahrer, der zus\u00e4tzlich zur individuellen Fahrzeugtieferlegung auch Anpassungen im Setup vornehmen m\u00f6chte. Die individuell einstellbare Zugstufend\u00e4mpfung gew\u00e4hrleistet eine bessere Anbindung auf schnellen Stra\u00dfenabschnitten und eine einfachere Fahrzeugkontrolle. Dar\u00fcber hinaus l\u00e4sst sich der Abrollkomfort auf Schlechtwegestrecken mit einer angepassten Zugstufend\u00e4mpfung ma\u00dfgeblich beeinflussen.<\/p>\n<p>&nbsp;<\/p>\n<h4 style=\"text-align: center;\">Setup \u2013 werkseitig vorkonfiguriertes D\u00e4mpfungssetup mit einstellbarer Zugstufe<\/h4>\n<p>&nbsp;<\/p>\n<p>Beim KW V2 Gewindefahrwerk k\u00f6nnen Sie als versierter Sportfahrer durch die mit 16 Klicks einstellbare Zugstufe (\u201eTVR-A\u201c- Technologie) selbst Einfluss auf das Handling und den Komfort nehmen. Dadurch k\u00f6nnen Sie die KW D\u00e4mpfer straffer oder komfortabler abstimmen, ohne dabei das Bodenventil der Druckstufe zu beeinflussen.<\/p>\n<p><img decoding=\"async\" class=\"aligncenter wp-image-68267449\" src=\"https:\/\/kraftwerk-shop.cc\/wp-content\/uploads\/2022\/05\/KW_Diagramme_-_Zugstufe_V2_default-300x200.webp\" alt=\"\" width=\"600\" height=\"400\" srcset=\"https:\/\/kraftwerk-shop.cc\/wp-content\/uploads\/2022\/05\/KW_Diagramme_-_Zugstufe_V2_default-300x200.webp 300w, https:\/\/kraftwerk-shop.cc\/wp-content\/uploads\/2022\/05\/KW_Diagramme_-_Zugstufe_V2_default-500x333.webp 500w, https:\/\/kraftwerk-shop.cc\/wp-content\/uploads\/2022\/05\/KW_Diagramme_-_Zugstufe_V2_default-150x100.webp 150w, https:\/\/kraftwerk-shop.cc\/wp-content\/uploads\/2022\/05\/KW_Diagramme_-_Zugstufe_V2_default-600x400.webp 600w, https:\/\/kraftwerk-shop.cc\/wp-content\/uploads\/2022\/05\/KW_Diagramme_-_Zugstufe_V2_default-768x512.webp 768w, https:\/\/kraftwerk-shop.cc\/wp-content\/uploads\/2022\/05\/KW_Diagramme_-_Zugstufe_V2_default-18x12.webp 18w, https:\/\/kraftwerk-shop.cc\/wp-content\/uploads\/2022\/05\/KW_Diagramme_-_Zugstufe_V2_default-400x267.webp 400w, https:\/\/kraftwerk-shop.cc\/wp-content\/uploads\/2022\/05\/KW_Diagramme_-_Zugstufe_V2_default.webp 1024w\" sizes=\"(max-width: 600px) 100vw, 600px\" \/><\/p>\n<p>&nbsp;<\/p>\n<p><img decoding=\"async\" class=\"alignleft wp-image-68267451\" src=\"https:\/\/kraftwerk-shop.cc\/wp-content\/uploads\/2022\/05\/Zugstufen_KW_V2_Gewindefahrwerk_1-300x200.webp\" alt=\"\" width=\"500\" height=\"334\" \/> <img decoding=\"async\" class=\"alignnone wp-image-68267452\" src=\"https:\/\/kraftwerk-shop.cc\/wp-content\/uploads\/2022\/05\/Zugstufen_KW_V2_Gewindefahrwerk_2-300x200.webp\" alt=\"\" width=\"500\" height=\"334\" srcset=\"https:\/\/kraftwerk-shop.cc\/wp-content\/uploads\/2022\/05\/Zugstufen_KW_V2_Gewindefahrwerk_2-300x200.webp 300w, https:\/\/kraftwerk-shop.cc\/wp-content\/uploads\/2022\/05\/Zugstufen_KW_V2_Gewindefahrwerk_2-500x334.webp 500w, https:\/\/kraftwerk-shop.cc\/wp-content\/uploads\/2022\/05\/Zugstufen_KW_V2_Gewindefahrwerk_2-150x100.webp 150w, https:\/\/kraftwerk-shop.cc\/wp-content\/uploads\/2022\/05\/Zugstufen_KW_V2_Gewindefahrwerk_2-600x401.webp 600w, https:\/\/kraftwerk-shop.cc\/wp-content\/uploads\/2022\/05\/Zugstufen_KW_V2_Gewindefahrwerk_2-768x513.webp 768w, https:\/\/kraftwerk-shop.cc\/wp-content\/uploads\/2022\/05\/Zugstufen_KW_V2_Gewindefahrwerk_2-18x12.webp 18w, https:\/\/kraftwerk-shop.cc\/wp-content\/uploads\/2022\/05\/Zugstufen_KW_V2_Gewindefahrwerk_2-400x267.webp 400w, https:\/\/kraftwerk-shop.cc\/wp-content\/uploads\/2022\/05\/Zugstufen_KW_V2_Gewindefahrwerk_2.webp 800w\" sizes=\"(max-width: 500px) 100vw, 500px\" \/><\/p>\n<p>&nbsp;<\/p>\n<p>TVR-A Zugstufend\u00e4mpfung:<br \/>\nDie zweistufige patentierte \u201eTVR-A\u201c-Technologie erm\u00f6glicht, dass bei langsamen D\u00e4mpfergeschwindigkeiten die geringen Volumenstr\u00f6me durch einen einstellbaren konischen Lowspeed-Bypass flie\u00dfen und bei h\u00f6heren Kolbengeschwindigkeiten das Haupt-Zugstufenventil f\u00fcr die gro\u00dfen Volumenstr\u00f6me \u00f6ffnet. Dadurch entsteht ein deutliches Plus an Fahrkomfort ohne den Highspeed im sicherheitsrelevanten Bereich zu beeinflussen. F\u00fcr die individuelle Einstellung stehen 16 exakte Klicks zur Verf\u00fcgung, sodass zwischen mehr Komfort oder mehr Aufbaukontrolle entschieden werden kann.<\/p>\n<p>&nbsp;<\/p>\n<h4 style=\"text-align: center;\">Stufenlose Tieferlegung<\/h4>\n<p>&nbsp;<\/p>\n<p>Das KW V2 Gewindefahrwerk erm\u00f6glicht eine maximale oder individuelle Tieferlegung im gepr\u00fcften Einstellbereich. Dank des schmutzunempfindlichen Trapezgewindes und dem Polyamid-Gewindering kann die stufenlose Tieferlegung auch nach Jahren schnell und leicht variiert werden.<\/p>\n<p>&nbsp;<\/p>\n<h4 style=\"text-align: center;\">Der Ma\u00dfstab f\u00fcr Gewindefahrwerke<\/h4>\n<p>&nbsp;<\/p>\n<p>Wie bei allen KW Gewindefahrwerken entwickeln die Ingenieure von KW in umfangreichen Testzyklen auf der N\u00fcrburgring Nordschleife und im Testzentrum auf dem KW 7-post Fahrdynamikpr\u00fcfstand die weltweit von Autoenthusiasten gesch\u00e4tzte fahrzeugspezifische KW D\u00e4mpferabstimmung. So erleben Sie mit einem KW Gewindefahrwerk Ihren Wagen direkter und dynamischer.<\/p>\n<p>Schlie\u00dflich kaufen Sie nicht irgendein Gewindefahrwerk, sondern ein KW Gewindefahrwerk, das speziell f\u00fcr Ihren Fahrzeugtyp entwickelt und abgestimmt worden ist. Dabei nutzt KW als Hersteller ausschlie\u00dflich eigene Ressourcen, hochwertige Komponenten und dieselbe D\u00e4mpfertechnologie wie Gro\u00dfserienhersteller. Mit dem KW V2 verringern sich beim Einfedern die Roll- und Nickbewegungen der Fahrzeugkarosserie, dadurch profitieren Sie von einer unverf\u00e4lschten Direktheit und sportlicherem Handling beim Fahren.<\/p>\n<p>&nbsp;<\/p>\n<h4 style=\"text-align: center;\">Erfahrung f\u00fcr Ihren Fahrspa\u00df<\/h4>\n<p>&nbsp;<\/p>\n<p>Seit \u00fcber 20 Jahren ist KW Hersteller von individuellen Fahrwerkl\u00f6sungen f\u00fcr die Stra\u00dfe und im Rennsport der Marktf\u00fchrer und Innovationsmotor. Egal wo auf der Welt, sportliche Autofahrer, Automobilmanufakturen und Veredler vertrauen auf unsere KW Gewindefahrwerke \u201eMade in Germany\u201c.<\/p>\n<p>Jedes KW Gewindefahrwerk wird in der Produktion ausgiebigen Belastungstests unterzogen und direkt im Firmenstammsitz im schw\u00e4bischen Fichtenberg entwickelt und gefertigt, um die hohen Standards des KW Qualit\u00e4tsmanagements zu erf\u00fcllen.<br \/>\nSo ist es f\u00fcr KW als deutscher Hersteller eine Selbstverst\u00e4ndlichkeit auf seine, die Erstausr\u00fcsterqualit\u00e4t \u00fcbertreffenden KW Gewindefahrwerke und \u00fcber 4.600 Anwendungen umfassenden Fahrwerkl\u00f6sungen eine mehrj\u00e4hrige Garantie zu gew\u00e4hrleisten.<\/p>\n","protected":false},"excerpt":{"rendered":"<p>2008 - 2022<\/p>","protected":false},"featured_media":68267674,"comment_status":"open","ping_status":"closed","template":"","meta":{"_acf_changed":false},"product_brand":[19066],"product_cat":[10262,1668,1676,1684,1700],"product_tag":[3920,3919,169,217,91,92,93,54,49,3853,743,753,126,1102,829,3903,1041,745,811,96,1056,164,744,1108,1109],"class_list":{"0":"post-68313294","1":"product","2":"type-product","3":"status-publish","4":"has-post-thumbnail","6":"product_brand-kw","7":"product_cat-alle-produkte","8":"product_cat-challenger-36-fahrwerk","9":"product_cat-challenger-57-fahrwerk","10":"product_cat-challenger-61-fahrwerk","11":"product_cat-challenger-64-fahrwerk","12":"product_tag-3920","13":"product_tag-3919","14":"product_tag-3-6","15":"product_tag-217","16":"product_tag-5-7","17":"product_tag-6-1","18":"product_tag-6-4","19":"product_tag-challenger","20":"product_tag-dodge","21":"product_tag-dodge-challenger","22":"product_tag-fahrwerk","23":"product_tag-gewindefahrwerk","24":"product_tag-hemi","25":"product_tag-inox","26":"product_tag-kw","27":"product_tag-kw-suspension","28":"product_tag-sport","29":"product_tag-sportfahrwerk","30":"product_tag-sportfedern","31":"product_tag-srt","32":"product_tag-srt-8","33":"product_tag-srt8","34":"product_tag-tieferlegung","35":"product_tag-v2","36":"product_tag-variante-2","38":"first","39":"onbackorder","40":"taxable","41":"shipping-taxable","42":"purchasable","43":"product-type-variable"},"bundled_by":[],"bundle_stock_status":"onbackorder","bundle_stock_quantity":0,"bundle_virtual":false,"bundle_layout":"","bundle_add_to_cart_form_location":"","bundle_editable_in_cart":false,"bundle_sold_individually_context":"","bundle_item_grouping":"","bundle_min_size":"","bundle_max_size":"","bundle_price":[],"bundled_items":[],"bundle_sell_ids":[],"exclude_global_add_ons":[],"addons":[],"acf":[],"_links":{"self":[{"href":"https:\/\/kraftwerk-shop.cc\/it\/wp-json\/wp\/v2\/product\/68313294","targetHints":{"allow":["GET"]}}],"collection":[{"href":"https:\/\/kraftwerk-shop.cc\/it\/wp-json\/wp\/v2\/product"}],"about":[{"href":"https:\/\/kraftwerk-shop.cc\/it\/wp-json\/wp\/v2\/types\/product"}],"replies":[{"embeddable":true,"href":"https:\/\/kraftwerk-shop.cc\/it\/wp-json\/wp\/v2\/comments?post=68313294"}],"version-history":[{"count":0,"href":"https:\/\/kraftwerk-shop.cc\/it\/wp-json\/wp\/v2\/product\/68313294\/revisions"}],"wp:featuredmedia":[{"embeddable":true,"href":"https:\/\/kraftwerk-shop.cc\/it\/wp-json\/wp\/v2\/media\/68267674"}],"wp:attachment":[{"href":"https:\/\/kraftwerk-shop.cc\/it\/wp-json\/wp\/v2\/media?parent=68313294"}],"wp:term":[{"taxonomy":"product_brand","embeddable":true,"href":"https:\/\/kraftwerk-shop.cc\/it\/wp-json\/wp\/v2\/product_brand?post=68313294"},{"taxonomy":"product_cat","embeddable":true,"href":"https:\/\/kraftwerk-shop.cc\/it\/wp-json\/wp\/v2\/product_cat?post=68313294"},{"taxonomy":"product_tag","embeddable":true,"href":"https:\/\/kraftwerk-shop.cc\/it\/wp-json\/wp\/v2\/product_tag?post=68313294"}],"curies":[{"name":"wp","href":"https:\/\/api.w.org\/{rel}","templated":true}]}}