{"id":68313306,"date":"2024-12-29T11:10:41","date_gmt":"2024-12-29T10:10:41","guid":{"rendered":"https:\/\/kraftwerk-shop.cc\/?post_type=product&#038;p=68313306"},"modified":"2026-02-15T01:16:08","modified_gmt":"2026-02-15T00:16:08","slug":"kw-sospensione-coilover-v2-inox-challenger-charger","status":"publish","type":"product","link":"https:\/\/kraftwerk-shop.cc\/it\/produkt\/kw-gewindefahrwerk-v2-inox-challenger-charger\/","title":{"rendered":"KW Sospensione coilover V2 inox Dodge Challenger e Charger"},"content":{"rendered":"<h1>KW Sospensione coilover V2 inox per Dodge Challenger e Charger<\/h1>\n<p>&nbsp;<\/p>\n<p><strong>Propriet\u00e0:<\/strong><\/p>\n<ul>\n<li>Abbassamento VA\/HA (mm): 20-50\/25-55<\/li>\n<li>Versione: V2<\/li>\n<li>Regolazione della durezza: rimbalzo<\/li>\n<li>Materiale: acciaio inox<\/li>\n<li>Regolazione VA\/HA: filo\/filetto<\/li>\n<li>Approvazione: Certificato delle parti (\u00a719.3)<\/li>\n<li>tecnologia di smorzamento in estensione regolabile in 16 scatti precisi<\/li>\n<li>Tecnologia dell'acciaio inossidabile inox-line<\/li>\n<li>Abbassamento individuale e continuo<\/li>\n<li>Campo di regolazione testato<\/li>\n<li>Soluzione completa pronta per l'installazione<\/li>\n<li>Componenti di alta qualit\u00e0 per una lunga durata<\/li>\n<li>Documentazione completa per un facile utilizzo<\/li>\n<\/ul>\n<p>&nbsp;<\/p>\n<p><strong>Adatto per:<\/strong><\/p>\n<table width=\"1018\">\n<tbody>\n<tr>\n<td width=\"127\"><strong>Produttore<\/strong><\/td>\n<td width=\"319\"><strong>Modello<\/strong><\/td>\n<td width=\"119\"><strong>Esecuzione<\/strong><\/td>\n<td width=\"106\"><strong>Carrozzeria<\/strong><\/td>\n<td width=\"64\"><strong>Carburante<\/strong><\/td>\n<td width=\"64\"><strong>Prestazioni<\/strong><\/td>\n<td width=\"64\"><strong>Spostamento<\/strong><\/td>\n<td width=\"64\"><strong>Cilindro<\/strong><\/td>\n<td width=\"91\"><strong>Guida<\/strong><\/td>\n<\/tr>\n<tr>\n<td width=\"127\" data-bind=\"text: make_name, attr: {title: make_name}\">DODGE<\/td>\n<td width=\"319\" data-bind=\"text: model_name, attr: {title: model_name}\">CHALLENGER Coup\u00e9 09\/2007-<\/td>\n<td width=\"119\" data-bind=\"text: car_name, attr: {title: car_name}\">3.5<\/td>\n<td width=\"106\" data-bind=\"text: body_type, attr: {title: body_type}\">Coup\u00e9<\/td>\n<td width=\"64\" data-bind=\"text: fuel_type, attr: {title: fuel_type}\">Benzina<\/td>\n<td width=\"64\" data-bind=\"text: kw + ' KW', attr: {title: kw + ' KW'}\">186 KW<\/td>\n<td width=\"64\" data-bind=\"text: ccm + ' ccm', attr: {title: ccm + ' ccm'}\">3518 cc<\/td>\n<td width=\"64\" data-bind=\"text: cylinder, attr: {title: cylinder}\">6<\/td>\n<td width=\"91\" data-bind=\"text: drivetrain, attr: {title: drivetrain}\">Trazione posteriore<\/td>\n<\/tr>\n<tr>\n<td width=\"127\" data-bind=\"text: make_name, attr: {title: make_name}\">DODGE<\/td>\n<td width=\"319\" data-bind=\"text: model_name, attr: {title: model_name}\">CHALLENGER Coup\u00e9 09\/2007-<\/td>\n<td width=\"119\" data-bind=\"text: car_name, attr: {title: car_name}\">5.7<\/td>\n<td width=\"106\" data-bind=\"text: body_type, attr: {title: body_type}\">Coup\u00e9<\/td>\n<td width=\"64\" data-bind=\"text: fuel_type, attr: {title: fuel_type}\">Benzina<\/td>\n<td width=\"64\" data-bind=\"text: kw + ' KW', attr: {title: kw + ' KW'}\">277 KW<\/td>\n<td width=\"64\" data-bind=\"text: ccm + ' ccm', attr: {title: ccm + ' ccm'}\">5654 cc<\/td>\n<td width=\"64\" data-bind=\"text: cylinder, attr: {title: cylinder}\">8<\/td>\n<td width=\"91\" data-bind=\"text: drivetrain, attr: {title: drivetrain}\">Trazione posteriore<\/td>\n<\/tr>\n<tr>\n<td width=\"127\" data-bind=\"text: make_name, attr: {title: make_name}\">DODGE<\/td>\n<td width=\"319\" data-bind=\"text: model_name, attr: {title: model_name}\">CHALLENGER Coup\u00e9 09\/2007-<\/td>\n<td width=\"119\" data-bind=\"text: car_name, attr: {title: car_name}\">6.1 SRT8<\/td>\n<td width=\"106\" data-bind=\"text: body_type, attr: {title: body_type}\">Coup\u00e9<\/td>\n<td width=\"64\" data-bind=\"text: fuel_type, attr: {title: fuel_type}\">Benzina<\/td>\n<td width=\"64\" data-bind=\"text: kw + ' KW', attr: {title: kw + ' KW'}\">313 KW<\/td>\n<td width=\"64\" data-bind=\"text: ccm + ' ccm', attr: {title: ccm + ' ccm'}\">6059 cc<\/td>\n<td width=\"64\" data-bind=\"text: cylinder, attr: {title: cylinder}\">8<\/td>\n<td width=\"91\" data-bind=\"text: drivetrain, attr: {title: drivetrain}\">Trazione posteriore<\/td>\n<\/tr>\n<tr>\n<td width=\"127\" data-bind=\"text: make_name, attr: {title: make_name}\">DODGE<\/td>\n<td width=\"319\" data-bind=\"text: model_name, attr: {title: model_name}\">CHALLENGER Coup\u00e9 09\/2007-<\/td>\n<td width=\"119\" data-bind=\"text: car_name, attr: {title: car_name}\">6.1 SRT8<\/td>\n<td width=\"106\" data-bind=\"text: body_type, attr: {title: body_type}\">Coup\u00e9<\/td>\n<td width=\"64\" data-bind=\"text: fuel_type, attr: {title: fuel_type}\">Benzina<\/td>\n<td width=\"64\" data-bind=\"text: kw + ' KW', attr: {title: kw + ' KW'}\">317 KW<\/td>\n<td width=\"64\" data-bind=\"text: ccm + ' ccm', attr: {title: ccm + ' ccm'}\">6059 cc<\/td>\n<td width=\"64\" data-bind=\"text: cylinder, attr: {title: cylinder}\">8<\/td>\n<td width=\"91\" data-bind=\"text: drivetrain, attr: {title: drivetrain}\">Trazione posteriore<\/td>\n<\/tr>\n<tr>\n<td width=\"127\" data-bind=\"text: make_name, attr: {title: make_name}\">DODGE<\/td>\n<td width=\"319\" data-bind=\"text: model_name, attr: {title: model_name}\">CHARGER 06\/2005-12\/2010<\/td>\n<td width=\"119\" data-bind=\"text: car_name, attr: {title: car_name}\">2.7<\/td>\n<td width=\"106\" data-bind=\"text: body_type, attr: {title: body_type}\">Tacchetta<\/td>\n<td width=\"64\" data-bind=\"text: fuel_type, attr: {title: fuel_type}\">Benzina<\/td>\n<td width=\"64\" data-bind=\"text: kw + ' KW', attr: {title: kw + ' KW'}\">133 KW<\/td>\n<td width=\"64\" data-bind=\"text: ccm + ' ccm', attr: {title: ccm + ' ccm'}\">2736 cc<\/td>\n<td width=\"64\" data-bind=\"text: cylinder, attr: {title: cylinder}\">6<\/td>\n<td width=\"91\" data-bind=\"text: drivetrain, attr: {title: drivetrain}\">Trazione posteriore<\/td>\n<\/tr>\n<tr>\n<td width=\"127\" data-bind=\"text: make_name, attr: {title: make_name}\">DODGE<\/td>\n<td width=\"319\" data-bind=\"text: model_name, attr: {title: model_name}\">CHARGER 06\/2005-12\/2010<\/td>\n<td width=\"119\" data-bind=\"text: car_name, attr: {title: car_name}\">2.7<\/td>\n<td width=\"106\" data-bind=\"text: body_type, attr: {title: body_type}\">Tacchetta<\/td>\n<td width=\"64\" data-bind=\"text: fuel_type, attr: {title: fuel_type}\">Benzina<\/td>\n<td width=\"64\" data-bind=\"text: kw + ' KW', attr: {title: kw + ' KW'}\">141 KW<\/td>\n<td width=\"64\" data-bind=\"text: ccm + ' ccm', attr: {title: ccm + ' ccm'}\">2736 cc<\/td>\n<td width=\"64\" data-bind=\"text: cylinder, attr: {title: cylinder}\">6<\/td>\n<td width=\"91\" data-bind=\"text: drivetrain, attr: {title: drivetrain}\">Trazione posteriore<\/td>\n<\/tr>\n<tr>\n<td width=\"127\" data-bind=\"text: make_name, attr: {title: make_name}\">DODGE<\/td>\n<td width=\"319\" data-bind=\"text: model_name, attr: {title: model_name}\">CHARGER 06\/2005-12\/2010<\/td>\n<td width=\"119\" data-bind=\"text: car_name, attr: {title: car_name}\">3.5<\/td>\n<td width=\"106\" data-bind=\"text: body_type, attr: {title: body_type}\">Tacchetta<\/td>\n<td width=\"64\" data-bind=\"text: fuel_type, attr: {title: fuel_type}\">Benzina<\/td>\n<td width=\"64\" data-bind=\"text: kw + ' KW', attr: {title: kw + ' KW'}\">186 KW<\/td>\n<td width=\"64\" data-bind=\"text: ccm + ' ccm', attr: {title: ccm + ' ccm'}\">3518 cc<\/td>\n<td width=\"64\" data-bind=\"text: cylinder, attr: {title: cylinder}\">6<\/td>\n<td width=\"91\" data-bind=\"text: drivetrain, attr: {title: drivetrain}\">Trazione posteriore<\/td>\n<\/tr>\n<tr>\n<td width=\"127\" data-bind=\"text: make_name, attr: {title: make_name}\">DODGE<\/td>\n<td width=\"319\" data-bind=\"text: model_name, attr: {title: model_name}\">CHARGER 06\/2005-12\/2010<\/td>\n<td width=\"119\" data-bind=\"text: car_name, attr: {title: car_name}\">5.7<\/td>\n<td width=\"106\" data-bind=\"text: body_type, attr: {title: body_type}\">Tacchetta<\/td>\n<td width=\"64\" data-bind=\"text: fuel_type, attr: {title: fuel_type}\">Benzina<\/td>\n<td width=\"64\" data-bind=\"text: kw + ' KW', attr: {title: kw + ' KW'}\">250 KW<\/td>\n<td width=\"64\" data-bind=\"text: ccm + ' ccm', attr: {title: ccm + ' ccm'}\">5654 cc<\/td>\n<td width=\"64\" data-bind=\"text: cylinder, attr: {title: cylinder}\">8<\/td>\n<td width=\"91\" data-bind=\"text: drivetrain, attr: {title: drivetrain}\">Trazione posteriore<\/td>\n<\/tr>\n<tr>\n<td width=\"127\" data-bind=\"text: make_name, attr: {title: make_name}\">DODGE<\/td>\n<td width=\"319\" data-bind=\"text: model_name, attr: {title: model_name}\">CHARGER 06\/2005-12\/2010<\/td>\n<td width=\"119\" data-bind=\"text: car_name, attr: {title: car_name}\">5.7<\/td>\n<td width=\"106\" data-bind=\"text: body_type, attr: {title: body_type}\">Tacchetta<\/td>\n<td width=\"64\" data-bind=\"text: fuel_type, attr: {title: fuel_type}\">Benzina<\/td>\n<td width=\"64\" data-bind=\"text: kw + ' KW', attr: {title: kw + ' KW'}\">257 KW<\/td>\n<td width=\"64\" data-bind=\"text: ccm + ' ccm', attr: {title: ccm + ' ccm'}\">5654 cc<\/td>\n<td width=\"64\" data-bind=\"text: cylinder, attr: {title: cylinder}\">8<\/td>\n<td width=\"91\" data-bind=\"text: drivetrain, attr: {title: drivetrain}\">Trazione posteriore<\/td>\n<\/tr>\n<tr>\n<td width=\"127\" data-bind=\"text: make_name, attr: {title: make_name}\">DODGE<\/td>\n<td width=\"319\" data-bind=\"text: model_name, attr: {title: model_name}\">CHARGER 06\/2005-12\/2010<\/td>\n<td width=\"119\" data-bind=\"text: car_name, attr: {title: car_name}\">5.7 R\/T<\/td>\n<td width=\"106\" data-bind=\"text: body_type, attr: {title: body_type}\">Tacchetta<\/td>\n<td width=\"64\" data-bind=\"text: fuel_type, attr: {title: fuel_type}\">Benzina<\/td>\n<td width=\"64\" data-bind=\"text: kw + ' KW', attr: {title: kw + ' KW'}\">254 KW<\/td>\n<td width=\"64\" data-bind=\"text: ccm + ' ccm', attr: {title: ccm + ' ccm'}\">5654 cc<\/td>\n<td width=\"64\" data-bind=\"text: cylinder, attr: {title: cylinder}\">8<\/td>\n<td width=\"91\" data-bind=\"text: drivetrain, attr: {title: drivetrain}\">Trazione posteriore<\/td>\n<\/tr>\n<tr>\n<td width=\"127\" data-bind=\"text: make_name, attr: {title: make_name}\">DODGE<\/td>\n<td width=\"319\" data-bind=\"text: model_name, attr: {title: model_name}\">CHARGER 06\/2005-12\/2010<\/td>\n<td width=\"119\" data-bind=\"text: car_name, attr: {title: car_name}\">5.7 R\/T<\/td>\n<td width=\"106\" data-bind=\"text: body_type, attr: {title: body_type}\">Tacchetta<\/td>\n<td width=\"64\" data-bind=\"text: fuel_type, attr: {title: fuel_type}\">Benzina<\/td>\n<td width=\"64\" data-bind=\"text: kw + ' KW', attr: {title: kw + ' KW'}\">261 KW<\/td>\n<td width=\"64\" data-bind=\"text: ccm + ' ccm', attr: {title: ccm + ' ccm'}\">5654 cc<\/td>\n<td width=\"64\" data-bind=\"text: cylinder, attr: {title: cylinder}\">8<\/td>\n<td width=\"91\" data-bind=\"text: drivetrain, attr: {title: drivetrain}\">Trazione posteriore<\/td>\n<\/tr>\n<tr>\n<td width=\"127\" data-bind=\"text: make_name, attr: {title: make_name}\">DODGE<\/td>\n<td width=\"319\" data-bind=\"text: model_name, attr: {title: model_name}\">CHARGER 06\/2005-12\/2010<\/td>\n<td width=\"119\" data-bind=\"text: car_name, attr: {title: car_name}\">5.7 R\/T<\/td>\n<td width=\"106\" data-bind=\"text: body_type, attr: {title: body_type}\">Tacchetta<\/td>\n<td width=\"64\" data-bind=\"text: fuel_type, attr: {title: fuel_type}\">Benzina<\/td>\n<td width=\"64\" data-bind=\"text: kw + ' KW', attr: {title: kw + ' KW'}\">276 KW<\/td>\n<td width=\"64\" data-bind=\"text: ccm + ' ccm', attr: {title: ccm + ' ccm'}\">5654 cc<\/td>\n<td width=\"64\" data-bind=\"text: cylinder, attr: {title: cylinder}\">8<\/td>\n<td width=\"91\" data-bind=\"text: drivetrain, attr: {title: drivetrain}\">Trazione posteriore<\/td>\n<\/tr>\n<tr>\n<td width=\"127\" data-bind=\"text: make_name, attr: {title: make_name}\">DODGE<\/td>\n<td width=\"319\" data-bind=\"text: model_name, attr: {title: model_name}\">CHARGER 06\/2005-12\/2010<\/td>\n<td width=\"119\" data-bind=\"text: car_name, attr: {title: car_name}\">6.1 SRT8<\/td>\n<td width=\"106\" data-bind=\"text: body_type, attr: {title: body_type}\">Tacchetta<\/td>\n<td width=\"64\" data-bind=\"text: fuel_type, attr: {title: fuel_type}\">Benzina<\/td>\n<td width=\"64\" data-bind=\"text: kw + ' KW', attr: {title: kw + ' KW'}\">317 KW<\/td>\n<td width=\"64\" data-bind=\"text: ccm + ' ccm', attr: {title: ccm + ' ccm'}\">6059 cc<\/td>\n<td width=\"64\" data-bind=\"text: cylinder, attr: {title: cylinder}\">8<\/td>\n<td width=\"91\" data-bind=\"text: drivetrain, attr: {title: drivetrain}\">Trazione posteriore<\/td>\n<\/tr>\n<\/tbody>\n<\/table>\n<p>&nbsp;<\/p>\n<p><strong>Condizioni \/ Note:<\/strong><\/p>\n<ul>\n<li>VA + HA regolabili in altezza (VA puntoni coilover, HA molle con regolazione in altezza + ammortizzatore)<\/li>\n<li>L'ammortizzatore di livello standard viene sostituito dall'ammortizzatore sportivo in dotazione.<\/li>\n<\/ul>\n<h4><\/h4>\n<p>&nbsp;<\/p>\n<h4 style=\"text-align: center;\">Sportivit\u00e0, maggiore controllo del corpo, maggiore comfort di guida ed estetica straordinaria. Con smorzamento in estensione regolabile<\/h4>\n<p>&nbsp;<\/p>\n<p>Le sospensioni coilover KW V2 sono le sospensioni per i piloti sportivi esperti che desiderano effettuare regolazioni dell'assetto oltre all'abbassamento individuale del veicolo. Lo smorzamento in estensione, regolabile individualmente, garantisce un migliore collegamento nei tratti di strada veloci e un pi\u00f9 facile controllo del veicolo. Inoltre, il comfort di guida su strade dissestate pu\u00f2 essere influenzato in modo significativo dalla regolazione dello smorzamento in estensione.<\/p>\n<p>&nbsp;<\/p>\n<h4 style=\"text-align: center;\">Setup - configurazione di smorzamento preconfigurata in fabbrica con smorzamento in estensione regolabile<\/h4>\n<p>&nbsp;<\/p>\n<p>Con le sospensioni coilover KW V2, i piloti sportivi esperti possono influenzare la maneggevolezza e il comfort grazie allo smorzamento in estensione regolabile a 16 clic (tecnologia \"TVR-A\"). Ci\u00f2 consente di regolare gli ammortizzatori KW in modo da renderli pi\u00f9 rigidi o pi\u00f9 confortevoli senza influenzare la valvola inferiore dello stadio di compressione.<\/p>\n<p><img decoding=\"async\" class=\"aligncenter wp-image-68267449\" src=\"https:\/\/kraftwerk-shop.cc\/wp-content\/uploads\/2022\/05\/KW_Diagramme_-_Zugstufe_V2_default-300x200.webp\" alt=\"\" width=\"600\" height=\"400\" srcset=\"https:\/\/kraftwerk-shop.cc\/wp-content\/uploads\/2022\/05\/KW_Diagramme_-_Zugstufe_V2_default-300x200.webp 300w, https:\/\/kraftwerk-shop.cc\/wp-content\/uploads\/2022\/05\/KW_Diagramme_-_Zugstufe_V2_default-500x333.webp 500w, https:\/\/kraftwerk-shop.cc\/wp-content\/uploads\/2022\/05\/KW_Diagramme_-_Zugstufe_V2_default-150x100.webp 150w, https:\/\/kraftwerk-shop.cc\/wp-content\/uploads\/2022\/05\/KW_Diagramme_-_Zugstufe_V2_default-600x400.webp 600w, https:\/\/kraftwerk-shop.cc\/wp-content\/uploads\/2022\/05\/KW_Diagramme_-_Zugstufe_V2_default-768x512.webp 768w, https:\/\/kraftwerk-shop.cc\/wp-content\/uploads\/2022\/05\/KW_Diagramme_-_Zugstufe_V2_default-18x12.webp 18w, https:\/\/kraftwerk-shop.cc\/wp-content\/uploads\/2022\/05\/KW_Diagramme_-_Zugstufe_V2_default-400x267.webp 400w, https:\/\/kraftwerk-shop.cc\/wp-content\/uploads\/2022\/05\/KW_Diagramme_-_Zugstufe_V2_default.webp 1024w\" sizes=\"(max-width: 600px) 100vw, 600px\" \/><\/p>\n<p>&nbsp;<\/p>\n<p><img decoding=\"async\" class=\"alignleft wp-image-68267451\" src=\"https:\/\/kraftwerk-shop.cc\/wp-content\/uploads\/2022\/05\/Zugstufen_KW_V2_Gewindefahrwerk_1-300x200.webp\" alt=\"\" width=\"500\" height=\"334\" \/> <img decoding=\"async\" class=\"alignnone wp-image-68267452\" src=\"https:\/\/kraftwerk-shop.cc\/wp-content\/uploads\/2022\/05\/Zugstufen_KW_V2_Gewindefahrwerk_2-300x200.webp\" alt=\"\" width=\"500\" height=\"334\" srcset=\"https:\/\/kraftwerk-shop.cc\/wp-content\/uploads\/2022\/05\/Zugstufen_KW_V2_Gewindefahrwerk_2-300x200.webp 300w, https:\/\/kraftwerk-shop.cc\/wp-content\/uploads\/2022\/05\/Zugstufen_KW_V2_Gewindefahrwerk_2-500x334.webp 500w, https:\/\/kraftwerk-shop.cc\/wp-content\/uploads\/2022\/05\/Zugstufen_KW_V2_Gewindefahrwerk_2-150x100.webp 150w, https:\/\/kraftwerk-shop.cc\/wp-content\/uploads\/2022\/05\/Zugstufen_KW_V2_Gewindefahrwerk_2-600x401.webp 600w, https:\/\/kraftwerk-shop.cc\/wp-content\/uploads\/2022\/05\/Zugstufen_KW_V2_Gewindefahrwerk_2-768x513.webp 768w, https:\/\/kraftwerk-shop.cc\/wp-content\/uploads\/2022\/05\/Zugstufen_KW_V2_Gewindefahrwerk_2-18x12.webp 18w, https:\/\/kraftwerk-shop.cc\/wp-content\/uploads\/2022\/05\/Zugstufen_KW_V2_Gewindefahrwerk_2-400x267.webp 400w, https:\/\/kraftwerk-shop.cc\/wp-content\/uploads\/2022\/05\/Zugstufen_KW_V2_Gewindefahrwerk_2.webp 800w\" sizes=\"(max-width: 500px) 100vw, 500px\" \/><\/p>\n<p>&nbsp;<\/p>\n<p>Smorzamento in estensione TVR-A:<br \/>\nLa tecnologia a due stadi brevettata \"TVR-A\" consente ai flussi a basso volume di fluire attraverso un bypass conico regolabile a bassa velocit\u00e0 alle basse velocit\u00e0 dell'ammortizzatore e alla valvola di rimbalzo principale di aprirsi per i flussi ad alto volume alle velocit\u00e0 pi\u00f9 elevate del pistone. Ci\u00f2 si traduce in un aumento significativo del comfort di guida, senza influenzare l'alta velocit\u00e0 nell'intervallo rilevante per la sicurezza. Sono disponibili 16 click precisi per la regolazione individuale, che le consentono di scegliere tra un maggiore comfort o un maggiore controllo del corpo.<\/p>\n<p>&nbsp;<\/p>\n<h4 style=\"text-align: center;\">Abbassamento continuo<\/h4>\n<p>&nbsp;<\/p>\n<p>Le sospensioni coilover KW V3 Clubsport consentono un abbassamento massimo o individuale all'interno del range di regolazione testato. Grazie alla filettatura trapezoidale resistente allo sporco e all'anello di filettatura in poliammide, l'abbassamento continuo pu\u00f2 essere variato in modo rapido e semplice anche dopo anni.<\/p>\n<p>&nbsp;<\/p>\n<h4 style=\"text-align: center;\">Il punto di riferimento per i coilover<\/h4>\n<p>&nbsp;<\/p>\n<p>Come per tutte le sospensioni coilover KW, gli ingegneri KW sviluppano la messa a punto dell'ammortizzatore KW specifica per il veicolo, apprezzata dagli appassionati di auto di tutto il mondo, in lunghi cicli di test sul N\u00fcrburgring Nordschleife e nel centro prove sul banco di prova della dinamica di guida a 7 montanti KW. Con una sospensione coilover KW vivr\u00e0 la sua auto in modo pi\u00f9 diretto e dinamico.<\/p>\n<p>Dopo tutto, non sta acquistando una sospensione coilover qualsiasi, ma una sospensione coilover KW appositamente sviluppata e messa a punto per il suo tipo di veicolo. Come produttore, KW utilizza solo le proprie risorse, componenti di alta qualit\u00e0 e la stessa tecnologia degli ammortizzatori dei produttori di massa. Con KW V3, i movimenti di rollio e beccheggio della carrozzeria del veicolo vengono ridotti durante la compressione, permettendole di beneficiare di un'immediatezza assoluta e di una maneggevolezza pi\u00f9 sportiva durante la guida.<\/p>\n<p>&nbsp;<\/p>\n<h4 style=\"text-align: center;\">Esperienza per il suo piacere di guida<\/h4>\n<p>&nbsp;<\/p>\n<p>Da oltre 20 anni, KW \u00e8 leader di mercato e innovatore per le soluzioni di sospensioni personalizzate per la strada e le corse. In qualsiasi parte del mondo, i piloti sportivi, le case automobilistiche e i tuner si affidano ai nostri coilover KW \"Made in Germany\".<\/p>\n<p>Ogni sospensione coilover KW viene sottoposta a test di carico approfonditi durante la produzione e viene sviluppata e prodotta direttamente nella sede centrale dell'azienda a Fichtenberg, in Svevia, per soddisfare gli elevati standard della gestione della qualit\u00e0 KW.<br \/>\nIn quanto produttore tedesco, \u00e8 ovvio che KW offra una garanzia pluriennale sui suoi kit di sospensioni coilover KW, che superano la qualit\u00e0 OEM e coprono oltre 4.600 applicazioni.<\/p>","protected":false},"excerpt":{"rendered":"<p>2005 \u2013 2010<\/p>","protected":false},"featured_media":68267605,"comment_status":"open","ping_status":"closed","template":"","meta":{"_acf_changed":false},"product_brand":[19066],"product_cat":[10262,2574,1676,1684,1595,1611,1619],"product_tag":[3915,87,88,91,92,54,53,49,3853,3854,743,753,126,1102,829,3903,783,787,1041,745,811,96,1056,164,744,1108,198,1109],"class_list":{"0":"post-68313306","1":"product","2":"type-product","3":"status-publish","4":"has-post-thumbnail","6":"product_brand-kw","7":"product_cat-alle-produkte","8":"product_cat-challenger-35-fahrwerk","9":"product_cat-challenger-57-fahrwerk","10":"product_cat-challenger-61-fahrwerk","11":"product_cat-charger-35-fahrwerk","12":"product_cat-charger-57-fahrwerk","13":"product_cat-charger-61-fahrwerk","14":"product_tag-3915","15":"product_tag-2-7","16":"product_tag-3-5","17":"product_tag-5-7","18":"product_tag-6-1","19":"product_tag-challenger","20":"product_tag-charger","21":"product_tag-dodge","22":"product_tag-dodge-challenger","23":"product_tag-dodge-charger","24":"product_tag-fahrwerk","25":"product_tag-gewindefahrwerk","26":"product_tag-hemi","27":"product_tag-inox","28":"product_tag-kw","29":"product_tag-kw-suspension","30":"product_tag-r-t","31":"product_tag-rt","32":"product_tag-sport","33":"product_tag-sportfahrwerk","34":"product_tag-sportfedern","35":"product_tag-srt","36":"product_tag-srt-8","37":"product_tag-srt8","38":"product_tag-tieferlegung","39":"product_tag-v2","40":"product_tag-v6","41":"product_tag-variante-2","43":"first","44":"onbackorder","45":"taxable","46":"shipping-taxable","47":"purchasable","48":"product-type-simple"},"bundled_by":[],"bundle_stock_status":"onbackorder","bundle_stock_quantity":0,"bundle_virtual":false,"bundle_layout":"","bundle_add_to_cart_form_location":"","bundle_editable_in_cart":false,"bundle_sold_individually_context":"","bundle_item_grouping":"","bundle_min_size":"","bundle_max_size":"","bundle_price":[],"bundled_items":[],"bundle_sell_ids":[],"exclude_global_add_ons":[],"addons":[],"acf":[],"_links":{"self":[{"href":"https:\/\/kraftwerk-shop.cc\/it\/wp-json\/wp\/v2\/product\/68313306","targetHints":{"allow":["GET"]}}],"collection":[{"href":"https:\/\/kraftwerk-shop.cc\/it\/wp-json\/wp\/v2\/product"}],"about":[{"href":"https:\/\/kraftwerk-shop.cc\/it\/wp-json\/wp\/v2\/types\/product"}],"replies":[{"embeddable":true,"href":"https:\/\/kraftwerk-shop.cc\/it\/wp-json\/wp\/v2\/comments?post=68313306"}],"version-history":[{"count":0,"href":"https:\/\/kraftwerk-shop.cc\/it\/wp-json\/wp\/v2\/product\/68313306\/revisions"}],"wp:featuredmedia":[{"embeddable":true,"href":"https:\/\/kraftwerk-shop.cc\/it\/wp-json\/wp\/v2\/media\/68267605"}],"wp:attachment":[{"href":"https:\/\/kraftwerk-shop.cc\/it\/wp-json\/wp\/v2\/media?parent=68313306"}],"wp:term":[{"taxonomy":"product_brand","embeddable":true,"href":"https:\/\/kraftwerk-shop.cc\/it\/wp-json\/wp\/v2\/product_brand?post=68313306"},{"taxonomy":"product_cat","embeddable":true,"href":"https:\/\/kraftwerk-shop.cc\/it\/wp-json\/wp\/v2\/product_cat?post=68313306"},{"taxonomy":"product_tag","embeddable":true,"href":"https:\/\/kraftwerk-shop.cc\/it\/wp-json\/wp\/v2\/product_tag?post=68313306"}],"curies":[{"name":"wp","href":"https:\/\/api.w.org\/{rel}","templated":true}]}}