{"id":68313330,"date":"2024-12-29T11:10:19","date_gmt":"2024-12-29T10:10:19","guid":{"rendered":"https:\/\/kraftwerk-shop.cc\/?post_type=product&#038;p=68313330"},"modified":"2026-02-15T01:16:08","modified_gmt":"2026-02-15T00:16:08","slug":"sospensione-sportiva-st-chrysler-300c-57","status":"publish","type":"product","link":"https:\/\/kraftwerk-shop.cc\/it\/produkt\/st-sportfahrwerk-chrysler-300c-57\/","title":{"rendered":"ST Sospensioni sportive Chrysler 300C 5,7"},"content":{"rendered":"<h1>ST Sportfahrwerk f\u00fcr Chrysler 300C 5.7<\/h1>\n<p>&nbsp;<\/p>\n<p><strong>Eigenschaften:<\/strong><\/p>\n<ul>\n<li class=\"product-attributes\"><span data-bind=\"text: $parents[0].commonAttributes()['att_' + _propkey].name\">Tieferlegung VA\/HA (mm)<\/span>: <span data-bind=\"html: $parents[0].commonAttributes()['att_' + _propkey].wert\">30\/30<\/span><\/li>\n<li class=\"product-attributes\"><span data-bind=\"text: $parents[0].commonAttributes()['att_' + _propkey].name\">H\u00e4rteverstellung<\/span>: <span data-bind=\"html: $parents[0].commonAttributes()['att_' + _propkey].wert\">keine<\/span><\/li>\n<li class=\"product-attributes\"><span data-bind=\"text: $parents[0].commonAttributes()['att_' + _propkey].name\">Zulassung<\/span>: <span data-bind=\"html: $parents[0].commonAttributes()['att_' + _propkey].wert\">Teilegutachten (\u00a719.3)<\/span><\/li>\n<li class=\"product-attributes\"><span data-bind=\"text: $parents[0].commonAttributes()['att_' + _propkey].name\">Lieferumfang<\/span>: <span data-bind=\"html: $parents[0].commonAttributes()['att_' + _propkey].wert\">Set (VA+HA)<\/span><\/li>\n<\/ul>\n<p>&nbsp;<\/p>\n<p><strong>Passend f\u00fcr:<\/strong><\/p>\n<table width=\"914\">\n<tbody>\n<tr>\n<td width=\"127\"><strong>Hersteller<\/strong><\/td>\n<td width=\"215\"><strong>Modell<\/strong><\/td>\n<td width=\"119\">Ausf\u00fc<strong>h<\/strong>rung<\/td>\n<td width=\"106\"><strong>Karosserie<\/strong><\/td>\n<td width=\"64\"><strong>Kraftstoff<\/strong><\/td>\n<td width=\"64\"><strong>Performance<\/strong><\/td>\n<td width=\"64\"><strong>Hubraum<\/strong><\/td>\n<td width=\"64\"><strong>Zylinder<\/strong><\/td>\n<td width=\"91\"><strong>Antrieb<\/strong><\/td>\n<\/tr>\n<tr>\n<td width=\"127\" data-bind=\"text: make_name, attr: {title: make_name}\">CHRYSLER<\/td>\n<td width=\"215\" data-bind=\"text: model_name, attr: {title: model_name}\">300 C (LX, LE) 09\/2004-<\/td>\n<td width=\"119\" data-bind=\"text: car_name, attr: {title: car_name}\">5.7<\/td>\n<td width=\"106\" data-bind=\"text: body_type, attr: {title: body_type}\">Stufenheck<\/td>\n<td width=\"64\" data-bind=\"text: fuel_type, attr: {title: fuel_type}\">Benzin<\/td>\n<td width=\"64\" data-bind=\"text: kw + ' KW', attr: {title: kw + ' KW'}\">250 KW<\/td>\n<td width=\"64\" data-bind=\"text: ccm + ' ccm', attr: {title: ccm + ' ccm'}\">5654 ccm<\/td>\n<td width=\"64\" data-bind=\"text: cylinder, attr: {title: cylinder}\">8<\/td>\n<td width=\"91\" data-bind=\"text: drivetrain, attr: {title: drivetrain}\">Heckantrieb<\/td>\n<\/tr>\n<tr>\n<td width=\"127\" data-bind=\"text: make_name, attr: {title: make_name}\">CHRYSLER<\/td>\n<td width=\"215\" data-bind=\"text: model_name, attr: {title: model_name}\">300 C (LX, LE) 09\/2004-<\/td>\n<td width=\"119\" data-bind=\"text: car_name, attr: {title: car_name}\">5.7<\/td>\n<td width=\"106\" data-bind=\"text: body_type, attr: {title: body_type}\">Stufenheck<\/td>\n<td width=\"64\" data-bind=\"text: fuel_type, attr: {title: fuel_type}\">Benzin<\/td>\n<td width=\"64\" data-bind=\"text: kw + ' KW', attr: {title: kw + ' KW'}\">256 KW<\/td>\n<td width=\"64\" data-bind=\"text: ccm + ' ccm', attr: {title: ccm + ' ccm'}\">5654 ccm<\/td>\n<td width=\"64\" data-bind=\"text: cylinder, attr: {title: cylinder}\">8<\/td>\n<td width=\"91\" data-bind=\"text: drivetrain, attr: {title: drivetrain}\">Heckantrieb<\/td>\n<\/tr>\n<tr>\n<td width=\"127\" data-bind=\"text: make_name, attr: {title: make_name}\">CHRYSLER<\/td>\n<td width=\"215\" data-bind=\"text: model_name, attr: {title: model_name}\">300 C (LX, LE) 09\/2004-<\/td>\n<td width=\"119\" data-bind=\"text: car_name, attr: {title: car_name}\">5.7<\/td>\n<td width=\"106\" data-bind=\"text: body_type, attr: {title: body_type}\">Stufenheck<\/td>\n<td width=\"64\" data-bind=\"text: fuel_type, attr: {title: fuel_type}\">Benzin<\/td>\n<td width=\"64\" data-bind=\"text: kw + ' KW', attr: {title: kw + ' KW'}\">265 KW<\/td>\n<td width=\"64\" data-bind=\"text: ccm + ' ccm', attr: {title: ccm + ' ccm'}\">5654 ccm<\/td>\n<td width=\"64\" data-bind=\"text: cylinder, attr: {title: cylinder}\">8<\/td>\n<td width=\"91\" data-bind=\"text: drivetrain, attr: {title: drivetrain}\">Heckantrieb<\/td>\n<\/tr>\n<tr>\n<td width=\"127\" data-bind=\"text: make_name, attr: {title: make_name}\">CHRYSLER<\/td>\n<td width=\"215\" data-bind=\"text: model_name, attr: {title: model_name}\">300 C (LX, LE) 09\/2004-<\/td>\n<td width=\"119\" data-bind=\"text: car_name, attr: {title: car_name}\">5.7<\/td>\n<td width=\"106\" data-bind=\"text: body_type, attr: {title: body_type}\">Stufenheck<\/td>\n<td width=\"64\" data-bind=\"text: fuel_type, attr: {title: fuel_type}\">Benzin<\/td>\n<td width=\"64\" data-bind=\"text: kw + ' KW', attr: {title: kw + ' KW'}\">268 KW<\/td>\n<td width=\"64\" data-bind=\"text: ccm + ' ccm', attr: {title: ccm + ' ccm'}\">5654 ccm<\/td>\n<td width=\"64\" data-bind=\"text: cylinder, attr: {title: cylinder}\">8<\/td>\n<td width=\"91\" data-bind=\"text: drivetrain, attr: {title: drivetrain}\">Heckantrieb<\/td>\n<\/tr>\n<\/tbody>\n<\/table>\n<h4><\/h4>\n<p><strong>Auflagen \/ Hinweise:<\/strong><\/p>\n<ul>\n<li>Vorderachsfederteller \u00fcber Distanzring h\u00f6heneinstellbar<\/li>\n<li>Bei Fahrzeugen die serienm\u00e4\u00dfig mit einem Nivomat-D\u00e4mpfer ausger\u00fcstet sind, kann nur das Sportfahrwerk verwendet werden. Der Nivomat-D\u00e4mpfer wird durch den im Lieferumfang enthaltenen Sportsto\u00dfd\u00e4mpfer ausgetauscht<\/li>\n<li>\n<div>Nur Modelle <span data-bind=\"text: getCarConstructionYear()\">Baujahr: 09\/2004-12\/2010<\/span><\/div>\n<\/li>\n<li>\n<div><span data-bind=\"text: getAxleLoad()\">Achslast VA\/HA (kg): -1275\/-1275<\/span><\/div>\n<\/li>\n<\/ul>\n<h4><\/h4>\n<p>&nbsp;<\/p>\n<div data-bind=\"if: selectedProduct() &amp;&amp; selectedProductData() &amp;&amp; selectedProductData().description\">\n<div data-bind=\"html: selectedProductData().description.text\">\n<h4><strong>ST Sportfahrwerke<br \/>\n<\/strong><\/h4>\n<p>Ein gro\u00dfer Schritt zu mehr Fahrdynamik. Die ST suspensions Sportfahrwerke verleihen mit ihrem fest eingestellten D\u00e4mpfersetup, neuester Zweirohrd\u00e4mpfertechnologie mit angepasstem Rebound und aufeinander abgestimmten Federraten, zahlreichen Fahrzeugen ein deutliches Plus an Sportlichkeit.<br \/>\nDie ST Sportfahrwerke profitieren von langj\u00e4hriger Erfahrung in der Entwicklung und Fertigung von Fahrwerkomponenten f\u00fcr den Motorsport und die Stra\u00dfe.<br \/>\nST Sportfahrwerke werden aus hochwertigen Komponenten gefertigt und zeichnen sich durch ihre Langlebigkeit aus.<br \/>\nDie Federn bestehen aus hochwertigem Federstahl und durch die abschlie\u00dfende Pulverbeschichtung sind sie \u00e4u\u00dferst witterungsbest\u00e4ndig.<\/p>\n<p>&nbsp;<\/p>\n<p><strong>Stilvolle Tieferlegungen oder auff\u00e4llige Keilform<\/strong><\/p>\n<p>Die ST suspensions Sportfahrwerke sind f\u00fcr viele Fahrzeuge lieferbar. Je nach Modell gibt es dezente Varianten mit einem Tieferlegungsniveau von 20 mm an beiden Achsen wie beispielsweise beim VW Golf VII GTI. Daneben sind aber auch weitere ansprechende Tieferlegungsstufen \u00fcber 30mm bis hin zu 60 mm m\u00f6glich. Der Audi A4 (8E) kann um 50 mm mit dem ST suspensions Sportfahrwerk dynamisch tiefergelegt werden.<br \/>\nEs gibt aber auch die beliebte &#8220;Keilform-Variante&#8221;, wie etwa f\u00fcr das aktuelle BMW Cabriolet (E93), dass an der Vorderachse um 30 mm tiefergelegt wird, w\u00e4hrend an der Hinterachse keine Tieferlegung erfolgt.<\/p>\n<p>&nbsp;<\/p>\n<p><strong>Optimale Fahrwerkabstimmung<\/strong><\/p>\n<p>Die D\u00e4mpfer der ST suspensions Sportfahrwerke sind optimal auf die dazugeh\u00f6rigen ST suspensions Federn abgestimmt und verbessern das Fahrverhalten deutlich.<br \/>\nDie voreingestellte D\u00e4mpfercharakteristik ist dabei nicht nur auf das jeweilige Fahrzeug eingestellt, sondern auch immer auf das vorgesehene Niveau der Tieferlegung. Das reibungsarme und druckbest\u00e4ndige Geh\u00e4use verf\u00fcgt \u00fcber ein hochwertiges Monoblock-F\u00fchrungs- und Dichtungspaket.<br \/>\nDaneben zeichnet den ST suspensions D\u00e4mpfer eine geh\u00e4rtete und verchromte Kolbenstange aus. Durch den speziell angepassten Rebound arbeiten die Sportd\u00e4mpfer ideal mit den ST suspensions Sportfedern zusammen.<br \/>\nMit der sportlichen D\u00e4mpferabstimmung sind die Handling-Eigenschaften direkter. Bei Bremsman\u00f6vern nickt die Karosserie im Vergleich zur Serie weniger ein, beim Beschleunigen verringert sich das typische Ausfedern und das Fahrzeug agiert bei allen Fahrman\u00f6vern agiler.<br \/>\nDar\u00fcber hinaus gew\u00e4hrleisten die ST suspensions Sportfahrwerke mit ihren hochwertigen Komponenten, wie sie auch in der Erstausr\u00fcstung verwendet werden, eine lange Lebensdauer.<br \/>\nJe nach Fahrzeug verf\u00fcgen die ST Sportfahrwerke auch \u00fcber nutenverstellbare D\u00e4mpfer an der Hinterachse zur Feinjustierung der Fahrzeugh\u00f6he.<\/p>\n<p>&nbsp;<\/p>\n<p><strong>Erstausr\u00fcsterqualit\u00e4t f\u00fcr mehr Fahrspa\u00df<\/strong><\/p>\n<p>Die ST suspensions Sportfahrwerke sind f\u00fcr viele Automobilmarken in zahlreichen Tieferlegungsvarianten mit Gutachten erh\u00e4ltlich.<br \/>\nDabei f\u00fchrt ST suspensions die Fahrwerke nicht nur f\u00fcr aktuelle Fahrzeugmodelle, sondern auch f\u00fcr eine Vielzahl von Automobilen mit \u00e4lterem Baujahr.<br \/>\nDes Weiteren konzentriert sich ST suspensions bei seinen Fahrzeugen nicht nur auf Modelle deutscher Automobilhersteller, sondern auch auf zahlreiche weitere Marken wie Chrysler oder Volvo. Insgesamt sind die ST suspensions Sportfahrwerke f\u00fcr 30 Automobilmarken lieferbar.<\/p>\n<\/div>\n<\/div>\n","protected":false},"excerpt":{"rendered":"<p>2005 \u2013 2010<\/p>","protected":false},"featured_media":68267728,"comment_status":"open","ping_status":"closed","template":"","meta":{"_acf_changed":false},"product_brand":[19066],"product_cat":[10262,1571],"product_tag":[3926,52,91,48,536,743,753,126,1102,829,3903,3927,1041,745,811,3924,3925,744],"class_list":{"0":"post-68313330","1":"product","2":"type-product","3":"status-publish","4":"has-post-thumbnail","6":"product_brand-kw","7":"product_cat-alle-produkte","8":"product_cat-300c-57-2005-2010-fahrwerk","9":"product_tag-3926","10":"product_tag-300c","11":"product_tag-5-7","12":"product_tag-chrysler","13":"product_tag-chrysler-300c","14":"product_tag-fahrwerk","15":"product_tag-gewindefahrwerk","16":"product_tag-hemi","17":"product_tag-inox","18":"product_tag-kw","19":"product_tag-kw-suspension","20":"product_tag-lx","21":"product_tag-sport","22":"product_tag-sportfahrwerk","23":"product_tag-sportfedern","24":"product_tag-st","25":"product_tag-st-supspensions","26":"product_tag-tieferlegung","27":"product_shipping_class-deutschlandohne","29":"first","30":"onbackorder","31":"taxable","32":"shipping-taxable","33":"purchasable","34":"product-type-simple"},"bundled_by":[],"bundle_stock_status":"onbackorder","bundle_stock_quantity":0,"bundle_virtual":false,"bundle_layout":"","bundle_add_to_cart_form_location":"","bundle_editable_in_cart":false,"bundle_sold_individually_context":"","bundle_item_grouping":"","bundle_min_size":"","bundle_max_size":"","bundle_price":[],"bundled_items":[],"bundle_sell_ids":[],"exclude_global_add_ons":[],"addons":[],"acf":[],"_links":{"self":[{"href":"https:\/\/kraftwerk-shop.cc\/it\/wp-json\/wp\/v2\/product\/68313330","targetHints":{"allow":["GET"]}}],"collection":[{"href":"https:\/\/kraftwerk-shop.cc\/it\/wp-json\/wp\/v2\/product"}],"about":[{"href":"https:\/\/kraftwerk-shop.cc\/it\/wp-json\/wp\/v2\/types\/product"}],"replies":[{"embeddable":true,"href":"https:\/\/kraftwerk-shop.cc\/it\/wp-json\/wp\/v2\/comments?post=68313330"}],"version-history":[{"count":0,"href":"https:\/\/kraftwerk-shop.cc\/it\/wp-json\/wp\/v2\/product\/68313330\/revisions"}],"wp:featuredmedia":[{"embeddable":true,"href":"https:\/\/kraftwerk-shop.cc\/it\/wp-json\/wp\/v2\/media\/68267728"}],"wp:attachment":[{"href":"https:\/\/kraftwerk-shop.cc\/it\/wp-json\/wp\/v2\/media?parent=68313330"}],"wp:term":[{"taxonomy":"product_brand","embeddable":true,"href":"https:\/\/kraftwerk-shop.cc\/it\/wp-json\/wp\/v2\/product_brand?post=68313330"},{"taxonomy":"product_cat","embeddable":true,"href":"https:\/\/kraftwerk-shop.cc\/it\/wp-json\/wp\/v2\/product_cat?post=68313330"},{"taxonomy":"product_tag","embeddable":true,"href":"https:\/\/kraftwerk-shop.cc\/it\/wp-json\/wp\/v2\/product_tag?post=68313330"}],"curies":[{"name":"wp","href":"https:\/\/api.w.org\/{rel}","templated":true}]}}