{"id":68313498,"date":"2024-12-31T00:10:24","date_gmt":"2024-12-30T23:10:24","guid":{"rendered":"https:\/\/kraftwerk-shop.cc\/?post_type=product&#038;p=68313498"},"modified":"2026-03-27T16:03:06","modified_gmt":"2026-03-27T15:03:06","slug":"aggiornamento-della-pompa-dellacqua-di-raffreddamento-53022340ac","status":"publish","type":"product","link":"https:\/\/kraftwerk-shop.cc\/it\/produkt\/upgrade-kuehlwasserpumpe-53022340ac\/","title":{"rendered":"Aggiornamento della pompa dell'acqua di raffreddamento 5.7 e 6.4"},"content":{"rendered":"<h1>Aggiornamento della pompa dell'acqua di raffreddamento per Chrysler 300C, Dodge Challenger, Charger, Durango e Grand Cherokee 5.7 e 6.4 dal 2011 al 2013<\/h1>\n<p>&nbsp;<\/p>\n<p><strong>Numeri di confronto Mopar:<\/strong> <span class=\"list-value sku-display\">53022340AC<\/span>, 53022340AF, 53022340AH, RL022340AC, 53022340AC, 5038668AC, 5038668AD<\/p>\n<p>&nbsp;<\/p>\n<p><strong>Propriet\u00e0<\/strong><\/p>\n<ul>\n<li>Cuscinetti cementati<\/li>\n<li>Superfici precise lavorate a CNC<\/li>\n<li>Ruota in metallo (il ricambio originale Mopar utilizza una fragile ruota in plastica)<\/li>\n<li>Compresa la guarnizione della pompa dell'acqua<\/li>\n<\/ul>\n<p>&nbsp;<\/p>\n<p><strong>Vantaggi dei cuscinetti cementato<\/strong><\/p>\n<p>Questa pompa dell'acqua di raffreddamento utilizza cuscinetti cementati sviluppati secondo le specifiche del produttore originale per soddisfare i requisiti specifici di coppia radiale e carico assiale di ogni applicazione.<br \/>\nQuesti cuscinetti cementati di alta qualit\u00e0 hanno una maggiore capacit\u00e0 di carico e sono robusti all'esterno ma flessibili all'interno. Questo li rende ideali per resistere agli squilibri o alle vibrazioni del sistema di raffreddamento.<\/p>\n<p>&nbsp;<\/p>\n<ul>\n<li>Lunga durata di vita<\/li>\n<li>Elevata capacit\u00e0 di carico<\/li>\n<li>Resistente all'esterno e flessibile all'interno<\/li>\n<li>Resiste a squilibri o vibrazioni del sistema di raffreddamento<\/li>\n<\/ul>\n<p>&nbsp;<\/p>\n<p><strong>Vantaggi delle superfici fresate a CNC di precisione<\/strong><\/p>\n<p>La pompa dell'acqua viene prodotta secondo le specifiche della fusione originale e tutte le superfici di montaggio vengono poi fresate a CNC.<br \/>\nCi\u00f2 consente una facile installazione e garantisce una tenuta precisa di tutte le superfici unite. Un collegamento a prova di perdite assicura una lunga durata dei componenti e la massima efficienza.<\/p>\n<p>&nbsp;<\/p>\n<ul>\n<li>Accuratezza garantita dell'accoppiamento con i componenti corrispondenti<\/li>\n<li>Previene le perdite<\/li>\n<li>Ispezionati e testati secondo gli standard ISO9001:2015<\/li>\n<\/ul>\n<p>&nbsp;<\/p>\n<p><strong>Vantaggi delle giranti in metallo<\/strong><\/p>\n<p>Le giranti in metallo sono di gran lunga superiori a quelle in plastica. Utilizzando giranti in metallo, una pompa dell'acqua pu\u00f2 sopportare coppie pi\u00f9 elevate e temperature pi\u00f9 alte.<br \/>\nQuesto non solo contribuisce a migliorare le prestazioni, ma previene anche i guasti ai componenti causati da ruote rotte o deformate.<\/p>\n<p>&nbsp;<\/p>\n<ul>\n<li>Resiste alle alte temperature<\/li>\n<li>Resistente ai prodotti chimici<\/li>\n<li>Potente alle alte velocit\u00e0<\/li>\n<li>Non si deforma<\/li>\n<li>Resiste a forze di coppia elevate<\/li>\n<li>Non si scheggia<\/li>\n<li>Nessuna crepa durante la pressatura<\/li>\n<li>Estremamente resistente<\/li>\n<li>Resiste alle tolleranze dei motori con elevato chilometraggio<\/li>\n<\/ul>\n<p>&nbsp;<\/p>\n<p><strong>Adatto per:<\/strong><\/p>\n<table width=\"830\">\n<tbody>\n<tr>\n<td width=\"82\"><strong>Anno di costruzione<\/strong><\/td>\n<td width=\"82\"><strong>Marchio<\/strong><\/td>\n<td width=\"124\"><strong>Modello<\/strong><\/td>\n<td width=\"338\"><strong>Versione<\/strong><\/td>\n<td width=\"204\"><strong>Motore<\/strong><\/td>\n<\/tr>\n<tr>\n<td width=\"82\">2013<\/td>\n<td width=\"82\">Dodge<\/td>\n<td width=\"124\">Challenger<\/td>\n<td width=\"338\">R\/T, SRT8<\/td>\n<td width=\"204\">5.7L, 6.4L<\/td>\n<\/tr>\n<tr>\n<td width=\"82\">2013<\/td>\n<td width=\"82\">Dodge<\/td>\n<td width=\"124\">Charger<\/td>\n<td width=\"338\">Pursuit, R\/T, SE, SRT8<\/td>\n<td width=\"204\">5.7L, 6.4L<\/td>\n<\/tr>\n<tr>\n<td width=\"82\">2012<\/td>\n<td width=\"82\">Chrysler<\/td>\n<td width=\"124\">300<\/td>\n<td width=\"338\">C, C Luxury, S, SRT8<\/td>\n<td width=\"204\">5.7L, 6.4L<\/td>\n<\/tr>\n<tr>\n<td width=\"82\">2012<\/td>\n<td width=\"82\">Dodge<\/td>\n<td width=\"124\">Challenger<\/td>\n<td width=\"338\">R\/T, R\/T Classic, SRT8<\/td>\n<td width=\"204\">5.7L, 6.4L<\/td>\n<\/tr>\n<tr>\n<td width=\"82\">2012<\/td>\n<td width=\"82\">Dodge<\/td>\n<td width=\"124\">Charger<\/td>\n<td width=\"338\">Pursuit, R\/T, SE, SRT8<\/td>\n<td width=\"204\">5.7L, 6.4L<\/td>\n<\/tr>\n<tr>\n<td width=\"82\">2012<\/td>\n<td width=\"82\">Dodge<\/td>\n<td width=\"124\">Durango<\/td>\n<td width=\"338\">Citadel, Crew, R\/T, Special Service<\/td>\n<td width=\"204\">5.7L<\/td>\n<\/tr>\n<tr>\n<td width=\"82\">2012<\/td>\n<td width=\"82\">Jeep<\/td>\n<td width=\"124\">Grand Cherokee<\/td>\n<td width=\"338\">Laredo, Limited, Overland, Overland Summit, SRT8<\/td>\n<td width=\"204\">5.7L, 6.4L<\/td>\n<\/tr>\n<tr>\n<td width=\"82\">2011<\/td>\n<td width=\"82\">Chrysler<\/td>\n<td width=\"124\">300<\/td>\n<td width=\"338\">C<\/td>\n<td width=\"204\">5.7L<\/td>\n<\/tr>\n<tr>\n<td width=\"82\">2011<\/td>\n<td width=\"82\">Dodge<\/td>\n<td width=\"124\">Challenger<\/td>\n<td width=\"338\">R\/T, SRT8<\/td>\n<td width=\"204\">5.7L, 6.4L<\/td>\n<\/tr>\n<tr>\n<td width=\"82\">2011<\/td>\n<td width=\"82\">Dodge<\/td>\n<td width=\"124\">Charger<\/td>\n<td width=\"338\">Pursuit, R\/T, SE<\/td>\n<td width=\"204\">5.7L<\/td>\n<\/tr>\n<tr>\n<td width=\"82\">2011<\/td>\n<td width=\"82\">Dodge<\/td>\n<td width=\"124\">Durango<\/td>\n<td width=\"338\">Citadel, Crew, R\/T<\/td>\n<td width=\"204\">5.7L<\/td>\n<\/tr>\n<tr>\n<td width=\"82\">2011<\/td>\n<td width=\"82\">Jeep<\/td>\n<td width=\"124\">Grand Cherokee<\/td>\n<td width=\"338\">Laredo, Limited, Overland<\/td>\n<td width=\"204\">5.7L<\/td>\n<\/tr>\n<\/tbody>\n<\/table>\n<p>&nbsp;<\/p>","protected":false},"excerpt":{"rendered":"<p>2011 \u2013 2013<\/p>","protected":false},"featured_media":68313500,"comment_status":"open","ping_status":"closed","template":"","meta":{"_acf_changed":false},"product_brand":[],"product_cat":[10262,4981,2546,2530,2547,6606,5160,2534,2533,2541,2538],"product_tag":[18746,18747,18745,18743,18744,18742,52,91,5259,5260,9965,10112,10103,5265,9966,93,10094,10099,10088,10116,10110,10106,10120,10102,5256,48,49,3853,95,10092,10117,10098,10089,10109,56,10108,10091,50,10101,10114,10095,10105,5255,5269,5268,5270,10118,9424,10111,10087,10107,10097,10090,10115,10093,9967,216,10086,6430,5254,10113,10104,10096,10100,10119],"class_list":{"0":"post-68313498","1":"product","2":"type-product","3":"status-publish","4":"has-post-thumbnail","6":"product_cat-alle-produkte","7":"product_cat-300c-57-2011-2023-kuehlung","8":"product_cat-300c-64-kuehlung","9":"product_cat-challenger-57-kuehlung","10":"product_cat-challenger-64-kuehlung","11":"product_cat-charger-57-abgaskruemmer-katalysatoren","12":"product_cat-charger-57-2011-2023-kuehlung","13":"product_cat-charger-64-kuehlung","14":"product_cat-durango-57-kuehlung","15":"product_cat-grand-cherokee-57-2011-2021-kuehlung","16":"product_cat-grand-cherokee-64-kuehlung","17":"product_tag-0038668ac","18":"product_tag-0038668ad","19":"product_tag-03022340ac","20":"product_tag-03022340af","21":"product_tag-03022340ah","22":"product_tag-053022340ac","23":"product_tag-300c","24":"product_tag-5-7","25":"product_tag-5038668ac","26":"product_tag-5038668ad","27":"product_tag-53022340ac","28":"product_tag-53022340ac-ersatzteil","29":"product_tag-53022340ac-kaufen","30":"product_tag-53022340af","31":"product_tag-53022340ah","32":"product_tag-6-4","33":"product_tag-auto-ersatzteile","34":"product_tag-auto-kuehlmittel","35":"product_tag-auto-kuehlmittelpumpe","36":"product_tag-auto-kuehlmittelpumpe-ersatz","37":"product_tag-auto-kuehlmittelpumpe-ersatzteil","38":"product_tag-auto-kuehlmittelpumpe-kaufen","39":"product_tag-auto-kuehlmittelpumpe-upgrade","40":"product_tag-auto-wasserpumpe-ersatzteil","41":"product_tag-challenger-charger","42":"product_tag-chrysler","43":"product_tag-dodge","44":"product_tag-dodge-challenger","45":"product_tag-durango","46":"product_tag-ersatzteil-53022340ac","47":"product_tag-fahrzeug-kuehlmittelpumpe-ersatzteil","48":"product_tag-fahrzeug-kuehlung","49":"product_tag-fahrzeug-wasserpumpe","50":"product_tag-fahrzeug-wasserpumpe-kaufen","51":"product_tag-grand-cherokee","52":"product_tag-hochleistungs-kuehlmittelpumpe","53":"product_tag-hochleistungs-wasserpumpe","54":"product_tag-jeep","55":"product_tag-kuehlmittelpumpe-ersatz","56":"product_tag-kuehlmittelpumpe-fuer-fahrzeuge","57":"product_tag-kuehlmittelpumpe-upgrade","58":"product_tag-kuehlmittelpumpe-wartung","59":"product_tag-kuehlwasserpumpe","60":"product_tag-laufrad","61":"product_tag-metall","62":"product_tag-metalllaufrad","63":"product_tag-mopar-53022340ac","64":"product_tag-mopar-ersatzteile","65":"product_tag-mopar-kuehlmittelpumpe","66":"product_tag-mopar-wasserpumpe","67":"product_tag-motor-kuehlmittelpumpe-ersatz","68":"product_tag-motor-kuehlung","69":"product_tag-motor-kuehlwasserpumpe","70":"product_tag-motor-wasserpumpe-kaufen","71":"product_tag-original-mopar-pumpe","72":"product_tag-rl022340ac","73":"product_tag-upgrade","74":"product_tag-upgrade-wasserpumpe","75":"product_tag-usmotor","76":"product_tag-wasserpumpe","77":"product_tag-wasserpumpe-fuer-autos","78":"product_tag-wasserpumpe-installation","79":"product_tag-wasserpumpe-kaufen","80":"product_tag-wasserpumpe-reparatur","81":"product_tag-wasserpumpe-upgrade-kit","83":"first","84":"instock","85":"taxable","86":"shipping-taxable","87":"purchasable","88":"product-type-simple"},"bundled_by":[],"bundle_stock_status":"instock","bundle_stock_quantity":2,"bundle_virtual":false,"bundle_layout":"","bundle_add_to_cart_form_location":"","bundle_editable_in_cart":false,"bundle_sold_individually_context":"","bundle_item_grouping":"","bundle_min_size":"","bundle_max_size":"","bundle_price":[],"bundled_items":[],"bundle_sell_ids":[],"exclude_global_add_ons":[],"addons":[],"acf":[],"_links":{"self":[{"href":"https:\/\/kraftwerk-shop.cc\/it\/wp-json\/wp\/v2\/product\/68313498","targetHints":{"allow":["GET"]}}],"collection":[{"href":"https:\/\/kraftwerk-shop.cc\/it\/wp-json\/wp\/v2\/product"}],"about":[{"href":"https:\/\/kraftwerk-shop.cc\/it\/wp-json\/wp\/v2\/types\/product"}],"replies":[{"embeddable":true,"href":"https:\/\/kraftwerk-shop.cc\/it\/wp-json\/wp\/v2\/comments?post=68313498"}],"version-history":[{"count":0,"href":"https:\/\/kraftwerk-shop.cc\/it\/wp-json\/wp\/v2\/product\/68313498\/revisions"}],"wp:featuredmedia":[{"embeddable":true,"href":"https:\/\/kraftwerk-shop.cc\/it\/wp-json\/wp\/v2\/media\/68313500"}],"wp:attachment":[{"href":"https:\/\/kraftwerk-shop.cc\/it\/wp-json\/wp\/v2\/media?parent=68313498"}],"wp:term":[{"taxonomy":"product_brand","embeddable":true,"href":"https:\/\/kraftwerk-shop.cc\/it\/wp-json\/wp\/v2\/product_brand?post=68313498"},{"taxonomy":"product_cat","embeddable":true,"href":"https:\/\/kraftwerk-shop.cc\/it\/wp-json\/wp\/v2\/product_cat?post=68313498"},{"taxonomy":"product_tag","embeddable":true,"href":"https:\/\/kraftwerk-shop.cc\/it\/wp-json\/wp\/v2\/product_tag?post=68313498"}],"curies":[{"name":"wp","href":"https:\/\/api.w.org\/{rel}","templated":true}]}}