{"id":68314508,"date":"2025-01-25T19:05:12","date_gmt":"2025-01-25T18:05:12","guid":{"rendered":"https:\/\/kraftwerk-shop.cc\/?post_type=product&#038;p=68314508"},"modified":"2026-02-15T01:17:00","modified_gmt":"2026-02-15T00:17:00","slug":"guida-valvola-61-srt8","status":"publish","type":"product","link":"https:\/\/kraftwerk-shop.cc\/it\/produkt\/ventilfuehrung-61-srt8\/","title":{"rendered":"Guida della valvola 6.1"},"content":{"rendered":"<h1>Guida della valvola per Chrysler, Dodge e Jeep 6.1 SRT8, ingresso e uscita<\/h1>\n<p>&nbsp;<\/p>\n<ul>\n<li><strong>Materiale:<\/strong> Realizzato in ghisa di alta qualit\u00e0, nota per la sua durata e resistenza all'usura<\/li>\n<li><strong>Produzione di precisione:<\/strong> Realizzato con tolleranze strette per garantire l'esatto inserimento nell'alesaggio della testata e ridurre al minimo la necessit\u00e0 di ulteriori lavorazioni.<\/li>\n<li><strong>Compatibilit\u00e0:<\/strong> Sviluppato come sostituto diretto degli OEM per varie applicazioni in automobili, veicoli commerciali leggeri e pesanti, motori industriali, marini e persino a gas.<\/li>\n<li><strong>Guide della valvola con diametro interno irruvidito a spirale<\/strong>\n<ul>\n<li><strong>Migliore lubrificazione:<\/strong> Le scanalature a spirale immagazzinano olio e migliorano la lubrificazione tra lo stelo della valvola e la guida.<\/li>\n<li><strong>Riduzione dell'usura:<\/strong> La distribuzione uniforme dell'olio riduce il contatto diretto tra le superfici metalliche e quindi l'usura.<\/li>\n<li><strong>Raffreddamento ottimizzato:<\/strong> Le spirali contribuiscono a dissipare il calore in modo pi\u00f9 efficace, il che \u00e8 particolarmente importante a temperature di esercizio pi\u00f9 elevate<\/li>\n<\/ul>\n<\/li>\n<li><strong>Diametro interno (IN):<\/strong> 0,3142<\/li>\n<li><strong>Diametro esterno (IN):<\/strong> 0,525<\/li>\n<li><strong>Lunghezza (IN):<\/strong> 2,185<\/li>\n<\/ul>\n<p>&nbsp;<\/p>\n<p><strong>Ambito di fornitura:<\/strong> 1 set (8 pezzi)<\/p>\n<p>&nbsp;<\/p>\n<p><strong>Adatto per:<\/strong><\/p>\n<table width=\"538\">\n<tbody>\n<tr>\n<td width=\"64\"><strong>Anno di costruzione<\/strong><\/td>\n<td width=\"83\"><strong>Marchio<\/strong><\/td>\n<td width=\"146\"><strong>Modello<\/strong><\/td>\n<td width=\"110\"><strong>Versione<\/strong><\/td>\n<td width=\"135\"><strong>Motore<\/strong><\/td>\n<\/tr>\n<tr>\n<td width=\"64\">2010<\/td>\n<td width=\"83\">Chrysler<\/td>\n<td width=\"146\">300<\/td>\n<td width=\"110\">C SRT8<\/td>\n<td width=\"135\">6.1L<\/td>\n<\/tr>\n<tr>\n<td width=\"64\">2010<\/td>\n<td width=\"83\">Dodge<\/td>\n<td width=\"146\">Challenger<\/td>\n<td width=\"110\">SRT8<\/td>\n<td width=\"135\">6.1L<\/td>\n<\/tr>\n<tr>\n<td width=\"64\">2010<\/td>\n<td width=\"83\">Dodge<\/td>\n<td width=\"146\">Charger<\/td>\n<td width=\"110\">SRT8<\/td>\n<td width=\"135\">6.1L<\/td>\n<\/tr>\n<tr>\n<td width=\"64\">2010<\/td>\n<td width=\"83\">Jeep<\/td>\n<td width=\"146\">Grand Cherokee<\/td>\n<td width=\"110\">SRT8<\/td>\n<td width=\"135\">6.1L<\/td>\n<\/tr>\n<tr>\n<td width=\"64\">2009<\/td>\n<td width=\"83\">Chrysler<\/td>\n<td width=\"146\">300<\/td>\n<td width=\"110\">C SRT8<\/td>\n<td width=\"135\">6.1L<\/td>\n<\/tr>\n<tr>\n<td width=\"64\">2009<\/td>\n<td width=\"83\">Dodge<\/td>\n<td width=\"146\">Challenger<\/td>\n<td width=\"110\">SRT8<\/td>\n<td width=\"135\">6.1L<\/td>\n<\/tr>\n<tr>\n<td width=\"64\">2009<\/td>\n<td width=\"83\">Dodge<\/td>\n<td width=\"146\">Charger<\/td>\n<td width=\"110\">SRT8<\/td>\n<td width=\"135\">6.1L<\/td>\n<\/tr>\n<tr>\n<td width=\"64\">2009<\/td>\n<td width=\"83\">Jeep<\/td>\n<td width=\"146\">Grand Cherokee<\/td>\n<td width=\"110\">SRT8<\/td>\n<td width=\"135\">6.1L<\/td>\n<\/tr>\n<tr>\n<td width=\"64\">2008<\/td>\n<td width=\"83\">Chrysler<\/td>\n<td width=\"146\">300<\/td>\n<td width=\"110\">C SRT8<\/td>\n<td width=\"135\">6.1L<\/td>\n<\/tr>\n<tr>\n<td width=\"64\">2008<\/td>\n<td width=\"83\">Dodge<\/td>\n<td width=\"146\">Challenger<\/td>\n<td width=\"110\">SRT8<\/td>\n<td width=\"135\">6.1L<\/td>\n<\/tr>\n<tr>\n<td width=\"64\">2008<\/td>\n<td width=\"83\">Dodge<\/td>\n<td width=\"146\">Charger<\/td>\n<td width=\"110\">SRT8<\/td>\n<td width=\"135\">6.1L<\/td>\n<\/tr>\n<tr>\n<td width=\"64\">2008<\/td>\n<td width=\"83\">Dodge<\/td>\n<td width=\"146\">Magnum<\/td>\n<td width=\"110\">SRT8<\/td>\n<td width=\"135\">6.1L<\/td>\n<\/tr>\n<tr>\n<td width=\"64\">2008<\/td>\n<td width=\"83\">Jeep<\/td>\n<td width=\"146\">Grand Cherokee<\/td>\n<td width=\"110\">SRT8<\/td>\n<td width=\"135\">6.1L<\/td>\n<\/tr>\n<tr>\n<td width=\"64\">2007<\/td>\n<td width=\"83\">Chrysler<\/td>\n<td width=\"146\">300<\/td>\n<td width=\"110\">C SRT8<\/td>\n<td width=\"135\">6.1L<\/td>\n<\/tr>\n<tr>\n<td width=\"64\">2007<\/td>\n<td width=\"83\">Dodge<\/td>\n<td width=\"146\">Charger<\/td>\n<td width=\"110\">SRT8<\/td>\n<td width=\"135\">6.1L<\/td>\n<\/tr>\n<tr>\n<td width=\"64\">2007<\/td>\n<td width=\"83\">Dodge<\/td>\n<td width=\"146\">Magnum<\/td>\n<td width=\"110\">SRT8<\/td>\n<td width=\"135\">6.1L<\/td>\n<\/tr>\n<tr>\n<td width=\"64\">2007<\/td>\n<td width=\"83\">Jeep<\/td>\n<td width=\"146\">Grand Cherokee<\/td>\n<td width=\"110\">SRT8<\/td>\n<td width=\"135\">6.1L<\/td>\n<\/tr>\n<tr>\n<td width=\"64\">2006<\/td>\n<td width=\"83\">Dodge<\/td>\n<td width=\"146\">Charger<\/td>\n<td width=\"110\">SRT8<\/td>\n<td width=\"135\">6.1L<\/td>\n<\/tr>\n<tr>\n<td width=\"64\">2006<\/td>\n<td width=\"83\">Dodge<\/td>\n<td width=\"146\">Magnum<\/td>\n<td width=\"110\">SRT8<\/td>\n<td width=\"135\">6.1L<\/td>\n<\/tr>\n<tr>\n<td width=\"64\">2006<\/td>\n<td width=\"83\">Jeep<\/td>\n<td width=\"146\">Grand Cherokee<\/td>\n<td width=\"110\">SRT8<\/td>\n<td width=\"135\">6.1L<\/td>\n<\/tr>\n<\/tbody>\n<\/table>\n<p>&nbsp;<\/p>","protected":false},"excerpt":{"rendered":"<p>Guida valvola per Chrysler, Dodge e Jeep 6.1 SRT8, ingresso e uscita Materiale: Realizzato in ghisa di alta qualit\u00e0, nota per la sua elevata qualit\u00e0.<\/p>","protected":false},"featured_media":68314513,"comment_status":"open","ping_status":"closed","template":"","meta":{"_acf_changed":false},"product_brand":[],"product_cat":[10262,6683,6688,6693,6697,6702],"product_tag":[52,92,54,53,48,49,3853,5206,56,50,55,31,7221,5205,96,1056,164,5204,10542],"class_list":{"0":"post-68314508","1":"product","2":"type-product","3":"status-publish","4":"has-post-thumbnail","6":"product_cat-alle-produkte","7":"product_cat-300c-61-nockenwelle-ventiltrieb","8":"product_cat-challenger-61-nockenwelle-ventiltrieb","9":"product_cat-charger-61-nockenwelle-ventiltrieb","10":"product_cat-magnum-61-nockenwelle-ventiltrieb","11":"product_cat-grand-cherokee-61-nockenwelle-ventiltrieb","12":"product_tag-300c","13":"product_tag-6-1","14":"product_tag-challenger","15":"product_tag-charger","16":"product_tag-chrysler","17":"product_tag-dodge","18":"product_tag-dodge-challenger","19":"product_tag-einlass","20":"product_tag-grand-cherokee","21":"product_tag-jeep","22":"product_tag-magnum","23":"product_tag-mopar","24":"product_tag-mopar10","25":"product_tag-pushrod","26":"product_tag-srt","27":"product_tag-srt-8","28":"product_tag-srt8","29":"product_tag-stoesselstange","30":"product_tag-ventilfuehrung","32":"first","33":"instock","34":"taxable","35":"shipping-taxable","36":"purchasable","37":"product-type-simple"},"bundled_by":[],"bundle_stock_status":"instock","bundle_stock_quantity":2,"bundle_virtual":false,"bundle_layout":"","bundle_add_to_cart_form_location":"","bundle_editable_in_cart":false,"bundle_sold_individually_context":"","bundle_item_grouping":"","bundle_min_size":"","bundle_max_size":"","bundle_price":[],"bundled_items":[],"bundle_sell_ids":[],"exclude_global_add_ons":[],"addons":[],"acf":[],"_links":{"self":[{"href":"https:\/\/kraftwerk-shop.cc\/it\/wp-json\/wp\/v2\/product\/68314508","targetHints":{"allow":["GET"]}}],"collection":[{"href":"https:\/\/kraftwerk-shop.cc\/it\/wp-json\/wp\/v2\/product"}],"about":[{"href":"https:\/\/kraftwerk-shop.cc\/it\/wp-json\/wp\/v2\/types\/product"}],"replies":[{"embeddable":true,"href":"https:\/\/kraftwerk-shop.cc\/it\/wp-json\/wp\/v2\/comments?post=68314508"}],"version-history":[{"count":0,"href":"https:\/\/kraftwerk-shop.cc\/it\/wp-json\/wp\/v2\/product\/68314508\/revisions"}],"wp:featuredmedia":[{"embeddable":true,"href":"https:\/\/kraftwerk-shop.cc\/it\/wp-json\/wp\/v2\/media\/68314513"}],"wp:attachment":[{"href":"https:\/\/kraftwerk-shop.cc\/it\/wp-json\/wp\/v2\/media?parent=68314508"}],"wp:term":[{"taxonomy":"product_brand","embeddable":true,"href":"https:\/\/kraftwerk-shop.cc\/it\/wp-json\/wp\/v2\/product_brand?post=68314508"},{"taxonomy":"product_cat","embeddable":true,"href":"https:\/\/kraftwerk-shop.cc\/it\/wp-json\/wp\/v2\/product_cat?post=68314508"},{"taxonomy":"product_tag","embeddable":true,"href":"https:\/\/kraftwerk-shop.cc\/it\/wp-json\/wp\/v2\/product_tag?post=68314508"}],"curies":[{"name":"wp","href":"https:\/\/api.w.org\/{rel}","templated":true}]}}