{"id":68314601,"date":"2025-01-26T03:07:55","date_gmt":"2025-01-26T02:07:55","guid":{"rendered":"https:\/\/kraftwerk-shop.cc\/?post_type=product&#038;p=68314601"},"modified":"2026-03-31T12:25:08","modified_gmt":"2026-03-31T10:25:08","slug":"brisk-silver-racing-rr14s-candele-di-accensione","status":"publish","type":"product","link":"https:\/\/kraftwerk-shop.cc\/it\/produkt\/brisk-silver-racing-rr14s-zuendkerzen\/","title":{"rendered":"Candele Brisk Silver Racing RR14S (16 pezzi)"},"content":{"rendered":"<h1>Candele Brisk Silver Racing RR14S per Chrysler, Dodge e Jeep 5.7, 6.1 e 6.4<\/h1>\n<p>&nbsp;<\/p>\n<p>Le candele Brisk Silver Racing sono state sviluppate appositamente per i veicoli ad alte prestazioni.<br \/>\nL'elettrodo centrale d'argento \u00e8 un eccellente conduttore di elettricit\u00e0 e calore.<br \/>\nLa maggiore accendibilit\u00e0 della candela aumenta le prestazioni del motore.<br \/>\n\u00c8 necessaria una tensione di accensione inferiore.<br \/>\nBuona resistenza alla contaminazione e migliori propriet\u00e0 di avviamento.<\/p>\n<p>&nbsp;<\/p>\n<ul>\n<li>Diametro della filettatura: 14 mm<\/li>\n<li>Intervallo di filettatura: 25 mm -1\".<\/li>\n<li>Esagono: 16 mm -5\/8\u2033<\/li>\n<li>Tipo di sede: conica<\/li>\n<li>Versione: Argento da corsa<\/li>\n<li>Resistenza: S\u00ec<\/li>\n<li>Proiezione: No<\/li>\n<li>Valore termico: 14<\/li>\n<\/ul>\n<p>&nbsp;<\/p>\n<p>Le candele Brisk Silver Racing hanno un nucleo d'argento di diametro ridotto e un elettrodo convenzionale a massa aperta che garantisce prestazioni eccellenti nell'accensione di miscele di carburante ad alto numero di ottani.<\/p>\n<p>L'argento metallico \u00e8 il materiale migliore per l'elettrodo centrale di una candela di accensione, in quanto \u00e8 in grado di dissipare rapidamente il calore, con una conseguente riduzione della temperatura complessiva della candela e una scintilla pi\u00f9 forte.<\/p>\n<p>Pi\u00f9 forte \u00e8 la scintilla, pi\u00f9 veloce e migliore \u00e8 il fronte di fiamma e la velocit\u00e0 della fiamma, che porta a una gamma di velocit\u00e0 pi\u00f9 fluida e pi\u00f9 elevata nei motori.<\/p>\n<p>La gamma Brisk Silver Racing funziona bene con la maggior parte dei sistemi di accensione aftermarket e OEM, dalla semplice bobina e dallo spinterogeno all'accensione elettronica e ai sistemi di accensione diretta ad alte prestazioni utilizzati sui moderni motori a iniezione diretta e portuale.<\/p>\n<p>&nbsp;<\/p>\n<p><strong>Adatto per:<\/strong><\/p>\n<div>\n<p>Motori 5.7 Hemi (2 stadi pi\u00f9 freddi rispetto alle spine di serie) fino al 2008 incluso<br \/>\nMotori 6.1 SRT8 (2 stadi pi\u00f9 freddi rispetto ai tappi di serie)<br \/>\nMotori 6.1 SRT8 (1 stadio pi\u00f9 freddo rispetto alle spine di serie)<\/p>\n<p>Queste candele sono adatte ai motori turbocompressi con pressione di sovralimentazione fino a 7 PSI.<\/p>\n<\/div>\n<p>&nbsp;<\/p>\n<p><strong>Ambito di fornitura:<\/strong><\/p>\n<ul>\n<li>16 candele Brisk Silver Racing RR14S<\/li>\n<\/ul>\n<div>\n<p>&nbsp;<\/p>\n<\/div>","protected":false},"excerpt":{"rendered":"<p>Brisk Silver Racing RR14S Z\u00fcndkerzen f\u00fcr Chrysler, Dodge und Jeep 5.7, 6.1 und 6.4 &nbsp; Brisk Silver Racing Z\u00fcndkerzen sind<\/p>","protected":false},"featured_media":68274756,"comment_status":"open","ping_status":"closed","template":"","meta":{"_acf_changed":false},"product_brand":[18923],"product_cat":[10262,7261,7272,7277,7294,7298,7316,7324,7332,7343,7353,7362,7368,7373,7393,7402,7412,7418],"product_tag":[52,8893,8882,8895,8890,8923,8910,8902,8855,8870,1074,8922,8881,8912,8918,8919,8876,8887,8917,8909,8879,8920,8914,8891,8874,8883,8921,8916,8886,8899,8913,8907,54,8878,8877,8868,8872,53,8862,48,8897,8892,8896,8852,8857,8856,8894,8858,8854,94,49,8880,8875,8873,8871,8869,8860,8863,8861,8864,8865,8884,8888,8889,8885,56,8904,8900,8898,8905,50,8906,8901,8903,55,1077,8915,8908,8911,1129,10550,1076,1073,8851,8867,8859,8866,8853],"class_list":{"0":"post-68314601","1":"product","2":"type-product","3":"status-publish","4":"has-post-thumbnail","6":"product_brand-brisk","7":"product_cat-alle-produkte","8":"product_cat-300c-57-2005-2010-zuendung","9":"product_cat-300c-61-zuendung","10":"product_cat-300c-64-zuendung","11":"product_cat-challenger-61-zuendung","12":"product_cat-challenger-64-zuendung","13":"product_cat-charger-57-zuendung","14":"product_cat-charger-61-zuendung","15":"product_cat-charger-64-zuendung","16":"product_cat-durango-57-zuendung","17":"product_cat-durango-64-zuendung","18":"product_cat-magnum-57-zuendung","19":"product_cat-magnum-61-zuendung","20":"product_cat-commander-zuendung","21":"product_cat-grand-cherokee-57-2005-2010-zuendung","22":"product_cat-grand-cherokee-61-zuendung","23":"product_cat-grand-cherokee-64-zuendung","24":"product_cat-wagoneer-64-zuendung","25":"product_tag-300c","26":"product_tag-300c-brisk-performance-zuendkerzen","27":"product_tag-beste-brisk-zuendkerzen-challenger","28":"product_tag-beste-brisk-zuendkerzen-fuer-chrysler-300c","29":"product_tag-beste-brisk-zuendkerzen-fuer-durango","30":"product_tag-beste-brisk-zuendkerzen-fuer-jeep-und-dodge","31":"product_tag-beste-brisk-zuendkerzen-fuer-ram-1500","32":"product_tag-beste-brisk-zuendkerzen-grand-cherokee","33":"product_tag-beste-zuendkerzen-300c","34":"product_tag-beste-zuendkerzen-challenger","35":"product_tag-brisk","36":"product_tag-brisk-ersatzteile-fuer-ram","37":"product_tag-brisk-hochleistungszuendkerzen-challenger","38":"product_tag-brisk-hochleistungszuendkerzen-ram","39":"product_tag-brisk-hochleistungszuendkerzen-v8","40":"product_tag-brisk-performance-zuendkerzen-hemi","41":"product_tag-brisk-silver-racing-dodge-challenger","42":"product_tag-brisk-silver-racing-zuendkerzen-durango","43":"product_tag-brisk-silver-racing-zuendkerzen-fuer-hemi","44":"product_tag-brisk-silver-racing-zuendkerzen-ram","45":"product_tag-brisk-tuning-zuendkerzen-challenger","46":"product_tag-brisk-tuning-zuendkerzen-fuer-chrysler","47":"product_tag-brisk-tuning-zuendkerzen-fuer-ram-hemi","48":"product_tag-brisk-zuendkerzen-chrysler-300c","49":"product_tag-brisk-zuendkerzen-dodge-challenger","50":"product_tag-brisk-zuendkerzen-dodge-durango","51":"product_tag-brisk-zuendkerzen-fuer-amerikanische-autos","52":"product_tag-brisk-zuendkerzen-fuer-dodge-und-jeep","53":"product_tag-brisk-zuendkerzen-fuer-durango","54":"product_tag-brisk-zuendkerzen-jeep-grand-cherokee","55":"product_tag-brisk-zuendkerzen-kaufen-ram","56":"product_tag-brisk-zuendkerzen-ram","57":"product_tag-challenger","58":"product_tag-challenger-brisk-performance-zuendkerzen","59":"product_tag-challenger-hemi-brisk-zuendkerzen","60":"product_tag-challenger-zuendkerzen-set","61":"product_tag-challenger-zuendkerzen-wechsel","62":"product_tag-charger","63":"product_tag-charger-zuendkerzen-kaufen","64":"product_tag-chrysler","65":"product_tag-chrysler-300c-brisk-ersatzteile","66":"product_tag-chrysler-300c-brisk-silver-racing","67":"product_tag-chrysler-300c-brisk-zuendkerzen-kaufen","68":"product_tag-chrysler-300c-ersatzteile","69":"product_tag-chrysler-300c-originalteile","70":"product_tag-chrysler-300c-performance-zuendkerzen","71":"product_tag-chrysler-300c-tuning-brisk-zuendkerzen","72":"product_tag-chrysler-300c-zuendkerzen-preis","73":"product_tag-chrysler-300c-zuendkerzen-wechsel","74":"product_tag-commander","75":"product_tag-dodge","76":"product_tag-dodge-challenger-brisk-ersatzteile","77":"product_tag-dodge-challenger-brisk-zuendkerzen","78":"product_tag-dodge-challenger-ersatzteile","79":"product_tag-dodge-challenger-srt-zuendkerzen","80":"product_tag-dodge-challenger-tuning","81":"product_tag-dodge-charger-ersatzteile","82":"product_tag-dodge-charger-performance","83":"product_tag-dodge-charger-tuning-zuendkerzen","84":"product_tag-dodge-charger-zuendkerzen-set","85":"product_tag-dodge-charger-zuendkerzen-vergleich","86":"product_tag-dodge-durango-brisk-performance-zuendkerzen","87":"product_tag-durango-brisk-hochleistungszuendkerzen","88":"product_tag-durango-brisk-tuning-zuendkerzen","89":"product_tag-durango-hemi-brisk-zuendkerzen","90":"product_tag-grand-cherokee","91":"product_tag-grand-cherokee-brisk-tuning-zuendkerzen","92":"product_tag-grand-cherokee-hemi-brisk-zuendkerzen","93":"product_tag-hochleistungszuendkerzen-chrysler-300c-brisk","94":"product_tag-hochleistungszuendkerzen-jeep-grand-cherokee-brisk","95":"product_tag-jeep","96":"product_tag-jeep-grand-cherokee-brisk-ersatzteile","97":"product_tag-jeep-grand-cherokee-brisk-silver-racing","98":"product_tag-jeep-grand-cherokee-performance-zuendkerzen-brisk","99":"product_tag-magnum","100":"product_tag-racing","101":"product_tag-ram-brisk-ersatzteile","102":"product_tag-ram-hemi-brisk-zuendkerzen","103":"product_tag-ram-trx-brisk-performance-zuendkerzen","104":"product_tag-rr12s","105":"product_tag-rr14s","106":"product_tag-silver","107":"product_tag-zuendkerzen","108":"product_tag-zuendkerzen-chrysler-300c","109":"product_tag-zuendkerzen-dodge-challenger","110":"product_tag-zuendkerzen-dodge-charger","111":"product_tag-zuendkerzen-dodge-charger-srt","112":"product_tag-zuendkerzen-fuer-chrysler-300c","114":"first","115":"outofstock","116":"taxable","117":"shipping-taxable","118":"purchasable","119":"product-type-simple"},"bundled_by":[],"bundle_stock_status":"outofstock","bundle_stock_quantity":0,"bundle_virtual":false,"bundle_layout":"","bundle_add_to_cart_form_location":"","bundle_editable_in_cart":false,"bundle_sold_individually_context":"","bundle_item_grouping":"","bundle_min_size":"","bundle_max_size":"","bundle_price":[],"bundled_items":[],"bundle_sell_ids":[],"exclude_global_add_ons":[],"addons":[],"acf":[],"_links":{"self":[{"href":"https:\/\/kraftwerk-shop.cc\/it\/wp-json\/wp\/v2\/product\/68314601","targetHints":{"allow":["GET"]}}],"collection":[{"href":"https:\/\/kraftwerk-shop.cc\/it\/wp-json\/wp\/v2\/product"}],"about":[{"href":"https:\/\/kraftwerk-shop.cc\/it\/wp-json\/wp\/v2\/types\/product"}],"replies":[{"embeddable":true,"href":"https:\/\/kraftwerk-shop.cc\/it\/wp-json\/wp\/v2\/comments?post=68314601"}],"version-history":[{"count":0,"href":"https:\/\/kraftwerk-shop.cc\/it\/wp-json\/wp\/v2\/product\/68314601\/revisions"}],"wp:featuredmedia":[{"embeddable":true,"href":"https:\/\/kraftwerk-shop.cc\/it\/wp-json\/wp\/v2\/media\/68274756"}],"wp:attachment":[{"href":"https:\/\/kraftwerk-shop.cc\/it\/wp-json\/wp\/v2\/media?parent=68314601"}],"wp:term":[{"taxonomy":"product_brand","embeddable":true,"href":"https:\/\/kraftwerk-shop.cc\/it\/wp-json\/wp\/v2\/product_brand?post=68314601"},{"taxonomy":"product_cat","embeddable":true,"href":"https:\/\/kraftwerk-shop.cc\/it\/wp-json\/wp\/v2\/product_cat?post=68314601"},{"taxonomy":"product_tag","embeddable":true,"href":"https:\/\/kraftwerk-shop.cc\/it\/wp-json\/wp\/v2\/product_tag?post=68314601"}],"curies":[{"name":"wp","href":"https:\/\/api.w.org\/{rel}","templated":true}]}}