{"id":68314880,"date":"2025-02-01T22:21:25","date_gmt":"2025-02-01T21:21:25","guid":{"rendered":"https:\/\/kraftwerk-shop.cc\/?post_type=product&#038;p=68314880"},"modified":"2026-04-07T17:42:31","modified_gmt":"2026-04-07T15:42:31","slug":"aggiornamento-pompa-acqua-ram-cummins-68461455aa","status":"publish","type":"product","link":"https:\/\/kraftwerk-shop.cc\/it\/produkt\/upgrade-wasserpumpe-ram-cummins-68461455aa\/","title":{"rendered":"Aggiornamento della pompa dell'acqua di raffreddamento RAM 5.9 &amp; 6.7 Cummins"},"content":{"rendered":"<h1>Aggiornamento della pompa dell'acqua di raffreddamento per RAM 2500 e 3500 5.9 e 6.7 Cummins dal 2001 al 2012<\/h1>\n<p>&nbsp;<\/p>\n<p><strong>Numeri di confronto Mopar:<\/strong> <span class=\"list-value\">5003665AB, 5010964AB, 5086959AA, 5086959AB, 68003402AA, 68003402AB, R5086959AB, R8003402AA, R8003402AB<\/span>, <span class=\"list-value sku-display\">68461455AA<\/span><\/p>\n<p>&nbsp;<\/p>\n<p><strong>Propriet\u00e0<\/strong><\/p>\n<ul>\n<li>Cuscinetti cementati<\/li>\n<li>Superfici precise lavorate a CNC<\/li>\n<li>Ruota in metallo (il ricambio originale Mopar utilizza una fragile ruota in plastica)<\/li>\n<li>Compresa la guarnizione della pompa dell'acqua<\/li>\n<\/ul>\n<p>&nbsp;<\/p>\n<p><strong>Vantaggi dei cuscinetti cementato<\/strong><\/p>\n<p>Questa pompa dell'acqua di raffreddamento utilizza cuscinetti cementati sviluppati secondo le specifiche del produttore originale per soddisfare i requisiti specifici di coppia radiale e carico assiale di ogni applicazione.<br \/>\nQuesti cuscinetti cementati di alta qualit\u00e0 hanno una maggiore capacit\u00e0 di carico e sono robusti all'esterno ma flessibili all'interno. Questo li rende ideali per resistere agli squilibri o alle vibrazioni del sistema di raffreddamento.<\/p>\n<p>&nbsp;<\/p>\n<ul>\n<li>Lunga durata di vita<\/li>\n<li>Elevata capacit\u00e0 di carico<\/li>\n<li>Resistente all'esterno e flessibile all'interno<\/li>\n<li>Resiste a squilibri o vibrazioni del sistema di raffreddamento<\/li>\n<\/ul>\n<p>&nbsp;<\/p>\n<p><strong>Vantaggi delle superfici fresate a CNC di precisione<\/strong><\/p>\n<p>La pompa dell'acqua viene prodotta secondo le specifiche della fusione originale e tutte le superfici di montaggio vengono poi fresate a CNC.<br \/>\nCi\u00f2 consente una facile installazione e garantisce una tenuta precisa di tutte le superfici unite. Un collegamento a prova di perdite assicura una lunga durata dei componenti e la massima efficienza.<\/p>\n<p>&nbsp;<\/p>\n<ul>\n<li>Accuratezza garantita dell'accoppiamento con i componenti corrispondenti<\/li>\n<li>Previene le perdite<\/li>\n<li>Ispezionati e testati secondo gli standard ISO9001:2015<\/li>\n<\/ul>\n<p>&nbsp;<\/p>\n<p><strong>Vantaggi delle giranti in metallo<\/strong><\/p>\n<p>Le giranti in metallo sono di gran lunga superiori a quelle in plastica. Utilizzando giranti in metallo, una pompa dell'acqua pu\u00f2 sopportare coppie pi\u00f9 elevate e temperature pi\u00f9 alte.<br \/>\nQuesto non solo contribuisce a migliorare le prestazioni, ma previene anche i guasti ai componenti causati da ruote rotte o deformate.<\/p>\n<p>&nbsp;<\/p>\n<ul>\n<li>Resiste alle alte temperature<\/li>\n<li>Resistente ai prodotti chimici<\/li>\n<li>Potente alle alte velocit\u00e0<\/li>\n<li>Non si deforma<\/li>\n<li>Resiste a forze di coppia elevate<\/li>\n<li>Non si scheggia<\/li>\n<li>Nessuna crepa durante la pressatura<\/li>\n<li>Estremamente resistente<\/li>\n<li>Resiste alle tolleranze dei motori con elevato chilometraggio<\/li>\n<\/ul>\n<p>&nbsp;<\/p>\n<p><strong>Adatto per:<\/strong><\/p>\n<table width=\"1004\">\n<tbody>\n<tr>\n<td width=\"82\"><strong>Anno di costruzione<\/strong><\/td>\n<td width=\"82\"><strong>Marchio<\/strong><\/td>\n<td width=\"124\"><strong>Modello<\/strong><\/td>\n<td width=\"512\"><strong>Versione<\/strong><\/td>\n<td width=\"204\"><strong>Motore<\/strong><\/td>\n<\/tr>\n<tr>\n<td width=\"82\">2012<\/td>\n<td width=\"82\">Ram<\/td>\n<td width=\"124\">2500<\/td>\n<td width=\"512\">Laramie, Laramie Longhorn, Outdoorman, SLT, ST<\/td>\n<td width=\"204\">6.7L<\/td>\n<\/tr>\n<tr>\n<td width=\"82\">2012<\/td>\n<td width=\"82\">Ram<\/td>\n<td width=\"124\">3500<\/td>\n<td width=\"512\">Laramie, Laramie Longhorn, SLT, ST<\/td>\n<td width=\"204\">6.7L<\/td>\n<\/tr>\n<tr>\n<td width=\"82\">2011<\/td>\n<td width=\"82\">Ram<\/td>\n<td width=\"124\">2500<\/td>\n<td width=\"512\">Laramie, Laramie Longhorn, SLT, ST<\/td>\n<td width=\"204\">6.7L<\/td>\n<\/tr>\n<tr>\n<td width=\"82\">2011<\/td>\n<td width=\"82\">Ram<\/td>\n<td width=\"124\">3500<\/td>\n<td width=\"512\">Laramie, Laramie Longhorn, SLT, ST<\/td>\n<td width=\"204\">6.7L<\/td>\n<\/tr>\n<tr>\n<td width=\"82\">2010<\/td>\n<td width=\"82\">Dodge<\/td>\n<td width=\"124\">Ram 2500<\/td>\n<td width=\"512\">Laramie, SLT, ST, TRX<\/td>\n<td width=\"204\">6.7L<\/td>\n<\/tr>\n<tr>\n<td width=\"82\">2010<\/td>\n<td width=\"82\">Dodge<\/td>\n<td width=\"124\">Ram 3500<\/td>\n<td width=\"512\">Laramie, SLT, ST<\/td>\n<td width=\"204\">6.7L<\/td>\n<\/tr>\n<tr>\n<td width=\"82\">2009<\/td>\n<td width=\"82\">Dodge<\/td>\n<td width=\"124\">Ram 2500<\/td>\n<td width=\"512\">Laramie, SLT, ST, SXT<\/td>\n<td width=\"204\">5.9L, 6.7L<\/td>\n<\/tr>\n<tr>\n<td width=\"82\">2009<\/td>\n<td width=\"82\">Dodge<\/td>\n<td width=\"124\">Ram 3500<\/td>\n<td width=\"512\">Laramie, SLT, ST, SXT<\/td>\n<td width=\"204\">6.7L<\/td>\n<\/tr>\n<tr>\n<td width=\"82\">2008<\/td>\n<td width=\"82\">Dodge<\/td>\n<td width=\"124\">Ram 2500<\/td>\n<td width=\"512\">Laramie, SLT, ST, SXT<\/td>\n<td width=\"204\">5.9L, 6.7L<\/td>\n<\/tr>\n<tr>\n<td width=\"82\">2008<\/td>\n<td width=\"82\">Dodge<\/td>\n<td width=\"124\">Ram 3500<\/td>\n<td width=\"512\">Laramie, SLT, ST<\/td>\n<td width=\"204\">5.9L, 6.7L<\/td>\n<\/tr>\n<tr>\n<td width=\"82\">2007<\/td>\n<td width=\"82\">Dodge<\/td>\n<td width=\"124\">Ram 2500<\/td>\n<td width=\"512\">Laramie, SLT, ST, Sport, TRX4<\/td>\n<td width=\"204\">5.9L, 6.7L<\/td>\n<\/tr>\n<tr>\n<td width=\"82\">2007<\/td>\n<td width=\"82\">Dodge<\/td>\n<td width=\"124\">Ram 3500<\/td>\n<td width=\"512\">Laramie, SLT, ST, Sport, TRX4<\/td>\n<td width=\"204\">5.9L, 6.7L<\/td>\n<\/tr>\n<tr>\n<td width=\"82\">2006<\/td>\n<td width=\"82\">Dodge<\/td>\n<td width=\"124\">Ram 2500<\/td>\n<td width=\"512\">Laramie, SLT, ST<\/td>\n<td width=\"204\">5.9L<\/td>\n<\/tr>\n<tr>\n<td width=\"82\">2006<\/td>\n<td width=\"82\">Dodge<\/td>\n<td width=\"124\">Ram 3500<\/td>\n<td width=\"512\">Laramie, SLT, ST<\/td>\n<td width=\"204\">5.9L<\/td>\n<\/tr>\n<tr>\n<td width=\"82\">2005<\/td>\n<td width=\"82\">Dodge<\/td>\n<td width=\"124\">Ram 2500<\/td>\n<td width=\"512\">SLT, ST<\/td>\n<td width=\"204\">5.9L<\/td>\n<\/tr>\n<tr>\n<td width=\"82\">2005<\/td>\n<td width=\"82\">Dodge<\/td>\n<td width=\"124\">Ram 3500<\/td>\n<td width=\"512\">SLT, ST<\/td>\n<td width=\"204\">5.9L<\/td>\n<\/tr>\n<tr>\n<td width=\"82\">2004<\/td>\n<td width=\"82\">Dodge<\/td>\n<td width=\"124\">Ram 2500<\/td>\n<td width=\"512\">SLT, ST<\/td>\n<td width=\"204\">5.9L<\/td>\n<\/tr>\n<tr>\n<td width=\"82\">2004<\/td>\n<td width=\"82\">Dodge<\/td>\n<td width=\"124\">Ram 3500<\/td>\n<td width=\"512\">SLT, ST<\/td>\n<td width=\"204\">5.9L<\/td>\n<\/tr>\n<tr>\n<td width=\"82\">2003<\/td>\n<td width=\"82\">Dodge<\/td>\n<td width=\"124\">Ram 2500<\/td>\n<td width=\"512\">SLT, ST<\/td>\n<td width=\"204\">5.9L<\/td>\n<\/tr>\n<tr>\n<td width=\"82\">2003<\/td>\n<td width=\"82\">Dodge<\/td>\n<td width=\"124\">Ram 3500<\/td>\n<td width=\"512\">SLT, ST<\/td>\n<td width=\"204\">5.9L<\/td>\n<\/tr>\n<tr>\n<td width=\"82\">2002<\/td>\n<td width=\"82\">Dodge<\/td>\n<td width=\"124\">Ram 2500<\/td>\n<td width=\"512\">Base<\/td>\n<td width=\"204\">5.9L<\/td>\n<\/tr>\n<tr>\n<td width=\"82\">2002<\/td>\n<td width=\"82\">Dodge<\/td>\n<td width=\"124\">Ram 3500<\/td>\n<td width=\"512\">Base<\/td>\n<td width=\"204\">5.9L<\/td>\n<\/tr>\n<tr>\n<td width=\"82\">2001<\/td>\n<td width=\"82\">Dodge<\/td>\n<td width=\"124\">Ram 2500<\/td>\n<td width=\"512\">Base<\/td>\n<td width=\"204\">5.9L<\/td>\n<\/tr>\n<tr>\n<td width=\"82\">2001<\/td>\n<td width=\"82\">Dodge<\/td>\n<td width=\"124\">Ram 3500<\/td>\n<td width=\"512\">Base<\/td>\n<td width=\"204\">5.9L<\/td>\n<\/tr>\n<\/tbody>\n<\/table>\n<p>&nbsp;<\/p>","protected":false},"excerpt":{"rendered":"<p>2001 - 2012<\/p>","protected":false},"featured_media":68314883,"comment_status":"open","ping_status":"closed","template":"","meta":{"_acf_changed":false},"product_brand":[],"product_cat":[10262,2929],"product_tag":[18757,18758,18759,18760,506,507,10586,10587,10588,10589,7200,10590,10591,10585,7201,49,5255,6426,10592,10593,10594,86,6333,7666,216,6430,5254,673],"class_list":{"0":"post-68314880","1":"product","2":"type-product","3":"status-publish","4":"has-post-thumbnail","6":"product_cat-alle-produkte","7":"product_cat-67-cummins-kuehlung","8":"product_tag-0003665ab","9":"product_tag-0010964ab","10":"product_tag-0086959aa","11":"product_tag-0086959ab","12":"product_tag-506","13":"product_tag-507","14":"product_tag-5003665ab","15":"product_tag-5010964ab","16":"product_tag-5086959aa","17":"product_tag-5086959ab","18":"product_tag-6-7","19":"product_tag-68003402aa","20":"product_tag-68003402ab","21":"product_tag-68461455aa","22":"product_tag-cummins","23":"product_tag-dodge","24":"product_tag-kuehlwasserpumpe","25":"product_tag-luefterkupplung","26":"product_tag-r5086959ab","27":"product_tag-r8003402aa","28":"product_tag-r8003402ab","29":"product_tag-ram","30":"product_tag-ram-2500","31":"product_tag-ram-3500","32":"product_tag-upgrade","33":"product_tag-usmotor","34":"product_tag-wasserpumpe","35":"product_tag-zubehoer","37":"first","38":"instock","39":"taxable","40":"shipping-taxable","41":"purchasable","42":"product-type-simple"},"bundled_by":[],"bundle_stock_status":"instock","bundle_stock_quantity":1,"bundle_virtual":false,"bundle_layout":"","bundle_add_to_cart_form_location":"","bundle_editable_in_cart":false,"bundle_sold_individually_context":"","bundle_item_grouping":"","bundle_min_size":"","bundle_max_size":"","bundle_price":[],"bundled_items":[],"bundle_sell_ids":[],"exclude_global_add_ons":[],"addons":[],"acf":[],"_links":{"self":[{"href":"https:\/\/kraftwerk-shop.cc\/it\/wp-json\/wp\/v2\/product\/68314880","targetHints":{"allow":["GET"]}}],"collection":[{"href":"https:\/\/kraftwerk-shop.cc\/it\/wp-json\/wp\/v2\/product"}],"about":[{"href":"https:\/\/kraftwerk-shop.cc\/it\/wp-json\/wp\/v2\/types\/product"}],"replies":[{"embeddable":true,"href":"https:\/\/kraftwerk-shop.cc\/it\/wp-json\/wp\/v2\/comments?post=68314880"}],"version-history":[{"count":0,"href":"https:\/\/kraftwerk-shop.cc\/it\/wp-json\/wp\/v2\/product\/68314880\/revisions"}],"wp:featuredmedia":[{"embeddable":true,"href":"https:\/\/kraftwerk-shop.cc\/it\/wp-json\/wp\/v2\/media\/68314883"}],"wp:attachment":[{"href":"https:\/\/kraftwerk-shop.cc\/it\/wp-json\/wp\/v2\/media?parent=68314880"}],"wp:term":[{"taxonomy":"product_brand","embeddable":true,"href":"https:\/\/kraftwerk-shop.cc\/it\/wp-json\/wp\/v2\/product_brand?post=68314880"},{"taxonomy":"product_cat","embeddable":true,"href":"https:\/\/kraftwerk-shop.cc\/it\/wp-json\/wp\/v2\/product_cat?post=68314880"},{"taxonomy":"product_tag","embeddable":true,"href":"https:\/\/kraftwerk-shop.cc\/it\/wp-json\/wp\/v2\/product_tag?post=68314880"}],"curies":[{"name":"wp","href":"https:\/\/api.w.org\/{rel}","templated":true}]}}