{"id":68315184,"date":"2025-02-09T00:10:21","date_gmt":"2025-02-08T23:10:21","guid":{"rendered":"https:\/\/kraftwerk-shop.cc\/?post_type=product&#038;p=68315184"},"modified":"2026-02-15T01:17:42","modified_gmt":"2026-02-15T00:17:42","slug":"mishimoto-radiatore-in-alluminio-ram-cummins","status":"publish","type":"product","link":"https:\/\/kraftwerk-shop.cc\/it\/produkt\/mishimoto-aluminiumkuehler-ram-cummins\/","title":{"rendered":"Radiatore in alluminio Mishimoto RAM 6.7 Cummins"},"content":{"rendered":"<h1 data-pm-slice=\"1 1 []\"><strong>Radiatore in alluminio Mishimoto per 2019+ RAM 6.7L Cummins<br \/>\n<\/strong><\/h1>\n<p>&nbsp;<\/p>\n<h4>Massime prestazioni di raffreddamento, massima qualit\u00e0 e durata impareggiabile per il vostro carrello RAM<\/h4>\n<p data-pm-slice=\"1 1 []\">Il <strong>Radiatore in alluminio Mishimoto <\/strong>per il <strong>2019 RAM 6.7L Cummins<\/strong> \u00e8 una soluzione di raffreddamento ad alte prestazioni, sviluppata appositamente per le elevate esigenze dei potenti sistemi di motori diesel. Stabilisce nuovi standard in termini di dissipazione del calore, durata ed efficienza di raffreddamento. Sia che utilizziate il vostro camion RAM per la guida su strada, per le avventure fuoristrada o per le condizioni di lavoro pi\u00f9 impegnative, questo radiatore ad alte prestazioni garantisce una temperatura di esercizio ottimale e protegge il motore dal surriscaldamento.<\/p>\n<p>Grazie alla sua <strong>Costruzione interamente in alluminio<\/strong> offre prestazioni di raffreddamento migliori rispetto ai radiatori standard in plastica e alluminio ed \u00e8 anche molto pi\u00f9 resistente alla corrosione e alle sollecitazioni meccaniche. Il design preciso garantisce <strong>Montaggio diretto in OEM<\/strong>in modo che l'installazione possa essere eseguita facilmente e senza modifiche.<\/p>\n<p>La leggendaria affidabilit\u00e0 e le prestazioni del 6.7L Cummins nel Ram Dodge lo hanno reso uno dei camion pi\u00f9 popolari al mondo quando si tratta di svolgere lavori pesanti. Ma ogni leggenda ha i suoi punti deboli e sul Ram Dodge il radiatore di serie \u00e8 uno di questi. I serbatoi in plastica del radiatore originale del Ram tendono a rompersi e a perdere con il tempo. In combinazione con il carico aggiuntivo e l'elevato sviluppo di calore causato dal traino di carichi pesanti, questo crea un vero problema.<\/p>\n<p>Il radiatore in alluminio Mishimoto RAM 6.7 Cummins \u00e8 l'aggiornamento perfetto per il vostro Cummins-Ram. Con la sua struttura interamente in alluminio e saldata a TIG, il radiatore offre una soluzione robusta per il vostro veicolo. Con una capacit\u00e0 del fluido maggiore di 28 %, potrete aumentare le prestazioni del vostro camion senza preoccuparvi del surriscaldamento. Il radiatore Mishimoto \u00e8 progettato specificamente per il Ram 2500\/3500 2019+ per garantire un adattamento e una funzionalit\u00e0 ottimali. Godetevi la qualit\u00e0 e l'affidabilit\u00e0 del radiatore in alluminio Mishimoto per il vostro RAM Cummins.<\/p>\n<p>&nbsp;<\/p>\n<h2 data-pm-slice=\"1 3 []\"><strong>Caratteristiche e vantaggi principali<\/strong><\/h2>\n<p>&nbsp;<\/p>\n<h4><strong>1. migliori prestazioni di raffreddamento grazie al nucleo in alluminio<\/strong><\/h4>\n<p>Il radiatore Mishimoto ha un <strong>Anima in alluminio ad alte prestazioni<\/strong> con canali di raffreddamento sigillati e alette di raffreddamento ottimizzate. Questi garantiscono un miglioramento significativo <strong>Dissipazione del calore<\/strong> rispetto al radiatore standard. Ci\u00f2 significa<\/p>\n<ul>\n<li><strong>Raffreddamento del motore pi\u00f9 efficiente<\/strong>anche con carichi pesanti o temperature estreme<\/li>\n<li><strong>Maggiore durata del motore<\/strong>poich\u00e9 \u00e8 protetto da temperature di esercizio pi\u00f9 stabili<\/li>\n<li><strong>Riduzione del carico sulla pompa dell'acqua<\/strong>poich\u00e9 il miglioramento dello scambio termico richiede un minore apporto di energia<\/li>\n<\/ul>\n<h4><\/h4>\n<p>&nbsp;<\/p>\n<h4><strong>2. 100 Struttura in alluminio % - Robusta e durevole<\/strong><\/h4>\n<p>Questo radiatore \u00e8 realizzato in alta qualit\u00e0, <strong>Alluminio completamente saldato<\/strong> fabbricato. Questo offre i seguenti vantaggi:<\/p>\n<ul>\n<li><strong>Nessun serbatoio di plastica<\/strong> - a differenza dei radiatori standard, che sono suscettibili di crepe e perdite con i collegamenti in plastica<\/li>\n<li><strong>Maggiore resistenza<\/strong> contro vibrazioni, variazioni di pressione e carichi meccanici<\/li>\n<li><strong>Resistente alla corrosione<\/strong> - L'alluminio resiste meglio all'usura chimica causata dai refrigeranti rispetto alle parti in plastica.<\/li>\n<\/ul>\n<h4><\/h4>\n<p>&nbsp;<\/p>\n<h4><strong>3. maggiore capacit\u00e0 per prestazioni di raffreddamento pi\u00f9 efficienti<\/strong><\/h4>\n<p>Attraverso il <strong>Aumento della capacit\u00e0 del refrigerante<\/strong> \u00e8 possibile assorbire e dissipare in modo efficiente una maggiore quantit\u00e0 di calore. Ci\u00f2 \u00e8 particolarmente importante per:<\/p>\n<ul>\n<li><strong>Carichi pesanti e utilizzo di rimorchi<\/strong>dove il motore \u00e8 particolarmente sollecitato<\/li>\n<li><strong>Miglioramenti e messa a punto delle prestazioni<\/strong>poich\u00e9 i motori ottimizzati richiedono un raffreddamento migliore<\/li>\n<li><strong>Zone a clima caldo<\/strong>dove i refrigeratori standard raggiungono spesso i loro limiti<\/li>\n<\/ul>\n<h4><\/h4>\n<p>&nbsp;<\/p>\n<h4><strong>4. perfetta vestibilit\u00e0 OEM - facile installazione<\/strong><\/h4>\n<p>Il radiatore in alluminio Mishimoto \u00e8 <strong>Vestibilit\u00e0 perfetta<\/strong> per il <strong>2019 RAM 6.7L Cummins<\/strong> \u00e8 stato sviluppato. Ci\u00f2 significa<\/p>\n<ul>\n<li><strong>Installazione Plug &amp; Play<\/strong> senza aggiustamenti o modifiche<\/li>\n<li><strong>Punti di fissaggio e collegamenti adeguati<\/strong>che consentono una sostituzione semplice con il radiatore standard.<\/li>\n<li><strong>Compatibilit\u00e0 con i tubi e i raccordi del refrigerante OEM<\/strong><\/li>\n<\/ul>\n<h4><\/h4>\n<p>&nbsp;<\/p>\n<h4><strong>5. miglioramento delle prestazioni e dell'efficienza di guida<\/strong><\/h4>\n<p>Grazie al raffreddamento ottimizzato, questo radiatore non solo migliora la durata del motore, ma ha anche un effetto positivo sulle prestazioni:<\/p>\n<ul>\n<li><strong>Temperature costanti anche con carichi elevati<\/strong> significa che il vostro carrello RAM lavora sempre alla massima efficienza.<\/li>\n<li><strong>Minore carico termico sul motore<\/strong> garantisce una combustione pi\u00f9 stabile del carburante e prestazioni costanti.<\/li>\n<li><strong>Estensione della durata dell'intero sistema di raffreddamento<\/strong>poich\u00e9 il refrigerante \u00e8 sottoposto a minori sollecitazioni.<\/li>\n<\/ul>\n<h4><\/h4>\n<p>&nbsp;<\/p>\n<h4><\/h4>\n<h4><strong>Propriet\u00e0<\/strong><\/h4>\n<p>Adattamento diretto per il Ram 6.7L Cummins 2019+.<br \/>\n\u2714 Aumenta la capacit\u00e0 del liquido di 28 % per la massima capacit\u00e0 di raffreddamento<br \/>\n\u2714 Robusta struttura interamente in alluminio con serbatoi e connessioni saldati a TIG<br \/>\nContiene prese di ricambio per prese vecchie o usurate<br \/>\nTubi rinforzati per la massima stabilit\u00e0 e durata.<br \/>\nLouvres con presa d'aria per una migliore dissipazione del calore<\/p>\n<h4 data-pm-slice=\"1 3 []\"><\/h4>\n<h4 data-pm-slice=\"1 3 []\"><\/h4>\n<p>&nbsp;<\/p>\n<h4 data-pm-slice=\"1 3 []\"><strong>Dati tecnici<\/strong><\/h4>\n<ul>\n<li><strong>Materiale:<\/strong> 100 % Alluminio<\/li>\n<li><strong>Costruzione del nucleo:<\/strong> Nucleo in alluminio ad alte prestazioni con alette di raffreddamento ottimizzate<\/li>\n<li><strong>Capacit\u00e0:<\/strong> Maggiore capacit\u00e0 del refrigerante rispetto al radiatore OEM<\/li>\n<li><strong>In forma:<\/strong> Sostituzione diretta OEM per 2019+ RAM 6.7L Cummins<\/li>\n<\/ul>\n<p>&nbsp;<\/p>\n<p>&nbsp;<\/p>\n<h4><strong>Adatto per:<\/strong><\/h4>\n<table width=\"456\">\n<tbody>\n<tr>\n<td width=\"83\"><strong>Anno di costruzione<\/strong><\/td>\n<td width=\"83\"><strong>Marchio<\/strong><\/td>\n<td width=\"290\"><strong>Modello<\/strong><\/td>\n<\/tr>\n<tr>\n<td width=\"83\">2024<\/td>\n<td width=\"83\">RAM<\/td>\n<td width=\"290\">2500 \/ 3500 6.7L Cummins<\/td>\n<\/tr>\n<tr>\n<td width=\"83\">2023<\/td>\n<td width=\"83\">RAM<\/td>\n<td width=\"290\">2500 \/ 3500 6.7L Cummins<\/td>\n<\/tr>\n<tr>\n<td width=\"83\">2022<\/td>\n<td width=\"83\">RAM<\/td>\n<td width=\"290\">2500 \/ 3500 6.7L Cummins<\/td>\n<\/tr>\n<tr>\n<td width=\"83\">2021<\/td>\n<td width=\"83\">RAM<\/td>\n<td width=\"290\">2500 \/ 3500 6.7L Cummins<\/td>\n<\/tr>\n<tr>\n<td width=\"83\">2020<\/td>\n<td width=\"83\">RAM<\/td>\n<td width=\"290\">2500 \/ 3500 6.7L Cummins<\/td>\n<\/tr>\n<tr>\n<td width=\"83\">2019<\/td>\n<td width=\"83\">RAM<\/td>\n<td width=\"290\">2500 \/ 3500 6.7L Cummins<\/td>\n<\/tr>\n<\/tbody>\n<\/table>\n<h4><strong><br \/>\nNote<br \/>\n<\/strong><\/h4>\n<ul>\n<li>Contiene un <strong>tappo di scarico magnetico<\/strong>che raccoglie i residui metallici e le particelle dal sistema di raffreddamento.<\/li>\n<li><strong>Non compatibile con i modelli HO<\/strong><\/li>\n<li>Il core fit \u00e8 progettato per un <strong>Nucleo del radiatore da 34 pollici<\/strong> Se il veicolo \u00e8 dotato di un <strong>Nucleo da 39 pollici<\/strong> questo radiatore non \u00e8 compatibile<\/li>\n<\/ul>\n<p>&nbsp;<\/p>\n<p><iframe loading=\"lazy\" title=\"Installazione radiatore Mishimoto 2019+ Dodge RAM 6 7L Cummins\" width=\"500\" height=\"281\" src=\"https:\/\/www.youtube.com\/embed\/pbBsV231m5Q?feature=oembed\" frameborder=\"0\" allow=\"accelerometer; autoplay; clipboard-write; encrypted-media; gyroscope; picture-in-picture; web-share\" referrerpolicy=\"strict-origin-when-cross-origin\" allowfullscreen><\/iframe><\/p>\n<p>&nbsp;<\/p>","protected":false},"excerpt":{"rendered":"<p>2019 \u2013 2024<\/p>","protected":false},"featured_media":68315190,"comment_status":"open","ping_status":"closed","template":"","meta":{"_acf_changed":false},"product_brand":[18924],"product_cat":[10262,2929],"product_tag":[419,420,2066,2373,4526,6297,7200,4533,7201,49,405,269,274,10627,4534,86,6333,7666,216,3736],"class_list":{"0":"post-68315184","1":"product","2":"type-product","3":"status-publish","4":"has-post-thumbnail","6":"product_brand-mishimoto","7":"product_cat-alle-produkte","8":"product_cat-67-cummins-kuehlung","9":"product_tag-419","10":"product_tag-420","11":"product_tag-2066","12":"product_tag-2373","13":"product_tag-4526","14":"product_tag-6297","15":"product_tag-6-7","16":"product_tag-aluminiumkuehler","17":"product_tag-cummins","18":"product_tag-dodge","19":"product_tag-kuehler","20":"product_tag-kuehlwasser","21":"product_tag-mishimoto","22":"product_tag-mmrad-ram-19","23":"product_tag-motorkuehler","24":"product_tag-ram","25":"product_tag-ram-2500","26":"product_tag-ram-3500","27":"product_tag-upgrade","28":"product_tag-wasserkuehler","29":"product_shipping_class-paket-l","31":"first","32":"onbackorder","33":"taxable","34":"shipping-taxable","35":"purchasable","36":"product-type-simple"},"bundled_by":[],"bundle_stock_status":"onbackorder","bundle_stock_quantity":0,"bundle_virtual":false,"bundle_layout":"","bundle_add_to_cart_form_location":"","bundle_editable_in_cart":false,"bundle_sold_individually_context":"","bundle_item_grouping":"","bundle_min_size":"","bundle_max_size":"","bundle_price":[],"bundled_items":[],"bundle_sell_ids":[],"exclude_global_add_ons":[],"addons":[],"acf":[],"_links":{"self":[{"href":"https:\/\/kraftwerk-shop.cc\/it\/wp-json\/wp\/v2\/product\/68315184","targetHints":{"allow":["GET"]}}],"collection":[{"href":"https:\/\/kraftwerk-shop.cc\/it\/wp-json\/wp\/v2\/product"}],"about":[{"href":"https:\/\/kraftwerk-shop.cc\/it\/wp-json\/wp\/v2\/types\/product"}],"replies":[{"embeddable":true,"href":"https:\/\/kraftwerk-shop.cc\/it\/wp-json\/wp\/v2\/comments?post=68315184"}],"version-history":[{"count":0,"href":"https:\/\/kraftwerk-shop.cc\/it\/wp-json\/wp\/v2\/product\/68315184\/revisions"}],"wp:featuredmedia":[{"embeddable":true,"href":"https:\/\/kraftwerk-shop.cc\/it\/wp-json\/wp\/v2\/media\/68315190"}],"wp:attachment":[{"href":"https:\/\/kraftwerk-shop.cc\/it\/wp-json\/wp\/v2\/media?parent=68315184"}],"wp:term":[{"taxonomy":"product_brand","embeddable":true,"href":"https:\/\/kraftwerk-shop.cc\/it\/wp-json\/wp\/v2\/product_brand?post=68315184"},{"taxonomy":"product_cat","embeddable":true,"href":"https:\/\/kraftwerk-shop.cc\/it\/wp-json\/wp\/v2\/product_cat?post=68315184"},{"taxonomy":"product_tag","embeddable":true,"href":"https:\/\/kraftwerk-shop.cc\/it\/wp-json\/wp\/v2\/product_tag?post=68315184"}],"curies":[{"name":"wp","href":"https:\/\/api.w.org\/{rel}","templated":true}]}}