{"id":68315210,"date":"2025-02-09T13:06:58","date_gmt":"2025-02-09T12:06:58","guid":{"rendered":"https:\/\/kraftwerk-shop.cc\/?post_type=product&#038;p=68315210"},"modified":"2026-02-15T01:17:54","modified_gmt":"2026-02-15T00:17:54","slug":"mishimoto-intercooler-ram-cummins","status":"publish","type":"product","link":"https:\/\/kraftwerk-shop.cc\/it\/produkt\/mishimoto-ladeluftkuehler-ram-cummins\/","title":{"rendered":"Intercooler Mishimoto RAM 6.7 Cummins"},"content":{"rendered":"<h1 data-pm-slice=\"1 1 []\"><strong>Kit intercooler Mishimoto Performance per Ram 6.7L Cummins (2019+)<\/strong><\/h1>\n<p>Il kit intercooler Mishimoto Performance di alta qualit\u00e0 \u00e8 stato sviluppato appositamente per il Ram 6.7L Cummins dell'anno modello 2019. Con un'attenzione particolare al miglioramento delle prestazioni di raffreddamento, dell'efficienza e del motore, questo kit offre risultati ottimali. Con una dissipazione del calore ottimizzata e un volume maggiore, l'intercooler riduce in modo significativo le temperature di aspirazione. Questo porta a un miglioramento del flusso d'aria e, in ultima analisi, a un aumento delle prestazioni del veicolo. Allo stesso tempo, si riduce il carico sul motore. Affidatevi alla tecnologia innovativa di Mishimoto per ottenere il meglio dal vostro RAM Cummins.<\/p>\n<p>&nbsp;<\/p>\n\n\t\t<style type=\"text\/css\">\n\t\t\t#gallery-1 {\n\t\t\t\tmargin: auto;\n\t\t\t}\n\t\t\t#gallery-1 .gallery-item {\n\t\t\t\tfloat: left;\n\t\t\t\tmargin-top: 10px;\n\t\t\t\ttext-align: center;\n\t\t\t\twidth: 33%;\n\t\t\t}\n\t\t\t#gallery-1 img {\n\t\t\t\tborder: 2px solid #cfcfcf;\n\t\t\t}\n\t\t\t#gallery-1 .gallery-caption {\n\t\t\t\tmargin-left: 0;\n\t\t\t}\n\t\t\t\/* see gallery_shortcode() in wp-includes\/media.php *\/\n\t\t<\/style>\n\t\t<div id='gallery-1' class='gallery galleryid-68315210 gallery-columns-3 gallery-size-full'><dl class='gallery-item'>\n\t\t\t<dt class='gallery-icon landscape'>\n\t\t\t\t<a href='https:\/\/kraftwerk-shop.cc\/it\/?attachment_id=68315250'><img decoding=\"async\" width=\"1000\" height=\"900\" src=\"https:\/\/kraftwerk-shop.cc\/wp-content\/uploads\/2025\/02\/Mishimoto_Intercooler_RAM_Cummins_1.webp\" class=\"attachment-full size-full\" alt=\"Intercooler Mishimoto RAM 6.7 Cummins\" srcset=\"https:\/\/kraftwerk-shop.cc\/wp-content\/uploads\/2025\/02\/Mishimoto_Intercooler_RAM_Cummins_1.webp 1000w, https:\/\/kraftwerk-shop.cc\/wp-content\/uploads\/2025\/02\/Mishimoto_Intercooler_RAM_Cummins_1-500x450.webp 500w, https:\/\/kraftwerk-shop.cc\/wp-content\/uploads\/2025\/02\/Mishimoto_Intercooler_RAM_Cummins_1-150x135.webp 150w, https:\/\/kraftwerk-shop.cc\/wp-content\/uploads\/2025\/02\/Mishimoto_Intercooler_RAM_Cummins_1-600x540.webp 600w, https:\/\/kraftwerk-shop.cc\/wp-content\/uploads\/2025\/02\/Mishimoto_Intercooler_RAM_Cummins_1-300x270.webp 300w, https:\/\/kraftwerk-shop.cc\/wp-content\/uploads\/2025\/02\/Mishimoto_Intercooler_RAM_Cummins_1-768x691.webp 768w\" sizes=\"(max-width: 1000px) 100vw, 1000px\" \/><\/a>\n\t\t\t<\/dt><\/dl><dl class='gallery-item'>\n\t\t\t<dt class='gallery-icon landscape'>\n\t\t\t\t<a href='https:\/\/kraftwerk-shop.cc\/it\/?attachment_id=68315251'><img decoding=\"async\" width=\"1000\" height=\"900\" src=\"https:\/\/kraftwerk-shop.cc\/wp-content\/uploads\/2025\/02\/Mishimoto_Intercooler_RAM_Cummins_2.webp\" class=\"attachment-full size-full\" alt=\"Intercooler Mishimoto RAM 6.7 Cummins\" srcset=\"https:\/\/kraftwerk-shop.cc\/wp-content\/uploads\/2025\/02\/Mishimoto_Intercooler_RAM_Cummins_2.webp 1000w, https:\/\/kraftwerk-shop.cc\/wp-content\/uploads\/2025\/02\/Mishimoto_Intercooler_RAM_Cummins_2-500x450.webp 500w, https:\/\/kraftwerk-shop.cc\/wp-content\/uploads\/2025\/02\/Mishimoto_Intercooler_RAM_Cummins_2-150x135.webp 150w, https:\/\/kraftwerk-shop.cc\/wp-content\/uploads\/2025\/02\/Mishimoto_Intercooler_RAM_Cummins_2-600x540.webp 600w, https:\/\/kraftwerk-shop.cc\/wp-content\/uploads\/2025\/02\/Mishimoto_Intercooler_RAM_Cummins_2-300x270.webp 300w, https:\/\/kraftwerk-shop.cc\/wp-content\/uploads\/2025\/02\/Mishimoto_Intercooler_RAM_Cummins_2-768x691.webp 768w\" sizes=\"(max-width: 1000px) 100vw, 1000px\" \/><\/a>\n\t\t\t<\/dt><\/dl><dl class='gallery-item'>\n\t\t\t<dt class='gallery-icon landscape'>\n\t\t\t\t<a href='https:\/\/kraftwerk-shop.cc\/it\/?attachment_id=68315252'><img decoding=\"async\" width=\"1000\" height=\"900\" src=\"https:\/\/kraftwerk-shop.cc\/wp-content\/uploads\/2025\/02\/Mishimoto_Intercooler_RAM_Cummins_3.webp\" class=\"attachment-full size-full\" alt=\"Intercooler Mishimoto RAM 6.7 Cummins\" srcset=\"https:\/\/kraftwerk-shop.cc\/wp-content\/uploads\/2025\/02\/Mishimoto_Intercooler_RAM_Cummins_3.webp 1000w, https:\/\/kraftwerk-shop.cc\/wp-content\/uploads\/2025\/02\/Mishimoto_Intercooler_RAM_Cummins_3-500x450.webp 500w, https:\/\/kraftwerk-shop.cc\/wp-content\/uploads\/2025\/02\/Mishimoto_Intercooler_RAM_Cummins_3-150x135.webp 150w, https:\/\/kraftwerk-shop.cc\/wp-content\/uploads\/2025\/02\/Mishimoto_Intercooler_RAM_Cummins_3-600x540.webp 600w, https:\/\/kraftwerk-shop.cc\/wp-content\/uploads\/2025\/02\/Mishimoto_Intercooler_RAM_Cummins_3-300x270.webp 300w, https:\/\/kraftwerk-shop.cc\/wp-content\/uploads\/2025\/02\/Mishimoto_Intercooler_RAM_Cummins_3-768x691.webp 768w\" sizes=\"(max-width: 1000px) 100vw, 1000px\" \/><\/a>\n\t\t\t<\/dt><\/dl><br style=\"clear: both\" \/>\n\t\t<\/div>\n\n<p>&nbsp;<\/p>\n<h3><strong>Caratteristiche e vantaggi principali:<\/strong><\/h3>\n<p>\u2705 <strong>Sostituzione diretta dell'OEM<\/strong><br \/>\nIl raffreddatore dell'aria di sovralimentazione \u00e8 <strong>Soluzione plug-and-play<\/strong> e possono essere installati senza modifiche complesse.<\/p>\n<p>\u2705 <strong>Maggiore capacit\u00e0 di raffreddamento<\/strong><br \/>\nGrazie ad un <strong>37 % volume del nucleo pi\u00f9 grande<\/strong> e uno <strong>22 % volume interno maggiore<\/strong> il kit offre un <strong>Dissipazione del calore significativamente migliore<\/strong> rispetto all'intercooler standard.<\/p>\n<p>\u2705 <strong>Riduzione efficiente della temperatura<\/strong><br \/>\nIl design migliorato riduce la <strong>Temperatura di aspirazione fino a 21 \u00b0F (circa 11,6 \u00b0C)<\/strong> e riduce il <strong>Caduta di pressione di 0,6 PSI<\/strong>che porta a prestazioni del motore pi\u00f9 efficienti.<\/p>\n<p>\u2705 <strong>Tubi flessibili in silicone di alta qualit\u00e0 con tecnologia DuraCore\u2122.<\/strong><br \/>\nIl kit contiene <strong>Tubi in silicone con DuraCore<\/strong>che hanno una maggiore <strong>Resistenza al calore, alla compressione e alla durata<\/strong> offerta.<\/p>\n<p>\u2705 <strong>Robusta struttura in alluminio<\/strong><br \/>\nIl radiatore dell'aria di sovralimentazione \u00e8 realizzato con materiali di alta qualit\u00e0 <strong>Alluminio<\/strong>che garantisce la massima durata e resistenza alla corrosione, ideale per condizioni estreme e per impieghi gravosi.<\/p>\n<p>\u2705 <strong>Kit di installazione completo<\/strong><br \/>\nIl set contiene tutti i componenti necessari per un'installazione rapida e semplice, tra cui <strong>Morsetti, guarnizioni e connessioni personalizzate<\/strong>.<\/p>\n<h3><\/h3>\n<p>&nbsp;<\/p>\n<h3><strong>Specifiche tecniche:<\/strong><\/h3>\n<table>\n<thead>\n<tr>\n<th style=\"text-align: left;\"><strong>Specifiche<\/strong><\/th>\n<th style=\"text-align: left;\"><strong>dettagli<\/strong><\/th>\n<\/tr>\n<\/thead>\n<tbody>\n<tr>\n<td><strong>Volume del nucleo<\/strong><\/td>\n<td>37% pi\u00f9 grande dell'intercooler standard<\/td>\n<\/tr>\n<tr>\n<td><strong>Volume interno<\/strong><\/td>\n<td>22% pi\u00f9 grande dell'intercooler standard<\/td>\n<\/tr>\n<tr>\n<td><strong>Riduzione della temperatura<\/strong><\/td>\n<td>Riduce la temperatura dell'aria di aspirazione fino a 21\u00b0F (circa 11,6\u00b0C)<\/td>\n<\/tr>\n<tr>\n<td><strong>Caduta di pressione<\/strong><\/td>\n<td>Riduce la caduta di pressione di 0,6 PSI<\/td>\n<\/tr>\n<tr>\n<td><strong>Dimensioni del nucleo<\/strong><\/td>\n<td>31,85\u2033 x 8,66\u2033 x 3,94\u2033 (circa 80,9 cm x 22 cm x 10 cm)<\/td>\n<\/tr>\n<tr>\n<td><strong>Spessore della parete del serbatoio<\/strong><\/td>\n<td>5 mm<\/td>\n<\/tr>\n<tr>\n<td><strong>Materiale<\/strong><\/td>\n<td>100% Alluminio con vasche terminali in fusione<\/td>\n<\/tr>\n<tr>\n<td><strong>Materiale del tubo flessibile<\/strong><\/td>\n<td>Silicone con tecnologia DuraCore<\/td>\n<\/tr>\n<tr>\n<td><strong>Posizione di installazione<\/strong><\/td>\n<td>Sostituzione diretta dell'OEM<\/td>\n<\/tr>\n<tr>\n<td><strong>Garanzia<\/strong><\/td>\n<td>Garanzia Mishimoto a vita<\/td>\n<\/tr>\n<\/tbody>\n<\/table>\n<p>Queste specifiche sottolineano i miglioramenti in termini di volume, gestione della temperatura ed efficienza della pressione che questo kit intercooler offre rispetto all'originale.<\/p>\n<p>&nbsp;<\/p>\n<h3><\/h3>\n<p>&nbsp;<\/p>\n<h3><strong>Perch\u00e9 il kit intercooler Mishimoto Performance?<\/strong><\/h3>\n<ul>\n<li><strong>Pi\u00f9 prestazioni ed efficienza<\/strong> - Raffredda l'aria di aspirazione in modo pi\u00f9 efficace, migliora la combustione e aumenta le prestazioni complessive del motore.<\/li>\n<li><strong>Maggiore affidabilit\u00e0<\/strong> - Il design robusto resiste a condizioni estreme, ideale per il tuning, l'uso intensivo o il fuoristrada.<\/li>\n<li><strong>Installazione semplice<\/strong> - Sostituisce perfettamente il radiatore dell'aria di sovralimentazione di serie senza bisogno di modifiche complesse.<\/li>\n<li><strong>Ottica ottimale<\/strong> - Disponibile in diversi colori per migliorare l'aspetto del vano motore.<\/li>\n<\/ul>\n<h3><\/h3>\n<p>&nbsp;<\/p>\n<h3><strong>Conclusione: l'aggiornamento definitivo per il Ram 6.7L Cummins!<\/strong><\/h3>\n<ul>\n<li><strong>Compatibilit\u00e0 con i veicoli:<\/strong> Ram 6.7L Cummins (dal model year 2019)<\/li>\n<li><strong>Materiale:<\/strong> Alluminio di alta qualit\u00e0<\/li>\n<li><strong>Volume centrale:<\/strong> 37 % pi\u00f9 grande dell'OEM<\/li>\n<li><strong>Volume interno:<\/strong> 22 % pi\u00f9 grande dell'OEM<\/li>\n<li><strong>Riduzione della temperatura di aspirazione:<\/strong> Fino a 21 \u00b0F (circa 11,6 \u00b0C)<\/li>\n<li><strong>Riduzione della caduta di pressione:<\/strong> 0,6 PSI<\/li>\n<li><strong>Include:<\/strong> Intercooler, tubi in silicone DuraCore\u2122, materiale di montaggio<\/li>\n<\/ul>\n<p>&nbsp;<\/p>\n<p>Il kit intercooler Mishimoto Performance \u00e8 l'accessorio ideale per i proprietari di RAM 6.7 Cummins che desiderano migliorare le prestazioni, il raffreddamento e la longevit\u00e0 del veicolo. Grazie alla maggiore capacit\u00e0 di raffreddamento, ai materiali di alta qualit\u00e0 e alla comprovata qualit\u00e0 Mishimoto, questo kit \u00e8 un must assoluto per sfruttare appieno il potenziale del Ram 6.7L Cummins.<\/p>\n<p>&nbsp;<\/p>\n<p>&nbsp;<\/p>\n<h3>Il kit intercooler Mishimoto Performance \u00e8 adatto ai seguenti veicoli:<\/h3>\n<table width=\"482\">\n<tbody>\n<tr>\n<td width=\"83\"><strong>Anno di costruzione<\/strong><\/td>\n<td width=\"83\"><strong>Marchio<\/strong><\/td>\n<td width=\"142\"><strong>Modello<\/strong><\/td>\n<td width=\"174\"><strong>Motore<\/strong><\/td>\n<\/tr>\n<tr>\n<td width=\"83\">2024<\/td>\n<td width=\"83\">Ram<\/td>\n<td width=\"142\">2500<\/td>\n<td width=\"174\">6,7L Cummins Diesel<\/td>\n<\/tr>\n<tr>\n<td width=\"83\">2024<\/td>\n<td width=\"83\">Ram<\/td>\n<td width=\"142\">3500<\/td>\n<td width=\"174\">6,7L Cummins Diesel<\/td>\n<\/tr>\n<tr>\n<td width=\"83\">2023<\/td>\n<td width=\"83\">Ram<\/td>\n<td width=\"142\">2500<\/td>\n<td width=\"174\">6,7L Cummins Diesel<\/td>\n<\/tr>\n<tr>\n<td width=\"83\">2023<\/td>\n<td width=\"83\">Ram<\/td>\n<td width=\"142\">3500<\/td>\n<td width=\"174\">6,7L Cummins Diesel<\/td>\n<\/tr>\n<tr>\n<td width=\"83\">2022<\/td>\n<td width=\"83\">Ram<\/td>\n<td width=\"142\">2500<\/td>\n<td width=\"174\">6,7L Cummins Diesel<\/td>\n<\/tr>\n<tr>\n<td width=\"83\">2022<\/td>\n<td width=\"83\">Ram<\/td>\n<td width=\"142\">3500<\/td>\n<td width=\"174\">6,7L Cummins Diesel<\/td>\n<\/tr>\n<tr>\n<td width=\"83\">2021<\/td>\n<td width=\"83\">Ram<\/td>\n<td width=\"142\">2500<\/td>\n<td width=\"174\">6,7L Cummins Diesel<\/td>\n<\/tr>\n<tr>\n<td width=\"83\">2021<\/td>\n<td width=\"83\">Ram<\/td>\n<td width=\"142\">3500<\/td>\n<td width=\"174\">6,7L Cummins Diesel<\/td>\n<\/tr>\n<tr>\n<td width=\"83\">2020<\/td>\n<td width=\"83\">Ram<\/td>\n<td width=\"142\">2500<\/td>\n<td width=\"174\">6,7L Cummins Diesel<\/td>\n<\/tr>\n<tr>\n<td width=\"83\">2020<\/td>\n<td width=\"83\">Ram<\/td>\n<td width=\"142\">3500<\/td>\n<td width=\"174\">6,7L Cummins Diesel<\/td>\n<\/tr>\n<tr>\n<td width=\"83\">2019<\/td>\n<td width=\"83\">Ram<\/td>\n<td width=\"142\">2500<\/td>\n<td width=\"174\">6,7L Cummins Diesel<\/td>\n<\/tr>\n<tr>\n<td width=\"83\">2019<\/td>\n<td width=\"83\">Ram<\/td>\n<td width=\"142\">3500<\/td>\n<td width=\"174\">6,7L Cummins Diesel<\/td>\n<\/tr>\n<\/tbody>\n<\/table>\n<p>&nbsp;<\/p>\n<p>&nbsp;<\/p>\n<p><iframe loading=\"lazy\" title=\"Installazione kit intercooler Mishimoto 2019+ RAM 6 7L Cummins\" width=\"500\" height=\"281\" src=\"https:\/\/www.youtube.com\/embed\/p7Yx3Xl-LsU?feature=oembed\" frameborder=\"0\" allow=\"accelerometer; autoplay; clipboard-write; encrypted-media; gyroscope; picture-in-picture; web-share\" referrerpolicy=\"strict-origin-when-cross-origin\" allowfullscreen><\/iframe><\/p>\n<p>&nbsp;<\/p>\n<h3><strong>Informazioni sul produttore Mishimoto<\/strong><\/h3>\n<p>Mishimoto \u00e8 un produttore leader a livello mondiale di sistemi di raffreddamento ad alte prestazioni ed \u00e8 stata fondata nel 2003. L'azienda, con sede a <strong>New Castle, Delaware (USA)<\/strong> \u00e8 specializzata nello sviluppo e nella produzione di <strong>Sistemi di raffreddamento ad alte prestazioni<\/strong> per auto, camion, moto e applicazioni motoristiche.<\/p>\n<p>Mishimoto offre un'ampia gamma di prodotti, tra cui <strong>Intercooler, radiatori, radiatori dell'olio, tubi flessibili in silicone e termostati<\/strong>sviluppati appositamente per veicoli ad alte prestazioni e condizioni estreme. I prodotti sono caratterizzati da <strong>Alta qualit\u00e0, tecnologia innovativa e struttura resistente<\/strong> da.<\/p>\n<p>Una caratteristica speciale di Mishimoto \u00e8 il <strong>Garanzia a vita<\/strong> su molti dei suoi prodotti, il che sottolinea la fiducia nella qualit\u00e0 della sua produzione. L'azienda gestisce anche un proprio <strong>Centro di ricerca e sviluppo<\/strong>dove tutti i prodotti sono sottoposti a test rigorosi per garantire la massima efficienza e affidabilit\u00e0.<\/p>\n<p>Mishimoto lavora a stretto contatto con i team di motorsport e con gli appassionati, per <strong>Soluzioni innovative<\/strong> per le esigenze di raffreddamento dei veicoli sintonizzati e ad alte prestazioni. Il marchio gode di un'ottima reputazione tra gli appassionati di tuning, i team di gara e gli amanti del fuoristrada di tutto il mondo.<\/p>\n<p>Con il suo <strong>Attenzione alle prestazioni, alla qualit\u00e0 e alla durata<\/strong> Mishimoto \u00e8 uno dei marchi pi\u00f9 popolari per le soluzioni di raffreddamento dei veicoli, sia per l'uso quotidiano che per le corse o l'off-road.<\/p>\n<p>&nbsp;<\/p>","protected":false},"excerpt":{"rendered":"<p>2019 \u2013 2024<\/p>","protected":false},"featured_media":68315220,"comment_status":"open","ping_status":"closed","template":"","meta":{"_acf_changed":false},"product_brand":[18924],"product_cat":[10262,2929],"product_tag":[419,420,2066,2373,4526,6297,7200,4533,7201,49,405,269,425,274,10628,10627,7221,4534,86,6333,7666,216,3736],"class_list":{"0":"post-68315210","1":"product","2":"type-product","3":"status-publish","4":"has-post-thumbnail","6":"product_brand-mishimoto","7":"product_cat-alle-produkte","8":"product_cat-67-cummins-kuehlung","9":"product_tag-419","10":"product_tag-420","11":"product_tag-2066","12":"product_tag-2373","13":"product_tag-4526","14":"product_tag-6297","15":"product_tag-6-7","16":"product_tag-aluminiumkuehler","17":"product_tag-cummins","18":"product_tag-dodge","19":"product_tag-kuehler","20":"product_tag-kuehlwasser","21":"product_tag-ladeluftkuehler","22":"product_tag-mishimoto","23":"product_tag-mmint-ram-19k","24":"product_tag-mmrad-ram-19","25":"product_tag-mopar10","26":"product_tag-motorkuehler","27":"product_tag-ram","28":"product_tag-ram-2500","29":"product_tag-ram-3500","30":"product_tag-upgrade","31":"product_tag-wasserkuehler","32":"product_shipping_class-spedition-1","34":"first","35":"onbackorder","36":"taxable","37":"shipping-taxable","38":"purchasable","39":"product-type-variable"},"bundled_by":[],"bundle_stock_status":"onbackorder","bundle_stock_quantity":0,"bundle_virtual":false,"bundle_layout":"","bundle_add_to_cart_form_location":"","bundle_editable_in_cart":false,"bundle_sold_individually_context":"","bundle_item_grouping":"","bundle_min_size":"","bundle_max_size":"","bundle_price":[],"bundled_items":[],"bundle_sell_ids":[],"exclude_global_add_ons":[],"addons":[],"acf":[],"_links":{"self":[{"href":"https:\/\/kraftwerk-shop.cc\/it\/wp-json\/wp\/v2\/product\/68315210","targetHints":{"allow":["GET"]}}],"collection":[{"href":"https:\/\/kraftwerk-shop.cc\/it\/wp-json\/wp\/v2\/product"}],"about":[{"href":"https:\/\/kraftwerk-shop.cc\/it\/wp-json\/wp\/v2\/types\/product"}],"replies":[{"embeddable":true,"href":"https:\/\/kraftwerk-shop.cc\/it\/wp-json\/wp\/v2\/comments?post=68315210"}],"version-history":[{"count":0,"href":"https:\/\/kraftwerk-shop.cc\/it\/wp-json\/wp\/v2\/product\/68315210\/revisions"}],"wp:featuredmedia":[{"embeddable":true,"href":"https:\/\/kraftwerk-shop.cc\/it\/wp-json\/wp\/v2\/media\/68315220"}],"wp:attachment":[{"href":"https:\/\/kraftwerk-shop.cc\/it\/wp-json\/wp\/v2\/media?parent=68315210"}],"wp:term":[{"taxonomy":"product_brand","embeddable":true,"href":"https:\/\/kraftwerk-shop.cc\/it\/wp-json\/wp\/v2\/product_brand?post=68315210"},{"taxonomy":"product_cat","embeddable":true,"href":"https:\/\/kraftwerk-shop.cc\/it\/wp-json\/wp\/v2\/product_cat?post=68315210"},{"taxonomy":"product_tag","embeddable":true,"href":"https:\/\/kraftwerk-shop.cc\/it\/wp-json\/wp\/v2\/product_tag?post=68315210"}],"curies":[{"name":"wp","href":"https:\/\/api.w.org\/{rel}","templated":true}]}}