{"id":68315267,"date":"2025-02-09T20:56:42","date_gmt":"2025-02-09T19:56:42","guid":{"rendered":"https:\/\/kraftwerk-shop.cc\/?post_type=product&#038;p=68315267"},"modified":"2026-02-15T01:17:40","modified_gmt":"2026-02-15T00:17:40","slug":"mishimoto-radiatore-ram-67-cummins","status":"publish","type":"product","link":"https:\/\/kraftwerk-shop.cc\/it\/produkt\/mishimoto-kuehler-ram-67-cummins\/","title":{"rendered":"Radiatore in alluminio Mishimoto RAM 6.7 Cummins"},"content":{"rendered":"<p data-pm-slice=\"1 1 []\"><strong>Radiatore in alluminio Mishimoto Performance per RAM 6.7L Cummins (2013-2018)<\/strong><\/p>\n<p>&nbsp;<\/p>\n<h4>Massime prestazioni di raffreddamento, massima qualit\u00e0 e durata impareggiabile per il vostro carrello RAM<\/h4>\n<p>La leggendaria affidabilit\u00e0 e le prestazioni del <strong>6,7L Cummins<\/strong>-equipaggiato <strong>Ram Dodge<\/strong> hanno fatto di questo veicolo uno dei camion preferiti al mondo per i lavori pi\u00f9 duri. Ma ogni leggenda ha i suoi punti deboli e nel Ram Dodge uno di questi \u00e8 il radiatore di serie.<\/p>\n<p>Il <strong>Serbatoi terminali in plastica<\/strong> del raffreddatore della ram di fabbrica sono suscettibili di <strong>Crepe e perdite<\/strong> nel corso del tempo. Se a questo si aggiungono lo stress e il calore supplementari causati dalle modifiche per migliorare le prestazioni, il problema pu\u00f2 diventare rapidamente serio. Ma \u00e8 proprio qui che <strong>Mishimoto<\/strong> in gioco.<\/p>\n<p>Il <strong>2013-2018 Ram 2500 \/ 3500 radiatore delle prestazioni<\/strong> \u00e8 l'aggiornamento ideale per ogni <strong>Ram alimentata da Cummins funzionante<\/strong>. Grazie ad un sistema completamente <strong>alluminio, costruzione saldata a TIG<\/strong> questo radiatore \u00e8 robusto come il vostro camion. Con un <strong>63 % maggiore capacit\u00e0 del refrigerante<\/strong> e uno <strong>41 % superficie maggiore<\/strong> \u00e8 possibile aumentare le prestazioni del motore senza doversi preoccupare del surriscaldamento.<\/p>\n<p>Il <strong>Radiatore in alluminio Mishimoto Performance<\/strong> per il <strong>Dodge Ram 6.7L Cummins (2013-2018)<\/strong> \u00e8 la soluzione definitiva per tutti coloro che hanno bisogno di una <strong>Prestazioni di raffreddamento ottimali, maggiore efficienza e massima durata<\/strong> per il vostro veicolo. Sviluppato per un uso intensivo in <strong>carichi di trazione elevati, condizioni fuoristrada e temperature ambiente elevate<\/strong>Questo radiatore ad alte prestazioni supera di gran lunga le specifiche OEM.<\/p>\n<p>Attraverso un <strong>Maggiore capacit\u00e0 di raffreddamento, flusso d'aria migliorato e robusta struttura in alluminio<\/strong> questo radiatore riduce efficacemente la temperatura del motore, riduce al minimo il rischio di surriscaldamento e aumenta l'affidabilit\u00e0 del veicolo, anche in condizioni estreme.<\/p>\n<p>&nbsp;<\/p>\n<h2><strong>Caratteristiche e vantaggi principali<\/strong><\/h2>\n<p>\u2705 <strong>Maggiore capacit\u00e0 di raffreddamento per la massima efficienza<\/strong><br \/>\nIl radiatore in alluminio di Mishimoto offre un <strong>63 % maggiore capacit\u00e0 del refrigerante<\/strong> rispetto al radiatore standard. Di conseguenza, il calore viene dissipato in misura maggiore e il motore rimane efficacemente raffreddato anche in presenza di carichi elevati.<\/p>\n<p>\u2705 <strong>27 % Volume del core pi\u00f9 grande per una migliore dissipazione del calore<\/strong><br \/>\nL'um <strong>27 % nucleo radiatore allargato<\/strong> garantisce un trasferimento di calore pi\u00f9 efficace e previene il surriscaldamento - ideale per i veicoli da traino, i motori ad alte prestazioni o i veicoli in climi caldi.<\/p>\n<p>\u2705 <strong>Struttura in alluminio di alta qualit\u00e0 100 % con vasche terminali saldate<\/strong><br \/>\nMentre molti radiatori standard utilizzano serbatoi di plastica, che possono diventare fragili e rompersi con il tempo, il radiatore Mishimoto \u00e8 realizzato con <strong>Alluminio completamente saldato<\/strong>che \u00e8 un <strong>Estrema resistenza e lunga durata<\/strong> garantito.<\/p>\n<p>\u2705 <strong>Flusso d'aria ottimizzato grazie a 19 alette per pollice (FPI)<\/strong><br \/>\nCon <strong>19 alette per pollice (FPI)<\/strong> il radiatore assicura un flusso d'aria ottimale attraverso la rete, che migliora ulteriormente le prestazioni di raffreddamento e garantisce una dissipazione uniforme del calore.<\/p>\n<p>\u2705 <strong>Sostituzione diretta dell'OEM: semplice installazione plug-and-play<\/strong><br \/>\nQuesto raffreddatore ad alte prestazioni \u00e8 stato sviluppato in modo da <strong>direttamente alle staffe OEM<\/strong> si adatta senza richiedere alcuna modifica al veicolo. Perfetto per un'installazione rapida e senza problemi.<\/p>\n<p>\u2705 <strong>Maggiore resistenza alla corrosione e alla pressione<\/strong><br \/>\nGrazie alla lega di alluminio di alta qualit\u00e0 e alla precisa tecnologia di produzione, il radiatore offre un'ottima qualit\u00e0 di vita. <strong>Eccezionale resistenza alla ruggine, alla corrosione e ai carichi ad alta pressione<\/strong> - perfetto per le condizioni pi\u00f9 difficili.<\/p>\n<p>\u2705 <strong>Garanzia Mishimoto a vita<\/strong><br \/>\nCome tutti i prodotti ad alte prestazioni di Mishimoto, anche questo radiatore viene fornito con un <strong>Garanzia a vita<\/strong>che garantisce la qualit\u00e0 e l'affidabilit\u00e0 del prodotto.<\/p>\n<p>&nbsp;<\/p>\n<h2><strong>Specifiche tecniche<\/strong><\/h2>\n<table>\n<thead>\n<tr>\n<th><strong>Specifiche<\/strong><\/th>\n<th><strong>dettagli<\/strong><\/th>\n<\/tr>\n<\/thead>\n<tbody>\n<tr>\n<td><strong>Volume del nucleo<\/strong><\/td>\n<td>27 % pi\u00f9 grande dell'OEM<\/td>\n<\/tr>\n<tr>\n<td><strong>Capacit\u00e0 del refrigerante<\/strong><\/td>\n<td>63 % pi\u00f9 dell'OEM<\/td>\n<\/tr>\n<tr>\n<td><strong>Gestione della temperatura<\/strong><\/td>\n<td>Dissipazione del calore ottimizzata per migliorare le prestazioni di raffreddamento<\/td>\n<\/tr>\n<tr>\n<td><strong>Dimensioni del nucleo<\/strong><\/td>\n<td>34,25\u2033 x 27,00\u2033 x 2,44\u2033 (circa 87 x 68,6 x 6,2 cm)<\/td>\n<\/tr>\n<tr>\n<td><strong>Dimensioni complessive<\/strong><\/td>\n<td>40,5\u2033 x 29,5\u2033 x 7,5\u2033 (circa 102,9 x 74,9 x 19 cm)<\/td>\n<\/tr>\n<tr>\n<td><strong>Alette per pollice (FPI)<\/strong><\/td>\n<td>19 FPI per un flusso d'aria ottimizzato<\/td>\n<\/tr>\n<tr>\n<td><strong>Materiale<\/strong><\/td>\n<td>100 % Alluminio con serbatoi terminali saldati<\/td>\n<\/tr>\n<tr>\n<td><strong>Posizione di installazione<\/strong><\/td>\n<td>Sostituzione diretta dell'OEM<\/td>\n<\/tr>\n<\/tbody>\n<\/table>\n<p>&nbsp;<\/p>\n<h2><strong>Compatibilit\u00e0 con il veicolo<\/strong><\/h2>\n<p>Il radiatore in alluminio Mishimoto Performance \u00e8 adatto ai seguenti veicoli:<\/p>\n<table width=\"482\">\n<tbody>\n<tr>\n<td width=\"83\"><strong>Anno di costruzione<\/strong><\/td>\n<td width=\"83\"><strong>Marchio<\/strong><\/td>\n<td width=\"142\"><strong>Modello<\/strong><\/td>\n<td width=\"174\"><strong>Motore<\/strong><\/td>\n<\/tr>\n<tr>\n<td width=\"83\">2018<\/td>\n<td width=\"83\">Dodge<\/td>\n<td width=\"142\">Ram 2500<\/td>\n<td width=\"174\">6,7L Cummins Diesel<\/td>\n<\/tr>\n<tr>\n<td width=\"83\">2018<\/td>\n<td width=\"83\">Dodge<\/td>\n<td width=\"142\">Ram 3500<\/td>\n<td width=\"174\">6,7L Cummins Diesel<\/td>\n<\/tr>\n<tr>\n<td width=\"83\">2017<\/td>\n<td width=\"83\">Dodge<\/td>\n<td width=\"142\">Ram 2500<\/td>\n<td width=\"174\">6,7L Cummins Diesel<\/td>\n<\/tr>\n<tr>\n<td width=\"83\">2017<\/td>\n<td width=\"83\">Dodge<\/td>\n<td width=\"142\">Ram 3500<\/td>\n<td width=\"174\">6,7L Cummins Diesel<\/td>\n<\/tr>\n<tr>\n<td width=\"83\">2016<\/td>\n<td width=\"83\">Dodge<\/td>\n<td width=\"142\">Ram 2500<\/td>\n<td width=\"174\">6,7L Cummins Diesel<\/td>\n<\/tr>\n<tr>\n<td width=\"83\">2016<\/td>\n<td width=\"83\">Dodge<\/td>\n<td width=\"142\">Ram 3500<\/td>\n<td width=\"174\">6,7L Cummins Diesel<\/td>\n<\/tr>\n<tr>\n<td width=\"83\">2015<\/td>\n<td width=\"83\">Dodge<\/td>\n<td width=\"142\">Ram 2500<\/td>\n<td width=\"174\">6,7L Cummins Diesel<\/td>\n<\/tr>\n<tr>\n<td width=\"83\">2015<\/td>\n<td width=\"83\">Dodge<\/td>\n<td width=\"142\">Ram 3500<\/td>\n<td width=\"174\">6,7L Cummins Diesel<\/td>\n<\/tr>\n<tr>\n<td width=\"83\">2014<\/td>\n<td width=\"83\">Dodge<\/td>\n<td width=\"142\">Ram 2500<\/td>\n<td width=\"174\">6,7L Cummins Diesel<\/td>\n<\/tr>\n<tr>\n<td width=\"83\">2014<\/td>\n<td width=\"83\">Dodge<\/td>\n<td width=\"142\">Ram 3500<\/td>\n<td width=\"174\">6,7L Cummins Diesel<\/td>\n<\/tr>\n<tr>\n<td width=\"83\">2013<\/td>\n<td width=\"83\">Dodge<\/td>\n<td width=\"142\">Ram 2500<\/td>\n<td width=\"174\">6,7L Cummins Diesel<\/td>\n<\/tr>\n<tr>\n<td width=\"83\">2013<\/td>\n<td width=\"83\">Dodge<\/td>\n<td width=\"142\">Ram 3500<\/td>\n<td width=\"174\">6,7L Cummins Diesel<\/td>\n<\/tr>\n<\/tbody>\n<\/table>\n<p>&nbsp;<\/p>\n<p>Questo upgrade del radiatore \u00e8 stato progettato appositamente per <strong>Dodge Modelli Ram 2500 e 3500 dagli anni di modello 2013 al 2018<\/strong> con il <strong>6,7L Cummins Diesel<\/strong>-Il motore \u00e8 stato sviluppato.<\/p>\n<p>&nbsp;<\/p>\n<h2><strong>Perch\u00e9 scegliere il radiatore in alluminio Mishimoto Performance?<\/strong><\/h2>\n<ul>\n<li><strong>Capacit\u00e0 massima di raffreddamento<\/strong> - Sviluppato per la massima efficienza con carichi pesanti, progetti di messa a punto e temperature estreme.<\/li>\n<li><strong>Costruzione robusta<\/strong> - 100 Costruzione in alluminio % con cuciture saldate di precisione per la massima durata.<\/li>\n<li><strong>Compatibilit\u00e0 plug-and-play<\/strong> - Perfettamente adattato ai supporti OEM, non richiede alcuna conversione.<\/li>\n<li><strong>Ideale per le applicazioni pi\u00f9 impegnative<\/strong> - Che si tratti di viaggi quotidiani, uso fuoristrada o motori ad alte prestazioni, questo radiatore mantiene le promesse.<\/li>\n<\/ul>\n<p>&nbsp;<\/p>\n<h3><strong>Conclusione: l'aggiornamento definitivo del radiatore per il vostro Dodge 6.7L Cummins!<\/strong><\/h3>\n<p>Il <strong>Radiatore in alluminio Mishimoto Performance<\/strong> \u00e8 la scelta perfetta per gli automobilisti che <strong>massimizzare le prestazioni di raffreddamento, migliorare l'affidabilit\u00e0 del motore e fornire una soluzione duratura ai problemi di calore.<\/strong> stanno cercando. Grazie alla sua struttura di alta qualit\u00e0, alla capacit\u00e0 migliorata e alla facilit\u00e0 di installazione, questo radiatore \u00e8 un must per chiunque voglia mantenere il proprio Dodge 6.7L Cummins in ottima forma.<\/p>\n<p>&nbsp;<\/p>\n<p><iframe loading=\"lazy\" title=\"Installazione radiatore Mishimoto Dodge 6.7 Cummins 2013 - 2018\" width=\"500\" height=\"281\" src=\"https:\/\/www.youtube.com\/embed\/_qrWntNvwRo?feature=oembed\" frameborder=\"0\" allow=\"accelerometer; autoplay; clipboard-write; encrypted-media; gyroscope; picture-in-picture; web-share\" referrerpolicy=\"strict-origin-when-cross-origin\" allowfullscreen><\/iframe><\/p>\n<p>&nbsp;<\/p>","protected":false},"excerpt":{"rendered":"<p>2013 \u2013 2018<\/p>","protected":false},"featured_media":68315290,"comment_status":"open","ping_status":"closed","template":"","meta":{"_acf_changed":false},"product_brand":[18924],"product_cat":[10262,2929],"product_tag":[165,248,249,250,251,252,7200,15141,15149,4533,7201,15145,49,15139,15147,15151,405,15154,15158,15152,15165,15163,15167,15146,15170,15155,15160,15148,15168,15161,15171,15166,15159,15164,15157,15169,15150,15162,15142,269,15156,274,15137,10629,4534,15153,15140,86,15143,15144,15138,216,3736],"class_list":{"0":"post-68315267","1":"product","2":"type-product","3":"status-publish","4":"has-post-thumbnail","6":"product_brand-mishimoto","7":"product_cat-alle-produkte","8":"product_cat-67-cummins-kuehlung","9":"product_tag-165","10":"product_tag-248","11":"product_tag-249","12":"product_tag-250","13":"product_tag-251","14":"product_tag-252","15":"product_tag-6-7","16":"product_tag-aluminium-kuehler-dodge-ram","17":"product_tag-aluminiumkern-kuehler","18":"product_tag-aluminiumkuehler","19":"product_tag-cummins","20":"product_tag-cummins-diesel-kuehler","21":"product_tag-dodge","22":"product_tag-dodge-ram-kuehler","23":"product_tag-dodge-ram-performance-teile","24":"product_tag-heavy-duty-kuehler-dodge-ram","25":"product_tag-kuehler","26":"product_tag-kuehler-fuer-hohe-umgebungstemperaturen","27":"product_tag-kuehler-fuer-maximale-effizienz","28":"product_tag-kuehler-fuer-schwere-lasten","29":"product_tag-kuehler-mit-erhoehter-effizienz","30":"product_tag-kuehler-mit-erhoehter-haltbarkeit","31":"product_tag-kuehler-mit-erhoehter-kuehlfluessigkeitskapazitaet","32":"product_tag-kuehler-mit-erhoehter-kuehlkapazitaet","33":"product_tag-kuehler-mit-erhoehter-kuehlleistung","34":"product_tag-kuehler-mit-erhoehter-oberflaeche","35":"product_tag-kuehler-mit-erhoehter-zuverlaessigkeit","36":"product_tag-kuehler-mit-groesserem-kernvolumen","37":"product_tag-kuehler-mit-groesserer-oberflaeche","38":"product_tag-kuehler-mit-optimierter-kuehlleistung","39":"product_tag-kuehler-mit-optimierter-waermeableitung","40":"product_tag-kuehler-mit-reduzierter-motortemperatur","41":"product_tag-kuehler-mit-reduzierter-ueberhitzungsgefahr","42":"product_tag-kuehler-mit-verbesserter-kuehlleistung","43":"product_tag-kuehler-mit-verbesserter-luftstroemung","44":"product_tag-kuehler-mit-verbesserter-waermeabfuhr","45":"product_tag-kuehler-mit-verbesserter-waermeableitung","46":"product_tag-kuehler-mit-verbesserter-waermeuebertragung","47":"product_tag-kuehler-upgrade-cummins","48":"product_tag-kuehlwasser","49":"product_tag-langlebiger-kuehler-dodge-ram","50":"product_tag-mishimoto","51":"product_tag-mishimoto-kuehler","52":"product_tag-mmrad-ram-13","53":"product_tag-motorkuehler","54":"product_tag-offroad-kuehler-ram","55":"product_tag-performance-kuehler-ram","56":"product_tag-ram","57":"product_tag-ram-2500-kuehler","58":"product_tag-ram-3500-kuehler","59":"product_tag-ram-6-7-cummins-kuehler","60":"product_tag-upgrade","61":"product_tag-wasserkuehler","62":"product_shipping_class-paket-l","64":"first","65":"onbackorder","66":"taxable","67":"shipping-taxable","68":"purchasable","69":"product-type-simple"},"bundled_by":[],"bundle_stock_status":"onbackorder","bundle_stock_quantity":0,"bundle_virtual":false,"bundle_layout":"","bundle_add_to_cart_form_location":"","bundle_editable_in_cart":false,"bundle_sold_individually_context":"","bundle_item_grouping":"","bundle_min_size":"","bundle_max_size":"","bundle_price":[],"bundled_items":[],"bundle_sell_ids":[],"exclude_global_add_ons":[],"addons":[],"acf":[],"_links":{"self":[{"href":"https:\/\/kraftwerk-shop.cc\/it\/wp-json\/wp\/v2\/product\/68315267","targetHints":{"allow":["GET"]}}],"collection":[{"href":"https:\/\/kraftwerk-shop.cc\/it\/wp-json\/wp\/v2\/product"}],"about":[{"href":"https:\/\/kraftwerk-shop.cc\/it\/wp-json\/wp\/v2\/types\/product"}],"replies":[{"embeddable":true,"href":"https:\/\/kraftwerk-shop.cc\/it\/wp-json\/wp\/v2\/comments?post=68315267"}],"version-history":[{"count":0,"href":"https:\/\/kraftwerk-shop.cc\/it\/wp-json\/wp\/v2\/product\/68315267\/revisions"}],"wp:featuredmedia":[{"embeddable":true,"href":"https:\/\/kraftwerk-shop.cc\/it\/wp-json\/wp\/v2\/media\/68315290"}],"wp:attachment":[{"href":"https:\/\/kraftwerk-shop.cc\/it\/wp-json\/wp\/v2\/media?parent=68315267"}],"wp:term":[{"taxonomy":"product_brand","embeddable":true,"href":"https:\/\/kraftwerk-shop.cc\/it\/wp-json\/wp\/v2\/product_brand?post=68315267"},{"taxonomy":"product_cat","embeddable":true,"href":"https:\/\/kraftwerk-shop.cc\/it\/wp-json\/wp\/v2\/product_cat?post=68315267"},{"taxonomy":"product_tag","embeddable":true,"href":"https:\/\/kraftwerk-shop.cc\/it\/wp-json\/wp\/v2\/product_tag?post=68315267"}],"curies":[{"name":"wp","href":"https:\/\/api.w.org\/{rel}","templated":true}]}}