{"id":68315623,"date":"2025-02-18T10:30:10","date_gmt":"2025-02-18T09:30:10","guid":{"rendered":"https:\/\/kraftwerk-shop.cc\/?post_type=product&#038;p=68315623"},"modified":"2026-02-15T01:18:06","modified_gmt":"2026-02-15T00:18:06","slug":"scarico-mbrp-s7225al-ford-mustang-gt","status":"publish","type":"product","link":"https:\/\/kraftwerk-shop.cc\/it\/produkt\/mbrp-s7225al-auspuff-ford-mustang-gt\/","title":{"rendered":"Silenziatore posteriore MBRP per Ford Mustang GT 5.0"},"content":{"rendered":"<h1><strong>Silenziatore posteriore MBRP per Ford Mustang GT 5.0<\/strong><\/h1>\n<p>&nbsp;<\/p>\n<p>Ottimizzate le prestazioni della vostra Ford Mustang con il silenziatore posteriore MBRP. Questo scarico sportivo in acciaio alluminato migliora il flusso dei gas di scarico e riduce al minimo la contropressione, con conseguente aumento della coppia e della potenza. Il suono profondo del silenziatore posteriore conferisce alla vostra Mustang una nota aggressiva. L'installazione \u00e8 semplice perch\u00e9 non richiede saldature e utilizza i punti di montaggio esistenti.<\/p>\n<p>&nbsp;<\/p>\n<p><strong>Propriet\u00e0:<\/strong><\/p>\n<ul>\n<li>Materiale: acciaio alluminato per un'elevata resistenza e longevit\u00e0<\/li>\n<li>Tubo di scarico: acciaio inox T304, doppia parete, smussato, uscita da 4 pollici<\/li>\n<li>Profilo: Profilo stradale - Suono aggressivo senza essere invadente<\/li>\n<li>Montaggio: installazione a bulloni per un facile autoassemblaggio<\/li>\n<\/ul>\n<p>&nbsp;<\/p>\n<p>Il silenziatore posteriore MBRP S7225AL \u00e8 adatto ai seguenti modelli:<\/p>\n<table width=\"449\">\n<tbody>\n<tr>\n<td width=\"115\"><strong>Marchio<\/strong><\/td>\n<td width=\"145\"><strong>Modello<\/strong><\/td>\n<td width=\"106\"><strong>Motore<\/strong><\/td>\n<td width=\"83\"><strong>Anno di costruzione<\/strong><\/td>\n<\/tr>\n<tr>\n<td>Ford<\/td>\n<td>Mustang GT<\/td>\n<td>5.0<\/td>\n<td>2011 \u2013 2014<\/td>\n<\/tr>\n<\/tbody>\n<\/table>\n<p>&nbsp;<\/p>\n<p>&nbsp;<\/p>\n<h3>Informazioni sul produttore MBRP<\/h3>\n<p>MBRP Inc. \u00e8 un produttore leader di sistemi di scarico e accessori ad alte prestazioni per auto, camion, fuoristrada e moto. Fondata oltre 20 anni fa, l'azienda si \u00e8 fatta un nome grazie a design innovativi, materiali di qualit\u00e0 ed eccellente lavorazione. I prodotti MBRP sono noti per la facilit\u00e0 di installazione, la durata e il miglioramento del suono e delle prestazioni dei veicoli. L'azienda offre un'ampia gamma di prodotti specificamente progettati per soddisfare le esigenze di appassionati e professionisti.<\/p>\n<p>&nbsp;<\/p>","protected":false},"excerpt":{"rendered":"<p>2011 \u2013 2014<\/p>","protected":false},"featured_media":68315627,"comment_status":"open","ping_status":"closed","template":"","meta":{"_acf_changed":false},"product_brand":[17169],"product_cat":[3024,10262,4033],"product_tag":[176,177,165,248,4024,4023,4030,1035,1036,546,2245,1037,5034,1047,2210,662,1039,1042,2786,917,7055,14207,14209,14210,14211,14208,784,2934,532,529,20273,2931,14213,14214,14215,14212,14216,14218,14219,14220,14217,1044,3872,4587,14222,14223,14224,14221,10690,1045,1041,547,1034,1038,2215,233,194],"class_list":{"0":"post-68315623","1":"product","2":"type-product","3":"status-publish","4":"has-post-thumbnail","6":"product_brand-mbrp","7":"product_cat-nicht-nach-eu","8":"product_cat-alle-produkte","9":"product_cat-mustang-50-gt-abgasanlage","10":"product_tag-176","11":"product_tag-177","12":"product_tag-165","13":"product_tag-248","14":"product_tag-3zoll","15":"product_tag-4023","16":"product_tag-5-0","17":"product_tag-abgasanlage","18":"product_tag-abgassystem","19":"product_tag-auspuff","20":"product_tag-auspuffanlage","21":"product_tag-auspuffsystem","22":"product_tag-axle-back","23":"product_tag-cat-back","24":"product_tag-catback","25":"product_tag-edelstahl","26":"product_tag-endschalldaempfer","27":"product_tag-endtopf","28":"product_tag-exhaust","29":"product_tag-ford","30":"product_tag-ford-mustang","31":"product_tag-ford-mustang-gt","32":"product_tag-ford-mustang-gt-auspuff","33":"product_tag-ford-mustang-gt-auspuffanlage","34":"product_tag-ford-mustang-gt-axle-back","35":"product_tag-ford-mustang-gt-endschalldaempfer","36":"product_tag-gt","37":"product_tag-harder","38":"product_tag-kat","39":"product_tag-katalysator","40":"product_tag-keintuev","41":"product_tag-mbrp","42":"product_tag-mbrp-auspuff","43":"product_tag-mbrp-auspuffanlage","44":"product_tag-mbrp-axle-back","45":"product_tag-mbrp-endschalldaempfer","46":"product_tag-mbrp-s7225al","47":"product_tag-mbrp-s7225al-auspuff","48":"product_tag-mbrp-s7225al-auspuffanlage","49":"product_tag-mbrp-s7225al-axle-back","50":"product_tag-mbrp-s7225al-endschalldaempfer","51":"product_tag-mittelschalldaempfer","52":"product_tag-mustang","53":"product_tag-mustang-gt","54":"product_tag-mustang-gt-auspuff","55":"product_tag-mustang-gt-auspuffanlage","56":"product_tag-mustang-gt-axle-back","57":"product_tag-mustang-gt-endschalldaempfer","58":"product_tag-s7225al","59":"product_tag-sound","60":"product_tag-sport","61":"product_tag-sportauspuff","62":"product_tag-sportauspuffanlage","63":"product_tag-sportendschalldaempfer","64":"product_tag-street","65":"product_tag-tuning","66":"product_tag-v8","67":"product_shipping_class-paket-xl","69":"first","70":"onbackorder","71":"taxable","72":"shipping-taxable","73":"purchasable","74":"product-type-simple"},"bundled_by":[],"bundle_stock_status":"onbackorder","bundle_stock_quantity":0,"bundle_virtual":false,"bundle_layout":"","bundle_add_to_cart_form_location":"","bundle_editable_in_cart":false,"bundle_sold_individually_context":"","bundle_item_grouping":"","bundle_min_size":"","bundle_max_size":"","bundle_price":[],"bundled_items":[],"bundle_sell_ids":[],"exclude_global_add_ons":[],"addons":[],"acf":[],"_links":{"self":[{"href":"https:\/\/kraftwerk-shop.cc\/it\/wp-json\/wp\/v2\/product\/68315623","targetHints":{"allow":["GET"]}}],"collection":[{"href":"https:\/\/kraftwerk-shop.cc\/it\/wp-json\/wp\/v2\/product"}],"about":[{"href":"https:\/\/kraftwerk-shop.cc\/it\/wp-json\/wp\/v2\/types\/product"}],"replies":[{"embeddable":true,"href":"https:\/\/kraftwerk-shop.cc\/it\/wp-json\/wp\/v2\/comments?post=68315623"}],"version-history":[{"count":0,"href":"https:\/\/kraftwerk-shop.cc\/it\/wp-json\/wp\/v2\/product\/68315623\/revisions"}],"wp:featuredmedia":[{"embeddable":true,"href":"https:\/\/kraftwerk-shop.cc\/it\/wp-json\/wp\/v2\/media\/68315627"}],"wp:attachment":[{"href":"https:\/\/kraftwerk-shop.cc\/it\/wp-json\/wp\/v2\/media?parent=68315623"}],"wp:term":[{"taxonomy":"product_brand","embeddable":true,"href":"https:\/\/kraftwerk-shop.cc\/it\/wp-json\/wp\/v2\/product_brand?post=68315623"},{"taxonomy":"product_cat","embeddable":true,"href":"https:\/\/kraftwerk-shop.cc\/it\/wp-json\/wp\/v2\/product_cat?post=68315623"},{"taxonomy":"product_tag","embeddable":true,"href":"https:\/\/kraftwerk-shop.cc\/it\/wp-json\/wp\/v2\/product_tag?post=68315623"}],"curies":[{"name":"wp","href":"https:\/\/api.w.org\/{rel}","templated":true}]}}