{"id":68315905,"date":"2025-02-21T11:21:01","date_gmt":"2025-02-21T10:21:01","guid":{"rendered":"https:\/\/kraftwerk-shop.cc\/?post_type=product&#038;p=68315905"},"modified":"2026-03-24T15:08:13","modified_gmt":"2026-03-24T14:08:13","slug":"superchip-flashcal-3581-wrangler-jk","status":"publish","type":"product","link":"https:\/\/kraftwerk-shop.cc\/it\/produkt\/superchips-flashcal-3581-wrangler-jk\/","title":{"rendered":"Superchips Flashcal+ Wrangler JK"},"content":{"rendered":"<h1 class=\"product-name\">Superchip Flashcal+ per Wrangler JK<\/h1>\n<p>&nbsp;<\/p>\n<p data-start=\"0\" data-end=\"365\">Il calibratore wireless Superchips Flashcal+ \u00e8 uno strumento di calibrazione avanzato progettato specificamente per i modelli Jeep Wrangler JK dal 2007 al 2018. Questo innovativo dispositivo consente ai proprietari di Jeep di regolare e monitorare numerose impostazioni del veicolo in modalit\u00e0 wireless tramite un'applicazione per smartphone di facile utilizzo.<\/p>\n<p><strong>Funzioni:<\/strong><\/p>\n<ul data-start=\"387\" data-end=\"1879\">\n<li data-start=\"166\" data-end=\"426\"><strong data-start=\"168\" data-end=\"188\">La schermata CRAWL<\/strong> (vedi immagine sopra) funge da interfaccia in tempo reale per i controlli diretti del veicolo, tra cui il blocco del differenziale anteriore e posteriore, l'impostazione del TPMS e la regolazione del regime minimo del motore. La gamma di funzioni varia a seconda del modello e dell'equipaggiamento del veicolo.<\/li>\n<li data-start=\"427\" data-end=\"691\"><strong data-start=\"429\" data-end=\"455\">Assistente alle dimensioni dei pneumatici:<\/strong> Calibrazione automatica del tachimetro tramite il GPS dello smartphone: non \u00e8 necessario inserire manualmente i dati e non \u00e8 necessario lasciare il veicolo. Se necessario, \u00e8 possibile inserire manualmente le dimensioni degli pneumatici.<\/li>\n<li data-start=\"692\" data-end=\"816\"><strong data-start=\"694\" data-end=\"723\">Monitoraggio dei dati in tempo reale<\/strong> con display personalizzabile e possibilit\u00e0 di leggere ed eliminare i codici di guasto (CEL).<\/li>\n<li data-start=\"817\" data-end=\"976\"><strong>Opzioni di servizio per le riparazioni domestiche: <\/strong>Inizializzazione dell'ABS, riapprendimento del pedale del freno, sincronizzazione dell'albero a camme\/albero motore.<\/li>\n<li data-start=\"977\" data-end=\"1135\"><strong data-start=\"979\" data-end=\"1003\">Opzioni di reset del modulo<\/strong> per ABS (sistema antibloccaggio), BCM (modulo di controllo della carrozzeria), TPMS (sistema di monitoraggio della pressione degli pneumatici) e IPC (modulo del quadro strumenti).<\/li>\n<li data-start=\"1136\" data-end=\"1239\"><strong data-start=\"1138\" data-end=\"1172\">Connessione Bluetooth senza fili<\/strong> per Android o iPhone, senza bisogno di cavi aggiuntivi.<\/li>\n<li data-start=\"1240\" data-end=\"1306\"><strong data-start=\"1242\" data-end=\"1260\">Correzione tachimetrica<\/strong> per pneumatici di dimensioni comprese tra 26 \"e 42\".<\/li>\n<li data-start=\"1307\" data-end=\"1413\"><strong data-start=\"1309\" data-end=\"1333\">Ricalibrazione del tachimetro<\/strong> per i rapporti tra gli assali e il transfer case di 2,73-5,38:1.<\/li>\n<li data-start=\"1414\" data-end=\"1515\"><strong data-start=\"1416\" data-end=\"1437\">Blocco dell'asse posteriore<\/strong> con il cambio in 4-Hi e 4-Low (<em data-start=\"1477\" data-end=\"1511\" data-is-only-node=\"\">Solo schermo CRAWL, JK Rubicon<\/em>).<\/li>\n<li data-start=\"1516\" data-end=\"1634\"><strong data-start=\"1518\" data-end=\"1551\">Blocco dell'asse anteriore e posteriore<\/strong> con il cambio in 4-Hi e 4-Low (<em data-start=\"1591\" data-end=\"1630\" data-is-only-node=\"\">Solo schermo CRAWL, 3.8L JK Rubicon<\/em>).<\/li>\n<li data-start=\"1635\" data-end=\"1761\"><strong data-start=\"1637\" data-end=\"1668\">Spinta al minimo del motore<\/strong> per il funzionamento dell'argano - temporaneamente regolabile tramite la schermata CRAWL da <strong data-start=\"1740\" data-end=\"1758\" data-is-only-node=\"\">500-2000 giri\/min.<\/strong>.<\/li>\n<li data-start=\"1762\" data-end=\"1871\"><strong data-start=\"1764\" data-end=\"1790\">Personalizzazione delle luci diurne<\/strong>Posizione selezionabile (alone, parafango, fendinebbia, abbagliante, anabbagliante o indicatore di direzione).<\/li>\n<li data-start=\"1872\" data-end=\"1917\"><strong data-start=\"1874\" data-end=\"1914\">Attivazione\/disattivazione delle luci di marcia diurna<\/strong>.<\/li>\n<li data-start=\"1918\" data-end=\"1979\"><strong data-start=\"1920\" data-end=\"1965\">Indicatore con funzione di cambio corsia one-touch<\/strong> attivare.<\/li>\n<li data-start=\"1980\" data-end=\"2113\"><strong data-start=\"1982\" data-end=\"2014\">Disattivazione TPMS opzionale<\/strong>solo tramite lo schermo CRAWL o completamente per l'utilizzo di cerchi aftermarket.<\/li>\n<li data-start=\"2114\" data-end=\"2169\"><strong data-start=\"2116\" data-end=\"2138\">Valore di soglia TPMS<\/strong> regolabile da 22 a 56 psi.<\/li>\n<li data-start=\"2303\" data-end=\"2358\" data-is-last-node=\"\"><strong data-start=\"2305\" data-end=\"2357\">Leggere ed eliminare i codici diagnostici di guasto (DTC)<\/strong>.<\/li>\n<\/ul>\n<p data-start=\"1881\" data-end=\"2135\">IMPORTANTE: <em>Si sconsiglia l'uso di Flashcal+ su veicoli precedentemente modificati con un dispositivo di dimensionamento pneumatici Tazer.<\/em><\/p>\n<p>&nbsp;<\/p>\n<p><strong>Adatto per:<\/strong><\/p>\n<table width=\"449\">\n<tbody>\n<tr>\n<td width=\"115\"><strong>Marchio<\/strong><\/td>\n<td width=\"145\"><strong>Modello<\/strong><\/td>\n<td width=\"106\"><strong>Motore<\/strong><\/td>\n<td width=\"83\"><strong>Anno di costruzione<\/strong><\/td>\n<\/tr>\n<tr>\n<td>Jeep<\/td>\n<td>Wrangler JK<\/td>\n<td>3.6, 3.8<\/td>\n<td width=\"83\">2007 \u2013 2018<\/td>\n<\/tr>\n<\/tbody>\n<\/table>\n<p><iframe loading=\"lazy\" title=\"Dispositivi di programmazione e strumenti di calibrazione Superchips\" src=\"https:\/\/www.youtube.com\/embed\/Dhyiohi70_A\" width=\"882\" height=\"496\" frameborder=\"0\" allowfullscreen=\"allowfullscreen\"><\/iframe><\/p>","protected":false},"excerpt":{"rendered":"<p>2007 \u2013 2018<\/p>","protected":false},"featured_media":68315914,"comment_status":"open","ping_status":"closed","template":"","meta":{"_acf_changed":false},"product_brand":[],"product_cat":[10262,19727,19784],"product_tag":[209,210,213,214,176,177,165,248,249,250,251,252,169,976,13198,3213,10698,3476,10710,10701,10715,10714,10712,10713,13201,10703,1157,2934,13202,13203,13204,13219,13228,13211,13258,13220,13239,13259,13223,13232,13217,13250,13226,13242,13224,13215,13247,13248,13238,13225,13241,13227,13252,13222,13207,13230,13243,13249,13216,13256,13209,13218,13253,13240,13260,13213,13214,13208,13244,13246,13210,13221,13245,13257,13212,13229,13251,13231,36,438,4776,10699,10696,517,10695,3479,3480,10711,10697,2980,10700,10691,13199,10692,13200,10704,10709,10708,3478,233,919,175,8285,13205,13234,13236,13206,13235,13237,13233,13254,13255],"class_list":{"0":"post-68315905","1":"product","2":"type-product","3":"status-publish","4":"has-post-thumbnail","6":"product_cat-alle-produkte","7":"product_cat-wrangler-36-jk-programmiergeraete","8":"product_cat-wrangler-38-programmiergeraete","9":"product_tag-209","10":"product_tag-210","11":"product_tag-213","12":"product_tag-214","13":"product_tag-176","14":"product_tag-177","15":"product_tag-165","16":"product_tag-248","17":"product_tag-249","18":"product_tag-250","19":"product_tag-251","20":"product_tag-252","21":"product_tag-3-6","22":"product_tag-3-8","23":"product_tag-13198","24":"product_tag-abs","25":"product_tag-achsenuebersetzung","26":"product_tag-anpassung","27":"product_tag-bcm","28":"product_tag-datenaufzeichnung","29":"product_tag-dtc","30":"product_tag-fehlerdiagnose","31":"product_tag-flaschcal","32":"product_tag-flashcal","33":"product_tag-flashcal-3581","34":"product_tag-geschwindigkeit","35":"product_tag-geschwindigkeitsbegrenzer","36":"product_tag-harder","37":"product_tag-jeep-wrangler-jk","38":"product_tag-jeep-wrangler-jk-3-6","39":"product_tag-jeep-wrangler-jk-3-8","40":"product_tag-jeep-wrangler-jk-abs-reset","41":"product_tag-jeep-wrangler-jk-achsuebersetzung-einstellen","42":"product_tag-jeep-wrangler-jk-achsuebersetzung-kalibrierung","43":"product_tag-jeep-wrangler-jk-app-steuerung","44":"product_tag-jeep-wrangler-jk-bcm-reset","45":"product_tag-jeep-wrangler-jk-bluetooth-kalibrierung","46":"product_tag-jeep-wrangler-jk-bluetooth-verbindung","47":"product_tag-jeep-wrangler-jk-cel-fehler-loeschen","48":"product_tag-jeep-wrangler-jk-crawl-bildschirm","49":"product_tag-jeep-wrangler-jk-diagnosegeraet","50":"product_tag-jeep-wrangler-jk-differenzialsperre-steuerung","51":"product_tag-jeep-wrangler-jk-drehzahl-kalibrierung","52":"product_tag-jeep-wrangler-jk-drehzahlbegrenzer","53":"product_tag-jeep-wrangler-jk-dtc-fehler-loeschen","54":"product_tag-jeep-wrangler-jk-ecu-kalibrierung","55":"product_tag-jeep-wrangler-jk-fehlercode-auslesen","56":"product_tag-jeep-wrangler-jk-fehlercode-loeschen","57":"product_tag-jeep-wrangler-jk-flash-tool","58":"product_tag-jeep-wrangler-jk-geschwindigkeit-kalibrierung","59":"product_tag-jeep-wrangler-jk-geschwindigkeitsmesser-einstellen","60":"product_tag-jeep-wrangler-jk-getriebeuebersetzung-kalibrierung","61":"product_tag-jeep-wrangler-jk-hinterachssperre","62":"product_tag-jeep-wrangler-jk-ipc-reset","63":"product_tag-jeep-wrangler-jk-kalibrierung","64":"product_tag-jeep-wrangler-jk-leerlaufanhebung","65":"product_tag-jeep-wrangler-jk-lichtsteuerung","66":"product_tag-jeep-wrangler-jk-modul-reset","67":"product_tag-jeep-wrangler-jk-obd-modul","68":"product_tag-jeep-wrangler-jk-offroad-steuerung","69":"product_tag-jeep-wrangler-jk-reifen-kalibrierung","70":"product_tag-jeep-wrangler-jk-reifendrucksensor-einstellung","71":"product_tag-jeep-wrangler-jk-rubicon","72":"product_tag-jeep-wrangler-jk-smartphone-kalibrierung","73":"product_tag-jeep-wrangler-jk-smartphone-tuning","74":"product_tag-jeep-wrangler-jk-steuergeraet","75":"product_tag-jeep-wrangler-jk-steuergeraet-zuruecksetzen","76":"product_tag-jeep-wrangler-jk-tacho-kalibrierung","77":"product_tag-jeep-wrangler-jk-tagfahrlicht-einstellen","78":"product_tag-jeep-wrangler-jk-tpms-deaktivieren","79":"product_tag-jeep-wrangler-jk-tpms-einstellung","80":"product_tag-jeep-wrangler-jk-tpms-reset","81":"product_tag-jeep-wrangler-jk-tpms-schwelle","82":"product_tag-jeep-wrangler-jk-tuner-geraet","83":"product_tag-jeep-wrangler-jk-tuningmodul","84":"product_tag-jeep-wrangler-jk-verteilergetriebe-kalibrierung","85":"product_tag-jeep-wrangler-jk-vorderachssperre","86":"product_tag-jeep-wrangler-jk-windenbetrieb-leerlauf","87":"product_tag-kraftwerk","88":"product_tag-obd","89":"product_tag-obd-tuning","90":"product_tag-offroad","91":"product_tag-programmer","92":"product_tag-programmiergeraet","93":"product_tag-programmme","94":"product_tag-reifendruck","95":"product_tag-reifendrucksensoren","96":"product_tag-reifendruckueberwachungssystem","97":"product_tag-reifenumfang","98":"product_tag-rubicon","99":"product_tag-sensoren","100":"product_tag-superchips","101":"product_tag-superchips-3581","102":"product_tag-superchips-flashcal","103":"product_tag-superchips-flashcal-3581","104":"product_tag-tacho","105":"product_tag-tachometerkorrektur","106":"product_tag-tagfahrlicht","107":"product_tag-tpms","108":"product_tag-tuning","109":"product_tag-tuninggeraet","110":"product_tag-wrangler","111":"product_tag-wrangler-jk","112":"product_tag-wrangler-jk-3-6","113":"product_tag-wrangler-jk-3-6-flashcal","114":"product_tag-wrangler-jk-3-6-superchips","115":"product_tag-wrangler-jk-3-8","116":"product_tag-wrangler-jk-3-8-flashcal","117":"product_tag-wrangler-jk-3-8-superchips","118":"product_tag-wrangler-jk-crawl","119":"product_tag-wrangler-jk-rubicon-3-6","120":"product_tag-wrangler-jk-rubicon-3-8","122":"first","123":"outofstock","124":"taxable","125":"shipping-taxable","126":"purchasable","127":"product-type-simple"},"bundled_by":[],"bundle_stock_status":"outofstock","bundle_stock_quantity":0,"bundle_virtual":false,"bundle_layout":"","bundle_add_to_cart_form_location":"","bundle_editable_in_cart":false,"bundle_sold_individually_context":"","bundle_item_grouping":"","bundle_min_size":"","bundle_max_size":"","bundle_price":[],"bundled_items":[],"bundle_sell_ids":[],"exclude_global_add_ons":[],"addons":[],"acf":[],"_links":{"self":[{"href":"https:\/\/kraftwerk-shop.cc\/it\/wp-json\/wp\/v2\/product\/68315905","targetHints":{"allow":["GET"]}}],"collection":[{"href":"https:\/\/kraftwerk-shop.cc\/it\/wp-json\/wp\/v2\/product"}],"about":[{"href":"https:\/\/kraftwerk-shop.cc\/it\/wp-json\/wp\/v2\/types\/product"}],"replies":[{"embeddable":true,"href":"https:\/\/kraftwerk-shop.cc\/it\/wp-json\/wp\/v2\/comments?post=68315905"}],"version-history":[{"count":0,"href":"https:\/\/kraftwerk-shop.cc\/it\/wp-json\/wp\/v2\/product\/68315905\/revisions"}],"wp:featuredmedia":[{"embeddable":true,"href":"https:\/\/kraftwerk-shop.cc\/it\/wp-json\/wp\/v2\/media\/68315914"}],"wp:attachment":[{"href":"https:\/\/kraftwerk-shop.cc\/it\/wp-json\/wp\/v2\/media?parent=68315905"}],"wp:term":[{"taxonomy":"product_brand","embeddable":true,"href":"https:\/\/kraftwerk-shop.cc\/it\/wp-json\/wp\/v2\/product_brand?post=68315905"},{"taxonomy":"product_cat","embeddable":true,"href":"https:\/\/kraftwerk-shop.cc\/it\/wp-json\/wp\/v2\/product_cat?post=68315905"},{"taxonomy":"product_tag","embeddable":true,"href":"https:\/\/kraftwerk-shop.cc\/it\/wp-json\/wp\/v2\/product_tag?post=68315905"}],"curies":[{"name":"wp","href":"https:\/\/api.w.org\/{rel}","templated":true}]}}