{"id":68316191,"date":"2025-02-23T11:56:46","date_gmt":"2025-02-23T10:56:46","guid":{"rendered":"https:\/\/kraftwerk-shop.cc\/?post_type=product&#038;p=68316191"},"modified":"2026-04-07T12:24:39","modified_gmt":"2026-04-07T10:24:39","slug":"copertura-mopar-collegamento-jump-start-68188999aa","status":"publish","type":"product","link":"https:\/\/kraftwerk-shop.cc\/it\/produkt\/mopar-abdeckung-starthilfe-anschluss-68188999aa\/","title":{"rendered":"Copertura Mopar collegamento jump-start (68188999AA)"},"content":{"rendered":"<h1>Copertura originale Mopar per il collegamento jump-start nel vano motore (68188999AA) per Chrysler 300C, Dodge Challenger e Charger dal 2016 al 2022<\/h1>\n<p>&nbsp;<\/p>\n<p><span lang=\"DE\"><strong>Numero di parte Mopar:<\/strong> 68188999AA<br \/>\n<strong>Sostituito: <\/strong><span class=\"list-value\">\u2014<\/span><\/span><\/p>\n<p>&nbsp;<\/p>\n<p>Nota: il componente si adatta direttamente solo ai modelli elencati. Pu\u00f2 essere montato anche su veicoli pi\u00f9 vecchi, ma deve essere modificato.<br \/>\nIl pezzo originale corrispondente per i modelli pi\u00f9 vecchi non \u00e8 pi\u00f9 disponibile.<\/p>\n<p>&nbsp;<\/p>\n<p>&nbsp;<\/p>\n<p><strong>Adatto per:<\/strong><\/p>\n<table width=\"826\">\n<tbody>\n<tr>\n<td width=\"82\"><strong>Anno di costruzione<\/strong><\/td>\n<td width=\"82\"><strong>Marchio<\/strong><\/td>\n<td width=\"124\"><strong>Modello<\/strong><\/td>\n<td width=\"334\"><strong>Versione<\/strong><\/td>\n<td width=\"204\"><strong>Motore<\/strong><\/td>\n<\/tr>\n<tr>\n<td width=\"82\">2022<\/td>\n<td width=\"82\">Dodge<\/td>\n<td width=\"124\">Challenger<\/td>\n<td width=\"334\">GT, SXT<\/td>\n<td width=\"204\">3.6L<\/td>\n<\/tr>\n<tr>\n<td width=\"82\">2019<\/td>\n<td width=\"82\">Chrysler<\/td>\n<td width=\"124\">300<\/td>\n<td width=\"334\">C, S<\/td>\n<td width=\"204\">5.7L<\/td>\n<\/tr>\n<tr>\n<td width=\"82\">2019<\/td>\n<td width=\"82\">Dodge<\/td>\n<td width=\"124\">Charger<\/td>\n<td width=\"334\">Pursuit, R\/T, Scat Pack<\/td>\n<td width=\"204\">5.7L, 6.4L<\/td>\n<\/tr>\n<tr>\n<td width=\"82\">2018<\/td>\n<td width=\"82\">Chrysler<\/td>\n<td width=\"124\">300<\/td>\n<td width=\"334\">C, S<\/td>\n<td width=\"204\">5.7L<\/td>\n<\/tr>\n<tr>\n<td width=\"82\">2018<\/td>\n<td width=\"82\">Dodge<\/td>\n<td width=\"124\">Challenger<\/td>\n<td width=\"334\">R\/T, R\/T Scat Pack, SRT 392, T\/A, T\/A 392<\/td>\n<td width=\"204\">5.7L, 6.4L<\/td>\n<\/tr>\n<tr>\n<td width=\"82\">2018<\/td>\n<td width=\"82\">Dodge<\/td>\n<td width=\"124\">Charger<\/td>\n<td width=\"334\">Pursuit, R\/T, R\/T Scat Pack, SRT 392<\/td>\n<td width=\"204\">5.7L, 6.4L<\/td>\n<\/tr>\n<tr>\n<td width=\"82\">2017<\/td>\n<td width=\"82\">Chrysler<\/td>\n<td width=\"124\">300<\/td>\n<td width=\"334\">C, C Platinum, Limited, S<\/td>\n<td width=\"204\">3.6L V6 - Flex, 3.6L, 5.7L<\/td>\n<\/tr>\n<tr>\n<td width=\"82\">2017<\/td>\n<td width=\"82\">Dodge<\/td>\n<td width=\"124\">Challenger<\/td>\n<td width=\"334\">GT, R\/T, R\/T Scat Pack, SRT 392, SRT Hellcat, SXT, SXT Plus, T\/A, T\/A 392<\/td>\n<td width=\"204\">3.6L, 5.7L, 6.2L, 6.4L<\/td>\n<\/tr>\n<tr>\n<td width=\"82\">2017<\/td>\n<td width=\"82\">Dodge<\/td>\n<td width=\"124\">Charger<\/td>\n<td width=\"334\">Pursuit, R\/T, R\/T Scat Pack, SE, SRT 392, SRT Hellcat, SXT<\/td>\n<td width=\"204\">3.6L V6 - Flex, 5.7L, 6.2L, 6.4L<\/td>\n<\/tr>\n<tr>\n<td width=\"82\">2016<\/td>\n<td width=\"82\">Chrysler<\/td>\n<td width=\"124\">300<\/td>\n<td width=\"334\">C, C Platinum, Limited, S<\/td>\n<td width=\"204\">3.6L V6 - Flex, 3.6L, 5.7L<\/td>\n<\/tr>\n<tr>\n<td width=\"82\">2016<\/td>\n<td width=\"82\">Dodge<\/td>\n<td width=\"124\">Challenger<\/td>\n<td width=\"334\">392 Hemi Scat Pack Shaker, R\/T, R\/T Plus, R\/T Plus Shaker, R\/T Scat Pack, R\/T Shaker, SRT 392, SRT Hellcat, SXT, SXT Plus<\/td>\n<td width=\"204\">3.6L, 5.7L, 6.2L, 6.4L<\/td>\n<\/tr>\n<tr>\n<td width=\"82\">2016<\/td>\n<td width=\"82\">Dodge<\/td>\n<td width=\"124\">Charger<\/td>\n<td width=\"334\">Pursuit, R\/T, R\/T Road &amp; Track, R\/T Scat Pack, SE, SRT 392, SRT Hellcat, SXT<\/td>\n<td width=\"204\">3.6L V6 - Flex, 5.7L, 6.2L, 6.4L<\/td>\n<\/tr>\n<\/tbody>\n<\/table>\n<p>&nbsp;<\/p>\n<h4>Perch\u00e9 scegliere i ricambi originali Mopar?<\/h4>\n<p><strong>Vestibilit\u00e0 perfetta e massima qualit\u00e0:<\/strong> I ricambi originali Mopar sono prodotti secondo le rigorose specifiche del produttore, il che significa che si adattano perfettamente al suo veicolo. Questo non solo garantisce una facile installazione, ma anche un funzionamento e una sicurezza ottimali.<\/p>\n<p><strong>Affidabilit\u00e0 e durata:<\/strong> Grazie all'utilizzo di materiali di alta qualit\u00e0 e ai rigorosi controlli di qualit\u00e0, i ricambi Mopar assicurano il funzionamento affidabile del suo veicolo anche in condizioni estreme. Sono progettati per durare nel tempo e massimizzare le prestazioni del suo veicolo.<\/p>\n<p>&nbsp;<\/p>\n<p>&nbsp;<\/p>","protected":false},"excerpt":{"rendered":"<p>Parte originale Mopar<\/p>","protected":false},"featured_media":68316193,"comment_status":"open","ping_status":"closed","template":"","meta":{"_acf_changed":false},"product_brand":[16270],"product_cat":[10262,7251,7255,7260,7265,7271,7276,7282,7285,7289,7293,7301,7297,7307,7311,7315,7319,7325,7329,7333],"product_tag":[13059,176,177,165,248,249,250,251,252,419,420,2066,2373,169,52,91,101,93,13058,10314,864,149,10094,9700,10325,10330,10318,10334,54,53,48,536,13060,13063,13061,13071,13070,13065,13067,13064,13066,13069,13068,13062,863,49,3853,13072,13075,13073,13083,13082,13077,13079,13076,13078,13081,13080,13074,3854,13084,13087,13085,13095,13094,13089,13091,13088,13090,13093,13092,13086,4432,13096,13099,13097,13107,13106,13101,13103,13100,13102,13105,13104,13098,10323,8668,692,56,100,4425,13108,13111,13109,13119,13118,13113,13115,13112,13114,13117,13116,13110,55,31,10320,8813,9473,9424,16271,8646,16273,16275,16272,16274,8651,7221,10317,10324,10333,8791,2425,10316,96,10315,10336,10321,10326,10332,10329,10335,10319],"class_list":{"0":"post-68316191","1":"product","2":"type-product","3":"status-publish","4":"has-post-thumbnail","6":"product_brand-mopar","7":"product_cat-alle-produkte","8":"product_cat-300c-35-elektrik-sonstiges","9":"product_cat-300c-36-elektrik-sonstiges","10":"product_cat-300c-57-2005-2010-elektrik-sonstiges","11":"product_cat-300c-57-2011-2023-elektrik-sonstiges","12":"product_cat-300c-61-elektrik-sonstiges","13":"product_cat-300c-64-elektrik-sonstiges","14":"product_cat-challenger-35-elektrik-sonstiges","15":"product_cat-challenger-36-elektrik-sonstiges","16":"product_cat-challenger-57-elektrik-sonstiges","17":"product_cat-challenger-61-elektrik-sonstiges","18":"product_cat-challenger-hellcat-elektrik-sonstiges","19":"product_cat-challenger-64-elektrik-sonstiges","20":"product_cat-charger-35-elektrik-sonstiges","21":"product_cat-charger-36-elektrik-sonstiges","22":"product_cat-charger-57-elektrik-sonstiges","23":"product_cat-charger-57-2011-2023-elektrik-sonstiges","24":"product_cat-charger-61-elektrik-sonstiges","25":"product_cat-charger-hellcat-elektrik-sonstiges","26":"product_cat-64-elektrik-sonstiges","27":"product_tag-068188999aa","28":"product_tag-176","29":"product_tag-177","30":"product_tag-165","31":"product_tag-248","32":"product_tag-249","33":"product_tag-250","34":"product_tag-251","35":"product_tag-252","36":"product_tag-419","37":"product_tag-420","38":"product_tag-2066","39":"product_tag-2373","40":"product_tag-3-6","41":"product_tag-300c","42":"product_tag-5-7","43":"product_tag-6-2","44":"product_tag-6-4","45":"product_tag-68188999aa","46":"product_tag-68375054aa","47":"product_tag-abdeckung","48":"product_tag-anschluss","49":"product_tag-auto-ersatzteile","50":"product_tag-autozubehoer","51":"product_tag-batterie-anschluss","52":"product_tag-batterie-schutzabdeckung","53":"product_tag-batterieabdeckung","54":"product_tag-batterieanschluss-abdeckung","55":"product_tag-challenger","56":"product_tag-charger","57":"product_tag-chrysler","58":"product_tag-chrysler-300c","59":"product_tag-chrysler-300c-abdeckung-starthilfe-anschluss","60":"product_tag-chrysler-300c-batterieanschluss-abdeckung","61":"product_tag-chrysler-300c-starthilfe-abdeckung","62":"product_tag-chrysler-300c-starthilfe-abdeckung-068188999aa","63":"product_tag-chrysler-300c-starthilfe-abdeckung-68188999aa","64":"product_tag-chrysler-300c-starthilfe-abdeckung-ersatzteil","65":"product_tag-chrysler-300c-starthilfe-abdeckung-installation","66":"product_tag-chrysler-300c-starthilfe-abdeckung-kaufen","67":"product_tag-chrysler-300c-starthilfe-abdeckung-montage","68":"product_tag-chrysler-300c-starthilfe-abdeckung-mopar","69":"product_tag-chrysler-300c-starthilfe-abdeckung-originalteil","70":"product_tag-chrysler-300c-starthilfe-anschluss-abdeckung","71":"product_tag-cover","72":"product_tag-dodge","73":"product_tag-dodge-challenger","74":"product_tag-dodge-challenger-abdeckung-starthilfe-anschluss","75":"product_tag-dodge-challenger-batterieanschluss-abdeckung","76":"product_tag-dodge-challenger-starthilfe-abdeckung","77":"product_tag-dodge-challenger-starthilfe-abdeckung-068188999aa","78":"product_tag-dodge-challenger-starthilfe-abdeckung-68188999aa","79":"product_tag-dodge-challenger-starthilfe-abdeckung-ersatzteil","80":"product_tag-dodge-challenger-starthilfe-abdeckung-installation","81":"product_tag-dodge-challenger-starthilfe-abdeckung-kaufen","82":"product_tag-dodge-challenger-starthilfe-abdeckung-montage","83":"product_tag-dodge-challenger-starthilfe-abdeckung-mopar","84":"product_tag-dodge-challenger-starthilfe-abdeckung-originalteil","85":"product_tag-dodge-challenger-starthilfe-anschluss-abdeckung","86":"product_tag-dodge-charger","87":"product_tag-dodge-charger-abdeckung-starthilfe-anschluss","88":"product_tag-dodge-charger-batterieanschluss-abdeckung","89":"product_tag-dodge-charger-starthilfe-abdeckung","90":"product_tag-dodge-charger-starthilfe-abdeckung-068188999aa","91":"product_tag-dodge-charger-starthilfe-abdeckung-68188999aa","92":"product_tag-dodge-charger-starthilfe-abdeckung-ersatzteil","93":"product_tag-dodge-charger-starthilfe-abdeckung-installation","94":"product_tag-dodge-charger-starthilfe-abdeckung-kaufen","95":"product_tag-dodge-charger-starthilfe-abdeckung-montage","96":"product_tag-dodge-charger-starthilfe-abdeckung-mopar","97":"product_tag-dodge-charger-starthilfe-abdeckung-originalteil","98":"product_tag-dodge-charger-starthilfe-anschluss-abdeckung","99":"product_tag-dodge-durango","100":"product_tag-dodge-durango-abdeckung-starthilfe-anschluss","101":"product_tag-dodge-durango-batterieanschluss-abdeckung","102":"product_tag-dodge-durango-starthilfe-abdeckung","103":"product_tag-dodge-durango-starthilfe-abdeckung-068188999aa","104":"product_tag-dodge-durango-starthilfe-abdeckung-68188999aa","105":"product_tag-dodge-durango-starthilfe-abdeckung-ersatzteil","106":"product_tag-dodge-durango-starthilfe-abdeckung-installation","107":"product_tag-dodge-durango-starthilfe-abdeckung-kaufen","108":"product_tag-dodge-durango-starthilfe-abdeckung-montage","109":"product_tag-dodge-durango-starthilfe-abdeckung-mopar","110":"product_tag-dodge-durango-starthilfe-abdeckung-originalteil","111":"product_tag-dodge-durango-starthilfe-anschluss-abdeckung","112":"product_tag-dodge-ersatzteil","113":"product_tag-dodge-zubehoer","114":"product_tag-ersatzteil","115":"product_tag-grand-cherokee","116":"product_tag-hellcat","117":"product_tag-jeep-grand-cherokee","118":"product_tag-jeep-grand-cherokee-abdeckung-starthilfe-anschluss","119":"product_tag-jeep-grand-cherokee-batterieanschluss-abdeckung","120":"product_tag-jeep-grand-cherokee-starthilfe-abdeckung","121":"product_tag-jeep-grand-cherokee-starthilfe-abdeckung-068188999aa","122":"product_tag-jeep-grand-cherokee-starthilfe-abdeckung-68188999aa","123":"product_tag-jeep-grand-cherokee-starthilfe-abdeckung-ersatzteil","124":"product_tag-jeep-grand-cherokee-starthilfe-abdeckung-installation","125":"product_tag-jeep-grand-cherokee-starthilfe-abdeckung-kaufen","126":"product_tag-jeep-grand-cherokee-starthilfe-abdeckung-montage","127":"product_tag-jeep-grand-cherokee-starthilfe-abdeckung-mopar","128":"product_tag-jeep-grand-cherokee-starthilfe-abdeckung-originalteil","129":"product_tag-jeep-grand-cherokee-starthilfe-anschluss-abdeckung","130":"product_tag-magnum","131":"product_tag-mopar","132":"product_tag-mopar-abdeckung","133":"product_tag-mopar-autoteile","134":"product_tag-mopar-ersatzteil","135":"product_tag-mopar-ersatzteile","136":"product_tag-mopar-ersatzteile-kaufen","137":"product_tag-mopar-original","138":"product_tag-mopar-performance-teile","139":"product_tag-mopar-teile-katalog","140":"product_tag-mopar-teile-online","141":"product_tag-mopar-tuningteile","142":"product_tag-mopar-zubehoer","143":"product_tag-mopar10","144":"product_tag-motorraum","145":"product_tag-motorraum-abdeckung","146":"product_tag-motorraum-schutz","147":"product_tag-original-mopar","148":"product_tag-originalteil","149":"product_tag-platikabdeckung","150":"product_tag-srt","151":"product_tag-starthilfe","152":"product_tag-starthilfe-abdeckung-mopar","153":"product_tag-starthilfe-anschluss","154":"product_tag-starthilfe-ersatzteil","155":"product_tag-starthilfe-kappe","156":"product_tag-starthilfe-schutzkappe","157":"product_tag-starthilfe-terminal-abdeckung","158":"product_tag-starthilfeabdeckung","160":"first","161":"instock","162":"taxable","163":"shipping-taxable","164":"purchasable","165":"product-type-simple"},"bundled_by":[],"bundle_stock_status":"instock","bundle_stock_quantity":22,"bundle_virtual":false,"bundle_layout":"","bundle_add_to_cart_form_location":"","bundle_editable_in_cart":false,"bundle_sold_individually_context":"","bundle_item_grouping":"","bundle_min_size":"","bundle_max_size":"","bundle_price":[],"bundled_items":[],"bundle_sell_ids":[],"exclude_global_add_ons":[],"addons":[],"acf":[],"_links":{"self":[{"href":"https:\/\/kraftwerk-shop.cc\/it\/wp-json\/wp\/v2\/product\/68316191","targetHints":{"allow":["GET"]}}],"collection":[{"href":"https:\/\/kraftwerk-shop.cc\/it\/wp-json\/wp\/v2\/product"}],"about":[{"href":"https:\/\/kraftwerk-shop.cc\/it\/wp-json\/wp\/v2\/types\/product"}],"replies":[{"embeddable":true,"href":"https:\/\/kraftwerk-shop.cc\/it\/wp-json\/wp\/v2\/comments?post=68316191"}],"version-history":[{"count":0,"href":"https:\/\/kraftwerk-shop.cc\/it\/wp-json\/wp\/v2\/product\/68316191\/revisions"}],"wp:featuredmedia":[{"embeddable":true,"href":"https:\/\/kraftwerk-shop.cc\/it\/wp-json\/wp\/v2\/media\/68316193"}],"wp:attachment":[{"href":"https:\/\/kraftwerk-shop.cc\/it\/wp-json\/wp\/v2\/media?parent=68316191"}],"wp:term":[{"taxonomy":"product_brand","embeddable":true,"href":"https:\/\/kraftwerk-shop.cc\/it\/wp-json\/wp\/v2\/product_brand?post=68316191"},{"taxonomy":"product_cat","embeddable":true,"href":"https:\/\/kraftwerk-shop.cc\/it\/wp-json\/wp\/v2\/product_cat?post=68316191"},{"taxonomy":"product_tag","embeddable":true,"href":"https:\/\/kraftwerk-shop.cc\/it\/wp-json\/wp\/v2\/product_tag?post=68316191"}],"curies":[{"name":"wp","href":"https:\/\/api.w.org\/{rel}","templated":true}]}}