{"id":68317492,"date":"2025-03-29T16:30:28","date_gmt":"2025-03-29T15:30:28","guid":{"rendered":"https:\/\/kraftwerk-shop.cc\/?post_type=product&#038;p=68317492"},"modified":"2026-02-15T01:19:06","modified_gmt":"2026-02-15T00:19:06","slug":"jl-oil-catch-can-jeep-cherokee-24","status":"publish","type":"product","link":"https:\/\/kraftwerk-shop.cc\/it\/produkt\/jl-oil-catch-can-jeep-cherokee-24\/","title":{"rendered":"J&amp;L Oil Catch Can Jeep Cherokee 2.4"},"content":{"rendered":"<h1>J&amp;L Oil Catch Can per Jeep Cherokee 2.4<\/h1>\n<p>&nbsp;<\/p>\n<ul>\n<li>Capacit\u00e0 90 ml<\/li>\n<li>Solido design in billetta<\/li>\n<li>Connettori PCV ad attacco rapido stile OEM<\/li>\n<li>Sistema di filtrazione multistadio che cattura i vapori pi\u00f9 fini e li intrappola nel contenitore facilmente rimovibile, lasciando passare l'aria pulita fino al condotto di aspirazione.<\/li>\n<\/ul>\n<p>&nbsp;<\/p>\n<p><strong>Come funziona il sistema?<\/strong><\/p>\n<p>Quando la pressione del basamento viene sfiatata attraverso il condotto di aspirazione, grandi quantit\u00e0 di olio sotto forma di vapori vengono immesse nel collettore di aspirazione e nei collettori di aspirazione e diluiscono addirittura la benzina, causando una diminuzione del numero di ottani.<br \/>\nQuesto fenomeno si verifica in tutti i motori ed \u00e8 ancora pi\u00f9 accentuato nei veicoli a carica forzata (sovralimentatori e turbocompressori), poich\u00e9 la pressione del carter aumenta.<br \/>\nPer ovviare a questo problema, \u00e8 stato sviluppato un separatore d'olio con un design proprio.<br \/>\nRealizzato in alluminio billet, \u00e8 un pezzo solido come una roccia. \u00c8 dotato di una base del serbatoio zigrinata che facilita lo scarico dell'olio usato e di una guarnizione O-ring che impedisce le perdite.<\/p>\n<p>La filtrazione consiste in un setaccio a maglie fini in acciaio inox che cattura i vapori fini di olio e li rilascia non appena sono abbastanza pesanti da cadere.<br \/>\nLe particelle vengono poi fatte passare attraverso un filtro a nido d'ape in alluminio da 1\/16\u2033 e 1\/2\u2033 di spessore, dove diventano sempre pi\u00f9 grandi e infine cadono nel contenitore.<br \/>\nSe l'olio passa attraverso il filtro, \u00e8 troppo pesante per essere trasmesso al condotto di aspirazione.<br \/>\nIl contenitore di raccolta contiene 90 ml di liquido. Pu\u00f2 sembrare poco, ma non si dovrebbe trovare cos\u00ec tanto olio nel sistema PCV.<\/p>\n<p>&nbsp;<\/p>\n<p><strong>Adatto per:<\/strong><\/p>\n<table width=\"419\">\n<tbody>\n<tr>\n<td width=\"220\">Jeep Cherokee 2,4<\/td>\n<td width=\"199\">2014 \u2013 2022<\/td>\n<\/tr>\n<\/tbody>\n<\/table>\n<p>&nbsp;<\/p>\n<p><strong>Ambito di consegna<\/strong>:<\/p>\n<ul>\n<li>Oil Catch Can (nero)<\/li>\n<li>Staffa<\/li>\n<li>Tubi flessibili<\/li>\n<li>Connessioni<\/li>\n<li>Istruzioni per l'uso in tedesco e inglese<\/li>\n<\/ul>\n<p>&nbsp;<\/p>","protected":false},"excerpt":{"rendered":"<p>2014 \u2013 2022<\/p>","protected":false},"featured_media":68317494,"comment_status":"open","ping_status":"closed","template":"","meta":{"_acf_changed":false},"product_brand":[17171],"product_cat":[10809],"product_tag":[1105,248,249,250,251,252,419,420,2066,2373,10811,676,12071,12073,12063,12103,12068,12065,12069,12080,11962,11966,3245,11964,11963,11965,50,12075,12070,12072,12074,12096,12078,12076,12088,12097,12081,12077,12062,12091,12085,12089,12083,12086,12101,12082,12090,12100,12066,12099,12098,12064,12095,12093,12094,12102,12067,12079,903,1093,2444,36,84,82,12092,12061,12087,12084,85,3243,406,83,3242,86,3244],"class_list":{"0":"post-68317492","1":"product","2":"type-product","3":"status-publish","4":"has-post-thumbnail","6":"product_brand-jl","7":"product_cat-cherokee-oil-catch-can","8":"product_tag-2-4","9":"product_tag-248","10":"product_tag-249","11":"product_tag-250","12":"product_tag-251","13":"product_tag-252","14":"product_tag-419","15":"product_tag-420","16":"product_tag-2066","17":"product_tag-2373","18":"product_tag-3077d-b","19":"product_tag-cherokee","20":"product_tag-cherokee-2-4-oil-catch-can","21":"product_tag-cherokee-2-4-oelabscheider","22":"product_tag-cherokee-oil-catch-can","23":"product_tag-cherokee-oil-catch-can-2-4-tigershark","24":"product_tag-cherokee-oil-separator","25":"product_tag-cherokee-oelabscheider","26":"product_tag-cherokee-oelseparator","27":"product_tag-cherokee-pcv-oil-catch-can","28":"product_tag-jl-oil-catch-can","29":"product_tag-jl-oil-separator","30":"product_tag-jl-oil-separator-co","31":"product_tag-jl-oel-catch-can","32":"product_tag-jl-oelabscheider","33":"product_tag-jl-oelseparator","34":"product_tag-jeep","35":"product_tag-jeep-cherokee-2-4-motor-oelabscheider","36":"product_tag-jeep-cherokee-2-4-oil-catch-can","37":"product_tag-jeep-cherokee-2-4-oelabscheider","38":"product_tag-jeep-cherokee-2-4-oelseparator","39":"product_tag-jeep-cherokee-blow-by-abscheider","40":"product_tag-jeep-cherokee-blowby-catch-can","41":"product_tag-jeep-cherokee-catch-can","42":"product_tag-jeep-cherokee-catch-can-nachruesten","43":"product_tag-jeep-cherokee-kurbelgehaeuseentlueftung","44":"product_tag-jeep-cherokee-motorentlueftung","45":"product_tag-jeep-cherokee-oil-catch","46":"product_tag-jeep-cherokee-oil-catch-can","47":"product_tag-jeep-cherokee-oil-catch-can-bewertung","48":"product_tag-jeep-cherokee-oil-catch-can-einbau","49":"product_tag-jeep-cherokee-oil-catch-can-erfahrung","50":"product_tag-jeep-cherokee-oil-catch-can-kit","51":"product_tag-jeep-cherokee-oil-catch-can-nachruestung","52":"product_tag-jeep-cherokee-oil-catch-can-schwarz","53":"product_tag-jeep-cherokee-oil-catch-can-system","54":"product_tag-jeep-cherokee-oil-catch-can-test","55":"product_tag-jeep-cherokee-oil-catch-can-usa","56":"product_tag-jeep-cherokee-oil-separator","57":"product_tag-jeep-cherokee-oel-catch-can-ersatzteile","58":"product_tag-jeep-cherokee-oel-catch-can-zubehoer","59":"product_tag-jeep-cherokee-oelabscheider","60":"product_tag-jeep-cherokee-oelabscheider-einbau","61":"product_tag-jeep-cherokee-oelabscheider-kaufen","62":"product_tag-jeep-cherokee-oelabscheider-kit","63":"product_tag-jeep-cherokee-oelabscheider-schwarz","64":"product_tag-jeep-cherokee-oelseparator","65":"product_tag-jeep-cherokee-pcv-oelabscheider","66":"product_tag-jl","67":"product_tag-jlt","68":"product_tag-jlt-performance","69":"product_tag-kraftwerk","70":"product_tag-kurbelgehaeuseentlueftung","71":"product_tag-oil-catch-can","72":"product_tag-oil-catch-can-fuer-jeep-cherokee-2-4","73":"product_tag-oil-catch-can-jeep-cherokee","74":"product_tag-oil-catch-can-kaufen-jeep-cherokee","75":"product_tag-oil-catch-can-kit-jeep-cherokee","76":"product_tag-oil-catch-tank","77":"product_tag-oil-separator","78":"product_tag-oel","79":"product_tag-oelabscheider","80":"product_tag-osc","81":"product_tag-ram","82":"product_tag-separator","83":"product_shipping_class-deutschlandohne","85":"first","86":"instock","87":"taxable","88":"shipping-taxable","89":"purchasable","90":"product-type-simple"},"bundled_by":[],"bundle_stock_status":"instock","bundle_stock_quantity":1,"bundle_virtual":false,"bundle_layout":"","bundle_add_to_cart_form_location":"","bundle_editable_in_cart":false,"bundle_sold_individually_context":"","bundle_item_grouping":"","bundle_min_size":"","bundle_max_size":"","bundle_price":[],"bundled_items":[],"bundle_sell_ids":[],"exclude_global_add_ons":[],"addons":[],"acf":[],"_links":{"self":[{"href":"https:\/\/kraftwerk-shop.cc\/it\/wp-json\/wp\/v2\/product\/68317492","targetHints":{"allow":["GET"]}}],"collection":[{"href":"https:\/\/kraftwerk-shop.cc\/it\/wp-json\/wp\/v2\/product"}],"about":[{"href":"https:\/\/kraftwerk-shop.cc\/it\/wp-json\/wp\/v2\/types\/product"}],"replies":[{"embeddable":true,"href":"https:\/\/kraftwerk-shop.cc\/it\/wp-json\/wp\/v2\/comments?post=68317492"}],"version-history":[{"count":0,"href":"https:\/\/kraftwerk-shop.cc\/it\/wp-json\/wp\/v2\/product\/68317492\/revisions"}],"wp:featuredmedia":[{"embeddable":true,"href":"https:\/\/kraftwerk-shop.cc\/it\/wp-json\/wp\/v2\/media\/68317494"}],"wp:attachment":[{"href":"https:\/\/kraftwerk-shop.cc\/it\/wp-json\/wp\/v2\/media?parent=68317492"}],"wp:term":[{"taxonomy":"product_brand","embeddable":true,"href":"https:\/\/kraftwerk-shop.cc\/it\/wp-json\/wp\/v2\/product_brand?post=68317492"},{"taxonomy":"product_cat","embeddable":true,"href":"https:\/\/kraftwerk-shop.cc\/it\/wp-json\/wp\/v2\/product_cat?post=68317492"},{"taxonomy":"product_tag","embeddable":true,"href":"https:\/\/kraftwerk-shop.cc\/it\/wp-json\/wp\/v2\/product_tag?post=68317492"}],"curies":[{"name":"wp","href":"https:\/\/api.w.org\/{rel}","templated":true}]}}