{"id":68317513,"date":"2025-03-29T18:03:02","date_gmt":"2025-03-29T17:03:02","guid":{"rendered":"https:\/\/kraftwerk-shop.cc\/?post_type=product&#038;p=68317513"},"modified":"2026-02-15T01:19:11","modified_gmt":"2026-02-15T00:19:11","slug":"jl-oil-catch-can-ram-1500-30-hurricane","status":"publish","type":"product","link":"https:\/\/kraftwerk-shop.cc\/it\/produkt\/jl-oil-catch-can-ram-1500-30-hurricane\/","title":{"rendered":"J&amp;L Oil Catch Can RAM 1500 3.0 Hurricane"},"content":{"rendered":"<h1>J&amp;L Oil Catch Can per RAM 1500  3.0 Hurricane<\/h1>\n<p>&nbsp;<\/p>\n<ul>\n<li>Capacit\u00e0 90 ml<\/li>\n<li>Solido design in billetta<\/li>\n<li>Connettori PCV ad attacco rapido stile OEM<\/li>\n<li>Sistema di filtrazione multistadio che cattura i vapori pi\u00f9 fini e li intrappola nel contenitore facilmente rimovibile, lasciando passare l'aria pulita fino al condotto di aspirazione.<\/li>\n<\/ul>\n<p>&nbsp;<\/p>\n<p><strong>Come funziona il sistema?<\/strong><\/p>\n<p>Quando la pressione del basamento viene sfiatata attraverso il condotto di aspirazione, grandi quantit\u00e0 di olio sotto forma di vapori vengono immesse nel collettore di aspirazione e nei collettori di aspirazione e diluiscono addirittura la benzina, causando una diminuzione del numero di ottani.<br \/>\nQuesto fenomeno si verifica in tutti i motori ed \u00e8 ancora pi\u00f9 accentuato nei veicoli a carica forzata (sovralimentatori e turbocompressori), poich\u00e9 la pressione del carter aumenta.<br \/>\nPer ovviare a questo problema, \u00e8 stato sviluppato un separatore d'olio con un design proprio.<br \/>\nRealizzato in alluminio billet, \u00e8 un pezzo solido come una roccia. \u00c8 dotato di una base del serbatoio zigrinata che facilita lo scarico dell'olio usato e di una guarnizione O-ring che impedisce le perdite.<\/p>\n<p>La filtrazione consiste in un setaccio a maglie fini in acciaio inox che cattura i vapori fini di olio e li rilascia non appena sono abbastanza pesanti da cadere.<br \/>\nLe particelle vengono poi fatte passare attraverso un filtro a nido d'ape in alluminio da 1\/16\u2033 e 1\/2\u2033 di spessore, dove diventano sempre pi\u00f9 grandi e infine cadono nel contenitore.<br \/>\nSe l'olio passa attraverso il filtro, \u00e8 troppo pesante per essere trasmesso al condotto di aspirazione.<br \/>\nIl contenitore di raccolta contiene 90 ml di liquido. Pu\u00f2 sembrare poco, ma non si dovrebbe trovare cos\u00ec tanto olio nel sistema PCV.<\/p>\n<p>&nbsp;<\/p>\n<p><strong>Adatto per:<\/strong><\/p>\n<table width=\"419\">\n<tbody>\n<tr>\n<td width=\"220\">RAM 1500 3.0 Hurricane<\/td>\n<td width=\"199\">2025<\/td>\n<\/tr>\n<\/tbody>\n<\/table>\n<p>&nbsp;<\/p>\n<p><strong>Ambito di consegna<\/strong>:<\/p>\n<ul>\n<li>Oil Catch Can (nero)<\/li>\n<li>Staffa<\/li>\n<li>Tubi flessibili<\/li>\n<li>Connessioni<\/li>\n<li>Istruzioni per l'uso in tedesco e inglese<\/li>\n<\/ul>\n<p>&nbsp;<\/p>","protected":false},"excerpt":{"rendered":"<p>2025<\/p>","protected":false},"featured_media":68317515,"comment_status":"open","ping_status":"closed","template":"","meta":{"_acf_changed":false},"product_brand":[17171],"product_cat":[10813],"product_tag":[475,10814,10815,10816,11962,11966,3245,11964,11963,11965,50,903,1093,2444,36,84,82,12221,12216,12213,12190,85,3243,406,83,3242,86,12204,12199,12201,12203,12225,12207,12205,12217,12226,12210,12206,12191,12232,12220,12214,12218,12212,12215,12230,12211,12219,12229,12195,12228,12227,12193,12224,12222,12223,12231,12196,12208,12200,12202,12192,12197,12194,12198,12209,3244],"class_list":{"0":"post-68317513","1":"product","2":"type-product","3":"status-publish","4":"has-post-thumbnail","6":"product_brand-jl","7":"product_cat-1500-30-oil-catch-can","8":"product_tag-475","9":"product_tag-10814","10":"product_tag-30-tt-hurricane","11":"product_tag-3098d-b","12":"product_tag-jl-oil-catch-can","13":"product_tag-jl-oil-separator","14":"product_tag-jl-oil-separator-co","15":"product_tag-jl-oel-catch-can","16":"product_tag-jl-oelabscheider","17":"product_tag-jl-oelseparator","18":"product_tag-jeep","19":"product_tag-jl","20":"product_tag-jlt","21":"product_tag-jlt-performance","22":"product_tag-kraftwerk","23":"product_tag-kurbelgehaeuseentlueftung","24":"product_tag-oil-catch-can","25":"product_tag-oil-catch-can-fuer-ram-1500-3-0","26":"product_tag-oil-catch-can-kaufen-ram-1500","27":"product_tag-oil-catch-can-kit-ram-1500","28":"product_tag-oil-catch-can-ram-1500","29":"product_tag-oil-catch-tank","30":"product_tag-oil-separator","31":"product_tag-oel","32":"product_tag-oelabscheider","33":"product_tag-osc","34":"product_tag-ram","35":"product_tag-ram-1500-3-0-motor-oelabscheider","36":"product_tag-ram-1500-3-0-oil-catch-can","37":"product_tag-ram-1500-3-0-oelabscheider","38":"product_tag-ram-1500-3-0-oelseparator","39":"product_tag-ram-1500-blow-by-abscheider","40":"product_tag-ram-1500-blowby-catch-can","41":"product_tag-ram-1500-catch-can","42":"product_tag-ram-1500-catch-can-nachruesten","43":"product_tag-ram-1500-kurbelgehaeuseentlueftung","44":"product_tag-ram-1500-motorentlueftung","45":"product_tag-ram-1500-oil-catch","46":"product_tag-ram-1500-oil-catch-can","47":"product_tag-ram-1500-oil-catch-can-3-0-hurricane","48":"product_tag-ram-1500-oil-catch-can-bewertung","49":"product_tag-ram-1500-oil-catch-can-einbau","50":"product_tag-ram-1500-oil-catch-can-erfahrung","51":"product_tag-ram-1500-oil-catch-can-kit","52":"product_tag-ram-1500-oil-catch-can-nachruestung","53":"product_tag-ram-1500-oil-catch-can-schwarz","54":"product_tag-ram-1500-oil-catch-can-system","55":"product_tag-ram-1500-oil-catch-can-test","56":"product_tag-ram-1500-oil-catch-can-usa","57":"product_tag-ram-1500-oil-separator","58":"product_tag-ram-1500-oel-catch-can-ersatzteile","59":"product_tag-ram-1500-oel-catch-can-zubehoer","60":"product_tag-ram-1500-oelabscheider","61":"product_tag-ram-1500-oelabscheider-einbau","62":"product_tag-ram-1500-oelabscheider-kaufen","63":"product_tag-ram-1500-oelabscheider-kit","64":"product_tag-ram-1500-oelabscheider-schwarz","65":"product_tag-ram-1500-oelseparator","66":"product_tag-ram-1500-pcv-oelabscheider","67":"product_tag-ram-3-0-oil-catch-can","68":"product_tag-ram-3-0-oelabscheider","69":"product_tag-ram-oil-catch-can","70":"product_tag-ram-oil-separator","71":"product_tag-ram-oelabscheider","72":"product_tag-ram-oelseparator","73":"product_tag-ram-pcv-oil-catch-can","74":"product_tag-separator","76":"first","77":"instock","78":"taxable","79":"shipping-taxable","80":"purchasable","81":"product-type-simple"},"bundled_by":[],"bundle_stock_status":"instock","bundle_stock_quantity":2,"bundle_virtual":false,"bundle_layout":"","bundle_add_to_cart_form_location":"","bundle_editable_in_cart":false,"bundle_sold_individually_context":"","bundle_item_grouping":"","bundle_min_size":"","bundle_max_size":"","bundle_price":[],"bundled_items":[],"bundle_sell_ids":[],"exclude_global_add_ons":[],"addons":[],"acf":[],"_links":{"self":[{"href":"https:\/\/kraftwerk-shop.cc\/it\/wp-json\/wp\/v2\/product\/68317513","targetHints":{"allow":["GET"]}}],"collection":[{"href":"https:\/\/kraftwerk-shop.cc\/it\/wp-json\/wp\/v2\/product"}],"about":[{"href":"https:\/\/kraftwerk-shop.cc\/it\/wp-json\/wp\/v2\/types\/product"}],"replies":[{"embeddable":true,"href":"https:\/\/kraftwerk-shop.cc\/it\/wp-json\/wp\/v2\/comments?post=68317513"}],"version-history":[{"count":0,"href":"https:\/\/kraftwerk-shop.cc\/it\/wp-json\/wp\/v2\/product\/68317513\/revisions"}],"wp:featuredmedia":[{"embeddable":true,"href":"https:\/\/kraftwerk-shop.cc\/it\/wp-json\/wp\/v2\/media\/68317515"}],"wp:attachment":[{"href":"https:\/\/kraftwerk-shop.cc\/it\/wp-json\/wp\/v2\/media?parent=68317513"}],"wp:term":[{"taxonomy":"product_brand","embeddable":true,"href":"https:\/\/kraftwerk-shop.cc\/it\/wp-json\/wp\/v2\/product_brand?post=68317513"},{"taxonomy":"product_cat","embeddable":true,"href":"https:\/\/kraftwerk-shop.cc\/it\/wp-json\/wp\/v2\/product_cat?post=68317513"},{"taxonomy":"product_tag","embeddable":true,"href":"https:\/\/kraftwerk-shop.cc\/it\/wp-json\/wp\/v2\/product_tag?post=68317513"}],"curies":[{"name":"wp","href":"https:\/\/api.w.org\/{rel}","templated":true}]}}