{"id":68317532,"date":"2025-03-29T19:12:41","date_gmt":"2025-03-29T18:12:41","guid":{"rendered":"https:\/\/kraftwerk-shop.cc\/?post_type=product&#038;p=68317532"},"modified":"2026-02-15T01:19:05","modified_gmt":"2026-02-15T00:19:05","slug":"jl-oil-catch-can-jeep-wagoneer-30","status":"publish","type":"product","link":"https:\/\/kraftwerk-shop.cc\/it\/produkt\/jl-oil-catch-can-jeep-wagoneer-30\/","title":{"rendered":"J&amp;L Oil Catch Can Jeep Wagoneer 3.0"},"content":{"rendered":"<h1>J&amp;L Oil Catch Can per Jeep Wagoneer 3.0<\/h1>\n<p>&nbsp;<\/p>\n<ul>\n<li>Capacit\u00e0 90 ml<\/li>\n<li>Solido design in billetta<\/li>\n<li>Connettori PCV ad attacco rapido stile OEM<\/li>\n<li>Sistema di filtrazione multistadio che cattura i vapori pi\u00f9 fini e li intrappola nel contenitore facilmente rimovibile, lasciando passare l'aria pulita fino al condotto di aspirazione.<\/li>\n<\/ul>\n<p>&nbsp;<\/p>\n<p><strong>Come funziona il sistema?<\/strong><\/p>\n<p>Quando la pressione del basamento viene sfiatata attraverso il condotto di aspirazione, grandi quantit\u00e0 di olio sotto forma di vapori vengono immesse nel collettore di aspirazione e nei collettori di aspirazione e diluiscono addirittura la benzina, causando una diminuzione del numero di ottani.<br \/>\nQuesto fenomeno si verifica in tutti i motori ed \u00e8 ancora pi\u00f9 accentuato nei veicoli a carica forzata (sovralimentatori e turbocompressori), poich\u00e9 la pressione del carter aumenta.<br \/>\nPer ovviare a questo problema, \u00e8 stato sviluppato un separatore d'olio con un design proprio.<br \/>\nRealizzato in alluminio billet, \u00e8 un pezzo solido come una roccia. \u00c8 dotato di una base del serbatoio zigrinata che facilita lo scarico dell'olio usato e di una guarnizione O-ring che impedisce le perdite.<\/p>\n<p>La filtrazione consiste in un setaccio a maglie fini in acciaio inox che cattura i vapori fini di olio e li rilascia non appena sono abbastanza pesanti da cadere.<br \/>\nLe particelle vengono poi fatte passare attraverso un filtro a nido d'ape in alluminio da 1\/16\u2033 e 1\/2\u2033 di spessore, dove diventano sempre pi\u00f9 grandi e infine cadono nel contenitore.<br \/>\nSe l'olio passa attraverso il filtro, \u00e8 troppo pesante per essere trasmesso al condotto di aspirazione.<br \/>\nIl contenitore di raccolta contiene 90 ml di liquido. Pu\u00f2 sembrare poco, ma non si dovrebbe trovare cos\u00ec tanto olio nel sistema PCV.<\/p>\n<p>&nbsp;<\/p>\n<p><strong>Adatto per:<\/strong><\/p>\n<table width=\"419\">\n<tbody>\n<tr>\n<td width=\"220\">Jeep Wagoneer 3.0<\/td>\n<td width=\"199\">2022 \u2013 2025<\/td>\n<\/tr>\n<\/tbody>\n<\/table>\n<p>&nbsp;<\/p>\n<p><strong>Ambito di consegna<\/strong>:<\/p>\n<ul>\n<li>Oil Catch Can (nero)<\/li>\n<li>Staffa<\/li>\n<li>Tubi flessibili<\/li>\n<li>Connessioni<\/li>\n<li>Istruzioni per l'uso in tedesco e inglese<\/li>\n<\/ul>\n<p>&nbsp;<\/p>","protected":false},"excerpt":{"rendered":"<p>2022 \u2013 2025<\/p>","protected":false},"featured_media":68317535,"comment_status":"open","ping_status":"closed","template":"","meta":{"_acf_changed":false},"product_brand":[17171],"product_cat":[10262],"product_tag":[2373,4526,6297,10814,89,10815,10816,11962,11966,3245,11964,11963,11965,50,12290,12285,12287,12289,12311,12293,12291,12303,12312,12296,12292,12277,12306,12300,12304,12298,12301,12316,12297,12305,12315,12281,12314,12313,12279,12310,12308,12309,12317,12282,12294,903,1093,2444,36,84,82,12307,12276,12302,12299,85,3243,406,83,3242,3244,5276,12286,12288,12278,12318,12283,12280,12284,12295],"class_list":{"0":"post-68317532","1":"product","2":"type-product","3":"status-publish","4":"has-post-thumbnail","6":"product_brand-jl","7":"product_cat-alle-produkte","8":"product_tag-2373","9":"product_tag-4526","10":"product_tag-6297","11":"product_tag-10814","12":"product_tag-3-0","13":"product_tag-30-tt-hurricane","14":"product_tag-3098d-b","15":"product_tag-jl-oil-catch-can","16":"product_tag-jl-oil-separator","17":"product_tag-jl-oil-separator-co","18":"product_tag-jl-oel-catch-can","19":"product_tag-jl-oelabscheider","20":"product_tag-jl-oelseparator","21":"product_tag-jeep","22":"product_tag-jeep-wagoneer-3-0-motor-oelabscheider","23":"product_tag-jeep-wagoneer-3-0-oil-catch-can","24":"product_tag-jeep-wagoneer-3-0-oelabscheider","25":"product_tag-jeep-wagoneer-3-0-oelseparator","26":"product_tag-jeep-wagoneer-blow-by-abscheider","27":"product_tag-jeep-wagoneer-blowby-catch-can","28":"product_tag-jeep-wagoneer-catch-can","29":"product_tag-jeep-wagoneer-catch-can-nachruesten","30":"product_tag-jeep-wagoneer-kurbelgehaeuseentlueftung","31":"product_tag-jeep-wagoneer-motorentlueftung","32":"product_tag-jeep-wagoneer-oil-catch","33":"product_tag-jeep-wagoneer-oil-catch-can","34":"product_tag-jeep-wagoneer-oil-catch-can-bewertung","35":"product_tag-jeep-wagoneer-oil-catch-can-einbau","36":"product_tag-jeep-wagoneer-oil-catch-can-erfahrung","37":"product_tag-jeep-wagoneer-oil-catch-can-kit","38":"product_tag-jeep-wagoneer-oil-catch-can-nachruestung","39":"product_tag-jeep-wagoneer-oil-catch-can-schwarz","40":"product_tag-jeep-wagoneer-oil-catch-can-system","41":"product_tag-jeep-wagoneer-oil-catch-can-test","42":"product_tag-jeep-wagoneer-oil-catch-can-usa","43":"product_tag-jeep-wagoneer-oil-separator","44":"product_tag-jeep-wagoneer-oel-catch-can-ersatzteile","45":"product_tag-jeep-wagoneer-oel-catch-can-zubehoer","46":"product_tag-jeep-wagoneer-oelabscheider","47":"product_tag-jeep-wagoneer-oelabscheider-einbau","48":"product_tag-jeep-wagoneer-oelabscheider-kaufen","49":"product_tag-jeep-wagoneer-oelabscheider-kit","50":"product_tag-jeep-wagoneer-oelabscheider-schwarz","51":"product_tag-jeep-wagoneer-oelseparator","52":"product_tag-jeep-wagoneer-pcv-oelabscheider","53":"product_tag-jl","54":"product_tag-jlt","55":"product_tag-jlt-performance","56":"product_tag-kraftwerk","57":"product_tag-kurbelgehaeuseentlueftung","58":"product_tag-oil-catch-can","59":"product_tag-oil-catch-can-fuer-jeep-wagoneer-3-0","60":"product_tag-oil-catch-can-jeep-wagoneer","61":"product_tag-oil-catch-can-kaufen-jeep-wagoneer","62":"product_tag-oil-catch-can-kit-jeep-wagoneer","63":"product_tag-oil-catch-tank","64":"product_tag-oil-separator","65":"product_tag-oel","66":"product_tag-oelabscheider","67":"product_tag-osc","68":"product_tag-separator","69":"product_tag-wagoneer","70":"product_tag-wagoneer-3-0-oil-catch-can","71":"product_tag-wagoneer-3-0-oelabscheider","72":"product_tag-wagoneer-oil-catch-can","73":"product_tag-wagoneer-oil-catch-can-3-0-hurricane","74":"product_tag-wagoneer-oil-separator","75":"product_tag-wagoneer-oelabscheider","76":"product_tag-wagoneer-oelseparator","77":"product_tag-wagoneer-pcv-oil-catch-can","79":"first","80":"instock","81":"taxable","82":"shipping-taxable","83":"purchasable","84":"product-type-simple"},"bundled_by":[],"bundle_stock_status":"instock","bundle_stock_quantity":2,"bundle_virtual":false,"bundle_layout":"","bundle_add_to_cart_form_location":"","bundle_editable_in_cart":false,"bundle_sold_individually_context":"","bundle_item_grouping":"","bundle_min_size":"","bundle_max_size":"","bundle_price":[],"bundled_items":[],"bundle_sell_ids":[],"exclude_global_add_ons":[],"addons":[],"acf":[],"_links":{"self":[{"href":"https:\/\/kraftwerk-shop.cc\/it\/wp-json\/wp\/v2\/product\/68317532","targetHints":{"allow":["GET"]}}],"collection":[{"href":"https:\/\/kraftwerk-shop.cc\/it\/wp-json\/wp\/v2\/product"}],"about":[{"href":"https:\/\/kraftwerk-shop.cc\/it\/wp-json\/wp\/v2\/types\/product"}],"replies":[{"embeddable":true,"href":"https:\/\/kraftwerk-shop.cc\/it\/wp-json\/wp\/v2\/comments?post=68317532"}],"version-history":[{"count":0,"href":"https:\/\/kraftwerk-shop.cc\/it\/wp-json\/wp\/v2\/product\/68317532\/revisions"}],"wp:featuredmedia":[{"embeddable":true,"href":"https:\/\/kraftwerk-shop.cc\/it\/wp-json\/wp\/v2\/media\/68317535"}],"wp:attachment":[{"href":"https:\/\/kraftwerk-shop.cc\/it\/wp-json\/wp\/v2\/media?parent=68317532"}],"wp:term":[{"taxonomy":"product_brand","embeddable":true,"href":"https:\/\/kraftwerk-shop.cc\/it\/wp-json\/wp\/v2\/product_brand?post=68317532"},{"taxonomy":"product_cat","embeddable":true,"href":"https:\/\/kraftwerk-shop.cc\/it\/wp-json\/wp\/v2\/product_cat?post=68317532"},{"taxonomy":"product_tag","embeddable":true,"href":"https:\/\/kraftwerk-shop.cc\/it\/wp-json\/wp\/v2\/product_tag?post=68317532"}],"curies":[{"name":"wp","href":"https:\/\/api.w.org\/{rel}","templated":true}]}}