{"id":68317616,"date":"2025-03-31T00:06:55","date_gmt":"2025-03-30T22:06:55","guid":{"rendered":"https:\/\/kraftwerk-shop.cc\/?post_type=product&#038;p=68317616"},"modified":"2026-03-30T02:10:25","modified_gmt":"2026-03-30T00:10:25","slug":"mopar-kit-retrofit-filtro-aria-cabina-ram","status":"publish","type":"product","link":"https:\/\/kraftwerk-shop.cc\/it\/produkt\/mopar-innenraumfilter-nachruestsatz-ram\/","title":{"rendered":"Mopar Kit retrofit filtro aria cabina per RAM 1500"},"content":{"rendered":"<h1 data-start=\"104\" data-end=\"236\">Kit retrofit filtro aria cabina originale MOPAR per RAM 1500 dal 2009 al 2018 e Classic dal 2019 in poi<\/h1>\n<p>&nbsp;<\/p>\n<p class=\"\" data-start=\"238\" data-end=\"559\">Con questo <strong data-start=\"249\" data-end=\"282\">Kit retrofit originale MOPAR<\/strong> portare aria fresca nel vostro Dodge RAM di quarta generazione.<br \/>\nMolti modelli degli anni 2009-2018 sono stati <strong data-start=\"398\" data-end=\"422\">Senza filtro cabina<\/strong> consegnato, anche se lo spazio nel veicolo \u00e8 gi\u00e0 previsto.<br \/>\nQuesto set offre una soluzione semplice ed efficace per il retrofit.<\/p>\n<p>&nbsp;<\/p>\n<p data-start=\"561\" data-end=\"582\"><strong data-start=\"565\" data-end=\"582\">Ambito di fornitura:<\/strong><\/p>\n<ul>\n<li data-start=\"585\" data-end=\"639\">Coperchio del filtro originale MOPAR (con guarnizione)<\/li>\n<li data-start=\"585\" data-end=\"639\">Filtro aria abitacolo e antipolline originale MOPAR<\/li>\n<\/ul>\n<h3 data-start=\"684\" data-end=\"708\"><\/h3>\n<p data-start=\"684\" data-end=\"708\"><strong data-start=\"688\" data-end=\"708\">Vantaggi del prodotto:<\/strong><\/p>\n<ul>\n<li data-start=\"711\" data-end=\"852\"><strong data-start=\"711\" data-end=\"740\">Miglioramento della qualit\u00e0 dell'aria:<\/strong> Il filtro antipolline di alta qualit\u00e0 protegge voi e i vostri passeggeri da polvere, polline e altri inquinanti atmosferici.<\/li>\n<li data-start=\"711\" data-end=\"852\"><strong data-start=\"855\" data-end=\"876\">Installazione semplice:<\/strong> L'apertura \u00e8 gi\u00e0 presente in molti modelli: \u00e8 sufficiente aggiungere il coperchio e il filtro. Non sono necessari attrezzi speciali!<\/li>\n<li data-start=\"711\" data-end=\"852\"><strong data-start=\"1031\" data-end=\"1045\">Una vestibilit\u00e0 perfetta:<\/strong> 100% OEM - misura esatta<\/li>\n<li data-start=\"711\" data-end=\"852\"><strong data-start=\"1128\" data-end=\"1148\">Efficienza dei costi:<\/strong> Svolge la stessa funzione di soluzioni complete pi\u00f9 costose, a una frazione del prezzo.<\/li>\n<\/ul>\n<p><strong>\u00a0<\/strong><\/p>\n<p><strong>Adatto per:<\/strong><\/p>\n<table width=\"300\">\n<tbody>\n<tr>\n<td width=\"81\"><strong>Anno di costruzione<\/strong><\/td>\n<td width=\"81\"><strong>Marchio<\/strong><\/td>\n<td width=\"138\"><strong>Modello<\/strong><\/td>\n<\/tr>\n<tr>\n<td width=\"81\">2024<\/td>\n<td width=\"81\">Ram<\/td>\n<td width=\"138\">1500 Classic<\/td>\n<\/tr>\n<tr>\n<td width=\"81\">2023<\/td>\n<td width=\"81\">Ram<\/td>\n<td width=\"138\">1500 Classic<\/td>\n<\/tr>\n<tr>\n<td width=\"81\">2022<\/td>\n<td width=\"81\">Ram<\/td>\n<td width=\"138\">1500 Classic<\/td>\n<\/tr>\n<tr>\n<td width=\"81\">2021<\/td>\n<td width=\"81\">Ram<\/td>\n<td width=\"138\">1500 Classic<\/td>\n<\/tr>\n<tr>\n<td width=\"81\">2020<\/td>\n<td width=\"81\">Ram<\/td>\n<td width=\"138\">1500 Classic<\/td>\n<\/tr>\n<tr>\n<td width=\"81\">2019<\/td>\n<td width=\"81\">Ram<\/td>\n<td width=\"138\">1500 Classic<\/td>\n<\/tr>\n<tr>\n<td width=\"81\">2018<\/td>\n<td width=\"81\">Ram<\/td>\n<td width=\"138\">1500<\/td>\n<\/tr>\n<tr>\n<td width=\"81\">2017<\/td>\n<td width=\"81\">Ram<\/td>\n<td width=\"138\">1500<\/td>\n<\/tr>\n<tr>\n<td width=\"81\">2016<\/td>\n<td width=\"81\">Ram<\/td>\n<td width=\"138\">1500<\/td>\n<\/tr>\n<tr>\n<td width=\"81\">2015<\/td>\n<td width=\"81\">Ram<\/td>\n<td width=\"138\">1500<\/td>\n<\/tr>\n<tr>\n<td width=\"81\">2014<\/td>\n<td width=\"81\">Ram<\/td>\n<td width=\"138\">1500<\/td>\n<\/tr>\n<tr>\n<td width=\"81\">2013<\/td>\n<td width=\"81\">Ram<\/td>\n<td width=\"138\">1500<\/td>\n<\/tr>\n<tr>\n<td width=\"81\">2012<\/td>\n<td width=\"81\">Ram<\/td>\n<td width=\"138\">1500<\/td>\n<\/tr>\n<tr>\n<td width=\"81\">2011<\/td>\n<td width=\"81\">Ram<\/td>\n<td width=\"138\">1500<\/td>\n<\/tr>\n<tr>\n<td width=\"81\">2010<\/td>\n<td width=\"81\">Dodge<\/td>\n<td width=\"138\">Ram 1500<\/td>\n<\/tr>\n<tr>\n<td width=\"81\">2009<\/td>\n<td width=\"81\">Dodge<\/td>\n<td width=\"138\">Ram 1500<\/td>\n<\/tr>\n<\/tbody>\n<\/table>\n<p>&nbsp;<\/p>\n<p data-start=\"1433\" data-end=\"1461\"><strong data-start=\"1437\" data-end=\"1461\">Nota sul montaggio:<\/strong><\/p>\n<p class=\"\" data-start=\"1462\" data-end=\"1665\">La modifica \u00e8 stata eseguita con successo da numerosi conducenti di RAM ed \u00e8 considerata un retrofit collaudato. Dopo l'acquisto, riceverete le istruzioni passo-passo via e-mail.<\/p>\n<p>&nbsp;<\/p>\n<h4>Perch\u00e9 scegliere i ricambi originali Mopar?<\/h4>\n<p><strong>Vestibilit\u00e0 perfetta e massima qualit\u00e0:<\/strong> I ricambi originali Mopar sono prodotti secondo le rigorose specifiche del produttore, il che significa che si adattano perfettamente al suo veicolo. Questo non solo garantisce una facile installazione, ma anche un funzionamento e una sicurezza ottimali.<\/p>\n<p><strong>Affidabilit\u00e0 e durata:<\/strong> Grazie all'utilizzo di materiali di alta qualit\u00e0 e ai rigorosi controlli di qualit\u00e0, i ricambi Mopar assicurano il funzionamento affidabile del suo veicolo anche in condizioni estreme. Sono progettati per durare nel tempo e massimizzare le prestazioni del suo veicolo.<\/p>\n<p>&nbsp;<\/p>\n<p>&nbsp;<\/p>","protected":false},"excerpt":{"rendered":"<p>Parte originale Mopar<\/p>\n<p>2009 - 2018 e Classico 2019 - 2024<\/p>","protected":false},"featured_media":68317619,"comment_status":"open","ping_status":"closed","template":"","meta":{"_acf_changed":false},"product_brand":[16270],"product_cat":[4242,4761,1521],"product_tag":[4528,11056,11055,7209,31,8813,9424,16271,16273,16275,16272,16274,7221],"class_list":{"0":"post-68317616","1":"product","2":"type-product","3":"status-publish","4":"has-post-thumbnail","6":"product_brand-mopar","7":"product_cat-1500-ecodiesel-wartung","8":"product_cat-1500-36-wartung","9":"product_cat-1500-57-2009-2018-classic-wartung","10":"product_tag-05058693aa","11":"product_tag-5058693aa","12":"product_tag-68052292aa","13":"product_tag-68535623aa","14":"product_tag-mopar","15":"product_tag-mopar-autoteile","16":"product_tag-mopar-ersatzteile","17":"product_tag-mopar-ersatzteile-kaufen","18":"product_tag-mopar-performance-teile","19":"product_tag-mopar-teile-katalog","20":"product_tag-mopar-teile-online","21":"product_tag-mopar-tuningteile","22":"product_tag-mopar10","23":"product_shipping_class-deutschlandohne","25":"first","26":"instock","27":"taxable","28":"shipping-taxable","29":"purchasable","30":"product-type-simple"},"bundled_by":[],"bundle_stock_status":"instock","bundle_stock_quantity":2,"bundle_virtual":false,"bundle_layout":"","bundle_add_to_cart_form_location":"","bundle_editable_in_cart":false,"bundle_sold_individually_context":"","bundle_item_grouping":"","bundle_min_size":"","bundle_max_size":"","bundle_price":[],"bundled_items":[],"bundle_sell_ids":[],"exclude_global_add_ons":[],"addons":[],"acf":[],"_links":{"self":[{"href":"https:\/\/kraftwerk-shop.cc\/it\/wp-json\/wp\/v2\/product\/68317616","targetHints":{"allow":["GET"]}}],"collection":[{"href":"https:\/\/kraftwerk-shop.cc\/it\/wp-json\/wp\/v2\/product"}],"about":[{"href":"https:\/\/kraftwerk-shop.cc\/it\/wp-json\/wp\/v2\/types\/product"}],"replies":[{"embeddable":true,"href":"https:\/\/kraftwerk-shop.cc\/it\/wp-json\/wp\/v2\/comments?post=68317616"}],"version-history":[{"count":0,"href":"https:\/\/kraftwerk-shop.cc\/it\/wp-json\/wp\/v2\/product\/68317616\/revisions"}],"wp:featuredmedia":[{"embeddable":true,"href":"https:\/\/kraftwerk-shop.cc\/it\/wp-json\/wp\/v2\/media\/68317619"}],"wp:attachment":[{"href":"https:\/\/kraftwerk-shop.cc\/it\/wp-json\/wp\/v2\/media?parent=68317616"}],"wp:term":[{"taxonomy":"product_brand","embeddable":true,"href":"https:\/\/kraftwerk-shop.cc\/it\/wp-json\/wp\/v2\/product_brand?post=68317616"},{"taxonomy":"product_cat","embeddable":true,"href":"https:\/\/kraftwerk-shop.cc\/it\/wp-json\/wp\/v2\/product_cat?post=68317616"},{"taxonomy":"product_tag","embeddable":true,"href":"https:\/\/kraftwerk-shop.cc\/it\/wp-json\/wp\/v2\/product_tag?post=68317616"}],"curies":[{"name":"wp","href":"https:\/\/api.w.org\/{rel}","templated":true}]}}