{"id":68318655,"date":"2025-04-06T02:55:04","date_gmt":"2025-04-06T00:55:04","guid":{"rendered":"https:\/\/kraftwerk-shop.cc\/?post_type=product&#038;p=68318655"},"modified":"2026-02-15T01:19:27","modified_gmt":"2026-02-15T00:19:27","slug":"dischi-freno-ebc-grand-cherokee-trackhawk-durango-hellcat","status":"publish","type":"product","link":"https:\/\/kraftwerk-shop.cc\/it\/produkt\/ebc-bremsscheiben-grand-cherokee-trackhawk-durango-hellcat\/","title":{"rendered":"Dischi freno EBC Swept-Groove ad alto tenore di carbonio Grand Cherokee Trackhawk e Durango Hellcat"},"content":{"rendered":"<h1>EBC Swept-Groove SG2F029 Dischi freno ad alto tenore di carbonio (2 pezzi) per Jeep Trackhawk e Dodge Durango Hellcat (asse anteriore)<\/h1>\n<p>&nbsp;<\/p>\n<p>Tutti i dischi dell'anello di attrito esterno sono realizzati in una lega di dischi G3500 ad alto tenore di rame e carbonio, altamente resistente all'usura e alle rotture, anche in pista. L'anello esterno in ghisa \"galleggia\" sulle bobine con tecnologia SD-Drive brevettata da EBC, consentendo all'anello di attrito di espandersi e contrarsi liberamente fino a 3 mm durante le frenate pi\u00f9 intense per far fronte al calore estremo generato dalle frenate pi\u00f9 intense.<\/p>\n<p>I dischi dei freni sono lavorati con precisione in alluminio aerospaziale e poi anodizzati duramente per garantire un aspetto gradevole e una durata eccezionale.<\/p>\n<p>Tutte le bobine sono prodotte da un unico pezzo di acciaio inossidabile per evitare l'antiestetica corrosione e garantire che l'anello esterno fluttui liberamente anche dopo anni di esposizione agli elementi. I dischi flottanti a 2 pezzi di EBC Racing offrono una soluzione che richiede poca manutenzione e che \u00e8 comoda sia sulle strade pubbliche che in pista. Ogni bobina \u00e8 inoltre dotata di una clip a molla anti-rumore, il che significa che questi dischi sono completamente silenziosi durante il funzionamento e non presentano il \"rantolo del disco freno\" comune a molti altri sistemi di dischi in 2 pezzi \"full race\".<\/p>\n<p>&nbsp;<\/p>\n<p><strong>Numeri di confronto Mopar<\/strong>: 68305562AA, 68305562AB<\/p>\n<p>&nbsp;<\/p>\n<p><strong>Caratteristiche del prodotto:<\/strong><\/p>\n<ul>\n<li>Struttura completamente flottante, in 2 parti, contro i danni da calore in condizioni estreme<\/li>\n<li>Chiusure monoblocco in acciaio inox con molla per evitare tintinnii<\/li>\n<li>Mozzo nero in alluminio speciale temprato e resistente alla distorsione<\/li>\n<li>Scanalature curve dell'anello di frizione per un'efficace rimozione della polvere e dei gas dei freni<\/li>\n<li>Anelli di frizione sostituibili in lega speciale ad alto tenore di carbonio G3500<\/li>\n<li>R90: In preparazione<\/li>\n<li>Diametro 400 mm<\/li>\n<\/ul>\n<p>&nbsp;<\/p>\n<p><strong>Adatto per:<\/strong><\/p>\n<table width=\"437\">\n<tbody>\n<tr>\n<td width=\"83\"><strong>Marchio<\/strong><\/td>\n<td width=\"122\"><strong>Modello<\/strong><\/td>\n<td width=\"136\"><strong>Motore<\/strong><\/td>\n<td width=\"96\"><strong>Anno di costruzione<\/strong><\/td>\n<\/tr>\n<tr>\n<td>Dodge<\/td>\n<td>Durango Hellcat<\/td>\n<td>6.2<\/td>\n<td>2021 \u2013 2026<\/td>\n<\/tr>\n<tr>\n<td>Jeep<\/td>\n<td>Grand Cherokee Trackhawk<\/td>\n<td>6.4<\/td>\n<td>2018 \u2013 2021<\/td>\n<\/tr>\n<\/tbody>\n<\/table>\n<p>&nbsp;<\/p>\n<p><strong>Ambito di fornitura: <\/strong><\/p>\n<ul>\n<li>2 dischi freno EBC Swept-Groove (SG2F029)<\/li>\n<\/ul>\n<p>&nbsp;<\/p>\n<p>&nbsp;<\/p>\n<div class=\"content\">\n<p>EBC Brakes, fondata e con sede nel Regno Unito, \u00e8 un produttore leader di componenti per sistemi frenanti per auto, camion, autobus, moto, ATV e persino scooter. I gestori di flotte di veicoli di emergenza, taxi e piloti esigenti in tutto il mondo preferiscono le pastiglie e i dischi dei freni EBC per la loro presa efficace, la durata superiore, la resistenza all'accumulo di calore e il design personalizzato.<br \/>\nDal presidente dell'azienda a tutti i dipendenti, EBC crede fermamente che i componenti dei sistemi frenanti veramente superiori debbano essere realizzati con i materiali pi\u00f9 efficaci e con il minor impatto ambientale possibile. Allo stesso modo, EBC non utilizzer\u00e0 mai il suo nome su prodotti che prendono scorciatoie nella progettazione, nel controllo di qualit\u00e0 o nella produzione, o che sono prodotti in condizioni di lavoro di tipo \"sweatshop\", dove i diritti umani non sono rispettati.<br \/>\nSe desiderate i migliori e pi\u00f9 responsabili componenti del sistema frenante che soddisfano o superano le specifiche OEM senza il ricarico del rivenditore OEM, allora EBC Brakes \u00e8 il nome che dovete conoscere.<\/p>\n<\/div>\n<p>&nbsp;<\/p>","protected":false},"excerpt":{"rendered":"<p>Dischi freno a 2 pezzi (1 coppia)<\/p>","protected":false},"featured_media":68318665,"comment_status":"open","ping_status":"closed","template":"","meta":{"_acf_changed":false},"product_brand":[16875],"product_cat":[17930,17963],"product_tag":[101,2757,2756,940,795,796,49,95,964,2442,16877,16876,16878,692,942,941,56,100,50,36,15423,797,102,842,841,673],"class_list":{"0":"post-68318655","1":"product","2":"type-product","3":"status-publish","4":"has-post-thumbnail","6":"product_brand-ebc-brakes","7":"product_cat-durango-hellcat-bremsscheiben-vorne","8":"product_cat-trackhawk-bremsscheiben-vorne","9":"product_tag-6-2","10":"product_tag-68305562aa","11":"product_tag-68305562ab","12":"product_tag-aftermarket","13":"product_tag-bremse","14":"product_tag-bremsscheibe","15":"product_tag-dodge","16":"product_tag-durango","17":"product_tag-ebc","18":"product_tag-ebc-brakes","19":"product_tag-ebc-bremsbelaege","20":"product_tag-ebc-bremsen","21":"product_tag-ebc-bremsscheiben","22":"product_tag-ersatzteil","23":"product_tag-gelocht","24":"product_tag-geschlitzt","25":"product_tag-grand-cherokee","26":"product_tag-hellcat","27":"product_tag-jeep","28":"product_tag-kraftwerk","29":"product_tag-sg2f029","30":"product_tag-sportbremsscheibe","31":"product_tag-trackhawk","32":"product_tag-vorderachse","33":"product_tag-vorne","34":"product_tag-zubehoer","35":"product_shipping_class-deutschlandohne","37":"first","38":"onbackorder","39":"taxable","40":"shipping-taxable","41":"purchasable","42":"product-type-simple"},"bundled_by":[],"bundle_stock_status":"onbackorder","bundle_stock_quantity":0,"bundle_virtual":false,"bundle_layout":"","bundle_add_to_cart_form_location":"","bundle_editable_in_cart":false,"bundle_sold_individually_context":"","bundle_item_grouping":"","bundle_min_size":"","bundle_max_size":"","bundle_price":[],"bundled_items":[],"bundle_sell_ids":[],"exclude_global_add_ons":[],"addons":[],"acf":[],"_links":{"self":[{"href":"https:\/\/kraftwerk-shop.cc\/it\/wp-json\/wp\/v2\/product\/68318655","targetHints":{"allow":["GET"]}}],"collection":[{"href":"https:\/\/kraftwerk-shop.cc\/it\/wp-json\/wp\/v2\/product"}],"about":[{"href":"https:\/\/kraftwerk-shop.cc\/it\/wp-json\/wp\/v2\/types\/product"}],"replies":[{"embeddable":true,"href":"https:\/\/kraftwerk-shop.cc\/it\/wp-json\/wp\/v2\/comments?post=68318655"}],"version-history":[{"count":0,"href":"https:\/\/kraftwerk-shop.cc\/it\/wp-json\/wp\/v2\/product\/68318655\/revisions"}],"wp:featuredmedia":[{"embeddable":true,"href":"https:\/\/kraftwerk-shop.cc\/it\/wp-json\/wp\/v2\/media\/68318665"}],"wp:attachment":[{"href":"https:\/\/kraftwerk-shop.cc\/it\/wp-json\/wp\/v2\/media?parent=68318655"}],"wp:term":[{"taxonomy":"product_brand","embeddable":true,"href":"https:\/\/kraftwerk-shop.cc\/it\/wp-json\/wp\/v2\/product_brand?post=68318655"},{"taxonomy":"product_cat","embeddable":true,"href":"https:\/\/kraftwerk-shop.cc\/it\/wp-json\/wp\/v2\/product_cat?post=68318655"},{"taxonomy":"product_tag","embeddable":true,"href":"https:\/\/kraftwerk-shop.cc\/it\/wp-json\/wp\/v2\/product_tag?post=68318655"}],"curies":[{"name":"wp","href":"https:\/\/api.w.org\/{rel}","templated":true}]}}