{"id":68319902,"date":"2025-04-25T23:17:24","date_gmt":"2025-04-25T21:17:24","guid":{"rendered":"https:\/\/kraftwerk-shop.cc\/?post_type=product&#038;p=68319902"},"modified":"2026-02-15T01:19:59","modified_gmt":"2026-02-15T00:19:59","slug":"coppa-dellolio-trasmissione-mopar-52108327ac","status":"publish","type":"product","link":"https:\/\/kraftwerk-shop.cc\/it\/produkt\/mopar-getriebeoelwanne-52108327ac\/","title":{"rendered":"Vaschetta dell'olio della trasmissione Mopar con cambio automatico a 5 velocit\u00e0 NAG1 (52108327AC)"},"content":{"rendered":"<h1>Vaschetta dell'olio della trasmissione originale Mopar per cambio automatico a 5 velocit\u00e0 (NAG1)<\/h1>\n<p>&nbsp;<\/p>\n<p><strong>Numero di parte Mopar:<\/strong> 52108327AC<br \/>\n<strong>Sostituito:<\/strong> 52108327AA, 52108327AB<\/p>\n<p>&nbsp;<\/p>\n<p><strong>Adatto per:<\/strong><\/p>\n<table width=\"449\">\n<tbody>\n<tr>\n<td width=\"115\"><strong>Marchio<\/strong><\/td>\n<td width=\"145\"><strong>Modello<\/strong><\/td>\n<td width=\"106\"><strong>Motore<\/strong><\/td>\n<td width=\"83\"><strong>Anno di costruzione<\/strong><\/td>\n<\/tr>\n<tr>\n<td>Chrysler<\/td>\n<td>300C<\/td>\n<td>3.0 CRD<\/td>\n<td>2005 \u2013 2010<\/td>\n<\/tr>\n<tr>\n<td>Chrysler<\/td>\n<td>300C<\/td>\n<td>5.7<\/td>\n<td>2005 \u2013 2014<\/td>\n<\/tr>\n<tr>\n<td>Chrysler<\/td>\n<td>300C<\/td>\n<td>6.1<\/td>\n<td>2005 \u2013 2010<\/td>\n<\/tr>\n<tr>\n<td width=\"115\">Chrysler<\/td>\n<td width=\"145\">300C<\/td>\n<td>6.4<\/td>\n<td width=\"83\">2012 \u2013 2014<\/td>\n<\/tr>\n<tr>\n<td>Dodge<\/td>\n<td>Challenger<\/td>\n<td>5.7<\/td>\n<td>2008 \u2013 2014<\/td>\n<\/tr>\n<tr>\n<td>Dodge<\/td>\n<td>Challenger<\/td>\n<td>6.1<\/td>\n<td>2008 \u2013 2010<\/td>\n<\/tr>\n<tr>\n<td width=\"115\">Dodge<\/td>\n<td width=\"145\">Challenger<\/td>\n<td>6.4<\/td>\n<td width=\"83\">2011 \u2013 2014<\/td>\n<\/tr>\n<tr>\n<td>Dodge<\/td>\n<td>Charger<\/td>\n<td>5.7<\/td>\n<td>2005 \u2013 2014<\/td>\n<\/tr>\n<tr>\n<td>Dodge<\/td>\n<td>Charger<\/td>\n<td>6.1<\/td>\n<td>2005 \u2013 2010<\/td>\n<\/tr>\n<tr>\n<td width=\"115\">Dodge<\/td>\n<td width=\"145\">Charger<\/td>\n<td>6.4<\/td>\n<td width=\"83\">2011 \u2013 2014<\/td>\n<\/tr>\n<tr>\n<td>Dodge<\/td>\n<td>Magnum<\/td>\n<td>5.7<\/td>\n<td>2005 \u2013 2008<\/td>\n<\/tr>\n<tr>\n<td>Dodge<\/td>\n<td>Magnum<\/td>\n<td>6.1<\/td>\n<td>2006 \u2013 2008<\/td>\n<\/tr>\n<tr>\n<td>Jeep<\/td>\n<td>Grand Cherokee<\/td>\n<td>6.1<\/td>\n<td>2006 \u2013 2010<\/td>\n<\/tr>\n<tr>\n<td>Jeep<\/td>\n<td>Grand Cherokee<\/td>\n<td>6.4<\/td>\n<td>2011 \u2013 2013<\/td>\n<\/tr>\n<\/tbody>\n<\/table>\n<p>&nbsp;<\/p>\n<p>&nbsp;<\/p>","protected":false},"excerpt":{"rendered":"<p>Original Mopar Getriebe\u00f6lwanne f\u00fcr 5-Gang Automatikgetriebe (NAG1) &nbsp; Mopar Teilenummer: 52108327AC Ersetzt: 52108327AA, 52108327AB &nbsp; Passend f\u00fcr: Marke Modell Motor<\/p>","protected":false},"featured_media":68319904,"comment_status":"open","ping_status":"closed","template":"","meta":{"_acf_changed":false},"product_brand":[16270],"product_cat":[1549,1557,1565,1573,4978,1581,1589,2572,1670,1678,1686,1702,1597,1605,1613,5157,1621,1637,1710,1718,1726,1734,1742,1758,1774],"product_tag":[18822,18823,18821,52,16858,16859,16860,54,53,48,536,49,3853,3854,115,240,56,50,4425,55,8813,9424,16271,16273,16275,16272,16274,143,239,654],"class_list":{"0":"post-68319902","1":"product","2":"type-product","3":"status-publish","4":"has-post-thumbnail","6":"product_brand-mopar","7":"product_cat-300c-30-diesel-getriebe","8":"product_cat-300c-35-getriebe","9":"product_cat-300c-36-getriebe","10":"product_cat-300c-57-2005-2010-getriebe","11":"product_cat-300c-57-2011-2023-getriebe","12":"product_cat-300c-61-getriebe","13":"product_cat-300c-64-getriebe","14":"product_cat-challenger-35-getriebe","15":"product_cat-challenger-36-getriebe","16":"product_cat-challenger-57-getriebe","17":"product_cat-challenger-61-getriebe","18":"product_cat-challenger-64-getriebe","19":"product_cat-charger-35-getriebe","20":"product_cat-charger-36-getriebe","21":"product_cat-charger-57-getriebe","22":"product_cat-charger-57-2011-2023-getriebe","23":"product_cat-charger-61-getriebe","24":"product_cat-charger-64-getriebe","25":"product_cat-magnum-35-getriebe","26":"product_cat-magnum-57-getriebe","27":"product_cat-magnum-61-getriebe","28":"product_cat-grand-cherokee-30-diesel-getriebe","29":"product_cat-grand-cherokee-36-getriebe","30":"product_cat-grand-cherokee-61-getriebe","31":"product_cat-grand-cherokee-64-getriebe","32":"product_tag-052108327aa","33":"product_tag-052108327ab","34":"product_tag-052108327ac","35":"product_tag-300c","36":"product_tag-52108327aa","37":"product_tag-52108327ab","38":"product_tag-52108327ac","39":"product_tag-challenger","40":"product_tag-charger","41":"product_tag-chrysler","42":"product_tag-chrysler-300c","43":"product_tag-dodge","44":"product_tag-dodge-challenger","45":"product_tag-dodge-charger","46":"product_tag-getriebe","47":"product_tag-getriebeoelwanne","48":"product_tag-grand-cherokee","49":"product_tag-jeep","50":"product_tag-jeep-grand-cherokee","51":"product_tag-magnum","52":"product_tag-mopar-autoteile","53":"product_tag-mopar-ersatzteile","54":"product_tag-mopar-ersatzteile-kaufen","55":"product_tag-mopar-performance-teile","56":"product_tag-mopar-teile-katalog","57":"product_tag-mopar-teile-online","58":"product_tag-mopar-tuningteile","59":"product_tag-nag1","60":"product_tag-oelwanne","61":"product_tag-schraube","63":"first","64":"instock","65":"taxable","66":"shipping-taxable","67":"purchasable","68":"product-type-simple"},"bundled_by":[],"bundle_stock_status":"instock","bundle_stock_quantity":2,"bundle_virtual":false,"bundle_layout":"","bundle_add_to_cart_form_location":"","bundle_editable_in_cart":false,"bundle_sold_individually_context":"","bundle_item_grouping":"","bundle_min_size":"","bundle_max_size":"","bundle_price":[],"bundled_items":[],"bundle_sell_ids":[],"exclude_global_add_ons":[],"addons":[],"acf":[],"_links":{"self":[{"href":"https:\/\/kraftwerk-shop.cc\/it\/wp-json\/wp\/v2\/product\/68319902","targetHints":{"allow":["GET"]}}],"collection":[{"href":"https:\/\/kraftwerk-shop.cc\/it\/wp-json\/wp\/v2\/product"}],"about":[{"href":"https:\/\/kraftwerk-shop.cc\/it\/wp-json\/wp\/v2\/types\/product"}],"replies":[{"embeddable":true,"href":"https:\/\/kraftwerk-shop.cc\/it\/wp-json\/wp\/v2\/comments?post=68319902"}],"version-history":[{"count":0,"href":"https:\/\/kraftwerk-shop.cc\/it\/wp-json\/wp\/v2\/product\/68319902\/revisions"}],"wp:featuredmedia":[{"embeddable":true,"href":"https:\/\/kraftwerk-shop.cc\/it\/wp-json\/wp\/v2\/media\/68319904"}],"wp:attachment":[{"href":"https:\/\/kraftwerk-shop.cc\/it\/wp-json\/wp\/v2\/media?parent=68319902"}],"wp:term":[{"taxonomy":"product_brand","embeddable":true,"href":"https:\/\/kraftwerk-shop.cc\/it\/wp-json\/wp\/v2\/product_brand?post=68319902"},{"taxonomy":"product_cat","embeddable":true,"href":"https:\/\/kraftwerk-shop.cc\/it\/wp-json\/wp\/v2\/product_cat?post=68319902"},{"taxonomy":"product_tag","embeddable":true,"href":"https:\/\/kraftwerk-shop.cc\/it\/wp-json\/wp\/v2\/product_tag?post=68319902"}],"curies":[{"name":"wp","href":"https:\/\/api.w.org\/{rel}","templated":true}]}}