{"id":68321642,"date":"2025-05-14T23:08:17","date_gmt":"2025-05-14T21:08:17","guid":{"rendered":"https:\/\/kraftwerk-shop.cc\/?post_type=product&#038;p=68321642"},"modified":"2026-02-15T01:20:15","modified_gmt":"2026-02-15T00:20:15","slug":"pastiglie-freno-dba-db15038xp","status":"publish","type":"product","link":"https:\/\/kraftwerk-shop.cc\/it\/produkt\/dba-bremsbelaege-db15038xp\/","title":{"rendered":"Pastiglie freno DBA DB15038XP"},"content":{"rendered":"<h1>Pastiglie freno DBA Xtreme Performance DB15038XP per Chryler Voyager, Jeep Gladiator e Wrangler<\/h1>\n<p>&nbsp;<\/p>\n<p>Le pastiglie freno Xtreme Performance di DBA sono state sviluppate per i conducenti che si aspettano un'elevata aderenza iniziale e resistenza all'attrito dalle basse alle alte temperature.<br \/>\nLa serie XP \u00e8 progettata per applicazioni pesanti in cui \u00e8 richiesto un livello di attrito pi\u00f9 elevato per frenare in sicurezza in condizioni estreme.<\/p>\n<p>DBA consiglia l'abbinamento con i rotori scanalati T3 delle serie 4000 e 5000 per ottenere prestazioni di frenata ottimali.<br \/>\nSpecifiche:<\/p>\n<ul>\n<li>Materiale d'attrito semi-metallico rinforzato con fibre di carbonio<\/li>\n<li>Il coefficiente di attrito \u00e8 in media di 0,45 dalle basse alle alte temperature.<\/li>\n<li>\u00a0Prestazioni eccezionali alle alte temperature<\/li>\n<li>Consistenza ottimale della frenata fino a 550\u2103 (1022\u2109)<\/li>\n<\/ul>\n<p>&nbsp;<\/p>\n<p><strong>Numeri di confronto Mopar:<\/strong>\u00a0\u00a068409860AA, 68409860AB, 68409860AC, 68383243AA, 68383243AB, 68456066AA, 68456066AB<\/p>\n<p>&nbsp;<\/p>\n<p><strong>Adatto per:<\/strong><\/p>\n<table width=\"576\">\n<tbody>\n<tr>\n<td width=\"83\"><strong>Marchio<\/strong><\/td>\n<td width=\"205\"><strong>Modello<\/strong><\/td>\n<td width=\"179\"><strong>Motore<\/strong><\/td>\n<td width=\"109\"><strong>Anno di costruzione<\/strong><\/td>\n<\/tr>\n<tr>\n<td width=\"83\">Chrysler<\/td>\n<td width=\"205\">Grand Voyager<\/td>\n<td width=\"179\">2.8 CRD<\/td>\n<td width=\"109\">2011 \u2013 2016<\/td>\n<\/tr>\n<tr>\n<td width=\"83\">Lancia<\/td>\n<td width=\"205\">Voyager<\/td>\n<td width=\"179\">2.8 CRD, 3.6<\/td>\n<td width=\"109\">2011 \u2013 2016<\/td>\n<\/tr>\n<tr>\n<td width=\"83\">Jeep<\/td>\n<td width=\"205\">Gladiator<\/td>\n<td width=\"179\">3.0 EcoDiesel, 3.6<\/td>\n<td width=\"109\">2018-<\/td>\n<\/tr>\n<tr>\n<td width=\"83\">Jeep<\/td>\n<td width=\"205\">Wrangler<\/td>\n<td width=\"179\">2.0 Turbo, 2.2 Diesel, 3.0 EcoDiesel<\/td>\n<td width=\"109\">2018-<\/td>\n<\/tr>\n<\/tbody>\n<\/table>\n<p>Il prezzo si riferisce a 1 set per l'asse anteriore completo.<\/p>\n<p>&nbsp;<\/p>\n<p>&nbsp;<\/p>","protected":false},"excerpt":{"rendered":"<p>Pastiglie per freni DBA Xtreme Performance DB15038XP per Chryler Voyager, Jeep Gladiator e Wrangler Le pastiglie per freni Xtreme Performance di DBA sono state sviluppate per<\/p>","protected":false},"featured_media":68308062,"comment_status":"open","ping_status":"closed","template":"","meta":{"_acf_changed":false},"product_brand":[18922],"product_cat":[10262,19697,3010,2940,19731,19717],"product_tag":[17357,17358,17354,17355,17356,17359,17360,838,590,839,840,789,7807,7808,673],"class_list":{"0":"post-68321642","1":"product","2":"type-product","3":"status-publish","4":"has-post-thumbnail","6":"product_brand-dba","7":"product_cat-alle-produkte","8":"product_cat-gladiator-ecodiesel-bremse","9":"product_cat-gladiator-36-bremse","10":"product_cat-wrangler-20-turbo-bremse","11":"product_cat-wrangler-22-multijet-bremsen","12":"product_cat-wrangler-36-jk-bremsen","13":"product_tag-68383243aa","14":"product_tag-68383243ab","15":"product_tag-68409860aa","16":"product_tag-68409860ab","17":"product_tag-68409860ac","18":"product_tag-68456066aa","19":"product_tag-68456066ab","20":"product_tag-bremsbelag","21":"product_tag-bremsbelaege","22":"product_tag-bremsklotz","23":"product_tag-bremskloetze","24":"product_tag-dba","25":"product_tag-sportbelag","26":"product_tag-xtreme-performance","27":"product_tag-zubehoer","28":"product_shipping_class-deutschlandohne","30":"first","31":"instock","32":"taxable","33":"shipping-taxable","34":"purchasable","35":"product-type-simple"},"bundled_by":[],"bundle_stock_status":"instock","bundle_stock_quantity":1,"bundle_virtual":false,"bundle_layout":"","bundle_add_to_cart_form_location":"","bundle_editable_in_cart":false,"bundle_sold_individually_context":"","bundle_item_grouping":"","bundle_min_size":"","bundle_max_size":"","bundle_price":[],"bundled_items":[],"bundle_sell_ids":[],"exclude_global_add_ons":[],"addons":[],"acf":[],"_links":{"self":[{"href":"https:\/\/kraftwerk-shop.cc\/it\/wp-json\/wp\/v2\/product\/68321642","targetHints":{"allow":["GET"]}}],"collection":[{"href":"https:\/\/kraftwerk-shop.cc\/it\/wp-json\/wp\/v2\/product"}],"about":[{"href":"https:\/\/kraftwerk-shop.cc\/it\/wp-json\/wp\/v2\/types\/product"}],"replies":[{"embeddable":true,"href":"https:\/\/kraftwerk-shop.cc\/it\/wp-json\/wp\/v2\/comments?post=68321642"}],"version-history":[{"count":0,"href":"https:\/\/kraftwerk-shop.cc\/it\/wp-json\/wp\/v2\/product\/68321642\/revisions"}],"wp:featuredmedia":[{"embeddable":true,"href":"https:\/\/kraftwerk-shop.cc\/it\/wp-json\/wp\/v2\/media\/68308062"}],"wp:attachment":[{"href":"https:\/\/kraftwerk-shop.cc\/it\/wp-json\/wp\/v2\/media?parent=68321642"}],"wp:term":[{"taxonomy":"product_brand","embeddable":true,"href":"https:\/\/kraftwerk-shop.cc\/it\/wp-json\/wp\/v2\/product_brand?post=68321642"},{"taxonomy":"product_cat","embeddable":true,"href":"https:\/\/kraftwerk-shop.cc\/it\/wp-json\/wp\/v2\/product_cat?post=68321642"},{"taxonomy":"product_tag","embeddable":true,"href":"https:\/\/kraftwerk-shop.cc\/it\/wp-json\/wp\/v2\/product_tag?post=68321642"}],"curies":[{"name":"wp","href":"https:\/\/api.w.org\/{rel}","templated":true}]}}