{"id":68322070,"date":"2025-05-25T15:45:15","date_gmt":"2025-05-25T13:45:15","guid":{"rendered":"https:\/\/kraftwerk-shop.cc\/?post_type=product&#038;p=68322070"},"modified":"2026-02-15T01:20:32","modified_gmt":"2026-02-15T00:20:32","slug":"gomma-di-scarico-mopar-4578340aa","status":"publish","type":"product","link":"https:\/\/kraftwerk-shop.cc\/it\/produkt\/mopar-auspuffgummi-4578340aa\/","title":{"rendered":"Gomma di scarico Mopar \/ staffa di scarico (4578340AA)"},"content":{"rendered":"<h1>Gomma di scarico originale Mopar \/ staffa di scarico per Chrysler 300C, Pacifica, Voayger, Dodge Avenger, Charger e Magnum<\/h1>\n<p>&nbsp;<\/p>\n<p><span lang=\"DE\"><strong>Numero di parte Mopar:<\/strong> 4578340AA<br \/>\n<strong>Sostituito: <\/strong><span class=\"list-value\">\u2014<\/span><\/span><\/p>\n<p>&nbsp;<\/p>\n<p><strong>Adatto per:<\/strong><\/p>\n<table width=\"972\">\n<tbody>\n<tr>\n<td width=\"80\">Anno di costruzione<\/td>\n<td width=\"80\">Marchio<\/td>\n<td width=\"121\">Modello<\/td>\n<td width=\"493\">Versione<\/td>\n<td width=\"198\">Motore<\/td>\n<\/tr>\n<tr>\n<td width=\"80\">2025<\/td>\n<td width=\"80\">Chrysler<\/td>\n<td width=\"121\">Pacifica<\/td>\n<td width=\"493\">Hybrid Pinnacle, Hybrid Select, Limited, Pinnacle, Select<\/td>\n<td width=\"198\">3.6L V6 - Elettrico\/Gas, 3.6L<\/td>\n<\/tr>\n<tr>\n<td width=\"80\">2024<\/td>\n<td width=\"80\">Chrysler<\/td>\n<td width=\"121\">Pacifica<\/td>\n<td width=\"493\">Hybrid Pinnacle, Hybrid Premium S Appearance, Hybrid Road Tripper, Hybrid S Appearance, Hybrid Select, Limited, Pinnacle, Touring, Touring L<\/td>\n<td width=\"198\">3.6L V6 - Elettrico\/Gas, 3.6L V6 - Flex, 3.6L<\/td>\n<\/tr>\n<tr>\n<td width=\"80\">2024<\/td>\n<td width=\"80\">Chrysler<\/td>\n<td width=\"121\">Voyager<\/td>\n<td width=\"493\">LX<\/td>\n<td width=\"198\">3.6L V6 - Flex, 3.6L<\/td>\n<\/tr>\n<tr>\n<td width=\"80\">2023<\/td>\n<td width=\"80\">Chrysler<\/td>\n<td width=\"121\">300<\/td>\n<td width=\"493\">S, Touring, Touring L<\/td>\n<td width=\"198\">3.6L V6 - Flex, 3.6L, 5.7L<\/td>\n<\/tr>\n<tr>\n<td width=\"80\">2023<\/td>\n<td width=\"80\">Chrysler<\/td>\n<td width=\"121\">Pacifica<\/td>\n<td width=\"493\">Hybrid Limited, Hybrid Pinnacle, Hybrid Touring L, Limited, Pinnacle, Touring, Touring L<\/td>\n<td width=\"198\">3.6L V6 - Elettrico\/Gas, 3.6L V6 - Flex, 3.6L<\/td>\n<\/tr>\n<tr>\n<td width=\"80\">2023<\/td>\n<td width=\"80\">Dodge<\/td>\n<td width=\"121\">Charger<\/td>\n<td width=\"493\">GT, Pursuit, R\/T, SXT<\/td>\n<td width=\"198\">3.6L V6 - Flex, 3.6L, 5.7L<\/td>\n<\/tr>\n<tr>\n<td width=\"80\">2022<\/td>\n<td width=\"80\">Chrysler<\/td>\n<td width=\"121\">300<\/td>\n<td width=\"493\">S, Touring, Touring L<\/td>\n<td width=\"198\">3.6L V6 - Flex, 3.6L, 5.7L<\/td>\n<\/tr>\n<tr>\n<td width=\"80\">2022<\/td>\n<td width=\"80\">Chrysler<\/td>\n<td width=\"121\">Pacifica<\/td>\n<td width=\"493\">Hybrid Limited, Hybrid Pinnacle, Hybrid Touring L, Limited, Pinnacle, Touring, Touring L<\/td>\n<td width=\"198\">3.6L V6 - Elettrico\/Gas, 3.6L V6 - Flex, 3.6L<\/td>\n<\/tr>\n<tr>\n<td width=\"80\">2022<\/td>\n<td width=\"80\">Chrysler<\/td>\n<td width=\"121\">Voyager<\/td>\n<td width=\"493\">LX<\/td>\n<td width=\"198\">3.6L V6 - Flex, 3.6L<\/td>\n<\/tr>\n<tr>\n<td width=\"80\">2022<\/td>\n<td width=\"80\">Dodge<\/td>\n<td width=\"121\">Charger<\/td>\n<td width=\"493\">GT, R\/T, SXT<\/td>\n<td width=\"198\">3.6L V6 - Flex, 3.6L, 5.7L<\/td>\n<\/tr>\n<tr>\n<td width=\"80\">2021<\/td>\n<td width=\"80\">Chrysler<\/td>\n<td width=\"121\">300<\/td>\n<td width=\"493\">S, Touring, Touring L<\/td>\n<td width=\"198\">3.6L V6 - Flex, 3.6L, 5.7L<\/td>\n<\/tr>\n<tr>\n<td width=\"80\">2021<\/td>\n<td width=\"80\">Chrysler<\/td>\n<td width=\"121\">Pacifica<\/td>\n<td width=\"493\">Hybrid Limited, Hybrid Pinnacle, Hybrid Touring, Hybrid Touring L, Limited, Pinnacle, Touring, Touring L<\/td>\n<td width=\"198\">3.6L V6 - Elettrico\/Gas, 3.6L V6 - Flex, 3.6L<\/td>\n<\/tr>\n<tr>\n<td width=\"80\">2021<\/td>\n<td width=\"80\">Chrysler<\/td>\n<td width=\"121\">Voyager<\/td>\n<td width=\"493\">L, LX, LXi<\/td>\n<td width=\"198\">3.6L V6 - Flex, 3.6L<\/td>\n<\/tr>\n<tr>\n<td width=\"80\">2021<\/td>\n<td width=\"80\">Dodge<\/td>\n<td width=\"121\">Charger<\/td>\n<td width=\"493\">GT, R\/T, SXT<\/td>\n<td width=\"198\">3.6L V6 - Flex, 3.6L, 5.7L<\/td>\n<\/tr>\n<tr>\n<td width=\"80\">2020<\/td>\n<td width=\"80\">Chrysler<\/td>\n<td width=\"121\">300<\/td>\n<td width=\"493\">C, Limited, S, Touring, Touring L<\/td>\n<td width=\"198\">3.6L V6 - Flex, 3.6L, 5.7L<\/td>\n<\/tr>\n<tr>\n<td width=\"80\">2020<\/td>\n<td width=\"80\">Chrysler<\/td>\n<td width=\"121\">Pacifica<\/td>\n<td width=\"493\">Hybrid Limited, Hybrid Touring, Hybrid Touring L, Limited, Touring, Touring L, Touring L Plus<\/td>\n<td width=\"198\">3.6L V6 - Elettrico\/Gas, 3.6L V6 - Flex, 3.6L<\/td>\n<\/tr>\n<tr>\n<td width=\"80\">2020<\/td>\n<td width=\"80\">Chrysler<\/td>\n<td width=\"121\">Voyager<\/td>\n<td width=\"493\">L, LX, LXi<\/td>\n<td width=\"198\">3.6L V6 - Flex, 3.6L<\/td>\n<\/tr>\n<tr>\n<td width=\"80\">2020<\/td>\n<td width=\"80\">Dodge<\/td>\n<td width=\"121\">Charger<\/td>\n<td width=\"493\">GT, Pursuit, R\/T, SXT<\/td>\n<td width=\"198\">3.6L V6 - Flex, 3.6L, 5.7L<\/td>\n<\/tr>\n<tr>\n<td width=\"80\">2020<\/td>\n<td width=\"80\">Dodge<\/td>\n<td width=\"121\">Grand Caravan<\/td>\n<td width=\"493\">GT, SE, SE Plus, SXT<\/td>\n<td width=\"198\">3.6L V6 - Flex, 3.6L<\/td>\n<\/tr>\n<tr>\n<td width=\"80\">2019<\/td>\n<td width=\"80\">Chrysler<\/td>\n<td width=\"121\">300<\/td>\n<td width=\"493\">C, Limited, S, Touring, Touring L<\/td>\n<td width=\"198\">3.6L V6 - Flex, 3.6L, 5.7L<\/td>\n<\/tr>\n<tr>\n<td width=\"80\">2019<\/td>\n<td width=\"80\">Chrysler<\/td>\n<td width=\"121\">Pacifica<\/td>\n<td width=\"493\">Hybrid Limited, Hybrid Touring L, Hybrid Touring Plus, L, LX, Limited, Touring, Touring L, Touring L, Touring L Plus, Touring Plus<\/td>\n<td width=\"198\">3.6L V6 - Elettrico\/Gas, 3.6L V6 - Flex, 3.6L<\/td>\n<\/tr>\n<tr>\n<td width=\"80\">2019<\/td>\n<td width=\"80\">Dodge<\/td>\n<td width=\"121\">Charger<\/td>\n<td width=\"493\">GT, Pursuit, R\/T, SXT<\/td>\n<td width=\"198\">3.6L V6 - Flex, 3.6L, 5.7L<\/td>\n<\/tr>\n<tr>\n<td width=\"80\">2019<\/td>\n<td width=\"80\">Dodge<\/td>\n<td width=\"121\">Grand Caravan<\/td>\n<td width=\"493\">GT, SE, SXT<\/td>\n<td width=\"198\">3.6L V6 - Flex, 3.6L<\/td>\n<\/tr>\n<tr>\n<td width=\"80\">2018<\/td>\n<td width=\"80\">Chrysler<\/td>\n<td width=\"121\">300<\/td>\n<td width=\"493\">C, Limited, S, Touring, Touring L<\/td>\n<td width=\"198\">3.6L V6 - Flex, 3.6L, 5.7L<\/td>\n<\/tr>\n<tr>\n<td width=\"80\">2018<\/td>\n<td width=\"80\">Chrysler<\/td>\n<td width=\"121\">Pacifica<\/td>\n<td width=\"493\">Hybrid Limited, Hybrid Touring L, Hybrid Touring Plus, L, LX, Limited, Touring, Touring L, Touring L, Touring L Plus, Touring Plus<\/td>\n<td width=\"198\">3.6L V6 - Elettrico\/Gas, 3.6L V6 - Flex, 3.6L<\/td>\n<\/tr>\n<tr>\n<td width=\"80\">2018<\/td>\n<td width=\"80\">Dodge<\/td>\n<td width=\"121\">Charger<\/td>\n<td width=\"493\">GT, GT Plus, Pursuit, R\/T, SXT, SXT Plus, SXT Plus Leather<\/td>\n<td width=\"198\">3.6L V6 - Flex, 3.6L, 5.7L<\/td>\n<\/tr>\n<tr>\n<td width=\"80\">2018<\/td>\n<td width=\"80\">Dodge<\/td>\n<td width=\"121\">Grand Caravan<\/td>\n<td width=\"493\">GT, SE, SE Plus, SXT<\/td>\n<td width=\"198\">3.6L V6 - Flex, 3.6L<\/td>\n<\/tr>\n<tr>\n<td width=\"80\">2017<\/td>\n<td width=\"80\">Chrysler<\/td>\n<td width=\"121\">300<\/td>\n<td width=\"493\">C, C Platinum, Limited, S<\/td>\n<td width=\"198\">3.6L V6 - Flex, 3.6L, 5.7L<\/td>\n<\/tr>\n<tr>\n<td width=\"80\">2017<\/td>\n<td width=\"80\">Chrysler<\/td>\n<td width=\"121\">Pacifica<\/td>\n<td width=\"493\">Hybrid Platinum, Hybrid Premium, LX, Limited, Touring, Touring L, Touring L Plus<\/td>\n<td width=\"198\">3.6L V6 - Elettrico\/Gas, 3.6L V6 - Flex, 3.6L<\/td>\n<\/tr>\n<tr>\n<td width=\"80\">2017<\/td>\n<td width=\"80\">Dodge<\/td>\n<td width=\"121\">Charger<\/td>\n<td width=\"493\">Pursuit, R\/T, SE, SXT<\/td>\n<td width=\"198\">3.6L V6 - Flex, 5.7L<\/td>\n<\/tr>\n<tr>\n<td width=\"80\">2017<\/td>\n<td width=\"80\">Dodge<\/td>\n<td width=\"121\">Grand Caravan<\/td>\n<td width=\"493\">GT, SE, SE Plus, SXT<\/td>\n<td width=\"198\">3.6L V6 - Flex, 3.6L<\/td>\n<\/tr>\n<tr>\n<td width=\"80\">2016<\/td>\n<td width=\"80\">Chrysler<\/td>\n<td width=\"121\">300<\/td>\n<td width=\"493\">C, C Platinum, Limited, S<\/td>\n<td width=\"198\">3.6L V6 - Flex, 3.6L, 5.7L<\/td>\n<\/tr>\n<tr>\n<td width=\"80\">2016<\/td>\n<td width=\"80\">Chrysler<\/td>\n<td width=\"121\">Town &amp; Country<\/td>\n<td width=\"493\">LX, Limited, Limited Platinum, S, Touring, Touring L<\/td>\n<td width=\"198\">3.6L V6 - Flex, 3.6L<\/td>\n<\/tr>\n<tr>\n<td width=\"80\">2016<\/td>\n<td width=\"80\">Dodge<\/td>\n<td width=\"121\">Charger<\/td>\n<td width=\"493\">Pursuit, R\/T, R\/T Road &amp; Track, SE, SXT<\/td>\n<td width=\"198\">3.6L V6 - Flex, 5.7L<\/td>\n<\/tr>\n<tr>\n<td width=\"80\">2016<\/td>\n<td width=\"80\">Dodge<\/td>\n<td width=\"121\">Grand Caravan<\/td>\n<td width=\"493\">Pacchetto Valore Americano, R\/T, SE, SE Plus, SXT<\/td>\n<td width=\"198\">3.6L V6 - Flex, 3.6L<\/td>\n<\/tr>\n<tr>\n<td width=\"80\">2015<\/td>\n<td width=\"80\">Chrysler<\/td>\n<td width=\"121\">300<\/td>\n<td width=\"493\">C, C Platinum, S<\/td>\n<td width=\"198\">5.7L<\/td>\n<\/tr>\n<tr>\n<td width=\"80\">2015<\/td>\n<td width=\"80\">Chrysler<\/td>\n<td width=\"121\">Town &amp; Country<\/td>\n<td width=\"493\">LX, Limited, Limited Platinum, S, Touring, Touring L<\/td>\n<td width=\"198\">3.6L V6 - Flex, 3.6L<\/td>\n<\/tr>\n<tr>\n<td width=\"80\">2015<\/td>\n<td width=\"80\">Dodge<\/td>\n<td width=\"121\">Charger<\/td>\n<td width=\"493\">Pursuit, R\/T, R\/T Road &amp; Track, SE, SXT<\/td>\n<td width=\"198\">3.6L V6 - Flex, 5.7L<\/td>\n<\/tr>\n<tr>\n<td width=\"80\">2015<\/td>\n<td width=\"80\">Dodge<\/td>\n<td width=\"121\">Grand Caravan<\/td>\n<td width=\"493\">Pacchetto American Value, R\/T, SE, SXT<\/td>\n<td width=\"198\">3.6L V6 - Flex, 3.6L<\/td>\n<\/tr>\n<tr>\n<td width=\"80\">2015<\/td>\n<td width=\"80\">Ram<\/td>\n<td width=\"121\">C\/V<\/td>\n<td width=\"493\">Tradesman<\/td>\n<td width=\"198\">3.6L V6 - Flex<\/td>\n<\/tr>\n<tr>\n<td width=\"80\">2014<\/td>\n<td width=\"80\">Chrysler<\/td>\n<td width=\"121\">300<\/td>\n<td width=\"493\">Base, C, C Luxury, S, SRT8<\/td>\n<td width=\"198\">3.6L V6 - Flex, 3.6L, 5.7L, 6.4L<\/td>\n<\/tr>\n<tr>\n<td width=\"80\">2014<\/td>\n<td width=\"80\">Chrysler<\/td>\n<td width=\"121\">Town &amp; Country<\/td>\n<td width=\"493\">Edizione 30\u00b0 Anniversario, Limited, S, Touring, Touring L<\/td>\n<td width=\"198\">3.6L V6 - Flex, 3.6L<\/td>\n<\/tr>\n<tr>\n<td width=\"80\">2014<\/td>\n<td width=\"80\">Dodge<\/td>\n<td width=\"121\">Charger<\/td>\n<td width=\"493\">Pursuit, R\/T, SE, SXT<\/td>\n<td width=\"198\">3.6L V6 - Flex, 3.6L, 5.7L<\/td>\n<\/tr>\n<tr>\n<td width=\"80\">2014<\/td>\n<td width=\"80\">Dodge<\/td>\n<td width=\"121\">Grand Caravan<\/td>\n<td width=\"493\">Pacchetto American Value, R\/T, SE, SE 30th Anniversary Edition, SXT, SXT 30th Anniversary Edition<\/td>\n<td width=\"198\">3.6L V6 - Flex, 3.6L<\/td>\n<\/tr>\n<tr>\n<td width=\"80\">2014<\/td>\n<td width=\"80\">Ram<\/td>\n<td width=\"121\">C\/V<\/td>\n<td width=\"493\">Base<\/td>\n<td width=\"198\">3.6L V6 - Flex<\/td>\n<\/tr>\n<tr>\n<td width=\"80\">2013<\/td>\n<td width=\"80\">Chrysler<\/td>\n<td width=\"121\">300<\/td>\n<td width=\"493\">Base, C, C Luxury, S, SRT8, SRT8 Core<\/td>\n<td width=\"198\">3.6L V6 - Flex, 3.6L, 5.7L, 6.4L<\/td>\n<\/tr>\n<tr>\n<td width=\"80\">2013<\/td>\n<td width=\"80\">Chrysler<\/td>\n<td width=\"121\">Town &amp; Country<\/td>\n<td width=\"493\">Limited, S, Touring, Touring L<\/td>\n<td width=\"198\">3.6L V6 - Flex, 3.6L<\/td>\n<\/tr>\n<tr>\n<td width=\"80\">2013<\/td>\n<td width=\"80\">Dodge<\/td>\n<td width=\"121\">Charger<\/td>\n<td width=\"493\">Pursuit, R\/T, SE, SRT8, SXT<\/td>\n<td width=\"198\">3.6L V6 - Flex, 3.6L, 5.7L, 6.4L<\/td>\n<\/tr>\n<tr>\n<td width=\"80\">2013<\/td>\n<td width=\"80\">Dodge<\/td>\n<td width=\"121\">Grand Caravan<\/td>\n<td width=\"493\">Equipaggio, R\/T, SE, SXT<\/td>\n<td width=\"198\">3.6L V6 - Flex, 3.6L<\/td>\n<\/tr>\n<tr>\n<td width=\"80\">2013<\/td>\n<td width=\"80\">Ram<\/td>\n<td width=\"121\">C\/V<\/td>\n<td width=\"493\">Base<\/td>\n<td width=\"198\">3.6L V6 - Flex<\/td>\n<\/tr>\n<tr>\n<td width=\"80\">2012<\/td>\n<td width=\"80\">Chrysler<\/td>\n<td width=\"121\">200<\/td>\n<td width=\"493\">LX, Limited, S, Touring<\/td>\n<td width=\"198\">3.6L V6 - Flex<\/td>\n<\/tr>\n<tr>\n<td width=\"80\">2012<\/td>\n<td width=\"80\">Chrysler<\/td>\n<td width=\"121\">300<\/td>\n<td width=\"493\">Base, C, C Luxury, Limited, S, SRT8<\/td>\n<td width=\"198\">3.6L V6 - Flex, 3.6L, 5.7L, 6.4L<\/td>\n<\/tr>\n<tr>\n<td width=\"80\">2012<\/td>\n<td width=\"80\">Chrysler<\/td>\n<td width=\"121\">Town &amp; Country<\/td>\n<td width=\"493\">Limited, Touring, Touring L<\/td>\n<td width=\"198\">3.6L V6 - Flex, 3.6L<\/td>\n<\/tr>\n<tr>\n<td width=\"80\">2012<\/td>\n<td width=\"80\">Dodge<\/td>\n<td width=\"121\">Avenger<\/td>\n<td width=\"493\">R\/T, SE, SXT Plus<\/td>\n<td width=\"198\">3.6L V6 - Flex<\/td>\n<\/tr>\n<tr>\n<td width=\"80\">2012<\/td>\n<td width=\"80\">Dodge<\/td>\n<td width=\"121\">Charger<\/td>\n<td width=\"493\">Pursuit, R\/T, SE, SRT8, SXT, SXT Plus<\/td>\n<td width=\"198\">3.6L V6 - Flex, 3.6L, 5.7L, 6.4L<\/td>\n<\/tr>\n<tr>\n<td width=\"80\">2012<\/td>\n<td width=\"80\">Dodge<\/td>\n<td width=\"121\">Grand Caravan<\/td>\n<td width=\"493\">Equipaggio, R\/T, SE, SXT<\/td>\n<td width=\"198\">3.6L V6 - Flex, 3.6L<\/td>\n<\/tr>\n<tr>\n<td width=\"80\">2012<\/td>\n<td width=\"80\">Ram<\/td>\n<td width=\"121\">C\/V<\/td>\n<td width=\"493\">Base<\/td>\n<td width=\"198\">3.6L V6 - Flex<\/td>\n<\/tr>\n<tr>\n<td width=\"80\">2011<\/td>\n<td width=\"80\">Chrysler<\/td>\n<td width=\"121\">200<\/td>\n<td width=\"493\">LX, Limited, S, Touring<\/td>\n<td width=\"198\">3.6L V6 - Flex<\/td>\n<\/tr>\n<tr>\n<td width=\"80\">2011<\/td>\n<td width=\"80\">Chrysler<\/td>\n<td width=\"121\">300<\/td>\n<td width=\"493\">Base, C, Limited<\/td>\n<td width=\"198\">3.6L V6 - Flex, 3.6L, 5.7L<\/td>\n<\/tr>\n<tr>\n<td width=\"80\">2011<\/td>\n<td width=\"80\">Chrysler<\/td>\n<td width=\"121\">Town &amp; Country<\/td>\n<td width=\"493\">Limited, Touring, Touring L<\/td>\n<td width=\"198\">3.6L V6 - Flex, 3.6L<\/td>\n<\/tr>\n<tr>\n<td width=\"80\">2011<\/td>\n<td width=\"80\">Dodge<\/td>\n<td width=\"121\">Avenger<\/td>\n<td width=\"493\">Express, Heat, Lux, Mainstreet<\/td>\n<td width=\"198\">3.6L V6 - Flex<\/td>\n<\/tr>\n<tr>\n<td width=\"80\">2011<\/td>\n<td width=\"80\">Dodge<\/td>\n<td width=\"121\">Charger<\/td>\n<td width=\"493\">Pursuit, R\/T, SE<\/td>\n<td width=\"198\">3.6L V6 - Flex, 3.6L, 5.7L<\/td>\n<\/tr>\n<tr>\n<td width=\"80\">2011<\/td>\n<td width=\"80\">Dodge<\/td>\n<td width=\"121\">Grand Caravan<\/td>\n<td width=\"493\">C\/V, Crew, Express, Mainstreet, R\/T<\/td>\n<td width=\"198\">3.6L V6 - Flex, 3.6L<\/td>\n<\/tr>\n<tr>\n<td width=\"80\">2010<\/td>\n<td width=\"80\">Chrysler<\/td>\n<td width=\"121\">300<\/td>\n<td width=\"493\">C, C SRT8, Limited, S, Touring<\/td>\n<td width=\"198\">2.7L, 3.5L, 5.7L, 6.1L<\/td>\n<\/tr>\n<tr>\n<td width=\"80\">2010<\/td>\n<td width=\"80\">Chrysler<\/td>\n<td width=\"121\">Town &amp; Country<\/td>\n<td width=\"493\">LX, Limited, Touring, Touring Plus, Walter P. Chrysler Serie Signature<\/td>\n<td width=\"198\">3.3L V6 - Flex, 3.8L, 4.0L<\/td>\n<\/tr>\n<tr>\n<td width=\"80\">2010<\/td>\n<td width=\"80\">Dodge<\/td>\n<td width=\"121\">Challenger<\/td>\n<td width=\"493\">SE<\/td>\n<td width=\"198\">3.5L<\/td>\n<\/tr>\n<tr>\n<td width=\"80\">2010<\/td>\n<td width=\"80\">Dodge<\/td>\n<td width=\"121\">Charger<\/td>\n<td width=\"493\">Pursuit, R\/T, SE, SRT8, SXT<\/td>\n<td width=\"198\">2.7L, 3.5L, 5.7L, 6.1L<\/td>\n<\/tr>\n<tr>\n<td width=\"80\">2010<\/td>\n<td width=\"80\">Dodge<\/td>\n<td width=\"121\">Grand Caravan<\/td>\n<td width=\"493\">C\/V, SE, SXT<\/td>\n<td width=\"198\">3.3L V6 - Flex, 3.8L, 4.0L<\/td>\n<\/tr>\n<tr>\n<td width=\"80\">2009<\/td>\n<td width=\"80\">Chrysler<\/td>\n<td width=\"121\">300<\/td>\n<td width=\"493\">C, C SRT8, Limited, Signature Series, Touring<\/td>\n<td width=\"198\">3.5L, 5.7L, 6.1L<\/td>\n<\/tr>\n<tr>\n<td width=\"80\">2009<\/td>\n<td width=\"80\">Chrysler<\/td>\n<td width=\"121\">Town &amp; Country<\/td>\n<td width=\"493\">LX, Limited, Touring<\/td>\n<td width=\"198\">3.3L V6 - Flex, 3.8L, 4.0L<\/td>\n<\/tr>\n<tr>\n<td width=\"80\">2009<\/td>\n<td width=\"80\">Dodge<\/td>\n<td width=\"121\">Challenger<\/td>\n<td width=\"493\">SE<\/td>\n<td width=\"198\">3.5L<\/td>\n<\/tr>\n<tr>\n<td width=\"80\">2009<\/td>\n<td width=\"80\">Dodge<\/td>\n<td width=\"121\">Charger<\/td>\n<td width=\"493\">Pursuit, R\/T, SE, SRT8, SXT<\/td>\n<td width=\"198\">2.7L, 3.5L, 5.7L, 6.1L<\/td>\n<\/tr>\n<tr>\n<td width=\"80\">2009<\/td>\n<td width=\"80\">Dodge<\/td>\n<td width=\"121\">Grand Caravan<\/td>\n<td width=\"493\">C\/V, SE, SXT<\/td>\n<td width=\"198\">3.3L V6 - Flex, 3.8L, 4.0L<\/td>\n<\/tr>\n<tr>\n<td width=\"80\">2008<\/td>\n<td width=\"80\">Chrysler<\/td>\n<td width=\"121\">300<\/td>\n<td width=\"493\">C, C SRT8, LX, Limited, Touring<\/td>\n<td width=\"198\">2.7L, 3.5L, 5.7L, 6.1L<\/td>\n<\/tr>\n<tr>\n<td width=\"80\">2008<\/td>\n<td width=\"80\">Chrysler<\/td>\n<td width=\"121\">Town &amp; Country<\/td>\n<td width=\"493\">Limited<\/td>\n<td width=\"198\">4.0L<\/td>\n<\/tr>\n<tr>\n<td width=\"80\">2008<\/td>\n<td width=\"80\">Dodge<\/td>\n<td width=\"121\">Challenger<\/td>\n<td width=\"493\">SRT8<\/td>\n<td width=\"198\">6.1L<\/td>\n<\/tr>\n<tr>\n<td width=\"80\">2008<\/td>\n<td width=\"80\">Dodge<\/td>\n<td width=\"121\">Charger<\/td>\n<td width=\"493\">Pursuit, R\/T, SE, SRT8, SXT<\/td>\n<td width=\"198\">2.7L, 3.5L, 5.7L, 6.1L<\/td>\n<\/tr>\n<tr>\n<td width=\"80\">2008<\/td>\n<td width=\"80\">Dodge<\/td>\n<td width=\"121\">Grand Caravan<\/td>\n<td width=\"493\">SXT<\/td>\n<td width=\"198\">4.0L<\/td>\n<\/tr>\n<tr>\n<td width=\"80\">2008<\/td>\n<td width=\"80\">Dodge<\/td>\n<td width=\"121\">Magnum<\/td>\n<td width=\"493\">R\/T, SE, SRT8, SXT<\/td>\n<td width=\"198\">2.7L, 3.5L, 5.7L, 6.1L<\/td>\n<\/tr>\n<\/tbody>\n<\/table>\n<p>&nbsp;<\/p>\n<p>&nbsp;<\/p>\n<h4>Perch\u00e9 i ricambi originali Mopar sono la scelta migliore<\/h4>\n<p><strong>Direttamente dal produttore - perfettamente abbinato<\/strong>In qualit\u00e0 di produttore originale, Mopar fornisce esattamente i pezzi che sono gi\u00e0 stati installati sul vostro veicolo. Ogni pezzo \u00e8 stato sviluppato appositamente per il vostro modello e corrisponde 100 % alle specifiche tecniche - per un montaggio perfetto, prestazioni ottimali e massima sicurezza.<\/p>\n<p><strong>Qualit\u00e0 di cui ci si pu\u00f2 fidare:<\/strong> Mopar si affida a materiali rigorosamente testati e ai pi\u00f9 elevati standard di produzione. Il risultato sono componenti durevoli e affidabili che funzionano anche in condizioni estreme, in modo che il vostro veicolo funzioni come dovrebbe a lungo termine.<\/p>\n<p>&nbsp;<\/p>","protected":false},"excerpt":{"rendered":"<p>Parte originale Mopar<\/p>","protected":false},"featured_media":68322075,"comment_status":"open","ping_status":"closed","template":"","meta":{"_acf_changed":false},"product_brand":[16270],"product_cat":[2732,2714,6616,6619,6640,19672,2571,6643,2588,2591,6607,6610,6644,6560,2652,7025,6649],"product_tag":[17474,1132,52,17473,4831,4832,167,54,53,48,49,1320,55,31,8813,9424,16271,16273,16275,16272,16274,7221,127,4421,683],"class_list":{"0":"post-68322070","1":"product","2":"type-product","3":"status-publish","4":"has-post-thumbnail","6":"product_brand-mopar","7":"product_cat-300c-35-abgasanlage","8":"product_cat-300c-36-abgasanlage","9":"product_cat-300c-57-2005-2010-abgasanlage-dichtungen-hardware","10":"product_cat-300c-57-2011-2023-abgasanlage-dichtungen-hardware","11":"product_cat-300c-61-abgasanlage-dichtungen-hardware","12":"product_cat-pacifica-abgasanlage","13":"product_cat-challenger-35-abgasanlage","14":"product_cat-challenger-61-abgasanlage-dichtungen-hardware","15":"product_cat-charger-35-abgasanlage","16":"product_cat-charger-36-abgasanlage","17":"product_cat-charger-57-abgasanlage-dichtungen-hardware","18":"product_cat-charger-57-2011-2023-abgasanlage-dichtungen-hardware","19":"product_cat-charger-61-abgasanlage-dichtungen-hardware","20":"product_cat-charger-64-abgasanlage-dichtungen-hardware","21":"product_cat-magnum-35-abgasanlage","22":"product_cat-magnum-57-abgasanlage-dichtungen-hardware","23":"product_cat-magnum-61-abgasanlage-dichtungen-hardware","24":"product_tag-04578340aa","25":"product_tag-1132","26":"product_tag-300c","27":"product_tag-4578340aa","28":"product_tag-auspuffgummi","29":"product_tag-auspuffhalter","30":"product_tag-avenger","31":"product_tag-challenger","32":"product_tag-charger","33":"product_tag-chrysler","34":"product_tag-dodge","35":"product_tag-grand-caravan","36":"product_tag-magnum","37":"product_tag-mopar","38":"product_tag-mopar-autoteile","39":"product_tag-mopar-ersatzteile","40":"product_tag-mopar-ersatzteile-kaufen","41":"product_tag-mopar-performance-teile","42":"product_tag-mopar-teile-katalog","43":"product_tag-mopar-teile-online","44":"product_tag-mopar-tuningteile","45":"product_tag-mopar10","46":"product_tag-pacifica","47":"product_tag-town-country","48":"product_tag-voyager","50":"first","51":"instock","52":"taxable","53":"shipping-taxable","54":"purchasable","55":"product-type-simple"},"bundled_by":[],"bundle_stock_status":"instock","bundle_stock_quantity":3,"bundle_virtual":false,"bundle_layout":"","bundle_add_to_cart_form_location":"","bundle_editable_in_cart":false,"bundle_sold_individually_context":"","bundle_item_grouping":"","bundle_min_size":"","bundle_max_size":"","bundle_price":[],"bundled_items":[],"bundle_sell_ids":[],"exclude_global_add_ons":[],"addons":[],"acf":[],"_links":{"self":[{"href":"https:\/\/kraftwerk-shop.cc\/it\/wp-json\/wp\/v2\/product\/68322070","targetHints":{"allow":["GET"]}}],"collection":[{"href":"https:\/\/kraftwerk-shop.cc\/it\/wp-json\/wp\/v2\/product"}],"about":[{"href":"https:\/\/kraftwerk-shop.cc\/it\/wp-json\/wp\/v2\/types\/product"}],"replies":[{"embeddable":true,"href":"https:\/\/kraftwerk-shop.cc\/it\/wp-json\/wp\/v2\/comments?post=68322070"}],"version-history":[{"count":0,"href":"https:\/\/kraftwerk-shop.cc\/it\/wp-json\/wp\/v2\/product\/68322070\/revisions"}],"wp:featuredmedia":[{"embeddable":true,"href":"https:\/\/kraftwerk-shop.cc\/it\/wp-json\/wp\/v2\/media\/68322075"}],"wp:attachment":[{"href":"https:\/\/kraftwerk-shop.cc\/it\/wp-json\/wp\/v2\/media?parent=68322070"}],"wp:term":[{"taxonomy":"product_brand","embeddable":true,"href":"https:\/\/kraftwerk-shop.cc\/it\/wp-json\/wp\/v2\/product_brand?post=68322070"},{"taxonomy":"product_cat","embeddable":true,"href":"https:\/\/kraftwerk-shop.cc\/it\/wp-json\/wp\/v2\/product_cat?post=68322070"},{"taxonomy":"product_tag","embeddable":true,"href":"https:\/\/kraftwerk-shop.cc\/it\/wp-json\/wp\/v2\/product_tag?post=68322070"}],"curies":[{"name":"wp","href":"https:\/\/api.w.org\/{rel}","templated":true}]}}