{"id":68328864,"date":"2025-06-08T13:50:18","date_gmt":"2025-06-08T11:50:18","guid":{"rendered":"https:\/\/kraftwerk-shop.cc\/?post_type=product&#038;p=68328864"},"modified":"2026-02-15T01:20:41","modified_gmt":"2026-02-15T00:20:41","slug":"disco-freno-mopar-68368071aa","status":"publish","type":"product","link":"https:\/\/kraftwerk-shop.cc\/it\/produkt\/mopar-bremsscheibe-68368071aa\/","title":{"rendered":"Disco freno Mopar (68368071AA)"},"content":{"rendered":"<h1>Disco freno Mopar (68368071AA) per Chrysler 300C, Dodge Challenger, Charger e Magnum 3.5, 3.6 e 5.7 (asse posteriore)<\/h1>\n<p>&nbsp;<\/p>\n<p><span lang=\"DE\"><strong>Numero di parte Mopar:<\/strong>\u00a068368071AA<br \/>\n<strong>Sostituito: <\/strong>4779209AB, 4779209AC, 4779209AD, 4779209AE, 4779209AF, 4779209AG, 68241042AA, 68241042AB, 68368072AA<\/span><\/p>\n<p>&nbsp;<\/p>\n<p><strong>Adatto per:<\/strong><\/p>\n<table width=\"1157\">\n<tbody>\n<tr>\n<td width=\"81\"><strong>Anno di costruzione<\/strong><\/td>\n<td width=\"117\"><strong>Marchio<\/strong><\/td>\n<td width=\"175\"><strong>Modello<\/strong><\/td>\n<td width=\"410\"><strong>Versione<\/strong><\/td>\n<td width=\"184\"><strong>Motore<\/strong><\/td>\n<td width=\"190\"><strong>Suggerimento<\/strong><\/td>\n<\/tr>\n<tr>\n<td width=\"81\">2023<\/td>\n<td width=\"117\">Chrysler<\/td>\n<td width=\"175\">300<\/td>\n<td width=\"410\">S, Touring, Touring L<\/td>\n<td width=\"184\">3.6L, 5.7L<\/td>\n<td width=\"190\">Disco freno ventilato<\/td>\n<\/tr>\n<tr>\n<td width=\"81\">2023<\/td>\n<td width=\"117\">Dodge<\/td>\n<td width=\"175\">Challenger<\/td>\n<td width=\"410\">GT, R\/T, SXT<\/td>\n<td width=\"184\">3.6L, 5.7L<\/td>\n<td width=\"190\">Disco freno ventilato<\/td>\n<\/tr>\n<tr>\n<td width=\"81\">2023<\/td>\n<td width=\"117\">Dodge<\/td>\n<td width=\"175\">Charger<\/td>\n<td width=\"410\">GT, R\/T, SXT<\/td>\n<td width=\"184\">3.6L, 5.7L<\/td>\n<td width=\"190\">Disco freno ventilato<\/td>\n<\/tr>\n<tr>\n<td width=\"81\">2022<\/td>\n<td width=\"117\">Chrysler<\/td>\n<td width=\"175\">300<\/td>\n<td width=\"410\">S, Touring, Touring L<\/td>\n<td width=\"184\">3.6L, 5.7L<\/td>\n<td width=\"190\">Disco freno ventilato<\/td>\n<\/tr>\n<tr>\n<td width=\"81\">2022<\/td>\n<td width=\"117\">Dodge<\/td>\n<td width=\"175\">Challenger<\/td>\n<td width=\"410\">GT, R\/T, SXT<\/td>\n<td width=\"184\">3.6L, 5.7L<\/td>\n<td width=\"190\">Disco freno ventilato<\/td>\n<\/tr>\n<tr>\n<td width=\"81\">2022<\/td>\n<td width=\"117\">Dodge<\/td>\n<td width=\"175\">Charger<\/td>\n<td width=\"410\">GT, R\/T, SXT<\/td>\n<td width=\"184\">3.6L, 5.7L<\/td>\n<td width=\"190\">Disco freno ventilato<\/td>\n<\/tr>\n<tr>\n<td width=\"81\">2021<\/td>\n<td width=\"117\">Chrysler<\/td>\n<td width=\"175\">300<\/td>\n<td width=\"410\">S, Touring, Touring L<\/td>\n<td width=\"184\">3.6L, 5.7L<\/td>\n<td width=\"190\">Disco freno ventilato<\/td>\n<\/tr>\n<tr>\n<td width=\"81\">2021<\/td>\n<td width=\"117\">Dodge<\/td>\n<td width=\"175\">Challenger<\/td>\n<td width=\"410\">GT, R\/T, SXT<\/td>\n<td width=\"184\">3.6L, 5.7L<\/td>\n<td width=\"190\">Disco freno ventilato<\/td>\n<\/tr>\n<tr>\n<td width=\"81\">2021<\/td>\n<td width=\"117\">Dodge<\/td>\n<td width=\"175\">Charger<\/td>\n<td width=\"410\">GT, R\/T, SXT<\/td>\n<td width=\"184\">3.6L, 5.7L<\/td>\n<td width=\"190\">Disco freno ventilato<\/td>\n<\/tr>\n<tr>\n<td width=\"81\">2020<\/td>\n<td width=\"117\">Chrysler<\/td>\n<td width=\"175\">300<\/td>\n<td width=\"410\">C, Limited, S, Touring, Touring L<\/td>\n<td width=\"184\">3.6L, 5.7L<\/td>\n<td width=\"190\">Disco freno ventilato<\/td>\n<\/tr>\n<tr>\n<td width=\"81\">2020<\/td>\n<td width=\"117\">Dodge<\/td>\n<td width=\"175\">Challenger<\/td>\n<td width=\"410\">GT, R\/T, SXT<\/td>\n<td width=\"184\">3.6L, 5.7L<\/td>\n<td width=\"190\">Disco freno ventilato<\/td>\n<\/tr>\n<tr>\n<td width=\"81\">2020<\/td>\n<td width=\"117\">Dodge<\/td>\n<td width=\"175\">Charger<\/td>\n<td width=\"410\">GT, R\/T, SXT<\/td>\n<td width=\"184\">3.6L, 5.7L<\/td>\n<td width=\"190\">Disco freno ventilato<\/td>\n<\/tr>\n<tr>\n<td width=\"81\">2019<\/td>\n<td width=\"117\">Chrysler<\/td>\n<td width=\"175\">300<\/td>\n<td width=\"410\">C, Limited, S, Touring, Touring L<\/td>\n<td width=\"184\">3.6L, 5.7L<\/td>\n<td width=\"190\">Disco freno ventilato<\/td>\n<\/tr>\n<tr>\n<td width=\"81\">2019<\/td>\n<td width=\"117\">Dodge<\/td>\n<td width=\"175\">Challenger<\/td>\n<td width=\"410\">GT, R\/T, SXT<\/td>\n<td width=\"184\">3.6L, 5.7L<\/td>\n<td width=\"190\">Disco freno ventilato<\/td>\n<\/tr>\n<tr>\n<td width=\"81\">2019<\/td>\n<td width=\"117\">Dodge<\/td>\n<td width=\"175\">Charger<\/td>\n<td width=\"410\">GT, R\/T, SXT<\/td>\n<td width=\"184\">3.6L, 5.7L<\/td>\n<td width=\"190\">Disco freno ventilato<\/td>\n<\/tr>\n<tr>\n<td width=\"81\">2018<\/td>\n<td width=\"117\">Chrysler<\/td>\n<td width=\"175\">300<\/td>\n<td width=\"410\">C, Limited, S, Touring, Touring L<\/td>\n<td width=\"184\">3.6L, 5.7L<\/td>\n<td width=\"190\">Disco freno ventilato<\/td>\n<\/tr>\n<tr>\n<td width=\"81\">2018<\/td>\n<td width=\"117\">Dodge<\/td>\n<td width=\"175\">Challenger<\/td>\n<td width=\"410\">GT, R\/T, SXT, SXT Plus, T\/A<\/td>\n<td width=\"184\">3.6L, 5.7L<\/td>\n<td width=\"190\">Disco freno ventilato<\/td>\n<\/tr>\n<tr>\n<td width=\"81\">2018<\/td>\n<td width=\"117\">Dodge<\/td>\n<td width=\"175\">Charger<\/td>\n<td width=\"410\">Daytona, GT, GT Plus, R\/T, SXT<\/td>\n<td width=\"184\">3.6L, 5.7L<\/td>\n<td width=\"190\">Disco freno ventilato<\/td>\n<\/tr>\n<tr>\n<td width=\"81\">2017<\/td>\n<td width=\"117\">Chrysler<\/td>\n<td width=\"175\">300<\/td>\n<td width=\"410\">C, C Platinum, Limited, S<\/td>\n<td width=\"184\">3.6L, 5.7L<\/td>\n<td width=\"190\">Disco freno ventilato<\/td>\n<\/tr>\n<tr>\n<td width=\"81\">2017<\/td>\n<td width=\"117\">Dodge<\/td>\n<td width=\"175\">Challenger<\/td>\n<td width=\"410\">GT, R\/T, SXT, SXT Plus, T\/A<\/td>\n<td width=\"184\">3.6L, 5.7L<\/td>\n<td width=\"190\">Disco freno ventilato<\/td>\n<\/tr>\n<tr>\n<td width=\"81\">2017<\/td>\n<td width=\"117\">Dodge<\/td>\n<td width=\"175\">Charger<\/td>\n<td width=\"410\">Daytona, R\/T, SE, SXT<\/td>\n<td width=\"184\">5.7L<\/td>\n<td width=\"190\">Disco freno ventilato<\/td>\n<\/tr>\n<tr>\n<td width=\"81\">2016<\/td>\n<td width=\"117\">Chrysler<\/td>\n<td width=\"175\">300<\/td>\n<td width=\"410\">C, C Platinum, Limited, S<\/td>\n<td width=\"184\">3.6L, 5.7L<\/td>\n<td width=\"190\">Disco freno ventilato<\/td>\n<\/tr>\n<tr>\n<td width=\"81\">2016<\/td>\n<td width=\"117\">Dodge<\/td>\n<td width=\"175\">Challenger<\/td>\n<td width=\"410\">R\/T, R\/T Plus, R\/T Plus Shaker, R\/T Shaker, SXT, SXT Plus<\/td>\n<td width=\"184\">3.6L, 5.7L<\/td>\n<td width=\"190\">Disco freno ventilato<\/td>\n<\/tr>\n<tr>\n<td width=\"81\">2016<\/td>\n<td width=\"117\">Dodge<\/td>\n<td width=\"175\">Charger<\/td>\n<td width=\"410\">R\/T, R\/T Road &amp; Track, SE, SXT<\/td>\n<td width=\"184\">5.7L<\/td>\n<td width=\"190\">Disco freno ventilato<\/td>\n<\/tr>\n<tr>\n<td width=\"81\">2015<\/td>\n<td width=\"117\">Chrysler<\/td>\n<td width=\"175\">300<\/td>\n<td width=\"410\">C, C Platinum, Limited, S<\/td>\n<td width=\"184\">3.6L, 5.7L<\/td>\n<td width=\"190\">Disco freno ventilato<\/td>\n<\/tr>\n<tr>\n<td width=\"81\">2015<\/td>\n<td width=\"117\">Dodge<\/td>\n<td width=\"175\">Challenger<\/td>\n<td width=\"410\">R\/T, R\/T Plus, SXT, SXT Plus<\/td>\n<td width=\"184\">3.6L, 5.7L<\/td>\n<td width=\"190\">Disco freno ventilato<\/td>\n<\/tr>\n<tr>\n<td width=\"81\">2015<\/td>\n<td width=\"117\">Dodge<\/td>\n<td width=\"175\">Charger<\/td>\n<td width=\"410\">R\/T, R\/T Road &amp; Track, SE, SXT<\/td>\n<td width=\"184\">5.7L<\/td>\n<td width=\"190\">Disco freno ventilato<\/td>\n<\/tr>\n<tr>\n<td width=\"81\">2014<\/td>\n<td width=\"117\">Chrysler<\/td>\n<td width=\"175\">300<\/td>\n<td width=\"410\">Base, C, C Luxury, S<\/td>\n<td width=\"184\">3.6L, 5.7L<\/td>\n<td width=\"190\">Disco freno ventilato<\/td>\n<\/tr>\n<tr>\n<td width=\"81\">2014<\/td>\n<td width=\"117\">Dodge<\/td>\n<td width=\"175\">Challenger<\/td>\n<td width=\"410\">R\/T, Rallye Redline, SXT<\/td>\n<td width=\"184\">3.6L, 5.7L<\/td>\n<td width=\"190\">Disco freno ventilato<\/td>\n<\/tr>\n<tr>\n<td width=\"81\">2014<\/td>\n<td width=\"117\">Dodge<\/td>\n<td width=\"175\">Charger<\/td>\n<td width=\"410\">Pursuit, R\/T, SXT<\/td>\n<td width=\"184\">3.6L, 5.7L<\/td>\n<td width=\"190\">Disco freno ventilato<\/td>\n<\/tr>\n<tr>\n<td width=\"81\">2013<\/td>\n<td width=\"117\">Chrysler<\/td>\n<td width=\"175\">300<\/td>\n<td width=\"410\">Base, C, C Luxury, S<\/td>\n<td width=\"184\">3.6L, 5.7L<\/td>\n<td width=\"190\">Disco freno ventilato<\/td>\n<\/tr>\n<tr>\n<td width=\"81\">2013<\/td>\n<td width=\"117\">Dodge<\/td>\n<td width=\"175\">Challenger<\/td>\n<td width=\"410\">R\/T, SXT<\/td>\n<td width=\"184\">3.6L, 5.7L<\/td>\n<td width=\"190\">Disco freno ventilato<\/td>\n<\/tr>\n<tr>\n<td width=\"81\">2013<\/td>\n<td width=\"117\">Dodge<\/td>\n<td width=\"175\">Charger<\/td>\n<td width=\"410\">Pursuit, R\/T, SE, SXT<\/td>\n<td width=\"184\">3.6L, 5.7L<\/td>\n<td width=\"190\">Disco freno ventilato<\/td>\n<\/tr>\n<tr>\n<td width=\"81\">2012<\/td>\n<td width=\"117\">Chrysler<\/td>\n<td width=\"175\">300<\/td>\n<td width=\"410\">C, Limitata, S<\/td>\n<td width=\"184\">3.6L, 5.7L<\/td>\n<td width=\"190\">Disco freno ventilato<\/td>\n<\/tr>\n<tr>\n<td width=\"81\">2012<\/td>\n<td width=\"117\">Dodge<\/td>\n<td width=\"175\">Challenger<\/td>\n<td width=\"410\">R\/T, R\/T Classic, SXT, SXT Plus<\/td>\n<td width=\"184\">3.6L, 5.7L<\/td>\n<td width=\"190\">Disco freno ventilato<\/td>\n<\/tr>\n<tr>\n<td width=\"81\">2012<\/td>\n<td width=\"117\">Dodge<\/td>\n<td width=\"175\">Charger<\/td>\n<td width=\"410\">Pursuit, R\/T, SE, SXT, SXT Plus<\/td>\n<td width=\"184\">3.6L, 5.7L<\/td>\n<td width=\"190\">Disco freno ventilato<\/td>\n<\/tr>\n<tr>\n<td width=\"81\">2011<\/td>\n<td width=\"117\">Chrysler<\/td>\n<td width=\"175\">300<\/td>\n<td width=\"410\">C<\/td>\n<td width=\"184\">5.7L<\/td>\n<td width=\"190\">Disco freno ventilato<\/td>\n<\/tr>\n<tr>\n<td width=\"81\">2011<\/td>\n<td width=\"117\">Dodge<\/td>\n<td width=\"175\">Challenger<\/td>\n<td width=\"410\">R\/T, SE<\/td>\n<td width=\"184\">5.7L<\/td>\n<td width=\"190\">Disco freno ventilato<\/td>\n<\/tr>\n<tr>\n<td width=\"81\">2011<\/td>\n<td width=\"117\">Dodge<\/td>\n<td width=\"175\">Charger<\/td>\n<td width=\"410\">Pursuit, R\/T, SE<\/td>\n<td width=\"184\">5.7L<\/td>\n<td width=\"190\">Disco freno ventilato<\/td>\n<\/tr>\n<tr>\n<td width=\"81\">2010<\/td>\n<td width=\"117\">Chrysler<\/td>\n<td width=\"175\">300<\/td>\n<td width=\"410\">C, Limited, S, Touring<\/td>\n<td width=\"184\">3.0 CRD, 3.5L, 5.7L<\/td>\n<td width=\"190\">Disco freno ventilato<\/td>\n<\/tr>\n<tr>\n<td width=\"81\">2010<\/td>\n<td width=\"117\">Dodge<\/td>\n<td width=\"175\">Challenger<\/td>\n<td width=\"410\">R\/T<\/td>\n<td width=\"184\">5.7L<\/td>\n<td width=\"190\">Disco freno ventilato<\/td>\n<\/tr>\n<tr>\n<td width=\"81\">2010<\/td>\n<td width=\"117\">Dodge<\/td>\n<td width=\"175\">Charger<\/td>\n<td width=\"410\">Pursuit, R\/T, SE, SXT<\/td>\n<td width=\"184\">3.5L, 5.7L<\/td>\n<td width=\"190\">Disco freno ventilato<\/td>\n<\/tr>\n<tr>\n<td width=\"81\">2009<\/td>\n<td width=\"117\">Chrysler<\/td>\n<td width=\"175\">300<\/td>\n<td width=\"410\">C, Limited, Serie Signature, Touring<\/td>\n<td width=\"184\">3.0 CRD, 3.5L, 5.7L<\/td>\n<td width=\"190\">Disco freno ventilato<\/td>\n<\/tr>\n<tr>\n<td width=\"81\">2009<\/td>\n<td width=\"117\">Dodge<\/td>\n<td width=\"175\">Challenger<\/td>\n<td width=\"410\">R\/T<\/td>\n<td width=\"184\">5.7L<\/td>\n<td width=\"190\">Disco freno ventilato<\/td>\n<\/tr>\n<tr>\n<td width=\"81\">2009<\/td>\n<td width=\"117\">Dodge<\/td>\n<td width=\"175\">Charger<\/td>\n<td width=\"410\">Pursuit, R\/T, SE, SXT<\/td>\n<td width=\"184\">3.5L, 5.7L<\/td>\n<td width=\"190\">Disco freno ventilato<\/td>\n<\/tr>\n<tr>\n<td width=\"81\">2008<\/td>\n<td width=\"117\">Chrysler<\/td>\n<td width=\"175\">300<\/td>\n<td width=\"410\">C, Limited, Touring<\/td>\n<td width=\"184\">3.0 CRD, 3.5L, 5.7L<\/td>\n<td width=\"190\">Disco freno ventilato<\/td>\n<\/tr>\n<tr>\n<td width=\"81\">2008<\/td>\n<td width=\"117\">Dodge<\/td>\n<td width=\"175\">Charger<\/td>\n<td width=\"410\">Pursuit, R\/T, SE, SXT<\/td>\n<td width=\"184\">3.5L, 5.7L<\/td>\n<td width=\"190\">Disco freno ventilato<\/td>\n<\/tr>\n<tr>\n<td width=\"81\">2008<\/td>\n<td width=\"117\">Dodge<\/td>\n<td width=\"175\">Magnum<\/td>\n<td width=\"410\">R\/T, SE, SXT<\/td>\n<td width=\"184\">3.5L, 5.7L<\/td>\n<td width=\"190\">Disco freno ventilato<\/td>\n<\/tr>\n<tr>\n<td width=\"81\">2007<\/td>\n<td width=\"117\">Chrysler<\/td>\n<td width=\"175\">300<\/td>\n<td width=\"410\">C, Limited, Touring<\/td>\n<td width=\"184\">3.0 CRD, 3.5L, 5.7L<\/td>\n<td width=\"190\">Disco freno ventilato<\/td>\n<\/tr>\n<tr>\n<td width=\"81\">2007<\/td>\n<td width=\"117\">Dodge<\/td>\n<td width=\"175\">Charger<\/td>\n<td width=\"410\">Pursuit, R\/T, SE, SXT<\/td>\n<td width=\"184\">2.7L, 3.5L, 5.7L<\/td>\n<td width=\"190\">Disco freno ventilato<\/td>\n<\/tr>\n<tr>\n<td width=\"81\">2007<\/td>\n<td width=\"117\">Dodge<\/td>\n<td width=\"175\">Magnum<\/td>\n<td width=\"410\">R\/T, SE, SXT<\/td>\n<td width=\"184\">3.5L, 5.7L<\/td>\n<td width=\"190\">Disco freno ventilato<\/td>\n<\/tr>\n<tr>\n<td width=\"81\">2006<\/td>\n<td width=\"117\">Chrysler<\/td>\n<td width=\"175\">300<\/td>\n<td width=\"410\">C, Limited, Touring<\/td>\n<td width=\"184\">3.0 CRD, 3.5L, 5.7L<\/td>\n<td width=\"190\">Disco freno ventilato<\/td>\n<\/tr>\n<tr>\n<td width=\"81\">2006<\/td>\n<td width=\"117\">Dodge<\/td>\n<td width=\"175\">Charger<\/td>\n<td width=\"410\">Daytona R\/T, Pursuit, R\/T<\/td>\n<td width=\"184\">3.5L, 5.7L<\/td>\n<td width=\"190\">Disco freno ventilato<\/td>\n<\/tr>\n<tr>\n<td width=\"81\">2006<\/td>\n<td width=\"117\">Dodge<\/td>\n<td width=\"175\">Magnum<\/td>\n<td width=\"410\">R\/T, SXT<\/td>\n<td width=\"184\">3.5L, 5.7L<\/td>\n<td width=\"190\">Disco freno ventilato<\/td>\n<\/tr>\n<tr>\n<td width=\"81\">2005<\/td>\n<td width=\"117\">Chrysler<\/td>\n<td width=\"175\">300<\/td>\n<td width=\"410\">C, Limited, Touring<\/td>\n<td width=\"184\">3.0 CRD, 3.5L, 5.7L<\/td>\n<td width=\"190\">Disco freno ventilato<\/td>\n<\/tr>\n<tr>\n<td width=\"81\">2005<\/td>\n<td width=\"117\">Dodge<\/td>\n<td width=\"175\">Magnum<\/td>\n<td width=\"410\">R\/T, SXT, SXT Edizione Speciale<\/td>\n<td width=\"184\">3.5L, 5.7L<\/td>\n<td width=\"190\">Disco freno ventilato<\/td>\n<\/tr>\n<\/tbody>\n<\/table>\n<p>&nbsp;<\/p>\n<p><strong>Nota:<\/strong><\/p>\n<p>Prima di effettuare l'ordine, verificare se sulla parte anteriore del veicolo sono montati dischi freno da 345 mm o 320 mm.<br \/>\n\u00c8 possibile confrontare le dimensioni dei dischi dei freni anteriori e posteriori per orientarsi.<br \/>\nI dischi dei freni posteriori hanno sempre un diametro di 320 mm.<\/p>\n<p>&nbsp;<\/p>\n<p>&nbsp;<\/p>\n<h4>Perch\u00e9 i ricambi originali Mopar sono la scelta migliore<\/h4>\n<p><strong>Direttamente dal produttore - perfettamente abbinato<\/strong>In qualit\u00e0 di produttore originale, Mopar fornisce esattamente i pezzi che sono gi\u00e0 stati installati sul vostro veicolo. Ogni pezzo \u00e8 stato sviluppato appositamente per il vostro modello e corrisponde 100 % alle specifiche tecniche - per un montaggio perfetto, prestazioni ottimali e massima sicurezza.<\/p>\n<p><strong>Qualit\u00e0 di cui ci si pu\u00f2 fidare:<\/strong> Mopar si affida a materiali rigorosamente testati e ai pi\u00f9 elevati standard di produzione. Il risultato sono componenti durevoli e affidabili che funzionano anche in condizioni estreme, in modo che il vostro veicolo funzioni come dovrebbe a lungo termine.<\/p>\n<p>&nbsp;<\/p>","protected":false},"excerpt":{"rendered":"<p>Parte originale Mopar<br \/>\nDisco freno ventilato<\/p>","protected":false},"featured_media":68328898,"comment_status":"open","ping_status":"closed","template":"","meta":{"_acf_changed":false},"product_brand":[16270],"product_cat":[17713,17718,17722,17726,17730,17708,17706,17700,17742,17746,17750,17754,17770,17774],"product_tag":[18193,18194,18195,18196,18197,18198,87,572,88,52,2071,2072,2074,2073,2075,2077,91,17574,17575,17577,17576,795,796,54,53,48,536,49,3853,3854,692,942,2111,126,798,799,36,55,31,7221],"class_list":{"0":"post-68328864","1":"product","2":"type-product","3":"status-publish","4":"has-post-thumbnail","6":"product_brand-mopar","7":"product_cat-300c-30-diesel-bremsscheiben-hinten","8":"product_cat-300c-35-bremsscheiben-hinten","9":"product_cat-300c-36-bremsscheiben-hinten","10":"product_cat-300c-57-2005-2010-bremsscheiben-hinten","11":"product_cat-300c-57-2011-2023-bremsscheiben-hinten","12":"product_cat-challenger-35-bremsscheiben-hinten","13":"product_cat-challenger-36-bremsscheiben-hinten","14":"product_cat-challenger-57-bremsscheiben-hinten","15":"product_cat-charger-35-bremsscheiben-hinten","16":"product_cat-charger-36-bremsscheiben-hinten","17":"product_cat-charger-57-bremsscheiben-hinten","18":"product_cat-charger-57-2011-2023-bremsscheiben-hinten","19":"product_cat-magnum-35-bremsscheiben-hinten","20":"product_cat-magnum-57-bremsscheiben-hinten","21":"product_tag-04779209ab","22":"product_tag-04779209ac","23":"product_tag-04779209ad","24":"product_tag-04779209ae","25":"product_tag-04779209af","26":"product_tag-04779209ag","27":"product_tag-2-7","28":"product_tag-3-0-crd","29":"product_tag-3-5","30":"product_tag-300c","31":"product_tag-4779209ab","32":"product_tag-4779209ac","33":"product_tag-4779209ad","34":"product_tag-4779209ae","35":"product_tag-4779209af","36":"product_tag-4779209ag","37":"product_tag-5-7","38":"product_tag-68241042aa","39":"product_tag-68241042ab","40":"product_tag-68368071aa","41":"product_tag-68368072aa","42":"product_tag-bremse","43":"product_tag-bremsscheibe","44":"product_tag-challenger","45":"product_tag-charger","46":"product_tag-chrysler","47":"product_tag-chrysler-300c","48":"product_tag-dodge","49":"product_tag-dodge-challenger","50":"product_tag-dodge-charger","51":"product_tag-ersatzteil","52":"product_tag-gelocht","53":"product_tag-genutet","54":"product_tag-hemi","55":"product_tag-hinten","56":"product_tag-hinterachse","57":"product_tag-kraftwerk","58":"product_tag-magnum","59":"product_tag-mopar","60":"product_tag-mopar10","62":"first","63":"instock","64":"taxable","65":"shipping-taxable","66":"purchasable","67":"product-type-simple"},"bundled_by":[],"bundle_stock_status":"instock","bundle_stock_quantity":2,"bundle_virtual":false,"bundle_layout":"","bundle_add_to_cart_form_location":"","bundle_editable_in_cart":false,"bundle_sold_individually_context":"","bundle_item_grouping":"","bundle_min_size":"","bundle_max_size":"","bundle_price":[],"bundled_items":[],"bundle_sell_ids":[],"exclude_global_add_ons":[],"addons":[],"acf":[],"_links":{"self":[{"href":"https:\/\/kraftwerk-shop.cc\/it\/wp-json\/wp\/v2\/product\/68328864","targetHints":{"allow":["GET"]}}],"collection":[{"href":"https:\/\/kraftwerk-shop.cc\/it\/wp-json\/wp\/v2\/product"}],"about":[{"href":"https:\/\/kraftwerk-shop.cc\/it\/wp-json\/wp\/v2\/types\/product"}],"replies":[{"embeddable":true,"href":"https:\/\/kraftwerk-shop.cc\/it\/wp-json\/wp\/v2\/comments?post=68328864"}],"version-history":[{"count":0,"href":"https:\/\/kraftwerk-shop.cc\/it\/wp-json\/wp\/v2\/product\/68328864\/revisions"}],"wp:featuredmedia":[{"embeddable":true,"href":"https:\/\/kraftwerk-shop.cc\/it\/wp-json\/wp\/v2\/media\/68328898"}],"wp:attachment":[{"href":"https:\/\/kraftwerk-shop.cc\/it\/wp-json\/wp\/v2\/media?parent=68328864"}],"wp:term":[{"taxonomy":"product_brand","embeddable":true,"href":"https:\/\/kraftwerk-shop.cc\/it\/wp-json\/wp\/v2\/product_brand?post=68328864"},{"taxonomy":"product_cat","embeddable":true,"href":"https:\/\/kraftwerk-shop.cc\/it\/wp-json\/wp\/v2\/product_cat?post=68328864"},{"taxonomy":"product_tag","embeddable":true,"href":"https:\/\/kraftwerk-shop.cc\/it\/wp-json\/wp\/v2\/product_tag?post=68328864"}],"curies":[{"name":"wp","href":"https:\/\/api.w.org\/{rel}","templated":true}]}}