{"id":68328977,"date":"2025-06-08T21:03:52","date_gmt":"2025-06-08T19:03:52","guid":{"rendered":"https:\/\/kraftwerk-shop.cc\/?post_type=product&#038;p=68328977"},"modified":"2026-02-15T01:20:43","modified_gmt":"2026-02-15T00:20:43","slug":"pastiglie-freno-mopar-68504575ab","status":"publish","type":"product","link":"https:\/\/kraftwerk-shop.cc\/it\/produkt\/mopar-bremsbelaege-68504575ab\/","title":{"rendered":"Pastiglie freno Mopar (68504575AB)"},"content":{"rendered":"<h1>Pastiglie freno Mopar (68504575AB) per Chrysler 300C, Dodge Challenger e Charger 3.6 e 5.7 (asse anteriore) dal 2021 al 2023<\/h1>\n<p>&nbsp;<\/p>\n<p><span lang=\"DE\"><strong>Numero di parte Mopar:<\/strong>\u00a068504575AB<br \/>\n<strong>Sostituito: <\/strong><\/span>68504575AA<\/p>\n<p>&nbsp;<\/p>\n<p><strong>Adatto per:<\/strong><\/p>\n<table width=\"1298\">\n<tbody>\n<tr>\n<td width=\"97\"><strong>Anno di costruzione<\/strong><\/td>\n<td width=\"130\"><strong>Marchio<\/strong><\/td>\n<td width=\"253\"><strong>Modello<\/strong><\/td>\n<td width=\"482\"><strong>Versione<\/strong><\/td>\n<td width=\"179\"><strong>Motore<\/strong><\/td>\n<td width=\"157\"><strong>Suggerimento<\/strong><\/td>\n<\/tr>\n<tr>\n<td width=\"97\">2023<\/td>\n<td width=\"130\">Chrysler<\/td>\n<td width=\"253\">300<\/td>\n<td width=\"482\">S, Touring, Touring L<\/td>\n<td width=\"179\">3.6L, 5.7L<\/td>\n<td width=\"157\">345 mm di diametro<\/td>\n<\/tr>\n<tr>\n<td width=\"97\">2023<\/td>\n<td width=\"130\">Dodge<\/td>\n<td width=\"253\">Challenger<\/td>\n<td width=\"482\">GT, R\/T, SXT<\/td>\n<td width=\"179\">3.6L, 5.7L<\/td>\n<td width=\"157\">345 mm di diametro<\/td>\n<\/tr>\n<tr>\n<td width=\"97\">2023<\/td>\n<td width=\"130\">Dodge<\/td>\n<td width=\"253\">Charger<\/td>\n<td width=\"482\">GT, R\/T, SXT<\/td>\n<td width=\"179\">3.6L, 5.7L<\/td>\n<td width=\"157\">345 mm di diametro<\/td>\n<\/tr>\n<tr>\n<td width=\"97\">2022<\/td>\n<td width=\"130\">Chrysler<\/td>\n<td width=\"253\">300<\/td>\n<td width=\"482\">S, Touring, Touring L<\/td>\n<td width=\"179\">3.6L, 5.7L<\/td>\n<td width=\"157\">345 mm di diametro<\/td>\n<\/tr>\n<tr>\n<td width=\"97\">2022<\/td>\n<td width=\"130\">Dodge<\/td>\n<td width=\"253\">Challenger<\/td>\n<td width=\"482\">GT, R\/T, SXT<\/td>\n<td width=\"179\">3.6L, 5.7L<\/td>\n<td width=\"157\">345 mm di diametro<\/td>\n<\/tr>\n<tr>\n<td width=\"97\">2022<\/td>\n<td width=\"130\">Dodge<\/td>\n<td width=\"253\">Charger<\/td>\n<td width=\"482\">GT, R\/T, SXT<\/td>\n<td width=\"179\">3.6L, 5.7L<\/td>\n<td width=\"157\">345 mm di diametro<\/td>\n<\/tr>\n<tr>\n<td width=\"97\">2021<\/td>\n<td width=\"130\">Chrysler<\/td>\n<td width=\"253\">300<\/td>\n<td width=\"482\">S, Touring, Touring L<\/td>\n<td width=\"179\">3.6L, 5.7L<\/td>\n<td width=\"157\">345 mm di diametro<\/td>\n<\/tr>\n<tr>\n<td width=\"97\">2021<\/td>\n<td width=\"130\">Dodge<\/td>\n<td width=\"253\">Challenger<\/td>\n<td width=\"482\">GT, R\/T, SXT<\/td>\n<td width=\"179\">3.6L, 5.7L<\/td>\n<td width=\"157\">345 mm di diametro<\/td>\n<\/tr>\n<tr>\n<td width=\"97\">2021<\/td>\n<td width=\"130\">Dodge<\/td>\n<td width=\"253\">Charger<\/td>\n<td width=\"482\">GT, R\/T, SXT<\/td>\n<td width=\"179\">3.6L, 5.7L<\/td>\n<td width=\"157\">345 mm di diametro<\/td>\n<\/tr>\n<\/tbody>\n<\/table>\n<p>&nbsp;<\/p>\n<p><strong>Nota:<\/strong><\/p>\n<p>Prima di effettuare l'ordine, verificare se sulla parte anteriore del veicolo sono montati dischi freno da 345 mm o 320 mm.<br \/>\n\u00c8 possibile confrontare le dimensioni dei dischi dei freni anteriori e posteriori per orientarsi.<br \/>\nI dischi dei freni posteriori hanno sempre un diametro di 320 mm.<\/p>\n<p>&nbsp;<\/p>\n<p>&nbsp;<\/p>\n<h4>Perch\u00e9 i ricambi originali Mopar sono la scelta migliore<\/h4>\n<p><strong>Direttamente dal produttore - perfettamente abbinato<\/strong>In qualit\u00e0 di produttore originale, Mopar fornisce esattamente i pezzi che sono gi\u00e0 stati installati sul vostro veicolo. Ogni pezzo \u00e8 stato sviluppato appositamente per il vostro modello e corrisponde 100 % alle specifiche tecniche - per un montaggio perfetto, prestazioni ottimali e massima sicurezza.<\/p>\n<p><strong>Qualit\u00e0 di cui ci si pu\u00f2 fidare:<\/strong> Mopar si affida a materiali rigorosamente testati e ai pi\u00f9 elevati standard di produzione. Il risultato sono componenti durevoli e affidabili che funzionano anche in condizioni estreme, in modo che il vostro veicolo funzioni come dovrebbe a lungo termine.<\/p>\n<p>&nbsp;<\/p>","protected":false},"excerpt":{"rendered":"<p>Parte originale Mopar<br \/>\nAdatto per dischi freno da 345 mm<\/p>\n<p>2021 \u2013 2023<\/p>","protected":false},"featured_media":68332308,"comment_status":"open","ping_status":"closed","template":"","meta":{"_acf_changed":false},"product_brand":[16270],"product_cat":[17719,17727,17703,17701,17743,17751],"product_tag":[87,572,88,52,91,17630,838,590,795,839,840,54,53,48,536,49,3853,3854,692,126,36,55,31,7221,842,841],"class_list":{"0":"post-68328977","1":"product","2":"type-product","3":"status-publish","4":"has-post-thumbnail","6":"product_brand-mopar","7":"product_cat-300c-36-bremsbelaege-vorne","8":"product_cat-300c-57-2011-2023-bremsbelaege-vorne","9":"product_cat-challenger-36-bremsbelaege-vorne","10":"product_cat-challenger-57-bremsbelaege-vorne","11":"product_cat-charger-36-bremsbelaege-vorne","12":"product_cat-charger-57-2011-2023-bremsbelaege-vorne","13":"product_tag-2-7","14":"product_tag-3-0-crd","15":"product_tag-3-5","16":"product_tag-300c","17":"product_tag-5-7","18":"product_tag-68504575ab","19":"product_tag-bremsbelag","20":"product_tag-bremsbelaege","21":"product_tag-bremse","22":"product_tag-bremsklotz","23":"product_tag-bremskloetze","24":"product_tag-challenger","25":"product_tag-charger","26":"product_tag-chrysler","27":"product_tag-chrysler-300c","28":"product_tag-dodge","29":"product_tag-dodge-challenger","30":"product_tag-dodge-charger","31":"product_tag-ersatzteil","32":"product_tag-hemi","33":"product_tag-kraftwerk","34":"product_tag-magnum","35":"product_tag-mopar","36":"product_tag-mopar10","37":"product_tag-vorderachse","38":"product_tag-vorne","40":"first","41":"instock","42":"taxable","43":"shipping-taxable","44":"purchasable","45":"product-type-simple"},"bundled_by":[],"bundle_stock_status":"instock","bundle_stock_quantity":1,"bundle_virtual":false,"bundle_layout":"","bundle_add_to_cart_form_location":"","bundle_editable_in_cart":false,"bundle_sold_individually_context":"","bundle_item_grouping":"","bundle_min_size":"","bundle_max_size":"","bundle_price":[],"bundled_items":[],"bundle_sell_ids":[],"exclude_global_add_ons":[],"addons":[],"acf":[],"_links":{"self":[{"href":"https:\/\/kraftwerk-shop.cc\/it\/wp-json\/wp\/v2\/product\/68328977","targetHints":{"allow":["GET"]}}],"collection":[{"href":"https:\/\/kraftwerk-shop.cc\/it\/wp-json\/wp\/v2\/product"}],"about":[{"href":"https:\/\/kraftwerk-shop.cc\/it\/wp-json\/wp\/v2\/types\/product"}],"replies":[{"embeddable":true,"href":"https:\/\/kraftwerk-shop.cc\/it\/wp-json\/wp\/v2\/comments?post=68328977"}],"version-history":[{"count":0,"href":"https:\/\/kraftwerk-shop.cc\/it\/wp-json\/wp\/v2\/product\/68328977\/revisions"}],"wp:featuredmedia":[{"embeddable":true,"href":"https:\/\/kraftwerk-shop.cc\/it\/wp-json\/wp\/v2\/media\/68332308"}],"wp:attachment":[{"href":"https:\/\/kraftwerk-shop.cc\/it\/wp-json\/wp\/v2\/media?parent=68328977"}],"wp:term":[{"taxonomy":"product_brand","embeddable":true,"href":"https:\/\/kraftwerk-shop.cc\/it\/wp-json\/wp\/v2\/product_brand?post=68328977"},{"taxonomy":"product_cat","embeddable":true,"href":"https:\/\/kraftwerk-shop.cc\/it\/wp-json\/wp\/v2\/product_cat?post=68328977"},{"taxonomy":"product_tag","embeddable":true,"href":"https:\/\/kraftwerk-shop.cc\/it\/wp-json\/wp\/v2\/product_tag?post=68328977"}],"curies":[{"name":"wp","href":"https:\/\/api.w.org\/{rel}","templated":true}]}}