{"id":68332565,"date":"2025-06-15T23:31:34","date_gmt":"2025-06-15T21:31:34","guid":{"rendered":"https:\/\/kraftwerk-shop.cc\/?post_type=product&#038;p=68332565"},"modified":"2026-02-15T01:20:59","modified_gmt":"2026-02-15T00:20:59","slug":"kit-freni-grandi-alcon-ram-trx","status":"publish","type":"product","link":"https:\/\/kraftwerk-shop.cc\/it\/produkt\/alcon-big-brake-kit-ram-trx\/","title":{"rendered":"Kit freni grandi Alcon RAM TRX"},"content":{"rendered":"<h1>Kit Big Brake Alcon, sviluppato appositamente per RAM 1500 TRX<\/h1>\n<h2>Aggiornamento dei freni di serie per una maggiore sicurezza, prestazioni e affidabilit\u00e0<\/h2>\n<p>&nbsp;<\/p>\n<p><strong>Perch\u00e9 aggiornare i freni TRX?<\/strong><\/p>\n<p>Se volete migliorare le prestazioni di frenata del vostro RAM TRX, Alcon ha quello che fa per voi con il suo upgrade dei freni ad alte prestazioni. L'RAM TRX \u00e8 un pick-up potente che richiede prestazioni di frenata elevate, soprattutto se lo si vuole utilizzare per il traino di rimorchi o per avventure fuoristrada. L'aggiornamento dei freni di Alcon \u00e8 stato progettato per fornire prestazioni di frenata e affidabilit\u00e0 migliori, in modo da poter affrontare qualsiasi terreno con facilit\u00e0.<\/p>\n<p>L'upgrade dei freni Alcon comprende una serie di componenti come pinze, pastiglie e dischi freno, appositamente sviluppati per migliorare le prestazioni e la durata. Le pinze sono realizzate con materiali di alta qualit\u00e0 e sono progettate per fornire la massima forza di serraggio e garantire prestazioni di frenata ottimali. Anche i dischi freno sono realizzati con materiali di alta qualit\u00e0, che assicurano una migliore dissipazione del calore e riducono il fading dei freni anche in condizioni estreme.<\/p>\n<p>Anche le pastiglie dei freni incluse nell'upgrade dei freni Alcon sono state appositamente progettate per garantire prestazioni costanti e un'eccellente modulazione. Ci\u00f2 consente di controllare con precisione i freni e di godere di un'esperienza di guida confortevole e sicura. Inoltre, i dischi dei freni sono stati progettati per garantire un migliore raffreddamento, riducendo cos\u00ec il rischio di fading dei freni e prolungando la durata dell'impianto frenante.<\/p>\n<p>L'aggiornamento dei freni di Alcon non \u00e8 solo progettato per migliorare le prestazioni, ma anche per facilitare l'installazione. Il kit freni contiene tutto il necessario per aggiornare l'impianto frenante esistente. Questo rende l'installazione semplice e senza problemi.<\/p>\n<p>L'upgrade dei freni Alcon \u00e8 una scelta eccellente se volete migliorare le prestazioni di frenata del vostro TRX RAM. Grazie ai componenti di alta qualit\u00e0 e alla facilit\u00e0 di installazione, potrete beneficiare di prestazioni di frenata e affidabilit\u00e0 migliorate per affrontare qualsiasi avventura in tutta tranquillit\u00e0. Quindi, perch\u00e9 aspettare? Aggiornate i vostri freni RAM TRX con Alcon oggi stesso.<\/p>\n<p>Dotato di pinze freno HD a sei pistoncini con massicci rotori da 376x42 mm (14,8\u2033 x 1,65\u2033). Si adatta alle ruote standard da 18 pollici e a molte ruote aftermarket.<\/p>\n<p>&nbsp;<\/p>\n<p><strong>Vantaggi rispetto al sistema frenante standard:<\/strong><\/p>\n<ul>\n<li>Fino a 12% in pi\u00f9 di massa termica disponibile<\/li>\n<li>Fino a 8 % prestazioni inferiori delle pastiglie dei freni<\/li>\n<li>Fino a 7% maggiore coppia frenante disponibile<\/li>\n<li>Alloggiamento della pinza freno in ghisa sferoidale per la massima robustezza e rigidit\u00e0 e per un'elevata resistenza agli urti e alla fatica<\/li>\n<li>Vernice epossidica su finitura di zinco per la massima protezione dalla corrosione<\/li>\n<li>Le pastiglie dei freni ad alto attrito aumentano le prestazioni di frenata<\/li>\n<li>I rotori pi\u00f9 grandi aumentano la coppia frenante e la capacit\u00e0 termica e riducono il potenziale di carico del freno.<\/li>\n<li>La superficie allargata delle pastiglie riduce le temperature e aumenta la durata delle stesse<\/li>\n<\/ul>\n<p>&nbsp;<\/p>\n<p><strong>Caratteristiche dell'aggiornamento dei freni Alcon RAM TRX:<\/strong><\/p>\n<ul>\n<li>L'upgrade dei freni Alcon RAM TRX offre diverse caratteristiche che lo rendono una scelta eccezionale per chi cerca prestazioni di frenata superiori:<\/li>\n<li>Dissipazione del calore: il kit utilizza un diametro maggiore del rotore e una pinza freno pi\u00f9 grande, che migliorano la dissipazione del calore e consentono prestazioni di frenata pi\u00f9 uniformi sotto carichi pesanti.<\/li>\n<li>Riduzione dell'affaticamento dei freni: le pastiglie ad alte prestazioni e la maggiore superficie dei rotori fanno s\u00ec che i freni non si affievoliscano cos\u00ec rapidamente, il che pu\u00f2 portare a una minore efficacia dei freni e a una maggiore sensibilit\u00e0 all'usura.<\/li>\n<li>Materiali di alta qualit\u00e0: i componenti del freno sono realizzati con materiali di alta qualit\u00e0, come l'alluminio e l'acciaio inox, che garantiscono una lunga durata e resistenza alla corrosione.<\/li>\n<li>Tecnologia avanzata: i freni sono stati sviluppati utilizzando software CAD e strumenti di simulazione avanzati per garantire prestazioni e sicurezza ottimali.<\/li>\n<li>Facile installazione: l'upgrade dei freni Alcon RAM TRX \u00e8 stato progettato per sostituire direttamente i freni di serie, rendendo l'installazione semplice e senza problemi.<\/li>\n<li>Complessivamente, l'upgrade dei freni Alcon RAM TRX offre prestazioni di frenata eccezionali, un minore affievolimento dei freni e una lunga durata, rendendolo una scelta eccellente per chiunque voglia aggiornare l'impianto frenante del proprio TRX.<\/li>\n<\/ul>\n<p>&nbsp;<\/p>\n<p><strong>Ambito di fornitura:<\/strong><\/p>\n<ul>\n<li>Pinza freno sinistra<\/li>\n<li>Pinza freno destra<\/li>\n<li>Pastiglie dei freni<\/li>\n<li>Disco freno sinistro<\/li>\n<li>Disco freno destro<\/li>\n<li>Set di staffe<\/li>\n<\/ul>\n<p>&nbsp;<\/p>","protected":false},"excerpt":{"rendered":"<p>Alcon Big Brake Kit, speziell entwickelt f\u00fcr RAM\u202f1500\u202fTRX Upgrade der Serienbremsen f\u00fcr mehr Sicherheit, Performance und Zuverl\u00e4ssigkeit &nbsp; Warum ein<\/p>","protected":false},"featured_media":68332570,"comment_status":"open","ping_status":"closed","template":"","meta":{"_acf_changed":false},"product_brand":[20092],"product_cat":[4704],"product_tag":[17635,17637,17679,17652,17675,17661,17668,17665,17638,17639,17646,17670,17660,17656,17647,17642,17649,17674,17636,17653,590,795,591,7221,86,17654,4444,17676,17672,17680,17640,17663,17666,2353,17673,17657,17643,17650,17662,17669,17651,17664,17644,17677,17641,17667,17659,17658,17648,17645,17655,17678,17671,216],"class_list":{"0":"post-68332565","1":"product","2":"type-product","3":"status-publish","4":"has-post-thumbnail","6":"product_brand-alcon","7":"product_cat-trx-bremsen-vorne","8":"product_tag-alcon","9":"product_tag-alcon-big-brake","10":"product_tag-alcon-brake-kaufen","11":"product_tag-alcon-brake-kit","12":"product_tag-alcon-brake-ram","13":"product_tag-alcon-brake-system","14":"product_tag-alcon-brake-upgrade","15":"product_tag-alcon-brakes-trx","16":"product_tag-alcon-bremsanlage-trx","17":"product_tag-alcon-bremskit-trx","18":"product_tag-alcon-bremssystem-trx","19":"product_tag-alcon-bremsteile-trx","20":"product_tag-alcon-front-brake","21":"product_tag-alcon-ram-trx","22":"product_tag-alcon-trx-bremsen","23":"product_tag-alcon-trx-kaufen","24":"product_tag-alcon-trx-kit","25":"product_tag-alcon-trx-performance","26":"product_tag-big-brake-kit","27":"product_tag-big-brake-trx","28":"product_tag-bremsbelaege","29":"product_tag-bremse","30":"product_tag-bremsscheiben","31":"product_tag-mopar10","32":"product_tag-ram","33":"product_tag-ram-1500-trx-bremsen","34":"product_tag-ram-trx","35":"product_tag-ram-trx-alcon","36":"product_tag-ram-trx-big-brake","37":"product_tag-ram-trx-brake-kit","38":"product_tag-ram-trx-bremsen","39":"product_tag-ram-trx-bremspaket","40":"product_tag-ram-trx-zubehoer","41":"product_tag-trx","42":"product_tag-trx-alcon-bremsen","43":"product_tag-trx-alcon-kit","44":"product_tag-trx-big-brake","45":"product_tag-trx-brake-kit","46":"product_tag-trx-brake-package","47":"product_tag-trx-brake-parts","48":"product_tag-trx-brake-upgrade","49":"product_tag-trx-bremsanlage-alcon","50":"product_tag-trx-bremsanlage-kaufen","51":"product_tag-trx-bremsen-bestellen","52":"product_tag-trx-bremsen-kaufen","53":"product_tag-trx-bremsen-nachruesten","54":"product_tag-trx-bremsen-set","55":"product_tag-trx-bremsen-shop","56":"product_tag-trx-bremsen-upgrade","57":"product_tag-trx-bremskit-kaufen","58":"product_tag-trx-performance-bremsen","59":"product_tag-trx-sportbremsen-kaufen","60":"product_tag-trx-tuning-bremsen","61":"product_tag-upgrade","62":"product_shipping_class-spedition-1","64":"first","65":"onbackorder","66":"taxable","67":"shipping-taxable","68":"purchasable","69":"product-type-simple"},"bundled_by":[],"bundle_stock_status":"onbackorder","bundle_stock_quantity":0,"bundle_virtual":false,"bundle_layout":"","bundle_add_to_cart_form_location":"","bundle_editable_in_cart":false,"bundle_sold_individually_context":"","bundle_item_grouping":"","bundle_min_size":"","bundle_max_size":"","bundle_price":[],"bundled_items":[],"bundle_sell_ids":[],"exclude_global_add_ons":[],"addons":[],"acf":[],"_links":{"self":[{"href":"https:\/\/kraftwerk-shop.cc\/it\/wp-json\/wp\/v2\/product\/68332565","targetHints":{"allow":["GET"]}}],"collection":[{"href":"https:\/\/kraftwerk-shop.cc\/it\/wp-json\/wp\/v2\/product"}],"about":[{"href":"https:\/\/kraftwerk-shop.cc\/it\/wp-json\/wp\/v2\/types\/product"}],"replies":[{"embeddable":true,"href":"https:\/\/kraftwerk-shop.cc\/it\/wp-json\/wp\/v2\/comments?post=68332565"}],"version-history":[{"count":0,"href":"https:\/\/kraftwerk-shop.cc\/it\/wp-json\/wp\/v2\/product\/68332565\/revisions"}],"wp:featuredmedia":[{"embeddable":true,"href":"https:\/\/kraftwerk-shop.cc\/it\/wp-json\/wp\/v2\/media\/68332570"}],"wp:attachment":[{"href":"https:\/\/kraftwerk-shop.cc\/it\/wp-json\/wp\/v2\/media?parent=68332565"}],"wp:term":[{"taxonomy":"product_brand","embeddable":true,"href":"https:\/\/kraftwerk-shop.cc\/it\/wp-json\/wp\/v2\/product_brand?post=68332565"},{"taxonomy":"product_cat","embeddable":true,"href":"https:\/\/kraftwerk-shop.cc\/it\/wp-json\/wp\/v2\/product_cat?post=68332565"},{"taxonomy":"product_tag","embeddable":true,"href":"https:\/\/kraftwerk-shop.cc\/it\/wp-json\/wp\/v2\/product_tag?post=68332565"}],"curies":[{"name":"wp","href":"https:\/\/api.w.org\/{rel}","templated":true}]}}