{"id":68334256,"date":"2025-06-22T11:39:46","date_gmt":"2025-06-22T09:39:46","guid":{"rendered":"https:\/\/kraftwerk-shop.cc\/?post_type=product&#038;p=68334256"},"modified":"2026-02-15T01:21:07","modified_gmt":"2026-02-15T00:21:07","slug":"pastiglie-freno-hawk-hb563z-656-300c-srt","status":"publish","type":"product","link":"https:\/\/kraftwerk-shop.cc\/it\/produkt\/hawk-bremsbelaege-hb563z-656-300c-srt\/","title":{"rendered":"Hawk Performance Pastiglie freno in ceramica 300C SRT"},"content":{"rendered":"<h1>Hawk Performance Pastiglie freno in ceramica ad alte prestazioni <span class=\"sku\">HB563Z.656<\/span> per Chrysler 300C SRT 6.1 e 6.4 (asse anteriore)<\/h1>\n<p>&nbsp;<\/p>\n<p>Hawk riconosce le esigenze degli attuali utilizzatori di pastiglie per freni in ceramica e ha appositamente formulato il suo materiale composito per soddisfare e superare i requisiti di alta rumorosit\u00e0 e bassa polverosit\u00e0 che si \u00e8 prefissato.<br \/>\nLe pastiglie freno Hawk PC (Performance Ceramic) sono progettate per ridurre l'NVH (Noise, Vibration and Harshness) e offrire prestazioni eccezionali chilometro dopo chilometro.<br \/>\nL'esclusiva mescola offre un profilo di attrito lineare che consente al sistema ABS della 300C di lavorare nel modo pi\u00f9 efficace possibile, con il vantaggio di non sacrificare le prestazioni rispetto alle tradizionali pastiglie in ceramica.<br \/>\nCon le pastiglie per freni in ceramica Performance di Hawk si ottiene una minore usura delle pastiglie, una maggiore durata dei dischi freno e una rumorosit\u00e0 molto ridotta.<\/p>\n<p>La Hawk Performance Ceramic \u00e8 un'ottima mescola se la vostra priorit\u00e0 \u00e8 ridurre al minimo la polvere dei freni. Questa mescola \u00e8 un ricambio molto popolare per i freni Brembo OEM a 4 pistoni utilizzati nei modelli Chrysler e 300C.<br \/>\nSe non desiderate prestazioni di frenata superiori rispetto all'equipaggiamento standard e volete praticamente eliminare la polvere dei freni, le pastiglie freno in ceramica Hawk Performance fanno al caso vostro.<\/p>\n<p>&nbsp;<\/p>\n<p><strong>Propriet\u00e0:<\/strong><\/p>\n<ul>\n<li>Estremamente silenzioso<\/li>\n<li>Polvere estremamente ridotta<\/li>\n<li>Forza di frenata migliorata<\/li>\n<li>Delicato sui dischi dei freni<\/li>\n<li>Prestazioni di frenata stabili<\/li>\n<li>35-345 \u00b0C Intervallo di temperatura di esercizio<\/li>\n<li>35-235 \u00b0C Intervallo di temperatura ottimale<\/li>\n<\/ul>\n<p>&nbsp;<\/p>\n<p><strong>Numeri di confronto Mopar:<\/strong> 5174311AA, 5174311AB, 5174311AC, 05174311AA, 05174311AB, 05174311AC, 68144213AA, 68144213AB, 68144213AC<\/p>\n<p>&nbsp;<\/p>\n<p><strong>Adatto per:<\/strong><\/p>\n<table width=\"568\">\n<tbody>\n<tr>\n<td width=\"83\">Chrysler<\/td>\n<td width=\"138\">300C<\/td>\n<td width=\"98\">6.1<\/td>\n<td colspan=\"3\" width=\"249\">2006 \u2013 2010<\/td>\n<\/tr>\n<tr>\n<td>Chrysler<\/td>\n<td>300C<\/td>\n<td>6.4<\/td>\n<td colspan=\"3\">Tutti i modelli con dischi freno da 360 mm<\/td>\n<\/tr>\n<\/tbody>\n<\/table>\n<p>&nbsp;<\/p>\n<p>Il prezzo si riferisce a 1 set per l'asse anteriore completo.<\/p>","protected":false},"excerpt":{"rendered":"<p>Adatto per dischi freno da 360 mm<\/p>","protected":false},"featured_media":68334260,"comment_status":"open","ping_status":"closed","template":"","meta":{"_acf_changed":false},"product_brand":[17621],"product_cat":[17731,17735],"product_tag":[836,837,960,52,217,834,835,833,92,4498,93,17993,17994,17995,590,840,6922,48,6923,1070,7614,17685,1166,186,96,164,842,841],"class_list":{"0":"post-68334256","1":"product","2":"type-product","3":"status-publish","4":"has-post-thumbnail","6":"product_brand-hawk-performance","7":"product_cat-300c-61-bremsbelaege-vorne","8":"product_cat-300c-64-bremsbelaege-vorne","9":"product_tag-05174311aa","10":"product_tag-05174311ab","11":"product_tag-05174311ac","12":"product_tag-300c","13":"product_tag-217","14":"product_tag-5174311aa","15":"product_tag-5174311ab","16":"product_tag-5174311ac","17":"product_tag-6-1","18":"product_tag-6-1-srt8","19":"product_tag-6-4","20":"product_tag-68144213aa","21":"product_tag-68144213ab","22":"product_tag-68144213ac","23":"product_tag-bremsbelaege","24":"product_tag-bremskloetze","25":"product_tag-ceramic","26":"product_tag-chrysler","27":"product_tag-chrysler-300c-srt","28":"product_tag-hawk","29":"product_tag-hawk10","30":"product_tag-hb563z-656","31":"product_tag-keramik","32":"product_tag-performance","33":"product_tag-srt","34":"product_tag-srt8","35":"product_tag-vorderachse","36":"product_tag-vorne","38":"first","39":"instock","40":"taxable","41":"shipping-taxable","42":"purchasable","43":"product-type-simple"},"bundled_by":[],"bundle_stock_status":"instock","bundle_stock_quantity":2,"bundle_virtual":false,"bundle_layout":"","bundle_add_to_cart_form_location":"","bundle_editable_in_cart":false,"bundle_sold_individually_context":"","bundle_item_grouping":"","bundle_min_size":"","bundle_max_size":"","bundle_price":[],"bundled_items":[],"bundle_sell_ids":[],"exclude_global_add_ons":[],"addons":[],"acf":[],"_links":{"self":[{"href":"https:\/\/kraftwerk-shop.cc\/it\/wp-json\/wp\/v2\/product\/68334256","targetHints":{"allow":["GET"]}}],"collection":[{"href":"https:\/\/kraftwerk-shop.cc\/it\/wp-json\/wp\/v2\/product"}],"about":[{"href":"https:\/\/kraftwerk-shop.cc\/it\/wp-json\/wp\/v2\/types\/product"}],"replies":[{"embeddable":true,"href":"https:\/\/kraftwerk-shop.cc\/it\/wp-json\/wp\/v2\/comments?post=68334256"}],"version-history":[{"count":0,"href":"https:\/\/kraftwerk-shop.cc\/it\/wp-json\/wp\/v2\/product\/68334256\/revisions"}],"wp:featuredmedia":[{"embeddable":true,"href":"https:\/\/kraftwerk-shop.cc\/it\/wp-json\/wp\/v2\/media\/68334260"}],"wp:attachment":[{"href":"https:\/\/kraftwerk-shop.cc\/it\/wp-json\/wp\/v2\/media?parent=68334256"}],"wp:term":[{"taxonomy":"product_brand","embeddable":true,"href":"https:\/\/kraftwerk-shop.cc\/it\/wp-json\/wp\/v2\/product_brand?post=68334256"},{"taxonomy":"product_cat","embeddable":true,"href":"https:\/\/kraftwerk-shop.cc\/it\/wp-json\/wp\/v2\/product_cat?post=68334256"},{"taxonomy":"product_tag","embeddable":true,"href":"https:\/\/kraftwerk-shop.cc\/it\/wp-json\/wp\/v2\/product_tag?post=68334256"}],"curies":[{"name":"wp","href":"https:\/\/api.w.org\/{rel}","templated":true}]}}