{"id":68340077,"date":"2025-07-05T14:58:06","date_gmt":"2025-07-05T12:58:06","guid":{"rendered":"https:\/\/kraftwerk-shop.cc\/?post_type=product&#038;p=68340077"},"modified":"2026-03-16T18:14:57","modified_gmt":"2026-03-16T17:14:57","slug":"dischi-freno-paragon-performance-durango-srt","status":"publish","type":"product","link":"https:\/\/kraftwerk-shop.cc\/it\/produkt\/paragon-performance-bremsscheiben-durango-srt\/","title":{"rendered":"Dischi freno Paragon Performance Durango SRT"},"content":{"rendered":"<h1>Dischi freno Paragon Performance per Dodge Durango 6.4 SRT (asse anteriore)<\/h1>\n<p>&nbsp;<\/p>\n<p>A causa dell'elevato peso del veicolo e della mancanza di un efficace sistema di raffreddamento dei freni, non \u00e8 raro che i dischi dei freni di serie dell'Dodge Durango SRT si rompano prematuramente dopo l'uso in pista o in condizioni di utilizzo intenso.<br \/>\nI dischi freno Paragon Performance possono essere una soluzione efficace a questo problema e allo stesso tempo migliorare la sensazione del pedale e la modulazione del freno.<\/p>\n<p>Il disco freno in 2 pezzi di Paragon Performance offre una frenata superiore e un'efficienza di raffreddamento ottimizzata per l'uso in pista. L'aletta di ventilazione direzionale crea aspirazione e turbolenza e incanala l'aria fredda attraverso il disco per migliorare la dissipazione del calore e aumentare la resistenza alle rotture in condizioni di pista difficili.<\/p>\n<p>Il rotore \u00e8 realizzato in CM-250, una lega speciale fusa ad alto contenuto di carbonio, che garantisce un'ottima aderenza, propriet\u00e0 termiche, resistenza alle alte temperature e durata.<br \/>\nGli anelli del disco freno sono trattati termicamente per ridurre le sollecitazioni nel disco freno ed evitare cos\u00ec deformazioni e vibrazioni.<br \/>\nVengono poi lavorati con un trattamento superficiale CBN all'avanguardia per garantire un migliore rodaggio con le nuove pastiglie dei freni.<\/p>\n<p>Le vibrazioni sono ridotte in quanto il run-out laterale del disco freno \u00e8 contenuto entro 0,03 mm e il bilanciamento \u00e8 contenuto entro 2 grammi.<br \/>\nTutti i dischi freno sono stati sottoposti a severi controlli e test di qualit\u00e0 per garantirne l'idoneit\u00e0 allo scopo.<br \/>\nIl design a due pezzi consente al disco del freno di espandersi termicamente, riducendo al minimo la deformazione e assicurando che il disco del freno sia centrato rispetto alle pastiglie.<br \/>\nUn disco freno scanalato migliora la stabilit\u00e0 della frenata mantenendo una superficie di contatto pulita e dissipando il calore e i gas generati quando le pastiglie dei freni entrano in contatto con il disco.<br \/>\nI dischi freno scanalati presentano un vantaggio decisivo rispetto ai dischi nudi in condizioni di bagnato o pioggia, in quanto impediscono la formazione di pellicole d'acqua tra la pastiglia e il disco freno.<br \/>\nI dischi freno Paragon Performance in due pezzi pesano meno della maggior parte dei dischi freno O.E., pur mantenendo la loro capacit\u00e0 di carico termico e migliorando la maneggevolezza grazie alla riduzione delle masse non sospese.<\/p>\n<p>I vasi in alluminio sono lavorati a controllo numerico in leggero alluminio 6061-T6 di tipo aerospaziale e poi rivestiti o anodizzati di nero per fornire uno strato protettivo non conduttivo. I vasi anodizzati neri sono prima anodizzati e poi tinti di nero. Sono equivalenti in termini di prestazioni\/durata.<\/p>\n<p>Il rivestimento nero duro\/anodizzazione dura conforme alle specifiche Mil-Spec (MIL-A-8625 Tipo III) non si scolorisce in presenza di calore estremo. La superficie nera con rivestimento duro\/anodizzazione dura \u00e8 pi\u00f9 dura, pi\u00f9 spessa, pi\u00f9 resistente all'usura e ai graffi.<\/p>\n<p>La finitura nera hard coat\/anodizzata dura fornisce uno spesso strato duro che offre una maggiore resistenza alla corrosione e una durata a bassa manutenzione. La finitura nera hard coat\/anodizzata dura resiste meglio all'esposizione ai raggi ultravioletti (UV), il che \u00e8 ancora pi\u00f9 importante se il veicolo viene parcheggiato spesso all'aperto.<\/p>\n<p>&nbsp;<\/p>\n<p><strong>Propriet\u00e0:<\/strong><\/p>\n<ul>\n<li>Montaggio diretto senza modifiche e progettato per funzionare perfettamente con l'ABS e l'impianto frenante OEM dell'Dodge Durango SRT, mantenendo la polarizzazione dei freni di serie.<\/li>\n<li>Compatibile con le pastiglie dei freni OEM o con le pastiglie accessorie con la stessa profondit\u00e0 della pastiglia<\/li>\n<li>Pu\u00f2 essere installato anche come aggiornamento su veicoli senza freni ad alte prestazioni.<\/li>\n<li>Alette di ventilazione direzionali per prestazioni di raffreddamento ottimali, funzionamento fino a 30 % pi\u00f9 freddo rispetto ai dischi freno O.E. e aumento dell'efficienza di raffreddamento fino a 30%<\/li>\n<li>Struttura in 2 parti completamente galleggiante<\/li>\n<li>Peso per disco freno: - kg (- kg in meno rispetto allo standard)<\/li>\n<li>Riduce al minimo l'afflosciamento dei freni e le vibrazioni nei viaggi pi\u00f9 lunghi<\/li>\n<li>Sistema di fissaggio del disco freno e della calotta: H-Bobbin (12 viti)<\/li>\n<li>Ottimo upgrade rispetto ai dischi freno OEM non direzionali e multidisco<\/li>\n<\/ul>\n<p>&nbsp;<\/p>\n<p><strong>Ambito di fornitura:<\/strong><\/p>\n<ul>\n<li>Una coppia (2 pezzi) di dischi freno Paragon Performance da 380 mm, in 2 pezzi, con vaschette in alluminio 6061-T6 anodizzate dure\/nere, bobine in acciaio inox e clip antirombo (assemblati e pronti per il montaggio)<\/li>\n<li>Istruzioni dettagliate per l'installazione (tedesco)<\/li>\n<\/ul>\n<p>&nbsp;<\/p>\n<p><strong>Numeri di confronto Mopar<\/strong>5181513AA, 5181513AB, 5181513AC, 5181513AD, 68256678AA, 68256678AB, 68256679AA, 68256679AB, 68256679AC<\/p>\n<p>&nbsp;<\/p>\n<p><strong>Adatto per:<\/strong><\/p>\n<table width=\"663\">\n<tbody>\n<tr>\n<td width=\"83\">Dodge<\/td>\n<td width=\"292\">Durango<\/td>\n<td width=\"179\">6.4<\/td>\n<td width=\"109\">2018 \u2013 2024<\/td>\n<\/tr>\n<\/tbody>\n<\/table>\n<p>Il prezzo si riferisce a 2 dischi freno (una coppia).<\/p>","protected":false},"excerpt":{"rendered":"<p>Dischi freno a 2 pezzi (1 coppia)<\/p>","protected":false},"featured_media":68340082,"comment_status":"open","ping_status":"closed","template":"","meta":{"_acf_changed":false},"product_brand":[17982],"product_cat":[17934],"product_tag":[18235,18173,18174,18175,252,419,420,2066,2373,4526,6297,805,2422,940,795,796,49,4432,95,692,36,31,4627,4628,794,797,96,842,841,673],"class_list":{"0":"post-68340077","1":"product","2":"type-product","3":"status-publish","4":"has-post-thumbnail","6":"product_brand-paragon-performance","7":"product_cat-durango-64-bremsscheiben-vorne","8":"product_tag-05181513aa","9":"product_tag-05181513ab","10":"product_tag-05181513ac","11":"product_tag-05181513ad","12":"product_tag-252","13":"product_tag-419","14":"product_tag-420","15":"product_tag-2066","16":"product_tag-2373","17":"product_tag-4526","18":"product_tag-6297","19":"product_tag-5181513ad","20":"product_tag-68256679ac","21":"product_tag-aftermarket","22":"product_tag-bremse","23":"product_tag-bremsscheibe","24":"product_tag-dodge","25":"product_tag-dodge-durango","26":"product_tag-durango","27":"product_tag-ersatzteil","28":"product_tag-kraftwerk","29":"product_tag-mopar","30":"product_tag-paragon","31":"product_tag-paragon-performance","32":"product_tag-premium","33":"product_tag-sportbremsscheibe","34":"product_tag-srt","35":"product_tag-vorderachse","36":"product_tag-vorne","37":"product_tag-zubehoer","39":"first","40":"instock","41":"taxable","42":"shipping-taxable","43":"purchasable","44":"product-type-variable"},"bundled_by":[],"bundle_stock_status":"instock","bundle_stock_quantity":1,"bundle_virtual":false,"bundle_layout":"","bundle_add_to_cart_form_location":"","bundle_editable_in_cart":false,"bundle_sold_individually_context":"","bundle_item_grouping":"","bundle_min_size":"","bundle_max_size":"","bundle_price":[],"bundled_items":[],"bundle_sell_ids":[],"exclude_global_add_ons":[],"addons":[],"acf":[],"_links":{"self":[{"href":"https:\/\/kraftwerk-shop.cc\/it\/wp-json\/wp\/v2\/product\/68340077","targetHints":{"allow":["GET"]}}],"collection":[{"href":"https:\/\/kraftwerk-shop.cc\/it\/wp-json\/wp\/v2\/product"}],"about":[{"href":"https:\/\/kraftwerk-shop.cc\/it\/wp-json\/wp\/v2\/types\/product"}],"replies":[{"embeddable":true,"href":"https:\/\/kraftwerk-shop.cc\/it\/wp-json\/wp\/v2\/comments?post=68340077"}],"version-history":[{"count":0,"href":"https:\/\/kraftwerk-shop.cc\/it\/wp-json\/wp\/v2\/product\/68340077\/revisions"}],"wp:featuredmedia":[{"embeddable":true,"href":"https:\/\/kraftwerk-shop.cc\/it\/wp-json\/wp\/v2\/media\/68340082"}],"wp:attachment":[{"href":"https:\/\/kraftwerk-shop.cc\/it\/wp-json\/wp\/v2\/media?parent=68340077"}],"wp:term":[{"taxonomy":"product_brand","embeddable":true,"href":"https:\/\/kraftwerk-shop.cc\/it\/wp-json\/wp\/v2\/product_brand?post=68340077"},{"taxonomy":"product_cat","embeddable":true,"href":"https:\/\/kraftwerk-shop.cc\/it\/wp-json\/wp\/v2\/product_cat?post=68340077"},{"taxonomy":"product_tag","embeddable":true,"href":"https:\/\/kraftwerk-shop.cc\/it\/wp-json\/wp\/v2\/product_tag?post=68340077"}],"curies":[{"name":"wp","href":"https:\/\/api.w.org\/{rel}","templated":true}]}}