{"id":68343141,"date":"2025-07-12T13:04:42","date_gmt":"2025-07-12T11:04:42","guid":{"rendered":"https:\/\/kraftwerk-shop.cc\/?post_type=product&#038;p=68343141"},"modified":"2026-02-15T01:22:17","modified_gmt":"2026-02-15T00:22:17","slug":"vite-mopar-6510302aa","status":"publish","type":"product","link":"https:\/\/kraftwerk-shop.cc\/it\/produkt\/mopar-schraube-6510302aa\/","title":{"rendered":"Vite Mopar (6510302AA)"},"content":{"rendered":"<h1>Parapolvere a vite originale Mopar (6510302AA) per Chrysler 300C, Dodge Challenger e Charger dal 2011 al 2023<\/h1>\n<p>&nbsp;<\/p>\n<p><span lang=\"DE\"><strong>Numero di parte Mopar:<\/strong>\u00a06510302AA<br \/>\n<strong>Sostituito: <\/strong><span class=\"list-value\">\u2014<\/span><\/span><\/p>\n<p>&nbsp;<\/p>\n<p><strong>Adatto per:<\/strong><\/p>\n<table>\n<tbody>\n<tr>\n<td width=\"81\"><strong>Anno di costruzione<\/strong><\/td>\n<td width=\"81\"><strong>Marchio<\/strong><\/td>\n<td width=\"125\"><strong>Modello<\/strong><\/td>\n<td width=\"195\"><strong>Motore<\/strong><\/td>\n<td width=\"331\"><strong>Freno<\/strong><\/td>\n<\/tr>\n<tr>\n<td width=\"81\">2023<\/td>\n<td width=\"81\">Chrysler<\/td>\n<td width=\"125\">300<\/td>\n<td width=\"195\">3.6L, 5.7L<\/td>\n<td width=\"331\">Dischi freno da 345 mm<\/td>\n<\/tr>\n<tr>\n<td width=\"81\">2023<\/td>\n<td width=\"81\">Dodge<\/td>\n<td width=\"125\">Challenger<\/td>\n<td width=\"195\">3.6L, 5.7L<\/td>\n<td width=\"331\">Dischi freno da 345 mm<\/td>\n<\/tr>\n<tr>\n<td width=\"81\">2023<\/td>\n<td width=\"81\">Dodge<\/td>\n<td width=\"125\">Charger<\/td>\n<td width=\"195\">3.6L, 5.7L<\/td>\n<td width=\"331\">Dischi freno da 345 mm<\/td>\n<\/tr>\n<tr>\n<td width=\"81\">2022<\/td>\n<td width=\"81\">Chrysler<\/td>\n<td width=\"125\">300<\/td>\n<td width=\"195\">3.6L, 5.7L<\/td>\n<td width=\"331\">Dischi freno da 345 mm<\/td>\n<\/tr>\n<tr>\n<td width=\"81\">2022<\/td>\n<td width=\"81\">Dodge<\/td>\n<td width=\"125\">Challenger<\/td>\n<td width=\"195\">3.6L, 5.7L<\/td>\n<td width=\"331\">Dischi freno da 345 mm<\/td>\n<\/tr>\n<tr>\n<td width=\"81\">2022<\/td>\n<td width=\"81\">Dodge<\/td>\n<td width=\"125\">Charger<\/td>\n<td width=\"195\">3.6L, 5.7L<\/td>\n<td width=\"331\">Dischi freno da 345 mm<\/td>\n<\/tr>\n<tr>\n<td width=\"81\">2021<\/td>\n<td width=\"81\">Chrysler<\/td>\n<td width=\"125\">300<\/td>\n<td width=\"195\">3.6L, 5.7L<\/td>\n<td width=\"331\">Dischi freno da 345 mm<\/td>\n<\/tr>\n<tr>\n<td width=\"81\">2021<\/td>\n<td width=\"81\">Dodge<\/td>\n<td width=\"125\">Challenger<\/td>\n<td width=\"195\">3.6L, 5.7L<\/td>\n<td width=\"331\">Dischi freno da 345 mm<\/td>\n<\/tr>\n<tr>\n<td width=\"81\">2021<\/td>\n<td width=\"81\">Dodge<\/td>\n<td width=\"125\">Charger<\/td>\n<td width=\"195\">3.6L, 5.7L<\/td>\n<td width=\"331\">Dischi freno da 345 mm<\/td>\n<\/tr>\n<tr>\n<td width=\"81\">2020<\/td>\n<td width=\"81\">Chrysler<\/td>\n<td width=\"125\">300<\/td>\n<td width=\"195\">3.6L, 5.7L<\/td>\n<td width=\"331\">Dischi freno da 345 mm<\/td>\n<\/tr>\n<tr>\n<td width=\"81\">2020<\/td>\n<td width=\"81\">Dodge<\/td>\n<td width=\"125\">Challenger<\/td>\n<td width=\"195\">3.6L, 5.7L<\/td>\n<td width=\"331\">Dischi freno da 345 mm<\/td>\n<\/tr>\n<tr>\n<td width=\"81\">2020<\/td>\n<td width=\"81\">Dodge<\/td>\n<td width=\"125\">Charger<\/td>\n<td width=\"195\">3.6L, 5.7L<\/td>\n<td width=\"331\">Dischi freno da 345 mm<\/td>\n<\/tr>\n<tr>\n<td width=\"81\">2019<\/td>\n<td width=\"81\">Chrysler<\/td>\n<td width=\"125\">300<\/td>\n<td width=\"195\">3.6L, 5.7L<\/td>\n<td width=\"331\">Dischi freno da 345 mm<\/td>\n<\/tr>\n<tr>\n<td width=\"81\">2019<\/td>\n<td width=\"81\">Dodge<\/td>\n<td width=\"125\">Challenger<\/td>\n<td width=\"195\">3.6L, 5.7L<\/td>\n<td width=\"331\">Dischi freno da 345 mm<\/td>\n<\/tr>\n<tr>\n<td width=\"81\">2019<\/td>\n<td width=\"81\">Dodge<\/td>\n<td width=\"125\">Charger<\/td>\n<td width=\"195\">3.6L, 5.7L<\/td>\n<td width=\"331\">Dischi freno da 345 mm<\/td>\n<\/tr>\n<tr>\n<td width=\"81\">2018<\/td>\n<td width=\"81\">Chrysler<\/td>\n<td width=\"125\">300<\/td>\n<td width=\"195\">3.6L, 5.7L<\/td>\n<td width=\"331\">Dischi freno da 345 mm<\/td>\n<\/tr>\n<tr>\n<td width=\"81\">2018<\/td>\n<td width=\"81\">Dodge<\/td>\n<td width=\"125\">Challenger<\/td>\n<td width=\"195\">3.6L, 5.7L<\/td>\n<td width=\"331\">Dischi freno da 345 mm<\/td>\n<\/tr>\n<tr>\n<td width=\"81\">2018<\/td>\n<td width=\"81\">Dodge<\/td>\n<td width=\"125\">Charger<\/td>\n<td width=\"195\">3.6L, 5.7L<\/td>\n<td width=\"331\">Dischi freno da 345 mm<\/td>\n<\/tr>\n<tr>\n<td width=\"81\">2017<\/td>\n<td width=\"81\">Chrysler<\/td>\n<td width=\"125\">300<\/td>\n<td width=\"195\">3.6L, 5.7L<\/td>\n<td width=\"331\">Dischi freno da 345 mm<\/td>\n<\/tr>\n<tr>\n<td width=\"81\">2017<\/td>\n<td width=\"81\">Dodge<\/td>\n<td width=\"125\">Challenger<\/td>\n<td width=\"195\">3.6L, 5.7L<\/td>\n<td width=\"331\">Dischi freno da 345 mm<\/td>\n<\/tr>\n<tr>\n<td width=\"81\">2017<\/td>\n<td width=\"81\">Dodge<\/td>\n<td width=\"125\">Charger<\/td>\n<td width=\"195\">3.6L, 5.7L<\/td>\n<td width=\"331\">Dischi freno da 345 mm<\/td>\n<\/tr>\n<tr>\n<td width=\"81\">2016<\/td>\n<td width=\"81\">Chrysler<\/td>\n<td width=\"125\">300<\/td>\n<td width=\"195\">3.6L, 5.7L<\/td>\n<td width=\"331\">Dischi freno da 345 mm<\/td>\n<\/tr>\n<tr>\n<td width=\"81\">2016<\/td>\n<td width=\"81\">Dodge<\/td>\n<td width=\"125\">Challenger<\/td>\n<td width=\"195\">3.6L, 5.7L<\/td>\n<td width=\"331\">Dischi freno da 345 mm<\/td>\n<\/tr>\n<tr>\n<td width=\"81\">2016<\/td>\n<td width=\"81\">Dodge<\/td>\n<td width=\"125\">Charger<\/td>\n<td width=\"195\">3.6L, 5.7L<\/td>\n<td width=\"331\">Dischi freno da 345 mm<\/td>\n<\/tr>\n<tr>\n<td width=\"81\">2015<\/td>\n<td width=\"81\">Chrysler<\/td>\n<td width=\"125\">300<\/td>\n<td width=\"195\">3.6L, 5.7L<\/td>\n<td width=\"331\">Dischi freno da 345 mm<\/td>\n<\/tr>\n<tr>\n<td width=\"81\">2015<\/td>\n<td width=\"81\">Dodge<\/td>\n<td width=\"125\">Challenger<\/td>\n<td width=\"195\">3.6L, 5.7L<\/td>\n<td width=\"331\">Dischi freno da 345 mm<\/td>\n<\/tr>\n<tr>\n<td width=\"81\">2015<\/td>\n<td width=\"81\">Dodge<\/td>\n<td width=\"125\">Charger<\/td>\n<td width=\"195\">3.6L, 5.7L<\/td>\n<td width=\"331\">Dischi freno da 345 mm<\/td>\n<\/tr>\n<tr>\n<td width=\"81\">2014<\/td>\n<td width=\"81\">Chrysler<\/td>\n<td width=\"125\">200<\/td>\n<td width=\"195\">2.4L, 3.6L<\/td>\n<td width=\"331\">Dischi freno da 345 mm<\/td>\n<\/tr>\n<tr>\n<td width=\"81\">2014<\/td>\n<td width=\"81\">Chrysler<\/td>\n<td width=\"125\">300<\/td>\n<td width=\"195\">3.6L, 5.7L<\/td>\n<td width=\"331\">Dischi freno da 345 mm<\/td>\n<\/tr>\n<tr>\n<td width=\"81\">2014<\/td>\n<td width=\"81\">Dodge<\/td>\n<td width=\"125\">Challenger<\/td>\n<td width=\"195\">3.6L, 5.7L<\/td>\n<td width=\"331\">Dischi freno da 345 mm<\/td>\n<\/tr>\n<tr>\n<td width=\"81\">2014<\/td>\n<td width=\"81\">Dodge<\/td>\n<td width=\"125\">Charger<\/td>\n<td width=\"195\">3.6L, 5.7L<\/td>\n<td width=\"331\">Dischi freno da 345 mm<\/td>\n<\/tr>\n<tr>\n<td width=\"81\">2013<\/td>\n<td width=\"81\">Chrysler<\/td>\n<td width=\"125\">200<\/td>\n<td width=\"195\">2.4L, 3.6L<\/td>\n<td width=\"331\">Dischi freno da 345 mm<\/td>\n<\/tr>\n<tr>\n<td width=\"81\">2013<\/td>\n<td width=\"81\">Chrysler<\/td>\n<td width=\"125\">300<\/td>\n<td width=\"195\">3.6L, 5.7L<\/td>\n<td width=\"331\">Dischi freno da 345 mm<\/td>\n<\/tr>\n<tr>\n<td width=\"81\">2013<\/td>\n<td width=\"81\">Dodge<\/td>\n<td width=\"125\">Challenger<\/td>\n<td width=\"195\">3.6L, 5.7L<\/td>\n<td width=\"331\">Dischi freno da 345 mm<\/td>\n<\/tr>\n<tr>\n<td width=\"81\">2013<\/td>\n<td width=\"81\">Dodge<\/td>\n<td width=\"125\">Charger<\/td>\n<td width=\"195\">3.6L, 5.7L<\/td>\n<td width=\"331\">Dischi freno da 345 mm<\/td>\n<\/tr>\n<tr>\n<td width=\"81\">2012<\/td>\n<td width=\"81\">Chrysler<\/td>\n<td width=\"125\">200<\/td>\n<td width=\"195\">2.4L, 3.6L<\/td>\n<td width=\"331\">Dischi freno da 345 mm<\/td>\n<\/tr>\n<tr>\n<td width=\"81\">2012<\/td>\n<td width=\"81\">Chrysler<\/td>\n<td width=\"125\">300<\/td>\n<td width=\"195\">3.6L, 5.7L<\/td>\n<td width=\"331\">Dischi freno da 345 mm<\/td>\n<\/tr>\n<tr>\n<td width=\"81\">2012<\/td>\n<td width=\"81\">Dodge<\/td>\n<td width=\"125\">Challenger<\/td>\n<td width=\"195\">3.6L, 5.7L<\/td>\n<td width=\"331\">Dischi freno da 345 mm<\/td>\n<\/tr>\n<tr>\n<td width=\"81\">2012<\/td>\n<td width=\"81\">Dodge<\/td>\n<td width=\"125\">Charger<\/td>\n<td width=\"195\">3.6L, 5.7L<\/td>\n<td width=\"331\">Dischi freno da 345 mm<\/td>\n<\/tr>\n<tr>\n<td width=\"81\">2011<\/td>\n<td width=\"81\">Chrysler<\/td>\n<td width=\"125\">300<\/td>\n<td width=\"195\">3.6L, 5.7L<\/td>\n<td width=\"331\">Dischi freno da 345 mm<\/td>\n<\/tr>\n<tr>\n<td width=\"81\">2011<\/td>\n<td width=\"81\">Dodge<\/td>\n<td width=\"125\">Challenger<\/td>\n<td width=\"195\">3.6L, 5.7L,<\/td>\n<td width=\"331\">Dischi freno da 345 mm<\/td>\n<\/tr>\n<tr>\n<td width=\"81\">2011<\/td>\n<td width=\"81\">Dodge<\/td>\n<td width=\"125\">Charger<\/td>\n<td width=\"195\">3.6L, 5.7L<\/td>\n<td width=\"331\">Dischi freno da 345 mm<\/td>\n<\/tr>\n<\/tbody>\n<\/table>\n<p>&nbsp;<\/p>\n<h4>Perch\u00e9 scegliere i ricambi originali Mopar?<\/h4>\n<p><strong>Vestibilit\u00e0 perfetta e massima qualit\u00e0:<\/strong> I ricambi originali Mopar sono prodotti secondo le rigorose specifiche del produttore, il che significa che si adattano perfettamente al suo veicolo. Questo non solo garantisce una facile installazione, ma anche un funzionamento e una sicurezza ottimali.<\/p>\n<p><strong>Affidabilit\u00e0 e durata:<\/strong> Grazie all'utilizzo di materiali di alta qualit\u00e0 e ai rigorosi controlli di qualit\u00e0, i ricambi Mopar assicurano il funzionamento affidabile del suo veicolo anche in condizioni estreme. Sono progettati per durare nel tempo e massimizzare le prestazioni del suo veicolo.<\/p>\n<p>&nbsp;<\/p>\n<p>&nbsp;<\/p>\n<h4>Perch\u00e9 i ricambi originali Mopar sono la scelta migliore<\/h4>\n<p><strong>Direttamente dal produttore - perfettamente abbinato<\/strong>In qualit\u00e0 di produttore originale, Mopar fornisce esattamente i pezzi che sono gi\u00e0 stati installati sul vostro veicolo. Ogni pezzo \u00e8 stato sviluppato appositamente per il vostro modello e corrisponde 100 % alle specifiche tecniche - per un montaggio perfetto, prestazioni ottimali e massima sicurezza.<\/p>\n<p><strong>Qualit\u00e0 di cui ci si pu\u00f2 fidare:<\/strong> Mopar si affida a materiali rigorosamente testati e ai pi\u00f9 elevati standard di produzione. Il risultato sono componenti durevoli e affidabili che funzionano anche in condizioni estreme, in modo che il vostro veicolo funzioni come dovrebbe a lungo termine.<\/p>\n<p>&nbsp;<\/p>\n<h4>La prima scelta: ricambi originali Mopar<\/h4>\n<p><strong>Qualit\u00e0 originale del produttore:<\/strong> Mopar conosce il vostro veicolo fin nei minimi dettagli: ogni componente originale proviene infatti direttamente dal produttore. I componenti sono perfettamente adattati al vostro modello e soddisfano tutte le specifiche di fabbrica. Ci\u00f2 significa: installazione precisa, funzionamento ottimale e massima sicurezza.<\/p>\n<p><strong>Durata e affidabilit\u00e0 comprovate<\/strong>I ricambi originali Mopar sono sinonimo di qualit\u00e0 testata e materiali robusti. Sono stati testati e sviluppati in condizioni reali per garantire prestazioni elevate a lungo termine, indipendentemente dalle condizioni operative pi\u00f9 difficili.<\/p>\n<p>&nbsp;<\/p>\n<p>&nbsp;<\/p>\n<h4>Affidatevi ai ricambi originali Mopar<\/h4>\n<p><strong>Vestibilit\u00e0 precisa e qualit\u00e0 testata dal produttore:<\/strong> Mopar vi fornisce ricambi originali sviluppati appositamente per il vostro veicolo, non personalizzati, ma originali. Ogni pezzo rispetta esattamente gli standard di fabbrica e garantisce quindi un'installazione senza problemi, piena funzionalit\u00e0 e massima sicurezza.<\/p>\n<p><strong>Longevit\u00e0 su cui si pu\u00f2 contare:<\/strong> I ricambi originali Mopar sono prodotti con materiali resistenti e sottoposti a severi test di qualit\u00e0. Il risultato: massima affidabilit\u00e0 anche in caso di uso intensivo, per una conservazione del valore a lungo termine e prestazioni costanti del veicolo.<\/p>\n<p>&nbsp;<\/p>\n<h4>Ricambi originali Mopar - qualit\u00e0 direttamente dal produttore<\/h4>\n<p><strong>Precisione conforme al produttore:<\/strong> In qualit\u00e0 di produttore di ricambi originali, Mopar fornisce componenti che corrispondono esattamente alle specifiche del vostro veicolo. La produzione precisa garantisce un'installazione senza problemi e la conformit\u00e0 a tutti i requisiti di sicurezza.<\/p>\n<p><strong>Durevole e affidabile:<\/strong> I ricambi originali Mopar sono prodotti con materiali di alta qualit\u00e0 e sono sottoposti a severi test di qualit\u00e0. Sono progettati per una lunga durata e offrono prestazioni costanti anche in caso di uso intensivo.<\/p>\n<p>&nbsp;<\/p>","protected":false},"excerpt":{"rendered":"<p>Parte originale Mopar<\/p>","protected":false},"featured_media":68343544,"comment_status":"open","ping_status":"closed","template":"","meta":{"_acf_changed":false},"product_brand":[16270],"product_cat":[10262,17807,17809,17817,17813,17819,17821],"product_tag":[17867,31,8813,9424,16271,16273,16275,16272,16274,7221,654,17868],"class_list":{"0":"post-68343141","1":"product","2":"type-product","3":"status-publish","4":"has-post-thumbnail","6":"product_brand-mopar","7":"product_cat-alle-produkte","8":"product_cat-300c-36-bremsenteile-zubehoer","9":"product_cat-300c-57-2011-2023-bremsenteile-zubehoer","10":"product_cat-challenger-36-bremsenteile-zubehoer","11":"product_cat-challenger-57-bremsenteile-zubehoer","12":"product_cat-charger-36-bremsenteile-zubehoer","13":"product_cat-charger-57-2011-2023-bremsenteile-zubehoer","14":"product_tag-6510302aa","15":"product_tag-mopar","16":"product_tag-mopar-autoteile","17":"product_tag-mopar-ersatzteile","18":"product_tag-mopar-ersatzteile-kaufen","19":"product_tag-mopar-performance-teile","20":"product_tag-mopar-teile-katalog","21":"product_tag-mopar-teile-online","22":"product_tag-mopar-tuningteile","23":"product_tag-mopar10","24":"product_tag-schraube","25":"product_tag-staubschutzblech","27":"first","28":"instock","29":"taxable","30":"shipping-taxable","31":"purchasable","32":"product-type-simple"},"bundled_by":[],"bundle_stock_status":"instock","bundle_stock_quantity":8,"bundle_virtual":false,"bundle_layout":"","bundle_add_to_cart_form_location":"","bundle_editable_in_cart":false,"bundle_sold_individually_context":"","bundle_item_grouping":"","bundle_min_size":"","bundle_max_size":"","bundle_price":[],"bundled_items":[],"bundle_sell_ids":[],"exclude_global_add_ons":[],"addons":[],"acf":[],"_links":{"self":[{"href":"https:\/\/kraftwerk-shop.cc\/it\/wp-json\/wp\/v2\/product\/68343141","targetHints":{"allow":["GET"]}}],"collection":[{"href":"https:\/\/kraftwerk-shop.cc\/it\/wp-json\/wp\/v2\/product"}],"about":[{"href":"https:\/\/kraftwerk-shop.cc\/it\/wp-json\/wp\/v2\/types\/product"}],"replies":[{"embeddable":true,"href":"https:\/\/kraftwerk-shop.cc\/it\/wp-json\/wp\/v2\/comments?post=68343141"}],"version-history":[{"count":0,"href":"https:\/\/kraftwerk-shop.cc\/it\/wp-json\/wp\/v2\/product\/68343141\/revisions"}],"wp:featuredmedia":[{"embeddable":true,"href":"https:\/\/kraftwerk-shop.cc\/it\/wp-json\/wp\/v2\/media\/68343544"}],"wp:attachment":[{"href":"https:\/\/kraftwerk-shop.cc\/it\/wp-json\/wp\/v2\/media?parent=68343141"}],"wp:term":[{"taxonomy":"product_brand","embeddable":true,"href":"https:\/\/kraftwerk-shop.cc\/it\/wp-json\/wp\/v2\/product_brand?post=68343141"},{"taxonomy":"product_cat","embeddable":true,"href":"https:\/\/kraftwerk-shop.cc\/it\/wp-json\/wp\/v2\/product_cat?post=68343141"},{"taxonomy":"product_tag","embeddable":true,"href":"https:\/\/kraftwerk-shop.cc\/it\/wp-json\/wp\/v2\/product_tag?post=68343141"}],"curies":[{"name":"wp","href":"https:\/\/api.w.org\/{rel}","templated":true}]}}