{"id":68346565,"date":"2025-07-29T21:10:46","date_gmt":"2025-07-29T19:10:46","guid":{"rendered":"https:\/\/kraftwerk-shop.cc\/?post_type=product&#038;p=68346565"},"modified":"2026-02-19T12:43:25","modified_gmt":"2026-02-19T11:43:25","slug":"valvole-master-manley-race-12331-8","status":"publish","type":"product","link":"https:\/\/kraftwerk-shop.cc\/it\/produkt\/manley-race-master-ventile-12331-8\/","title":{"rendered":"Valvole di scarico Manley Race Master 6.2 e 6.4"},"content":{"rendered":"<h1>Manley Auslassventile f\u00fcr Chrysler, Dodge, Jeep und RAM mit 6.2 Hellcat und 6.4 Hemi Motoren<\/h1>\n<p>&nbsp;<\/p>\n<p>Diese Ventile k\u00f6nnen als direkter Ersatz (Drop-in) in 6.2 L- und 6.4 L-SRT- sowie 6.4 L-BGE-Truck-Zylinderk\u00f6pfen verwendet werden. Sie stellen ein Upgrade f\u00fcr aufgeladene Motoren dar und ersetzen die serienm\u00e4\u00dfigen Ventile mit hohlem Schaft. Diese Ventile werden in Motoren mit \u00fcber 1500 PS eingesetzt.<\/p>\n<p>Die Manley Race Master Ventile wurden speziell entwickelt, um den extremen Belastungen auf der Rennstrecke standzuhalten. Sie eignen sich aber auch hervorragend f\u00fcr modifizierte Stra\u00dfenmotoren, die mit Drehzahlen unter 8000 U\/min betrieben werden.<\/p>\n<p>Die Ventile bestehen aus XH-426-Stahl f\u00fcr die Abgasseite und NK-842-Material f\u00fcr die Einlassventile \u2013 damit geh\u00f6ren sie zu den robustesten Ventilen ihrer Klasse.<\/p>\n<p>&nbsp;<\/p>\n<ul>\n<li>Triple-Groove-Ventilsch\u00e4fte zur Nutzung der serienm\u00e4\u00dfigen Ventilkeile \u2013 Plug &amp; Play ohne zus\u00e4tzliche Montagearbeiten<\/li>\n<li>Material: Die Abgasventile bestehen aus hochfestem XH\u2011426 Edelstahl f\u00fcr maximale Dauerleistung und Hitzeresistenz<\/li>\n<li>Chrombeschichteter Schaft<\/li>\n<li>Geh\u00e4rtete Ventilspitze<\/li>\n<li>Swirl-polierte Unterkopfbereiche und komplett bearbeitete Brennfl\u00e4chen zur Optimierung des Gasflusses und der Verbrennungseffizienz<\/li>\n<li><span class=\"relative -mx-px my-[-0.2rem] rounded px-px py-[0.2rem] transition-colors duration-100 ease-in-out\">Kopfdurchmesser: 1,654\u202fZoll (\u224841,99\u202fmm)<\/span><\/li>\n<li><span class=\"relative -mx-px my-[-0.2rem] rounded px-px py-[0.2rem] transition-colors duration-100 ease-in-out\">Schaftdurchmesser: 0,3125\u202fZoll (\u22487,94\u202fmm)<\/span><\/li>\n<li><span class=\"relative -mx-px my-[-0.2rem] rounded px-px py-[0.2rem] transition-colors duration-100 ease-in-out\">Gesamtl\u00e4nge: 5,100\u202fZoll (\u2248129,5\u202fmm) \u2013 OEM-H\u00f6he<\/span><\/li>\n<li><span class=\"relative -mx-px my-[-0.2rem] rounded px-px py-[0.2rem] transition-colors duration-100 ease-in-out\">Ventilspitzenl\u00e4nge: 0,120\u202fZoll (\u22483,05\u202fmm)<\/span><\/li>\n<li><span class=\"relative -mx-px my-[-0.2rem] rounded px-px py-[0.2rem] transition-colors duration-100 ease-in-out\">Unterkopf-Winkel \/ Radius: 25\u00b0 \u00d7 \u00bd\u202fZoll<\/span><\/li>\n<li><span class=\"relative -mx-px my-[-0.2rem] rounded px-px py-[0.2rem] transition-colors duration-100 ease-in-out\">Margin-Breite: 0,080\u202fZoll<\/span><\/li>\n<li><span class=\"relative -mx-px my-[-0.2rem] rounded px-px py-[0.2rem] transition-colors duration-100 ease-in-out\">Sitzbreite: 0,100\u202fZoll<\/span><\/li>\n<li><span class=\"relative -mx-px my-[-0.2rem] rounded px-px py-[0.2rem] transition-colors duration-100 ease-in-out\">Kopfform: 20\u00b0 Dish<\/span><\/li>\n<li><span class=\"relative -mx-px my-[-0.2rem] rounded px-px py-[0.2rem] transition-colors duration-100 ease-in-out\">Gewicht pro Ventil: ca. 103 Gramm<\/span><\/li>\n<\/ul>\n<p>&nbsp;<\/p>\n<p><strong>Lieferumfang:\u00a0<\/strong><\/p>\n<ul>\n<li>8 Auslassventile<\/li>\n<\/ul>\n<p>&nbsp;<\/p>\n","protected":false},"excerpt":{"rendered":"<p>Manley Auslassventile f\u00fcr Chrysler, Dodge, Jeep und RAM mit 6.2 Hellcat und 6.4 Hemi Motoren &nbsp; Diese Ventile k\u00f6nnen als<\/p>","protected":false},"featured_media":68346594,"comment_status":"open","ping_status":"closed","template":"","meta":{"_acf_changed":false},"product_brand":[],"product_cat":[6488,6658,6483,6663,6493,6668,6498,6673,6503,6802,6508,19353,6678],"product_tag":[17974,101,93,5144,17975,48,49,100,126,50,305,17973,86,96,102,2353,216,5142,215,17976],"class_list":{"0":"post-68346565","1":"product","2":"type-product","3":"status-publish","4":"has-post-thumbnail","6":"product_cat-300c-64-nockenwelle-ventiltrieb","7":"product_cat-challenger-hellcat-nockenwelle-ventiltrieb","8":"product_cat-challenger-64-nockenwelle-ventiltrieb","9":"product_cat-charger-hellcat-nockenwelle-ventiltrieb","10":"product_cat-charger-64-nockenwelle-ventiltrieb","11":"product_cat-durango-hellcat-nockenwelle-ventiltrieb","12":"product_cat-durango-64-nockenwelle-ventiltrieb","13":"product_cat-trackhawk-nockenwelle-ventiltrieb","14":"product_cat-grand-cherokee-64-nockenwelle-ventiltrieb","15":"product_cat-wagoneer-64-nockenwelle-ventiltrieb","16":"product_cat-wrangler-64-nockenwelle-ventiltrieb","17":"product_cat-2500-3500-64-nockenwelle-ventiltrieb","18":"product_cat-trx-nockenwelle-ventiltrieb","19":"product_tag-12331-8","20":"product_tag-6-2","21":"product_tag-6-4","22":"product_tag-auslassventil","23":"product_tag-auslassventile","24":"product_tag-chrysler","25":"product_tag-dodge","26":"product_tag-hellcat","27":"product_tag-hemi","28":"product_tag-jeep","29":"product_tag-manley","30":"product_tag-race-master","31":"product_tag-ram","32":"product_tag-srt","33":"product_tag-trackhawk","34":"product_tag-trx","35":"product_tag-upgrade","36":"product_tag-ventil","37":"product_tag-ventile","38":"product_tag-xh-426","40":"first","41":"instock","42":"taxable","43":"shipping-taxable","44":"purchasable","45":"product-type-simple"},"bundled_by":[],"bundle_stock_status":"instock","bundle_stock_quantity":1,"bundle_virtual":false,"bundle_layout":"","bundle_add_to_cart_form_location":"","bundle_editable_in_cart":false,"bundle_sold_individually_context":"","bundle_item_grouping":"","bundle_min_size":"","bundle_max_size":"","bundle_price":[],"bundled_items":[],"bundle_sell_ids":[],"exclude_global_add_ons":[],"addons":[],"acf":[],"_links":{"self":[{"href":"https:\/\/kraftwerk-shop.cc\/it\/wp-json\/wp\/v2\/product\/68346565","targetHints":{"allow":["GET"]}}],"collection":[{"href":"https:\/\/kraftwerk-shop.cc\/it\/wp-json\/wp\/v2\/product"}],"about":[{"href":"https:\/\/kraftwerk-shop.cc\/it\/wp-json\/wp\/v2\/types\/product"}],"replies":[{"embeddable":true,"href":"https:\/\/kraftwerk-shop.cc\/it\/wp-json\/wp\/v2\/comments?post=68346565"}],"version-history":[{"count":0,"href":"https:\/\/kraftwerk-shop.cc\/it\/wp-json\/wp\/v2\/product\/68346565\/revisions"}],"wp:featuredmedia":[{"embeddable":true,"href":"https:\/\/kraftwerk-shop.cc\/it\/wp-json\/wp\/v2\/media\/68346594"}],"wp:attachment":[{"href":"https:\/\/kraftwerk-shop.cc\/it\/wp-json\/wp\/v2\/media?parent=68346565"}],"wp:term":[{"taxonomy":"product_brand","embeddable":true,"href":"https:\/\/kraftwerk-shop.cc\/it\/wp-json\/wp\/v2\/product_brand?post=68346565"},{"taxonomy":"product_cat","embeddable":true,"href":"https:\/\/kraftwerk-shop.cc\/it\/wp-json\/wp\/v2\/product_cat?post=68346565"},{"taxonomy":"product_tag","embeddable":true,"href":"https:\/\/kraftwerk-shop.cc\/it\/wp-json\/wp\/v2\/product_tag?post=68346565"}],"curies":[{"name":"wp","href":"https:\/\/api.w.org\/{rel}","templated":true}]}}