{"id":68347838,"date":"2025-08-17T17:02:24","date_gmt":"2025-08-17T15:02:24","guid":{"rendered":"https:\/\/kraftwerk-shop.cc\/?post_type=product&#038;p=68347838"},"modified":"2026-03-04T12:57:06","modified_gmt":"2026-03-04T11:57:06","slug":"smorzatore-ati-underdrive-57-64","status":"publish","type":"product","link":"https:\/\/kraftwerk-shop.cc\/it\/produkt\/ati-underdrive-damper-57-64\/","title":{"rendered":"ATI 15% Superammortizzatore Underdrive 5.7 e 6.4"},"content":{"rendered":"<h1>15% Smorzatore di vibrazioni per sottopropulsori ATI per Chrysler 300C, Dodge Challenger, Charger, Durango e Jeep Grand Cherokee 5,7 e 6,4 dal 2011 al 2023<\/h1>\n<p>&nbsp;<\/p>\n<p>Se volete liberare un po' di potenza in pi\u00f9 riducendo la velocit\u00e0 delle vostre unit\u00e0 ausiliarie, l'ATI 15 % Underdrive Super Damper \u00e8 quello che fa per voi.<br \/>\nQuesto smorzatore di vibrazioni ha un peso di oscillazione di 7 pollici per la massima protezione dell'albero motore e del treno valvole!<\/p>\n<p>L'ammortizzatore ATI 15 % Underdrive Super non \u00e8 solo un aggiornamento delle prestazioni, ma anche un componente importante per la sicurezza del motore del vostro 5.7 o 6.4 Hemi.<\/p>\n<p>L'ATI Super Damper \u00e8 omologato SFI per applicazioni stradali e da competizione. L'ATI Super Damper \u00e8 stato sviluppato appositamente per applicazioni ad alte prestazioni e garantisce uno smorzamento equilibrato delle vibrazioni torsionali dell'albero motore a tutti i regimi. Con incisione laser a 360 gradi per la marcatura della fasatura di accensione.<\/p>\n<p>Il brevetto ATI Super Damper \u00e8 l'unico ammortizzatore sviluppato esclusivamente per i motori ad alte prestazioni.<\/p>\n<p>&nbsp;<\/p>\n<ul>\n<li>Elimina le vibrazioni torsionali dell'albero a gomiti, protegge i cuscinetti e la trasmissione della distribuzione<\/li>\n<li>Certificato SFI-18.1: Adatto alle corse, sicuro alle alte velocit\u00e0<\/li>\n<li>Alleggerisce il carico delle unit\u00e0 ausiliarie e fornisce una notevole potenza aggiuntiva (fino a 10-15 CV).<\/li>\n<li>Migliore comportamento di risposta: Giri decisamente pi\u00f9 veloci, sensazione di guida pi\u00f9 agile<\/li>\n<li>Durata e facilit\u00e0 di manutenzione: design ricostruibile con O-ring sostituibili<\/li>\n<li>Aggiornamento della protezione del motore: previene i noti punti deboli dell'ammortizzatore Hemi standard<\/li>\n<li>Marcature a 360 gradi incise al laser<\/li>\n<li>Rivestimento in zinco cromato nero<\/li>\n<\/ul>\n<p>&nbsp;<\/p>\n<p><strong>Ambito di consegna<\/strong>:<\/p>\n<ul>\n<li>ATI 15% Smorzatore sottocarico<\/li>\n<\/ul>\n<p>&nbsp;<\/p>\n<p><strong>Note:<\/strong><\/p>\n<ul>\n<li>Questo componente \u00e8 destinato esclusivamente all'installazione professionale<\/li>\n<li>Richiede una piccola levigatura delle orecchie della coppa dell'olio e dell'alloggiamento dei comandi per creare spazio.<\/li>\n<li>Si raccomanda una distanza minima di 0,060 tra la piastra posteriore della serranda e l'alloggiamento del comando\/coppa dell'olio.<\/li>\n<li>Le istruzioni per l'installazione sono fornite in inglese.<\/li>\n<li>Potrebbe essere necessaria una cinghia pi\u00f9 corta, non inclusa nella fornitura.<\/li>\n<li>Non adatto per il 2009 e il 2010 5,7<\/li>\n<\/ul>\n<p>&nbsp;<\/p>\n<p>&nbsp;<\/p>\n<p><strong>Informazioni sul produttore ATI Performance Products:<\/strong><\/p>\n<p>ATI Performance Products, Inc. \u00e8 stata fondata nel 1961 a Baltimora (Maryland, USA) ed \u00e8 oggi uno dei principali specialisti di componenti ad alte prestazioni per il motorsport.<br \/>\nL'azienda \u00e8 nota da decenni per la sua tecnologia innovativa, la qualit\u00e0 senza compromessi e l'esperienza nelle corse.<\/p>\n<p>Il portafoglio prodotti spazia da cambi, convertitori di coppia e componenti per differenziali ai Super Ammortizzatori ATI, rinomati a livello internazionale. Questi sono considerati lo standard del settore per i team di gara professionali e i tuner pi\u00f9 esigenti di tutto il mondo. Hanno molteplici certificazioni SFI 18.1, un design modulare e possono essere risigillati o riparati a seconda delle necessit\u00e0.<br \/>\nGrazie alla loro eccezionale qualit\u00e0, non solo sono considerati lo standard per la messa a punto, ma vengono anche utilizzati in diversi lavori di ex Mopar Crate Engines.<\/p>\n<p>L'azienda \u00e8 sinonimo di precisione \"Made in USA\", unita a decenni di esperienza nel motorsport professionale. Chi sceglie questi prodotti riceve un componente che combina la massima sicurezza, una lunga durata e le massime prestazioni, sia nell'uso quotidiano che nelle condizioni di gara pi\u00f9 difficili.<\/p>\n<p>&nbsp;<\/p>","protected":false},"excerpt":{"rendered":"<p>15% Smorzatore di vibrazioni per sottoguida ATI per Chrysler 300C, Dodge Challenger, Charger, Durango e Jeep Grand Cherokee 5,7 e 6,4 da<\/p>","protected":false},"featured_media":68347778,"comment_status":"open","ping_status":"closed","template":"","meta":{"_acf_changed":false},"product_brand":[18918],"product_cat":[10262,6724,6490,6729,6484,6734,6495,6739,6500,6744,6505],"product_tag":[18911,18913,52,91,93,18917,2840,54,53,48,49,3853,3854,95,56,50,4425,36,31,397,86,721,18919,2842,2841,246,18912,4440],"class_list":{"0":"post-68347838","1":"product","2":"type-product","3":"status-publish","4":"has-post-thumbnail","6":"product_brand-ati-performance","7":"product_cat-alle-produkte","8":"product_cat-300c-57-2011-2023-kurbelwelle-kolben","9":"product_cat-300c-64-kurbelwelle-kolben","10":"product_cat-challenger-57-kurbelwelle-kolben","11":"product_cat-challenger-64-kurbelwelle-kolben","12":"product_cat-charger-57-2011-2023-kurbelwelle-kolben","13":"product_cat-charger-64-kurbelwelle-kolben","14":"product_cat-durango-57-kurbelwelle-kolben","15":"product_cat-durango-64-kurbelwelle-kolben","16":"product_cat-grand-cherokee-57-2011-2021-kurbelwelle-kolben","17":"product_cat-grand-cherokee-64-kurbelwelle-kolben","18":"product_tag-18911","19":"product_tag-15-underdrive","20":"product_tag-300c","21":"product_tag-5-7","22":"product_tag-6-4","23":"product_tag-18917","24":"product_tag-ati","25":"product_tag-challenger","26":"product_tag-charger","27":"product_tag-chrysler","28":"product_tag-dodge","29":"product_tag-dodge-challenger","30":"product_tag-dodge-charger","31":"product_tag-durango","32":"product_tag-grand-cherokee","33":"product_tag-jeep","34":"product_tag-jeep-grand-cherokee","35":"product_tag-kraftwerk","36":"product_tag-mopar","37":"product_tag-pulley","38":"product_tag-ram","39":"product_tag-riemenscheibe","40":"product_tag-schraube-vibrationsdaempfer-riemenscheibe-kurbelwelle","41":"product_tag-schwingungsdaempfer","42":"product_tag-super-damper","43":"product_tag-supercharger","44":"product_tag-underdrive","45":"product_tag-vibrationsdaempfer","46":"product_shipping_class-deutschlandohne","48":"first","49":"onbackorder","50":"taxable","51":"shipping-taxable","52":"purchasable","53":"product-type-variable","54":"has-default-attributes"},"bundled_by":[],"bundle_stock_status":"onbackorder","bundle_stock_quantity":0,"bundle_virtual":false,"bundle_layout":"","bundle_add_to_cart_form_location":"","bundle_editable_in_cart":false,"bundle_sold_individually_context":"","bundle_item_grouping":"","bundle_min_size":"","bundle_max_size":"","bundle_price":[],"bundled_items":[],"bundle_sell_ids":[],"exclude_global_add_ons":[],"addons":[],"acf":[],"_links":{"self":[{"href":"https:\/\/kraftwerk-shop.cc\/it\/wp-json\/wp\/v2\/product\/68347838","targetHints":{"allow":["GET"]}}],"collection":[{"href":"https:\/\/kraftwerk-shop.cc\/it\/wp-json\/wp\/v2\/product"}],"about":[{"href":"https:\/\/kraftwerk-shop.cc\/it\/wp-json\/wp\/v2\/types\/product"}],"replies":[{"embeddable":true,"href":"https:\/\/kraftwerk-shop.cc\/it\/wp-json\/wp\/v2\/comments?post=68347838"}],"version-history":[{"count":0,"href":"https:\/\/kraftwerk-shop.cc\/it\/wp-json\/wp\/v2\/product\/68347838\/revisions"}],"wp:featuredmedia":[{"embeddable":true,"href":"https:\/\/kraftwerk-shop.cc\/it\/wp-json\/wp\/v2\/media\/68347778"}],"wp:attachment":[{"href":"https:\/\/kraftwerk-shop.cc\/it\/wp-json\/wp\/v2\/media?parent=68347838"}],"wp:term":[{"taxonomy":"product_brand","embeddable":true,"href":"https:\/\/kraftwerk-shop.cc\/it\/wp-json\/wp\/v2\/product_brand?post=68347838"},{"taxonomy":"product_cat","embeddable":true,"href":"https:\/\/kraftwerk-shop.cc\/it\/wp-json\/wp\/v2\/product_cat?post=68347838"},{"taxonomy":"product_tag","embeddable":true,"href":"https:\/\/kraftwerk-shop.cc\/it\/wp-json\/wp\/v2\/product_tag?post=68347838"}],"curies":[{"name":"wp","href":"https:\/\/api.w.org\/{rel}","templated":true}]}}