{"id":68348374,"date":"2025-08-27T21:27:17","date_gmt":"2025-08-27T19:27:17","guid":{"rendered":"https:\/\/kraftwerk-shop.cc\/?post_type=product&#038;p=68348374"},"modified":"2026-04-13T12:33:59","modified_gmt":"2026-04-13T10:33:59","slug":"aggiornamento-pompa-benzina-300c-challenger-charger","status":"publish","type":"product","link":"https:\/\/kraftwerk-shop.cc\/it\/produkt\/upgrade-benzinpumpe-300c-challenger-charger\/","title":{"rendered":"Aggiornare il sistema della pompa di benzina 5.7, 6.1 e 6.4"},"content":{"rendered":"<h1>Aggiornamento del sistema a pompa di benzina singola per 300C, Challenger, Charger e Magnum 5.7, 6.1 e 6.4<\/h1>\n<p>&nbsp;<\/p>\n<p>Questa pompa della benzina \u00e8 stata sviluppata per convertire facilmente il modulo della pompa del carburante standard dell'auto in una pompa a turbina da 450 l\/h sicura per l'E85 di TI-Automotive, mantenendo il serbatoio di espansione standard.<br \/>\nQuesto sistema \u00e8 stato testato sul banco di prova ed \u00e8 adatto a conversioni di motori come motori stroker ad alte prestazioni e applicazioni con pressione di sovralimentazione moderata fino a 750 CV.<br \/>\nPerch\u00e9 sovraccaricare la pompa del carburante di serie con un booster audio (che \u00e8 tutto ci\u00f2 che \u00e8 un booster della pompa del carburante) quando \u00e8 possibile ottenere un sistema che eroga in modo sicuro e affidabile la quantit\u00e0 di carburante necessaria per le conversioni specifiche a circa lo stesso prezzo?<\/p>\n<p>&nbsp;<\/p>\n<p><strong>Funzioni:<\/strong><\/p>\n<ul>\n<li>Mantenere il normale funzionamento dell'impianto di alimentazione, compreso il controllo della disponibilit\u00e0 dell'EVAP.<\/li>\n<li>Mantiene il normale serbatoio di sovralimentazione, che consente forti accelerazioni e curve senza picchi di miscela magra.<\/li>\n<li>Realizzato in alluminio 6063-T6 per uso aerospaziale, fresato a CNC, anodizzato duro<\/li>\n<li>Utilizza una pompa a turbina originale di TI-Automotive da 450 l\/h (la stessa marca dell'OEM-Hellcat)<\/li>\n<\/ul>\n<p>&nbsp;<\/p>\n<p><strong>Adatto per:<\/strong><\/p>\n<table width=\"521\">\n<tbody>\n<tr>\n<td width=\"120\"><strong>Marchio<\/strong><\/td>\n<td width=\"168\"><strong>Modello<\/strong><\/td>\n<td width=\"76\"><strong>Motore<\/strong><\/td>\n<td width=\"157\"><strong>Anno di costruzione<\/strong><\/td>\n<\/tr>\n<tr>\n<td width=\"120\">Chrysler<\/td>\n<td width=\"168\">300C<\/td>\n<td width=\"76\">5.7<\/td>\n<td width=\"157\">2005 \u2013 2019<\/td>\n<\/tr>\n<tr>\n<td width=\"120\">Chrysler<\/td>\n<td width=\"168\">300C<\/td>\n<td width=\"76\">6.1<\/td>\n<td width=\"157\">2005 \u2013 2010<\/td>\n<\/tr>\n<tr>\n<td width=\"120\">Chrysler<\/td>\n<td width=\"168\">300C<\/td>\n<td width=\"76\">6.4<\/td>\n<td width=\"157\">2011 \u2013 2021<\/td>\n<\/tr>\n<tr>\n<td width=\"120\">Dodge<\/td>\n<td width=\"168\">Challenger<\/td>\n<td width=\"76\">5.7<\/td>\n<td width=\"157\">2008 \u2013 2019<\/td>\n<\/tr>\n<tr>\n<td width=\"120\">Dodge<\/td>\n<td width=\"168\">Challenger<\/td>\n<td width=\"76\">6.1<\/td>\n<td width=\"157\">2008 \u2013 2010<\/td>\n<\/tr>\n<tr>\n<td width=\"120\">Dodge<\/td>\n<td width=\"168\">Challenger<\/td>\n<td width=\"76\">6.4<\/td>\n<td width=\"157\">2011 \u2013 2021<\/td>\n<\/tr>\n<tr>\n<td width=\"120\">Dodge<\/td>\n<td width=\"168\">Charger<\/td>\n<td width=\"76\">5.7<\/td>\n<td width=\"157\">2005 \u2013 2019<\/td>\n<\/tr>\n<tr>\n<td width=\"120\">Dodge<\/td>\n<td width=\"168\">Charger<\/td>\n<td width=\"76\">6.1<\/td>\n<td width=\"157\">2005 \u2013 2010<\/td>\n<\/tr>\n<tr>\n<td width=\"120\">Dodge<\/td>\n<td width=\"168\">Charger<\/td>\n<td width=\"76\">6.4<\/td>\n<td width=\"157\">2012 \u2013 2021<\/td>\n<\/tr>\n<tr>\n<td width=\"120\">Dodge<\/td>\n<td width=\"168\">Magnum<\/td>\n<td width=\"76\">5.7<\/td>\n<td width=\"157\">2005 \u2013 2008<\/td>\n<\/tr>\n<tr>\n<td width=\"120\">Dodge<\/td>\n<td width=\"168\">Magnum<\/td>\n<td width=\"76\">6.1<\/td>\n<td width=\"157\">2006 \u2013 2008<\/td>\n<\/tr>\n<\/tbody>\n<\/table>","protected":false},"excerpt":{"rendered":"<p>Upgrade Single-Benzinpumpensystem f\u00fcr 300C, Challenger, Charger und Magnum 5.7, 6.1 &amp; 6.4 &nbsp; Diese Benzinpumpe wurde entwickelt, um das serienm\u00e4\u00dfige<\/p>","protected":false},"featured_media":68348366,"comment_status":"open","ping_status":"closed","template":"","meta":{"_acf_changed":false},"product_brand":[],"product_cat":[10262,2877,4980,2876,2878,2879,2880,2882,2883,5159,2884,2886,2890,2891],"product_tag":[101,4369,4361,4368,54,53,49,3853,3854,4363,4364,4373,4371,4372,160,100,1004,4367,4366,4362,4365,4370,216],"class_list":{"0":"post-68348374","1":"product","2":"type-product","3":"status-publish","4":"has-post-thumbnail","6":"product_cat-alle-produkte","7":"product_cat-300c-57-2005-2010-kraftstoffversorgung","8":"product_cat-300c-57-2011-2023-kraftstoffversorgung","9":"product_cat-300c-61-kraftstoffversorgung","10":"product_cat-300c-64-kraftstoffversorgung","11":"product_cat-challenger-57-kraftstoffversorgung","12":"product_cat-challenger-61-kraftstoffversorgung","13":"product_cat-challenger-64-kraftstoffversorgung","14":"product_cat-charger-57-kraftstoffversorgung","15":"product_cat-charger-57-2011-2023-kraftstoffversorgung","16":"product_cat-charger-61-kraftstoffversorgung","17":"product_cat-charger-64-kraftstoffversorgung","18":"product_cat-magnum-57-kraftstoffversorgung","19":"product_cat-magnum-61-kraftstoffversorgung","20":"product_tag-6-2","21":"product_tag-benzindruck","22":"product_tag-benzinpumpe","23":"product_tag-benzinsystem","24":"product_tag-challenger","25":"product_tag-charger","26":"product_tag-dodge","27":"product_tag-dodge-challenger","28":"product_tag-dodge-charger","29":"product_tag-doppelpumpe","30":"product_tag-doppelt","31":"product_tag-e85","32":"product_tag-f90000285","33":"product_tag-f90000295","34":"product_tag-groesser","35":"product_tag-hellcat","36":"product_tag-kraftstoff","37":"product_tag-kraftstoffsystem","38":"product_tag-kraftstoffversorgung","39":"product_tag-staerker","40":"product_tag-systen","41":"product_tag-ti-automotive","42":"product_tag-upgrade","43":"product_shipping_class-deutschlandohne","45":"first","46":"onbackorder","47":"taxable","48":"shipping-taxable","49":"purchasable","50":"product-type-simple"},"bundled_by":[],"bundle_stock_status":"onbackorder","bundle_stock_quantity":0,"bundle_virtual":false,"bundle_layout":"","bundle_add_to_cart_form_location":"","bundle_editable_in_cart":false,"bundle_sold_individually_context":"","bundle_item_grouping":"","bundle_min_size":"","bundle_max_size":"","bundle_price":[],"bundled_items":[],"bundle_sell_ids":[],"exclude_global_add_ons":[],"addons":[],"acf":[],"_links":{"self":[{"href":"https:\/\/kraftwerk-shop.cc\/it\/wp-json\/wp\/v2\/product\/68348374","targetHints":{"allow":["GET"]}}],"collection":[{"href":"https:\/\/kraftwerk-shop.cc\/it\/wp-json\/wp\/v2\/product"}],"about":[{"href":"https:\/\/kraftwerk-shop.cc\/it\/wp-json\/wp\/v2\/types\/product"}],"replies":[{"embeddable":true,"href":"https:\/\/kraftwerk-shop.cc\/it\/wp-json\/wp\/v2\/comments?post=68348374"}],"version-history":[{"count":0,"href":"https:\/\/kraftwerk-shop.cc\/it\/wp-json\/wp\/v2\/product\/68348374\/revisions"}],"wp:featuredmedia":[{"embeddable":true,"href":"https:\/\/kraftwerk-shop.cc\/it\/wp-json\/wp\/v2\/media\/68348366"}],"wp:attachment":[{"href":"https:\/\/kraftwerk-shop.cc\/it\/wp-json\/wp\/v2\/media?parent=68348374"}],"wp:term":[{"taxonomy":"product_brand","embeddable":true,"href":"https:\/\/kraftwerk-shop.cc\/it\/wp-json\/wp\/v2\/product_brand?post=68348374"},{"taxonomy":"product_cat","embeddable":true,"href":"https:\/\/kraftwerk-shop.cc\/it\/wp-json\/wp\/v2\/product_cat?post=68348374"},{"taxonomy":"product_tag","embeddable":true,"href":"https:\/\/kraftwerk-shop.cc\/it\/wp-json\/wp\/v2\/product_tag?post=68348374"}],"curies":[{"name":"wp","href":"https:\/\/api.w.org\/{rel}","templated":true}]}}