{"id":68348579,"date":"2025-08-31T21:20:34","date_gmt":"2025-08-31T19:20:34","guid":{"rendered":"https:\/\/kraftwerk-shop.cc\/?post_type=product&#038;p=68348579"},"modified":"2026-02-15T01:23:05","modified_gmt":"2026-02-15T00:23:05","slug":"pastiglie-freno-hawk-hb649f-605-300c-srt","status":"publish","type":"product","link":"https:\/\/kraftwerk-shop.cc\/it\/produkt\/hawk-hb649f-605-bremsbelaege-300c-srt\/","title":{"rendered":"Hawk Performance HPS Pastiglie per freni 300C SRT"},"content":{"rendered":"<h1>Hawk Performance Pastiglie per freni ad alte prestazioni HPS <span class=\"sku\">HB649F.605<\/span> per Chrysler 300C SRT (asse anteriore)<\/h1>\n<p>&nbsp;<\/p>\n<p><strong>Hawk Performance HPS<\/strong><\/p>\n<p>Le pastiglie freno Hawk HPS (High Performance Street) sono note in tutto il mondo per l'aumento della potenza frenante del vostro 300C SRT. Con la mescola delle pastiglie freno Hawk Performance HPS, \u00e8 possibile migliorare facilmente le prestazioni dell'impianto frenante del veicolo.<br \/>\nQuesta formula unica al ferro-carbonio \u00e8 stata sviluppata per l'uso su strada e utilizza la sicurezza e la qualit\u00e0 della tecnologia di attrito per impieghi gravosi dell'industria aerospaziale e degli sport motoristici.<br \/>\nLa mescola High Performance Street offre un coefficiente di attrito pi\u00f9 elevato rispetto alle pastiglie per freni standard e pu\u00f2 garantire una potenza di frenata superiore di 20-40 % rispetto alla maggior parte delle pastiglie di ricambio standard. La riduzione del fading si traduce in una pastiglia estremamente durevole e in una minore quantit\u00e0 di polvere dei freni.<\/p>\n<p>&nbsp;<\/p>\n<p><strong>Raccomandazione<\/strong><\/p>\n<p>Nella maggior parte dei casi, la mescola Hawk HPS garantisce una maggiore coppia frenante e una temperatura di esercizio pi\u00f9 elevata rispetto alle pastiglie OEM. Inoltre, produce meno polvere dei freni.<br \/>\nCon una temperatura di esercizio superiore di 430-480\u00b0C, la mescola HPS \u00e8 in grado di resistere a un uso leggero in pista, a patto di prestare attenzione ai segni di surriscaldamento e di prevedere un tempo di raffreddamento adeguato quando le pastiglie dei freni raggiungono la temperatura massima.<br \/>\nLa mescola Hawk HPS non \u00e8 una mescola da competizione e non pu\u00f2 sopportare gare prolungate ad alte temperature.<br \/>\nPer quanto riguarda la polvere dei freni, la mescola HPS \u00e8 pi\u00f9 pulita delle pastiglie OEM, ma genera pi\u00f9 polvere rispetto alla mescola Hawk Ceramic. L'aumento delle prestazioni rispetto alle Hawk Ceramic va a scapito di una maggiore produzione di polvere.<\/p>\n<p>&nbsp;<\/p>\n<p><strong>Hawk HPS Caratteristiche:<\/strong><\/p>\n<ul>\n<li>Sensazione di frenata fluida<\/li>\n<li>Eccellente per la guida sportiva<\/li>\n<li>Delicato su pastiglie e dischi dei freni<\/li>\n<li>Potenza di frenata costante<\/li>\n<li>Aumento della forza frenante<\/li>\n<li>Intervallo di temperatura operativa: 40-370 \u00b0C<\/li>\n<li>Intervallo di temperatura ottimale: 40-260 \u00b0C<\/li>\n<\/ul>\n<p>&nbsp;<\/p>\n<p><strong>Numeri di confronto Mopar:<\/strong> 68248384AA, 68248384AB, 68248384AC, 68248384AD, 68525329AA, 68525329AB. 68525329AC<\/p>\n<p>&nbsp;<\/p>\n<p><strong>Adatto per:<\/strong><\/p>\n<table width=\"568\">\n<tbody>\n<tr>\n<td width=\"83\">Chrysler<\/td>\n<td width=\"138\">300C<\/td>\n<td width=\"98\">6.4<\/td>\n<td colspan=\"3\" width=\"249\">2015 - 2020 con dischi freno da 390 mm<\/td>\n<\/tr>\n<tr>\n<td>Chrysler<\/td>\n<td>300C<\/td>\n<td>6.4<\/td>\n<td colspan=\"3\">2021 - 2023 con dischi freno da 400 mm<\/td>\n<\/tr>\n<\/tbody>\n<\/table>\n<p>&nbsp;<\/p>\n<p>Il prezzo si riferisce a 1 set per l'asse anteriore completo.<\/p>","protected":false},"excerpt":{"rendered":"<p>Adatto per dischi freno da 390 e 400 mm<\/p>","protected":false},"featured_media":68348601,"comment_status":"open","ping_status":"closed","template":"","meta":{"_acf_changed":false},"product_brand":[17621],"product_cat":[17735],"product_tag":[1132,52,101,93,945,943,944,6821,4556,4557,7034,590,840,48,1070,7614,18966,18965,186,96,842,841],"class_list":{"0":"post-68348579","1":"product","2":"type-product","3":"status-publish","4":"has-post-thumbnail","6":"product_brand-hawk-performance","7":"product_cat-300c-64-bremsbelaege-vorne","8":"product_tag-1132","9":"product_tag-300c","10":"product_tag-6-2","11":"product_tag-6-4","12":"product_tag-68248384aa","13":"product_tag-68248384ab","14":"product_tag-68248384ac","15":"product_tag-68248384ad","16":"product_tag-68525329aa","17":"product_tag-68525329ab","18":"product_tag-68525329ac","19":"product_tag-bremsbelaege","20":"product_tag-bremskloetze","21":"product_tag-chrysler","22":"product_tag-hawk","23":"product_tag-hawk10","24":"product_tag-hb649f-605","25":"product_tag-hps","26":"product_tag-performance","27":"product_tag-srt","28":"product_tag-vorderachse","29":"product_tag-vorne","31":"first","32":"instock","33":"taxable","34":"shipping-taxable","35":"purchasable","36":"product-type-simple"},"bundled_by":[],"bundle_stock_status":"instock","bundle_stock_quantity":2,"bundle_virtual":false,"bundle_layout":"","bundle_add_to_cart_form_location":"","bundle_editable_in_cart":false,"bundle_sold_individually_context":"","bundle_item_grouping":"","bundle_min_size":"","bundle_max_size":"","bundle_price":[],"bundled_items":[],"bundle_sell_ids":[],"exclude_global_add_ons":[],"addons":[],"acf":[],"_links":{"self":[{"href":"https:\/\/kraftwerk-shop.cc\/it\/wp-json\/wp\/v2\/product\/68348579","targetHints":{"allow":["GET"]}}],"collection":[{"href":"https:\/\/kraftwerk-shop.cc\/it\/wp-json\/wp\/v2\/product"}],"about":[{"href":"https:\/\/kraftwerk-shop.cc\/it\/wp-json\/wp\/v2\/types\/product"}],"replies":[{"embeddable":true,"href":"https:\/\/kraftwerk-shop.cc\/it\/wp-json\/wp\/v2\/comments?post=68348579"}],"version-history":[{"count":0,"href":"https:\/\/kraftwerk-shop.cc\/it\/wp-json\/wp\/v2\/product\/68348579\/revisions"}],"wp:featuredmedia":[{"embeddable":true,"href":"https:\/\/kraftwerk-shop.cc\/it\/wp-json\/wp\/v2\/media\/68348601"}],"wp:attachment":[{"href":"https:\/\/kraftwerk-shop.cc\/it\/wp-json\/wp\/v2\/media?parent=68348579"}],"wp:term":[{"taxonomy":"product_brand","embeddable":true,"href":"https:\/\/kraftwerk-shop.cc\/it\/wp-json\/wp\/v2\/product_brand?post=68348579"},{"taxonomy":"product_cat","embeddable":true,"href":"https:\/\/kraftwerk-shop.cc\/it\/wp-json\/wp\/v2\/product_cat?post=68348579"},{"taxonomy":"product_tag","embeddable":true,"href":"https:\/\/kraftwerk-shop.cc\/it\/wp-json\/wp\/v2\/product_tag?post=68348579"}],"curies":[{"name":"wp","href":"https:\/\/api.w.org\/{rel}","templated":true}]}}