{"id":68349290,"date":"2025-09-13T13:50:06","date_gmt":"2025-09-13T11:50:06","guid":{"rendered":"https:\/\/kraftwerk-shop.cc\/?post_type=product&#038;p=68349290"},"modified":"2026-02-15T01:23:32","modified_gmt":"2026-02-15T00:23:32","slug":"pastiglie-freno-hawk-hb509b-678-charger","status":"publish","type":"product","link":"https:\/\/kraftwerk-shop.cc\/it\/produkt\/hawk-bremsbelaege-hb509b-678-charger\/","title":{"rendered":"Hawk Performance HPS 5.0 Pastiglie freno Charger 3.5, 3.6 e 5.7"},"content":{"rendered":"<h1>Hawk Performance HPS 5.0 Pastiglie freno ad alte prestazioni HB509B.678 per Dodge Charger 3.5, 3.6 e 5.7 (asse anteriore)<\/h1>\n<p>&nbsp;<\/p>\n<p><strong>Hawk Performance HPS 5.0<\/strong><\/p>\n<p>Pastiglie freno Hawk Performance, dotate della pi\u00f9 recente formula HPS 5.0 - sviluppate per ottenere le massime prestazioni su strada con una sensazione di pedale ottimizzata e un'elevata potenza di frenata senza compromettere l'ABS della vostra Dodge Challenger.<br \/>\nHPS 5.0 \u00e8 una mescola di ferro-carbonio che offre propriet\u00e0 di frenata avanzate per migliorare l'esperienza di guida. Questa mescola combina la sicurezza e la qualit\u00e0 della tecnologia aerospaziale con la tecnologia di frenata degli sport motoristici. Il risultato \u00e8 uno spazio di frenata ridotto, migliori prestazioni in condizioni di frenata pesante e caratteristiche pronte per la strada.<\/p>\n<p>&nbsp;<\/p>\n<p><strong>Raccomandazione<\/strong><\/p>\n<p>L'Hawk HPS 5.0 \u00e8 una buona scelta se volete aumentare le vostre prestazioni di frenata al massimo livello possibile senza dover sopportare gli effetti collaterali negativi di rumore e grandi quantit\u00e0 di polvere dei freni che sono spesso associati a pastiglie pi\u00f9 performanti.<br \/>\nLa mescola HPS 5.0 offre una maggiore coppia frenante e una temperatura di esercizio pi\u00f9 elevata rispetto alla mescola HPS Hawk. La mescola HPS 5.0 \u00e8 in grado di resistere a un uso leggero in pista, a patto di prestare attenzione ai segni di surriscaldamento e di lasciare alle pastiglie un tempo di raffreddamento sufficiente quando raggiungono la temperatura massima.<br \/>\nLa mescola Hawk HPS 5.0 non \u00e8 una mescola da competizione e non resiste a gare prolungate ad alte temperature. La mescola HPS 5.0 \u00e8 pi\u00f9 pulita della maggior parte delle pastiglie OEM, ma genera pi\u00f9 polvere dei freni rispetto alle Hawk Ceramic e Hawk HPS.<\/p>\n<p>&nbsp;<\/p>\n<p><strong>Hawk HPS Caratteristiche:<\/strong><\/p>\n<ul>\n<li>Coppia frenante aggressiva<\/li>\n<li>Bassa usura dei dischi e delle pastiglie dei freni<\/li>\n<li>Risposta coerente e prevedibile<\/li>\n<li>Elevate prestazioni di decelerazione<\/li>\n<li>Intervallo di temperatura operativa: 40-400 \u00b0C<\/li>\n<li>Intervallo di temperatura ottimale: 40-290 \u00b0C<\/li>\n<\/ul>\n<p>&nbsp;<\/p>\n<p><strong>Numeri di confronto Mopar:<\/strong> <span lang=\"DE\">05142555AA, 05174001AA, 05174001AB, 05174001AC<strong>, <\/strong>68147681AA<\/span><\/p>\n<p>&nbsp;<\/p>\n<p><strong>Adatto per:<\/strong><\/p>\n<table width=\"823\">\n<tbody>\n<tr>\n<td width=\"81\">Dodge<\/td>\n<td width=\"199\">Charger<\/td>\n<td width=\"174\">3.5, 3.6, 5.7<\/td>\n<td width=\"369\">Tutti i modelli con dischi freno da 345 mm<\/td>\n<\/tr>\n<\/tbody>\n<\/table>\n<p>&nbsp;<\/p>\n<p>Il prezzo si riferisce a 1 set per l'asse anteriore completo.<\/p>","protected":false},"excerpt":{"rendered":"<p>Adatto per dischi freno da 345 mm<\/p>","protected":false},"featured_media":68349303,"comment_status":"open","ping_status":"closed","template":"","meta":{"_acf_changed":false},"product_brand":[17621],"product_cat":[17739,17743,17747,17751],"product_tag":[2149,2150,2151,2152,88,169,91,18215,18216,18217,18218,2153,590,840,53,49,1070,7614,18982,100,18965,18983,186,842,841],"class_list":{"0":"post-68349290","1":"product","2":"type-product","3":"status-publish","4":"has-post-thumbnail","6":"product_brand-hawk-performance","7":"product_cat-charger-35-bremsbelaege-vorne","8":"product_cat-charger-36-bremsbelaege-vorne","9":"product_cat-charger-57-bremsbelaege-vorne","10":"product_cat-charger-57-2011-2023-bremsbelaege-vorne","11":"product_tag-05142555aa","12":"product_tag-05174001aa","13":"product_tag-05174001ab","14":"product_tag-05174001ac","15":"product_tag-3-5","16":"product_tag-3-6","17":"product_tag-5-7","18":"product_tag-5142555aa","19":"product_tag-5174001aa","20":"product_tag-5174001ab","21":"product_tag-5174001ac","22":"product_tag-68147681aa","23":"product_tag-bremsbelaege","24":"product_tag-bremskloetze","25":"product_tag-charger","26":"product_tag-dodge","27":"product_tag-hawk","28":"product_tag-hawk10","29":"product_tag-hb509b-678","30":"product_tag-hellcat","31":"product_tag-hps","32":"product_tag-hps-5-0","33":"product_tag-performance","34":"product_tag-vorderachse","35":"product_tag-vorne","36":"product_shipping_class-deutschlandohne","38":"first","39":"instock","40":"taxable","41":"shipping-taxable","42":"purchasable","43":"product-type-simple"},"bundled_by":[],"bundle_stock_status":"instock","bundle_stock_quantity":2,"bundle_virtual":false,"bundle_layout":"","bundle_add_to_cart_form_location":"","bundle_editable_in_cart":false,"bundle_sold_individually_context":"","bundle_item_grouping":"","bundle_min_size":"","bundle_max_size":"","bundle_price":[],"bundled_items":[],"bundle_sell_ids":[],"exclude_global_add_ons":[],"addons":[],"acf":[],"_links":{"self":[{"href":"https:\/\/kraftwerk-shop.cc\/it\/wp-json\/wp\/v2\/product\/68349290","targetHints":{"allow":["GET"]}}],"collection":[{"href":"https:\/\/kraftwerk-shop.cc\/it\/wp-json\/wp\/v2\/product"}],"about":[{"href":"https:\/\/kraftwerk-shop.cc\/it\/wp-json\/wp\/v2\/types\/product"}],"replies":[{"embeddable":true,"href":"https:\/\/kraftwerk-shop.cc\/it\/wp-json\/wp\/v2\/comments?post=68349290"}],"version-history":[{"count":0,"href":"https:\/\/kraftwerk-shop.cc\/it\/wp-json\/wp\/v2\/product\/68349290\/revisions"}],"wp:featuredmedia":[{"embeddable":true,"href":"https:\/\/kraftwerk-shop.cc\/it\/wp-json\/wp\/v2\/media\/68349303"}],"wp:attachment":[{"href":"https:\/\/kraftwerk-shop.cc\/it\/wp-json\/wp\/v2\/media?parent=68349290"}],"wp:term":[{"taxonomy":"product_brand","embeddable":true,"href":"https:\/\/kraftwerk-shop.cc\/it\/wp-json\/wp\/v2\/product_brand?post=68349290"},{"taxonomy":"product_cat","embeddable":true,"href":"https:\/\/kraftwerk-shop.cc\/it\/wp-json\/wp\/v2\/product_cat?post=68349290"},{"taxonomy":"product_tag","embeddable":true,"href":"https:\/\/kraftwerk-shop.cc\/it\/wp-json\/wp\/v2\/product_tag?post=68349290"}],"curies":[{"name":"wp","href":"https:\/\/api.w.org\/{rel}","templated":true}]}}