{"id":68349351,"date":"2025-09-13T16:52:44","date_gmt":"2025-09-13T14:52:44","guid":{"rendered":"https:\/\/kraftwerk-shop.cc\/?post_type=product&#038;p=68349351"},"modified":"2026-02-15T01:23:33","modified_gmt":"2026-02-15T00:23:33","slug":"pastiglie-freno-hawk-hb508b-586-magnum","status":"publish","type":"product","link":"https:\/\/kraftwerk-shop.cc\/it\/produkt\/hawk-bremsbelaege-hb508b-586-magnum\/","title":{"rendered":"Hawk Performance HPS 5.0 Pastiglie freno Magnum 3.5 e 5.7"},"content":{"rendered":"<h1>Hawk Performance HPS 5.0 Pastiglie freno ad alte prestazioni HB508B.586 per Dodge Magnum 3.5 e 5.7 (asse posteriore)<\/h1>\n<p>&nbsp;<\/p>\n<p><strong>Hawk Performance HPS 5.0<\/strong><\/p>\n<p>Pastiglie freno Hawk Performance, dotate della pi\u00f9 recente formula HPS 5.0 - sviluppate per ottenere le massime prestazioni su strada con una sensazione di pedale ottimizzata e un'elevata potenza di frenata senza compromettere l'ABS della vostra Dodge Challenger.<br \/>\nHPS 5.0 \u00e8 una mescola di ferro-carbonio che offre propriet\u00e0 di frenata avanzate per migliorare l'esperienza di guida. Questa mescola combina la sicurezza e la qualit\u00e0 della tecnologia aerospaziale con la tecnologia di frenata degli sport motoristici. Il risultato \u00e8 uno spazio di frenata ridotto, migliori prestazioni in condizioni di frenata pesante e caratteristiche pronte per la strada.<\/p>\n<p>&nbsp;<\/p>\n<p><strong>Raccomandazione<\/strong><\/p>\n<p>L'Hawk HPS 5.0 \u00e8 una buona scelta se volete aumentare le vostre prestazioni di frenata al massimo livello possibile senza dover sopportare gli effetti collaterali negativi di rumore e grandi quantit\u00e0 di polvere dei freni che sono spesso associati a pastiglie pi\u00f9 performanti.<br \/>\nLa mescola HPS 5.0 offre una maggiore coppia frenante e una temperatura di esercizio pi\u00f9 elevata rispetto alla mescola HPS Hawk. La mescola HPS 5.0 \u00e8 in grado di resistere a un uso leggero in pista, a patto di prestare attenzione ai segni di surriscaldamento e di lasciare alle pastiglie un tempo di raffreddamento sufficiente quando raggiungono la temperatura massima.<br \/>\nLa mescola Hawk HPS 5.0 non \u00e8 una mescola da competizione e non resiste a gare prolungate ad alte temperature. La mescola HPS 5.0 \u00e8 pi\u00f9 pulita della maggior parte delle pastiglie OEM, ma genera pi\u00f9 polvere dei freni rispetto alle Hawk Ceramic e Hawk HPS.<\/p>\n<p>&nbsp;<\/p>\n<p><strong>Hawk HPS Caratteristiche:<\/strong><\/p>\n<ul>\n<li>Coppia frenante aggressiva<\/li>\n<li>Bassa usura dei dischi e delle pastiglie dei freni<\/li>\n<li>Risposta coerente e prevedibile<\/li>\n<li>Elevate prestazioni di decelerazione<\/li>\n<li>Intervallo di temperatura operativa: 40-400 \u00b0C<\/li>\n<li>Intervallo di temperatura ottimale: 40-290 \u00b0C<\/li>\n<\/ul>\n<p>&nbsp;<\/p>\n<p><strong>Numeri di confronto Mopar:<\/strong> 5139191AA , 5142561AA, 5142561AB, 5142566AA, 5142566AB, 5142566AC<\/p>\n<p>&nbsp;<\/p>\n<p><strong>Adatto per:<\/strong><\/p>\n<table width=\"823\">\n<tbody>\n<tr>\n<td width=\"81\">Dodge<\/td>\n<td width=\"199\">Magnum<\/td>\n<td width=\"174\">3.5, 5.7<\/td>\n<td width=\"369\">Tutti i modelli con dischi freno da 320 mm<\/td>\n<\/tr>\n<\/tbody>\n<\/table>\n<p>&nbsp;<\/p>\n<p>Il prezzo si riferisce a 1 set per l'asse posteriore completo.<\/p>","protected":false},"excerpt":{"rendered":"<p>Hawk Performance HPS 5.0 Pastiglie freno ad alte prestazioni HB508B.586 per Dodge Magnum 3.5 e 5.7 (asse posteriore) Hawk Performance HPS 5.0 Hawk Performance<\/p>","protected":false},"featured_media":68349361,"comment_status":"open","ping_status":"closed","template":"","meta":{"_acf_changed":false},"product_brand":[17621],"product_cat":[17768,17772],"product_tag":[18219,18220,18221,18222,18223,18224,88,91,2140,2141,2142,2143,2144,2145,838,590,795,839,840,773,49,692,1070,7614,18985,798,799,6901,18965,18983,1166,1167,36,55,1168,673],"class_list":{"0":"post-68349351","1":"product","2":"type-product","3":"status-publish","4":"has-post-thumbnail","6":"product_brand-hawk-performance","7":"product_cat-magnum-35-bremsbelaege-hinten","8":"product_cat-magnum-57-bremsbelaege-hinten","9":"product_tag-05139191aa","10":"product_tag-05142561aa","11":"product_tag-05142561ab","12":"product_tag-05142566aa","13":"product_tag-05142566ab","14":"product_tag-05142566ac","15":"product_tag-3-5","16":"product_tag-5-7","17":"product_tag-5139191aa","18":"product_tag-5142561aa","19":"product_tag-5142561ab","20":"product_tag-5142566aa","21":"product_tag-5142566ab","22":"product_tag-5142566ac","23":"product_tag-bremsbelag","24":"product_tag-bremsbelaege","25":"product_tag-bremse","26":"product_tag-bremsklotz","27":"product_tag-bremskloetze","28":"product_tag-carbon","29":"product_tag-dodge","30":"product_tag-ersatzteil","31":"product_tag-hawk","32":"product_tag-hawk10","33":"product_tag-hb508b-586","34":"product_tag-hinten","35":"product_tag-hinterachse","36":"product_tag-hp-plus","37":"product_tag-hps","38":"product_tag-hps-5-0","39":"product_tag-keramik","40":"product_tag-keramisch","41":"product_tag-kraftwerk","42":"product_tag-magnum","43":"product_tag-staubfrei","44":"product_tag-zubehoer","45":"product_shipping_class-deutschlandohne","47":"first","48":"instock","49":"taxable","50":"shipping-taxable","51":"purchasable","52":"product-type-simple"},"bundled_by":[],"bundle_stock_status":"instock","bundle_stock_quantity":3,"bundle_virtual":false,"bundle_layout":"","bundle_add_to_cart_form_location":"","bundle_editable_in_cart":false,"bundle_sold_individually_context":"","bundle_item_grouping":"","bundle_min_size":"","bundle_max_size":"","bundle_price":[],"bundled_items":[],"bundle_sell_ids":[],"exclude_global_add_ons":[],"addons":[],"acf":[],"_links":{"self":[{"href":"https:\/\/kraftwerk-shop.cc\/it\/wp-json\/wp\/v2\/product\/68349351","targetHints":{"allow":["GET"]}}],"collection":[{"href":"https:\/\/kraftwerk-shop.cc\/it\/wp-json\/wp\/v2\/product"}],"about":[{"href":"https:\/\/kraftwerk-shop.cc\/it\/wp-json\/wp\/v2\/types\/product"}],"replies":[{"embeddable":true,"href":"https:\/\/kraftwerk-shop.cc\/it\/wp-json\/wp\/v2\/comments?post=68349351"}],"version-history":[{"count":0,"href":"https:\/\/kraftwerk-shop.cc\/it\/wp-json\/wp\/v2\/product\/68349351\/revisions"}],"wp:featuredmedia":[{"embeddable":true,"href":"https:\/\/kraftwerk-shop.cc\/it\/wp-json\/wp\/v2\/media\/68349361"}],"wp:attachment":[{"href":"https:\/\/kraftwerk-shop.cc\/it\/wp-json\/wp\/v2\/media?parent=68349351"}],"wp:term":[{"taxonomy":"product_brand","embeddable":true,"href":"https:\/\/kraftwerk-shop.cc\/it\/wp-json\/wp\/v2\/product_brand?post=68349351"},{"taxonomy":"product_cat","embeddable":true,"href":"https:\/\/kraftwerk-shop.cc\/it\/wp-json\/wp\/v2\/product_cat?post=68349351"},{"taxonomy":"product_tag","embeddable":true,"href":"https:\/\/kraftwerk-shop.cc\/it\/wp-json\/wp\/v2\/product_tag?post=68349351"}],"curies":[{"name":"wp","href":"https:\/\/api.w.org\/{rel}","templated":true}]}}