{"id":68349466,"date":"2025-09-14T14:08:50","date_gmt":"2025-09-14T12:08:50","guid":{"rendered":"https:\/\/kraftwerk-shop.cc\/?post_type=product&#038;p=68349466"},"modified":"2026-02-15T01:23:46","modified_gmt":"2026-02-15T00:23:46","slug":"presa-daria-fredda-jlt-camaro-zl1","status":"publish","type":"product","link":"https:\/\/kraftwerk-shop.cc\/it\/produkt\/jlt-cold-air-intake-camaro-zl1\/","title":{"rendered":"Presa d'aria fredda JLT Chevrolet Camaro ZL1"},"content":{"rendered":"<h1>JLT Presa d'aria fredda CAI-75-5179 Sistema Chevrolet Camaro ZL1 2017 - 2024<\/h1>\n<p>&nbsp;<\/p>\n<p>Questo filtro dell'aria viene fornito sia con un tubo di aspirazione solido da 5 pollici (TUNING NECESSARIO) sia con un tubo progettato per l'uso con un tuning di serie. Il filtro dell'aria JLT da 5 pollici ha un flusso migliore di 13,61 % rispetto al Big Gulp di Roto-fab e di 22,72 % rispetto al modello OEM.<\/p>\n<p>&nbsp;<\/p>\n<p><strong>Filtro aria di grandi dimensioni<\/strong><br \/>\nL'ingresso ovale da 5,75\" x 7,75\" del filtro fornisce un flusso d'aria illimitato all'attacco da 4,5\u2033 del compressore.<br \/>\nL'elemento del filtro dell'aria \u00e8 costituito da materiale filtrante in cotone, che viene bagnato con uno speciale olio filtrante e pu\u00f2 essere lavato. In questo modo si massimizzano la capacit\u00e0 e le prestazioni del filtro.<\/p>\n<p>&nbsp;<\/p>\n<p><strong>2 tubi di aspirazione<\/strong><br \/>\nIl tubo di aspirazione \u00e8 realizzato in plastica rotostampata per garantire un flusso d'aria superiore e nessun accumulo di calore come nel caso dei tubi in metallo.<br \/>\nIl kit contiene 2 tubi di aspirazione:<\/p>\n<ul>\n<li>no Sintonia<\/li>\n<li>5\u2033 Necessaria la messa a punto<\/li>\n<\/ul>\n<p>&nbsp;<\/p>\n<p><strong>Alloggiamento del filtro dell'aria<\/strong><br \/>\nInclude il nostro grande scudo termico in plastica ABS per isolare l'aria di aspirazione dal calore del motore al minimo e a bassa velocit\u00e0.<br \/>\nUtilizza un'ampia superficie per garantire che il filtro riceva molta aria fredda e sfrutta la presa d'aria fresca di fabbrica dal paraurti per mantenere le temperature pi\u00f9 basse possibile.<\/p>\n<p>&nbsp;<\/p>\n<p><strong>Materiale di installazione di alta qualit\u00e0<\/strong><\/p>\n<ul>\n<li>Collettore di aspirazione in plastica stampata JLT Roto<\/li>\n<li>Riduttore in silicone<\/li>\n<li>Filtro aria S&amp;B Powerstack<\/li>\n<li>Scudo termico in ABS<\/li>\n<li>Morsetti HD, tutte le parti necessarie<\/li>\n<\/ul>\n<p>&nbsp;<\/p>\n<p><strong>dettagli<\/strong><\/p>\n<p>- + 25 CV di aumento di potenza massima (specifiche del produttore)<br \/>\n- Alloggiamento del filtro dell'aria con staffe per il montaggio diretto<br \/>\n- Filtro aria Pro 10R pre-oliato, lavabile e riutilizzabile per le massime prestazioni<\/p>\n<p>&nbsp;<\/p>\n<p>&nbsp;<\/p>\n<p><strong>Adatto per:<\/strong><\/p>\n<table width=\"749\">\n<tbody>\n<tr>\n<td width=\"262\"><strong>Anno di costruzione<\/strong><\/td>\n<td width=\"158\"><strong>Marchio<\/strong><\/td>\n<td width=\"134\"><strong>Modello<\/strong><\/td>\n<td width=\"112\"><strong>Variante<\/strong><\/td>\n<td width=\"83\"><strong>Motore<\/strong><\/td>\n<\/tr>\n<tr>\n<td width=\"262\">2017 \u2013 2024<\/td>\n<td width=\"158\">Chevrolet<\/td>\n<td width=\"134\">Camaro<\/td>\n<td width=\"112\">ZL1<\/td>\n<td width=\"83\">V8 6,2 L<\/td>\n<\/tr>\n<\/tbody>\n<\/table>\n<p>&nbsp;<\/p>\n<p>&nbsp;<\/p>\n<p><iframe loading=\"lazy\" title=\"Lettore video di YouTube\" src=\"https:\/\/www.youtube.com\/embed\/vE-PLKPM_lc?si=1hasHzgRfKzuMg1H\" width=\"560\" height=\"315\" frameborder=\"0\" allowfullscreen=\"allowfullscreen\"><\/iframe><\/p>","protected":false},"excerpt":{"rendered":"<p>2017 \u2013 2024<\/p>","protected":false},"featured_media":68349469,"comment_status":"open","ping_status":"closed","template":"","meta":{"_acf_changed":false},"product_brand":[17168],"product_cat":[10262,3074],"product_tag":[826,824,18094,191,189,190,825,1094,1093,2444,20273,57,500,280],"class_list":{"0":"post-68349466","1":"product","2":"type-product","3":"status-publish","4":"has-post-thumbnail","6":"product_brand-jlt","7":"product_cat-alle-produkte","8":"product_cat-camaro-62-2016-ansaugung","9":"product_tag-ansaugung","10":"product_tag-cai","11":"product_tag-cai-75-5179","12":"product_tag-camaro","13":"product_tag-chevrolet","14":"product_tag-chevy","15":"product_tag-cold-air-intake","16":"product_tag-intake","17":"product_tag-jlt","18":"product_tag-jlt-performance","19":"product_tag-keintuev","20":"product_tag-luftfilter","21":"product_tag-sportluftfilter","22":"product_tag-zl1","24":"first","25":"instock","26":"taxable","27":"shipping-taxable","28":"purchasable","29":"product-type-simple"},"bundled_by":[],"bundle_stock_status":"instock","bundle_stock_quantity":1,"bundle_virtual":false,"bundle_layout":"","bundle_add_to_cart_form_location":"","bundle_editable_in_cart":false,"bundle_sold_individually_context":"","bundle_item_grouping":"","bundle_min_size":"","bundle_max_size":"","bundle_price":[],"bundled_items":[],"bundle_sell_ids":[],"exclude_global_add_ons":[],"addons":[],"acf":[],"_links":{"self":[{"href":"https:\/\/kraftwerk-shop.cc\/it\/wp-json\/wp\/v2\/product\/68349466","targetHints":{"allow":["GET"]}}],"collection":[{"href":"https:\/\/kraftwerk-shop.cc\/it\/wp-json\/wp\/v2\/product"}],"about":[{"href":"https:\/\/kraftwerk-shop.cc\/it\/wp-json\/wp\/v2\/types\/product"}],"replies":[{"embeddable":true,"href":"https:\/\/kraftwerk-shop.cc\/it\/wp-json\/wp\/v2\/comments?post=68349466"}],"version-history":[{"count":0,"href":"https:\/\/kraftwerk-shop.cc\/it\/wp-json\/wp\/v2\/product\/68349466\/revisions"}],"wp:featuredmedia":[{"embeddable":true,"href":"https:\/\/kraftwerk-shop.cc\/it\/wp-json\/wp\/v2\/media\/68349469"}],"wp:attachment":[{"href":"https:\/\/kraftwerk-shop.cc\/it\/wp-json\/wp\/v2\/media?parent=68349466"}],"wp:term":[{"taxonomy":"product_brand","embeddable":true,"href":"https:\/\/kraftwerk-shop.cc\/it\/wp-json\/wp\/v2\/product_brand?post=68349466"},{"taxonomy":"product_cat","embeddable":true,"href":"https:\/\/kraftwerk-shop.cc\/it\/wp-json\/wp\/v2\/product_cat?post=68349466"},{"taxonomy":"product_tag","embeddable":true,"href":"https:\/\/kraftwerk-shop.cc\/it\/wp-json\/wp\/v2\/product_tag?post=68349466"}],"curies":[{"name":"wp","href":"https:\/\/api.w.org\/{rel}","templated":true}]}}