{"id":68349519,"date":"2025-09-14T21:40:27","date_gmt":"2025-09-14T19:40:27","guid":{"rendered":"https:\/\/kraftwerk-shop.cc\/?post_type=product&#038;p=68349519"},"modified":"2026-03-30T02:06:08","modified_gmt":"2026-03-30T00:06:08","slug":"pastiglie-freno-hawk-hps-5-ram-hb559b-695","status":"publish","type":"product","link":"https:\/\/kraftwerk-shop.cc\/it\/produkt\/hawk-hps-5-bremsbelaege-ram-hb559b-695\/","title":{"rendered":"Hawk Performance HPS 5.0 Pastiglie freno RAM (HB559B.695)"},"content":{"rendered":"<h1>Hawk Performance HPS 5.0 HB559B.695 Pastiglie freno per RAM 1500 3.0 Ecodiesel, 3.6 e 5.7 dal 2006 al 2018 e RAM Classic dal 2019 (asse anteriore)<\/h1>\n<p>&nbsp;<\/p>\n<p><strong>Hawk Performance HPS 5.0<\/strong><\/p>\n<p>Pastiglie freno Hawk Performance, dotate della pi\u00f9 recente formula HPS 5.0 - sviluppate per ottenere le massime prestazioni su strada con una sensazione di pedale ottimizzata e un'elevata potenza di frenata senza compromettere l'ABS della vostra Dodge RAM.<br \/>\nHPS 5.0 \u00e8 una mescola di ferro-carbonio che offre propriet\u00e0 di frenata avanzate per migliorare l'esperienza di guida. Questa mescola combina la sicurezza e la qualit\u00e0 della tecnologia aerospaziale con la tecnologia di frenata degli sport motoristici. Il risultato \u00e8 uno spazio di frenata ridotto, migliori prestazioni in condizioni di frenata pesante e caratteristiche pronte per la strada.<\/p>\n<p>&nbsp;<\/p>\n<p><strong>Raccomandazione<\/strong><\/p>\n<p>L'Hawk HPS 5.0 \u00e8 una buona scelta se volete aumentare le vostre prestazioni di frenata al massimo livello possibile senza dover sopportare gli effetti collaterali negativi di rumore e grandi quantit\u00e0 di polvere dei freni che sono spesso associati a pastiglie pi\u00f9 performanti.<br \/>\nLa mescola HPS 5.0 offre una maggiore coppia frenante e una temperatura di esercizio pi\u00f9 elevata rispetto alla mescola HPS Hawk. La mescola HPS 5.0 \u00e8 in grado di resistere a un uso leggero in pista, a patto di prestare attenzione ai segni di surriscaldamento e di lasciare alle pastiglie un tempo di raffreddamento sufficiente quando raggiungono la temperatura massima.<br \/>\nLa mescola Hawk HPS 5.0 non \u00e8 una mescola da competizione e non resiste a gare prolungate ad alte temperature. La mescola HPS 5.0 \u00e8 pi\u00f9 pulita della maggior parte delle pastiglie OEM, ma genera pi\u00f9 polvere dei freni rispetto alle Hawk Ceramic e Hawk HPS.<\/p>\n<p>&nbsp;<\/p>\n<p><strong>Hawk HPS Caratteristiche:<\/strong><\/p>\n<ul>\n<li>Coppia frenante aggressiva<\/li>\n<li>Bassa usura dei dischi e delle pastiglie dei freni<\/li>\n<li>Risposta coerente e prevedibile<\/li>\n<li>Elevate prestazioni di decelerazione<\/li>\n<li>Intervallo di temperatura operativa: 40-400 \u00b0C<\/li>\n<li>Intervallo di temperatura ottimale: 40-290 \u00b0C<\/li>\n<\/ul>\n<p>&nbsp;<\/p>\n<p><strong>Numeri di confronto Mopar:<\/strong> 68334862AA, <span class=\"list-value sku-display\">68334862AB<\/span>, 05143350AA, 0<span class=\"list-value\">5143350AB, 05143350AC, 5143350AA, 5143350AB, 5143350AC<\/span><\/p>\n<p>Luogo di installazione: Assale anteriore<\/p>\n<p>&nbsp;<\/p>\n<p><strong>Adatto per:<\/strong><\/p>\n<table width=\"498\">\n<tbody>\n<tr>\n<td width=\"114\"><strong>Marchio<\/strong><\/td>\n<td width=\"121\"><strong>Modello<\/strong><\/td>\n<td width=\"122\"><strong>Motore<\/strong><\/td>\n<td width=\"141\"><strong>Anno di costruzione<\/strong><\/td>\n<\/tr>\n<tr>\n<td width=\"114\">RAM<\/td>\n<td width=\"121\">1500<\/td>\n<td width=\"122\">3.0 EcoDiesel<\/td>\n<td width=\"141\">2014 \u2013 2018<\/td>\n<\/tr>\n<tr>\n<td width=\"114\">RAM<\/td>\n<td>1500 Classic<\/td>\n<td width=\"122\">3.0 EcoDiesel<\/td>\n<td>2019<\/td>\n<\/tr>\n<tr>\n<td width=\"114\">RAM<\/td>\n<td width=\"121\">1500<\/td>\n<td width=\"122\">3.6<\/td>\n<td width=\"141\">2013 \u2013 2018<\/td>\n<\/tr>\n<tr>\n<td width=\"114\">RAM<\/td>\n<td>1500 Classic<\/td>\n<td width=\"122\">3.6<\/td>\n<td>2019 \u2013 2024<\/td>\n<\/tr>\n<tr>\n<td width=\"114\">RAM<\/td>\n<td width=\"121\">1500<\/td>\n<td width=\"122\">5.7<\/td>\n<td width=\"141\">2006 \u2013 2018<\/td>\n<\/tr>\n<tr>\n<td width=\"114\">RAM<\/td>\n<td>1500 Classic<\/td>\n<td width=\"122\">5.7<\/td>\n<td>2019 \u2013 2024<\/td>\n<\/tr>\n<\/tbody>\n<\/table>\n<p>&nbsp;<\/p>\n<p><strong>Ambito di fornitura: <\/strong><\/p>\n<p>- 1 set di pastiglie freno (HB559B.695) per l'asse anteriore<\/p>","protected":false},"excerpt":{"rendered":"<p>2006 - 2018 e Classico 2019 - 2024<\/p>","protected":false},"featured_media":68349521,"comment_status":"open","ping_status":"closed","template":"","meta":{"_acf_changed":false},"product_brand":[17621],"product_cat":[3515,4237,4754,7753],"product_tag":[7802,7803,3508,475,4030,7804,6770,6771,3512,6772,1046,590,795,840,1070,6834,7614,18998,18965,18983,36,86,3507,3518,970,592,2353,2139,842,841,673,2135,2137],"class_list":{"0":"post-68349519","1":"product","2":"type-product","3":"status-publish","4":"has-post-thumbnail","6":"product_brand-hawk-performance","7":"product_cat-1500-57-2009-2018-classic-bremsen-vorne","8":"product_cat-1500-ecodiesel-bremsen-vorne","9":"product_cat-1500-36-bremsen-vorne","10":"product_cat-1500-57-2003-2008-bremsen-vorne","11":"product_tag-05143350aa","12":"product_tag-05143350ab","13":"product_tag-05143350ac","14":"product_tag-475","15":"product_tag-5-0","16":"product_tag-5143350aa","17":"product_tag-5143350ab","18":"product_tag-5143350ac","19":"product_tag-68334862aa","20":"product_tag-68334862ab","21":"product_tag-abe","22":"product_tag-bremsbelaege","23":"product_tag-bremse","24":"product_tag-bremskloetze","25":"product_tag-hawk","26":"product_tag-hawk-performance","27":"product_tag-hawk10","28":"product_tag-hb559b-695","29":"product_tag-hps","30":"product_tag-hps-5-0","31":"product_tag-kraftwerk","32":"product_tag-ram","33":"product_tag-ram1500","34":"product_tag-sportbremsbelag","35":"product_tag-sportbremsbelaege","36":"product_tag-sportbremse","37":"product_tag-trx","38":"product_tag-tuev","39":"product_tag-vorderachse","40":"product_tag-vorne","41":"product_tag-zubehoer","42":"product_tag-zubehoerbremsbelaege","43":"product_tag-zulassung","44":"product_shipping_class-deutschlandohne","46":"first","47":"outofstock","48":"taxable","49":"shipping-taxable","50":"purchasable","51":"product-type-simple"},"bundled_by":[],"bundle_stock_status":"outofstock","bundle_stock_quantity":0,"bundle_virtual":false,"bundle_layout":"","bundle_add_to_cart_form_location":"","bundle_editable_in_cart":false,"bundle_sold_individually_context":"","bundle_item_grouping":"","bundle_min_size":"","bundle_max_size":"","bundle_price":[],"bundled_items":[],"bundle_sell_ids":[],"exclude_global_add_ons":[],"addons":[],"acf":[],"_links":{"self":[{"href":"https:\/\/kraftwerk-shop.cc\/it\/wp-json\/wp\/v2\/product\/68349519","targetHints":{"allow":["GET"]}}],"collection":[{"href":"https:\/\/kraftwerk-shop.cc\/it\/wp-json\/wp\/v2\/product"}],"about":[{"href":"https:\/\/kraftwerk-shop.cc\/it\/wp-json\/wp\/v2\/types\/product"}],"replies":[{"embeddable":true,"href":"https:\/\/kraftwerk-shop.cc\/it\/wp-json\/wp\/v2\/comments?post=68349519"}],"version-history":[{"count":0,"href":"https:\/\/kraftwerk-shop.cc\/it\/wp-json\/wp\/v2\/product\/68349519\/revisions"}],"wp:featuredmedia":[{"embeddable":true,"href":"https:\/\/kraftwerk-shop.cc\/it\/wp-json\/wp\/v2\/media\/68349521"}],"wp:attachment":[{"href":"https:\/\/kraftwerk-shop.cc\/it\/wp-json\/wp\/v2\/media?parent=68349519"}],"wp:term":[{"taxonomy":"product_brand","embeddable":true,"href":"https:\/\/kraftwerk-shop.cc\/it\/wp-json\/wp\/v2\/product_brand?post=68349519"},{"taxonomy":"product_cat","embeddable":true,"href":"https:\/\/kraftwerk-shop.cc\/it\/wp-json\/wp\/v2\/product_cat?post=68349519"},{"taxonomy":"product_tag","embeddable":true,"href":"https:\/\/kraftwerk-shop.cc\/it\/wp-json\/wp\/v2\/product_tag?post=68349519"}],"curies":[{"name":"wp","href":"https:\/\/api.w.org\/{rel}","templated":true}]}}